{"id":8,"date":"2022-02-09T16:01:43","date_gmt":"2022-02-09T19:01:43","guid":{"rendered":"https:\/\/pos-graduacao.uepb.edu.br\/profsaude\/?page_id=8"},"modified":"2023-11-08T10:34:32","modified_gmt":"2023-11-08T13:34:32","slug":"processo-seletivo","status":"publish","type":"page","link":"https:\/\/pos-graduacao.uepb.edu.br\/profsaude\/processo-seletivo\/","title":{"rendered":"Processo Seletivo 2021-2022 &#8211; TURMA 4"},"content":{"rendered":"<ul>\n<li>Acesse <a href=\"https:\/\/profsaude-abrasco.fiocruz.br\/editais\/chamada-publica-iv\">AQUI<\/a> o edital para o processo seletivo da Turma 4, com inscri\u00e7\u00f5es at\u00e9 o dia 14 de mar\u00e7o de 2022.<br \/>\nAcesse <a href=\"https:\/\/drive.google.com\/file\/d\/19b6ZjbxvqIXevUVV-i_MmKR05ZUXhYSw\/view\">AQUI<\/a> a errata do edital com a prorroga\u00e7\u00e3o do cronograma do processo seletivo.<\/li>\n<li>Acesse <a href=\"https:\/\/drive.google.com\/file\/d\/1h2V3DKvaadtx0l3do8CUSsmEJPQv609l\/view?usp=sharing\">AQUI<\/a> os resultados referentes \u00e0 homologa\u00e7\u00e3o das inscri\u00e7\u00f5es no processo seletivo.<\/li>\n<li>Acesse <a href=\"https:\/\/drive.google.com\/file\/d\/18dZaCupt78Mir4CIs91KJDD2zFjb7nC3\/view?usp=sharing\">AQUI<\/a> os resultados referentes \u00e0 retifica\u00e7\u00e3o das inscri\u00e7\u00f5es homologadas no processo seletivo.<\/li>\n<li>Acesse <a href=\"https:\/\/drive.google.com\/file\/d\/1cPtK-54nX4ax7OhoRNyRhJYjwn3mhxUI\/view?usp=sharing\">AQUI<\/a> as orienta\u00e7\u00f5es para prova de ingl\u00eas.<\/li>\n<li>Acesse <a href=\"https:\/\/drive.google.com\/drive\/folders\/1DN3_f-nxyNlTPNHCoqzemfrHVC59QVK5?usp=sharing\">AQUI<\/a> a prova de ingl\u00eas e o gabarito.<\/li>\n<li>Acesse <a href=\"https:\/\/drive.google.com\/file\/d\/1oTgJD5s7M_Ra_aUdXY0sgq73YpRqu1WS\/view?usp=sharing\">AQUI<\/a> o resultado referente \u00e0 prova de ingl\u00eas (primeira etapa)<\/li>\n<li>Acesse <a href=\"https:\/\/drive.google.com\/file\/d\/1eaPKz5eVZ_u-KPTwKeQ6btctgD5FjJwL\/view?usp=sharing\">AQUI<\/a> o resultado referente \u00e0 an\u00e1lise de curr\u00edculo (segunda etapa).<\/li>\n<li>Acesse <a href=\"https:\/\/drive.google.com\/file\/d\/1n0iYwU6P5qOrchUwplVtUHz9cDcMd6QX\/view?usp=sharing\">AQUI<\/a> o resultado referente \u00e0 terceira etapa (an\u00e1lise da proposta preliminar de trabalho e carta de inten\u00e7\u00e3o)<\/li>\n<li>Acesse <a href=\"https:\/\/drive.google.com\/file\/d\/1bmGKBOVE-sR-jJ3kbVmVBD6tVzmcbKr0\/view?usp=sharing\">AQUI<\/a> o resultado referente \u00e0 quarta etapa (prova oral).<\/li>\n<li>Acesse <a href=\"https:\/\/drive.google.com\/file\/d\/1IYrkX2pufoj68NFPX8_K-6OTzGHm6Uj4\/view?usp=sharing\">AQUI<\/a> o resultado final do processo seletivo.<\/li>\n<\/ul>\n","protected":false},"excerpt":{"rendered":"<p>Acesse AQUI o edital para o processo seletivo da Turma 4, com inscri\u00e7\u00f5es at\u00e9 o dia 14 de mar\u00e7o de 2022. Acesse AQUI a errata do edital com a prorroga\u00e7\u00e3o do cronograma do processo seletivo. Acesse AQUI os resultados referentes \u00e0 homologa\u00e7\u00e3o das inscri\u00e7\u00f5es no processo seletivo. Acesse AQUI os resultados referentes \u00e0 retifica\u00e7\u00e3o das <a class=\"leiamais\" href=\"https:\/\/pos-graduacao.uepb.edu.br\/profsaude\/processo-seletivo\/\">Leia Mais&#8230;<\/a><\/p>\n","protected":false},"author":34,"featured_media":0,"parent":0,"menu_order":0,"comment_status":"closed","ping_status":"closed","template":"","meta":{"footnotes":""},"class_list":["post-8","page","type-page","status-publish","hentry"],"_links":{"self":[{"href":"https:\/\/pos-graduacao.uepb.edu.br\/profsaude\/wp-json\/wp\/v2\/pages\/8","targetHints":{"allow":["GET"]}}],"collection":[{"href":"https:\/\/pos-graduacao.uepb.edu.br\/profsaude\/wp-json\/wp\/v2\/pages"}],"about":[{"href":"https:\/\/pos-graduacao.uepb.edu.br\/profsaude\/wp-json\/wp\/v2\/types\/page"}],"author":[{"embeddable":true,"href":"https:\/\/pos-graduacao.uepb.edu.br\/profsaude\/wp-json\/wp\/v2\/users\/34"}],"replies":[{"embeddable":true,"href":"https:\/\/pos-graduacao.uepb.edu.br\/profsaude\/wp-json\/wp\/v2\/comments?post=8"}],"version-history":[{"count":17,"href":"https:\/\/pos-graduacao.uepb.edu.br\/profsaude\/wp-json\/wp\/v2\/pages\/8\/revisions"}],"predecessor-version":[{"id":112,"href":"https:\/\/pos-graduacao.uepb.edu.br\/profsaude\/wp-json\/wp\/v2\/pages\/8\/revisions\/112"}],"wp:attachment":[{"href":"https:\/\/pos-graduacao.uepb.edu.br\/profsaude\/wp-json\/wp\/v2\/media?parent=8"}],"curies":[{"name":"wp","href":"https:\/\/api.w.org\/{rel}","templated":true}]}}