{"id":6,"date":"2022-02-09T16:00:18","date_gmt":"2022-02-09T19:00:18","guid":{"rendered":"https:\/\/pos-graduacao.uepb.edu.br\/profsaude\/?page_id=6"},"modified":"2026-03-19T15:11:59","modified_gmt":"2026-03-19T18:11:59","slug":"linhas-de-pesquisa-e-disciplinas","status":"publish","type":"page","link":"https:\/\/pos-graduacao.uepb.edu.br\/profsaude\/linhas-de-pesquisa-e-disciplinas\/","title":{"rendered":"Linhas de Pesquisa"},"content":{"rendered":"<div class=\"wpb-content-wrapper\"><p>[vc_row][vc_column][vc_tta_accordion title_tag=&#8221;h3&#8243; section_title_tag=&#8221;h2&#8243; style=&#8221;modern&#8221; c_icon=&#8221;triangle&#8221; active_section=&#8221;&#8221; collapsible_all=&#8221;true&#8221;][vc_tta_section title=&#8221;ATEN\u00c7\u00c3O \u00c0 SA\u00daDE, ACESSO E QUALIDADE NA ATEN\u00c7\u00c3O B\u00c1SICA EM SA\u00daDE&#8221; tab_id=&#8221;1773943507644-fc911e83-ef05&#8243;][vc_column_text css=&#8221;&#8221;]Esta linha tem como objetivo desenvolver estudos sobre o processo sa\u00fade-doen\u00e7a-cuidado e os modelos tecnoassistenciais em sa\u00fade, a vis\u00e3o cr\u00edtica sobre a biomedicina e a medicina centrada na pessoa, onde a singularidade dos sujeitos, a cl\u00ednica ampliada e compartilhada s\u00e3o temas de interesse. Considerando que o primeiro contato do indiv\u00edduo no sistema de sa\u00fade (acesso), a integralidade, o v\u00ednculo longitudinal e a coordena\u00e7\u00e3o do cuidado s\u00e3o atributos essenciais da APS, estudos que aprofundem esses temas ser\u00e3o fomentados de forma a qualificar as pr\u00e1ticas de cuidado pela sa\u00fade da fam\u00edlia.[\/vc_column_text][\/vc_tta_section][vc_tta_section title=&#8221;ATEN\u00c7\u00c3O INTEGRAL AOS CICLOS DE VIDA E GRUPOS VULNER\u00c1VEIS&#8221; tab_id=&#8221;1773943507650-ccdac9fb-c325&#8243;][vc_column_text css=&#8221;&#8221;]Esta linha tem como objetivo desenvolver pesquisas que considerem o conceito de risco, vulnerabilidade e determinantes sociais em sa\u00fade e suas aplica\u00e7\u00f5es para a aten\u00e7\u00e3o \u00e0 sa\u00fade.<br \/>\nPretende-se estudar o cuidado \u00e0s fam\u00edlias, seus ciclos de vida e os respectivos instrumentos para abordagem familiar.[\/vc_column_text][\/vc_tta_section][vc_tta_section title=&#8221;EDUCA\u00c7\u00c3O E SA\u00daDE: TEND\u00caNCIAS CONTEMPOR\u00c2NEAS DA EDUCA\u00c7\u00c3O, COMPET\u00caNCIAS E ESTRAT\u00c9GIAS&#8221; tab_id=&#8221;1773943545825-64f44453-2511&#8243;][vc_column_text css=&#8221;&#8221;]Esta linha tem como objetivo desenvolver pesquisas que permitam estudar e experimentar concep\u00e7\u00f5es te\u00f3rico-metodol\u00f3gicas mais adequadas para orientar a forma\u00e7\u00e3o de profissionais de sa\u00fade a desenvolverem projetos e pr\u00e1ticas de educa\u00e7\u00e3o em sa\u00fade, em n\u00edvel da aten\u00e7\u00e3o b\u00e1sica, visando o empoderamento das pessoas, fam\u00edlias e comunidades em prol de mudan\u00e7as para uma vida mais saud\u00e1vel, de qualidade.[\/vc_column_text][\/vc_tta_section][vc_tta_section title=&#8221;GEST\u00c3O E AVALIA\u00c7\u00c3O DE SERVI\u00c7OS NA ESTRAT\u00c9GIA DE SA\u00daDE DA FAM\u00cdLIA\/ATEN\u00c7\u00c3O B\u00c1SICA&#8221; tab_id=&#8221;1773943544204-1f4abecc-151f&#8221;][vc_column_text css=&#8221;&#8221;]Esta linha tem por objetivo desenvolver pesquisas que produzam evid\u00eancias organizacionais, com base em modelos de gest\u00e3o e assistenciais relacionados \u00e0 sa\u00fade da fam\u00edlia\/AB.<br \/>\nDesenvolver estudos avaliativos que investiguem processos, resultados e\/ou impacto de a\u00e7\u00f5es e programas relativos \u00e0 sa\u00fade individual, familiar e comunit\u00e1ria e metodologias de avalia\u00e7\u00e3o, com foco na melhoria da efetividade e qualidade, formulando crit\u00e9rios e indicadores mais adequados ao campo de pr\u00e1ticas do SF\/AB.[\/vc_column_text][\/vc_tta_section][vc_tta_section title=&#8221;INFORMA\u00c7\u00c3O E SA\u00daDE&#8221; tab_id=&#8221;1773943544035-37ef0eb6-2f4b&#8221;][vc_column_text css=&#8221;&#8221;]Esta linha tem por objetivo desenvolver pesquisas que analisem as caracter\u00edsticas e entraves \u00e0 melhoria da qualidade das informa\u00e7\u00f5es em sa\u00fade. O gerenciamento da informa\u00e7\u00e3o e tomada de decis\u00f5es na aten\u00e7\u00e3o prim\u00e1ria: import\u00e2ncia e dificuldades da produ\u00e7\u00e3o de dados em n\u00edvel local. An\u00e1lise cr\u00edtica de indicadores. Principais sistemas de informa\u00e7\u00e3o em sa\u00fade relacionados \u00e0 aten\u00e7\u00e3o b\u00e1sica em sa\u00fade: cen\u00e1rio atual e perspectivas (e-SUS). Seguran\u00e7a e confiabilidade da informa\u00e7\u00e3o nos registros eletr\u00f4nicos.[\/vc_column_text][\/vc_tta_section][vc_tta_section title=&#8221;PESQUISA CL\u00cdNICA: INTERESSE DA ATEN\u00c7\u00c3O B\u00c1SICA&#8221; tab_id=&#8221;1773943543855-470e178b-213f&#8221;][vc_column_text css=&#8221;&#8221;]Esta linha tem por objetivo desenvolver estudos sobre bases operacionais da Gest\u00e3o da Cl\u00ednica, a produ\u00e7\u00e3o de evid\u00eancias cl\u00ednicas, linhas de cuidado, protocolos cl\u00ednicos e assistenciais e sua utiliza\u00e7\u00e3o na Sa\u00fade da Fam\u00edlia \u00e0 luz da integralidade do cuidado (preven\u00e7\u00e3o, diagn\u00f3stico, terap\u00eautica e reabilita\u00e7\u00e3o). Rela\u00e7\u00e3o M\u00e9dico Paciente e o m\u00e9todo cl\u00ednico centrado na pessoa. Avalia\u00e7\u00e3o da incorpora\u00e7\u00e3o de tecnologias em sa\u00fade; estudos que considerem a efic\u00e1cia, efetividade e efici\u00eancia de interven\u00e7\u00f5es, programas, novos medicamentos e tecnologias em sa\u00fade.[\/vc_column_text][\/vc_tta_section][vc_tta_section title=&#8221;VIGIL\u00c2NCIA EM SA\u00daDE&#8221; tab_id=&#8221;1773943543691-22cdd333-5c53&#8243;][vc_column_text css=&#8221;&#8221;]Esta linha tem como objetivo, desenvolver pesquisas acerca das Bases da Vigil\u00e2ncia em Sa\u00fade e sua integra\u00e7\u00e3o com o Sa\u00fade da Fam\u00edlia\/aten\u00e7\u00e3o b\u00e1sica. Contextualizar as vigil\u00e2ncias: epidemiol\u00f3gica (VE), sanit\u00e1ria (VISA), ambiental (VA) e do trabalhador (VST), como componentes operacionais que materializam e subsidiam a promo\u00e7\u00e3o e a prote\u00e7\u00e3o da sa\u00fade da popula\u00e7\u00e3o.[\/vc_column_text][\/vc_tta_section][\/vc_tta_accordion][\/vc_column][\/vc_row]<\/p>\n<\/div>","protected":false},"excerpt":{"rendered":"<p>[vc_row][vc_column][vc_tta_accordion title_tag=&#8221;h3&#8243; section_title_tag=&#8221;h2&#8243; style=&#8221;modern&#8221; c_icon=&#8221;triangle&#8221; active_section=&#8221;&#8221; collapsible_all=&#8221;true&#8221;][vc_tta_section title=&#8221;ATEN\u00c7\u00c3O \u00c0 SA\u00daDE, ACESSO E QUALIDADE NA ATEN\u00c7\u00c3O B\u00c1SICA EM SA\u00daDE&#8221; tab_id=&#8221;1773943507644-fc911e83-ef05&#8243;][vc_column_text css=&#8221;&#8221;]Esta linha tem como objetivo desenvolver estudos sobre o processo sa\u00fade-doen\u00e7a-cuidado e os modelos tecnoassistenciais em sa\u00fade, a vis\u00e3o cr\u00edtica sobre a biomedicina e a medicina centrada na pessoa, onde a singularidade dos sujeitos, a cl\u00ednica <a class=\"leiamais\" href=\"https:\/\/pos-graduacao.uepb.edu.br\/profsaude\/linhas-de-pesquisa-e-disciplinas\/\">Leia Mais&#8230;<\/a><\/p>\n","protected":false},"author":34,"featured_media":0,"parent":0,"menu_order":0,"comment_status":"closed","ping_status":"closed","template":"","meta":{"footnotes":""},"class_list":["post-6","page","type-page","status-publish","hentry"],"_links":{"self":[{"href":"https:\/\/pos-graduacao.uepb.edu.br\/profsaude\/wp-json\/wp\/v2\/pages\/6","targetHints":{"allow":["GET"]}}],"collection":[{"href":"https:\/\/pos-graduacao.uepb.edu.br\/profsaude\/wp-json\/wp\/v2\/pages"}],"about":[{"href":"https:\/\/pos-graduacao.uepb.edu.br\/profsaude\/wp-json\/wp\/v2\/types\/page"}],"author":[{"embeddable":true,"href":"https:\/\/pos-graduacao.uepb.edu.br\/profsaude\/wp-json\/wp\/v2\/users\/34"}],"replies":[{"embeddable":true,"href":"https:\/\/pos-graduacao.uepb.edu.br\/profsaude\/wp-json\/wp\/v2\/comments?post=6"}],"version-history":[{"count":8,"href":"https:\/\/pos-graduacao.uepb.edu.br\/profsaude\/wp-json\/wp\/v2\/pages\/6\/revisions"}],"predecessor-version":[{"id":321,"href":"https:\/\/pos-graduacao.uepb.edu.br\/profsaude\/wp-json\/wp\/v2\/pages\/6\/revisions\/321"}],"wp:attachment":[{"href":"https:\/\/pos-graduacao.uepb.edu.br\/profsaude\/wp-json\/wp\/v2\/media?parent=6"}],"curies":[{"name":"wp","href":"https:\/\/api.w.org\/{rel}","templated":true}]}}