{"id":107,"date":"2023-11-08T10:23:52","date_gmt":"2023-11-08T13:23:52","guid":{"rendered":"https:\/\/pos-graduacao.uepb.edu.br\/profsaude\/?page_id=107"},"modified":"2026-03-25T15:06:44","modified_gmt":"2026-03-25T18:06:44","slug":"processo-seletivo-2023-2024","status":"publish","type":"page","link":"https:\/\/pos-graduacao.uepb.edu.br\/profsaude\/processo-seletivo-2023-2024\/","title":{"rendered":"Processo Seletivo 2023-2024 &#8211; TURMA 5"},"content":{"rendered":"<div class=\"wpb-content-wrapper\"><p>[vc_row][vc_column][vc_column_text]<\/p>\n<ul>\n<li>Clique <a href=\"https:\/\/drive.google.com\/file\/d\/1XaWqhGxSt6k7i9_jllnfItccW3b7ScrF\/view?usp=sharing\">AQUI<\/a> para ter acesso ao resultado dos aprovados para matr\u00edcula.<\/li>\n<li>Clique <a href=\"https:\/\/drive.google.com\/file\/d\/11iWqvNneQPF6qprJPr7DWwjFFryRC1No\/view?usp=sharing\">AQUI <\/a>para ter acesso ao resultado final da terceira etapa.<\/li>\n<li>Clique <a href=\"https:\/\/drive.google.com\/file\/d\/1TTwbPZh9KN0A6tk7nyLvV5SJkRQSzpbr\/view?usp=sharing\">AQUI<\/a> para ter acesso ao cronograma de entrevistas para a prova oral.<\/li>\n<li>Clique <a href=\"https:\/\/drive.google.com\/file\/d\/1ImdVt0Sxb_lfVWTBYOA7oGUSX1MvH_nI\/view?usp=sharing\">AQUI <\/a>para ter acesso ao resultado da segunda etapa ap\u00f3s recursos.<\/li>\n<li>Clique <a href=\"https:\/\/drive.google.com\/file\/d\/1RDEDM3SQv9YKSnv909mfHz2V7lKVBrT1\/view?usp=sharing\">AQUI <\/a>para ter acesso ao resultado da Banca de Heteroidentifica\u00e7\u00e3o.<\/li>\n<li>Clique <a href=\"https:\/\/drive.google.com\/file\/d\/1TLi1Kk2Ioj2iFKJQmk7is5A_JUNrvJNI\/view?usp=sharing\">AQUI<\/a> para ter acesso ao resultado da prova escrita ap\u00f3s recursos.<\/li>\n<li>Clique <a href=\"https:\/\/drive.google.com\/file\/d\/1uF4V7Bn7O1n0Ic-Dqfj0CFdzQbRYXICv\/view?usp=sharing\">AQUI <\/a>para ter acesso ao resultado da prova escrita.<\/li>\n<li>Clique <a href=\"https:\/\/drive.google.com\/file\/d\/1tdN-sFa0ZjoMF8okbquu_3inI-yq-t9m\/view?usp=sharing\">AQUI<\/a> para ter acesso ao gabarito da prova escrita.<\/li>\n<li>Clique <a href=\"https:\/\/drive.google.com\/file\/d\/1YBuccY7sPHpOSsZg47UpXCP4OZgLgM-7\/view?usp=sharing\">AQUI<\/a> para ter acesso \u00e0s orienta\u00e7\u00f5es da prova escrita e LOCAL DE PROVA.<\/li>\n<li>Clique <a href=\"https:\/\/drive.google.com\/file\/d\/155kFSPgbumXZXqimvOWqfg3UiKpAlYsf\/view?usp=sharing\">AQUI<\/a> para ter acesso \u00e0 homologa\u00e7\u00e3o das inscri\u00e7\u00f5es ap\u00f3s recursos.<\/li>\n<li>Clique <a href=\"https:\/\/drive.google.com\/file\/d\/1ilCSmMV9spqWl4ZA0YLqu7MbfFdHrYA7\/view?usp=sharing\">AQUI<\/a> para ter acesso \u00e0 homologa\u00e7\u00e3o das inscri\u00e7\u00f5es.<\/li>\n<li>Clique <a href=\"https:\/\/drive.google.com\/file\/d\/1oUpTq9BnY4f1HbnDvlNnjSRafQESQJL4\/view?usp=sharing\">AQUI<\/a> para ter acesso ao cronograma do processo seletivo ap\u00f3s a prorroga\u00e7\u00e3o das inscri\u00e7\u00f5es.<\/li>\n<li>Acesse <a href=\"https:\/\/drive.google.com\/file\/d\/1GAgOjxmkxKDtOzuwt8P6waUXF_vTd0Lz\/view?usp=sharing\">AQUI<\/a> as orienta\u00e7\u00f5es adicionais para inscri\u00e7\u00e3o.<\/li>\n<li>Clique <a href=\"https:\/\/drive.google.com\/file\/d\/1ML5H0UeUpW52y1Zni7O647FU3rWDr_J_\/view?usp=sharing\">AQUI <\/a>para ter acesso \u00e0s altera\u00e7\u00f5es no Edital n\u00ba 01\/2023\/PROFSA\u00daDE (ERRATA N.\u00b0 6)<\/li>\n<li>Clique <a href=\"https:\/\/drive.google.com\/file\/d\/14elSuwUlgzk-IaY-Id6VXGo1SOjqZnSb\/view?usp=sharing\">AQUI<\/a> para ter acesso \u00e0s altera\u00e7\u00f5es no Edital n\u00ba 01\/2023\/PROFSA\u00daDE (ERRATA N.\u00b0 5)<\/li>\n<li>Clique <a href=\"https:\/\/drive.google.com\/file\/d\/1wwrsA1JY2YwdJJ0OR2Na2UY26SxGabxq\/view?usp=sharing\">AQUI <\/a>para ter acesso \u00e0s altera\u00e7\u00f5es no Edital n\u00ba 01\/2023\/PROFSA\u00daDE (ERRATA N.\u00b0 4)<\/li>\n<li>Clique <a href=\"https:\/\/drive.google.com\/file\/d\/1KdFliodVA3fkF9LFryCzoFw0x0ioRDNk\/view?usp=sharing\">AQUI <\/a>para ter acesso \u00e0s altera\u00e7\u00f5es no Edital n\u00ba 01\/2023\/PROFSA\u00daDE (ERRATA N.\u00b0 3)<\/li>\n<li>Clique <a href=\"https:\/\/profsaude-abrasco.fiocruz.br\/sites\/default\/files\/errata_no_2.2023_profsaude.pdf\">AQUI<\/a> para ter acesso \u00e0s altera\u00e7\u00f5es no Edital n\u00ba 01\/2023\/PROFSA\u00daDE (ERRATA N.\u00b0 2).<\/li>\n<li>Clique <a href=\"https:\/\/profsaude-abrasco.fiocruz.br\/sites\/default\/files\/errata_n.1.2023_edital_mpsf.pdf\">AQUI <\/a>para ter acesso \u00e0s altera\u00e7\u00f5es no Edital n\u00ba 01\/2023\/PROFSA\u00daDE (ERRATA N.\u00b0 1).<\/li>\n<li>Clique <a href=\"https:\/\/profsaude-abrasco.fiocruz.br\/sites\/default\/files\/23_11_2023_resultado_impugnacao_edital_01.2023_profsaude_.pdf\">AQUI <\/a>para ter acesso ao resultado da an\u00e1lise dos pedidos de impugna\u00e7\u00e3o do Edital n\u00ba 01\/2023\/PROFSA\u00daDE.<\/li>\n<li>Acesse <a href=\"https:\/\/drive.google.com\/file\/d\/1wxnbw6UDy1fURctjzWNgQQG4aoYa_bRV\/view?usp=sharing\">AQUI<\/a> o edital para o processo seletivo da Turma 5.<\/li>\n<li>Clique <a href=\"https:\/\/drive.google.com\/file\/d\/1ExwzKXiNSM5YapNJHIQqNsXK7vIgDakd\/view?usp=sharing\">AQUI<\/a> para ter acesso \u00e0s informa\u00e7\u00f5es sobre a Comiss\u00e3o de Sele\u00e7\u00e3o da Turma 5.<\/li>\n<\/ul>\n<p>[\/vc_column_text][\/vc_column][\/vc_row]<\/p>\n<\/div>","protected":false},"excerpt":{"rendered":"<p>[vc_row][vc_column][vc_column_text] Clique AQUI para ter acesso ao resultado dos aprovados para matr\u00edcula. Clique AQUI para ter acesso ao resultado final da terceira etapa. Clique AQUI para ter acesso ao cronograma de entrevistas para a prova oral. Clique AQUI para ter acesso ao resultado da segunda etapa ap\u00f3s recursos. Clique AQUI para ter acesso ao resultado <a class=\"leiamais\" href=\"https:\/\/pos-graduacao.uepb.edu.br\/profsaude\/processo-seletivo-2023-2024\/\">Leia Mais&#8230;<\/a><\/p>\n","protected":false},"author":63,"featured_media":0,"parent":0,"menu_order":0,"comment_status":"closed","ping_status":"closed","template":"","meta":{"footnotes":""},"class_list":["post-107","page","type-page","status-publish","hentry"],"_links":{"self":[{"href":"https:\/\/pos-graduacao.uepb.edu.br\/profsaude\/wp-json\/wp\/v2\/pages\/107","targetHints":{"allow":["GET"]}}],"collection":[{"href":"https:\/\/pos-graduacao.uepb.edu.br\/profsaude\/wp-json\/wp\/v2\/pages"}],"about":[{"href":"https:\/\/pos-graduacao.uepb.edu.br\/profsaude\/wp-json\/wp\/v2\/types\/page"}],"author":[{"embeddable":true,"href":"https:\/\/pos-graduacao.uepb.edu.br\/profsaude\/wp-json\/wp\/v2\/users\/63"}],"replies":[{"embeddable":true,"href":"https:\/\/pos-graduacao.uepb.edu.br\/profsaude\/wp-json\/wp\/v2\/comments?post=107"}],"version-history":[{"count":33,"href":"https:\/\/pos-graduacao.uepb.edu.br\/profsaude\/wp-json\/wp\/v2\/pages\/107\/revisions"}],"predecessor-version":[{"id":394,"href":"https:\/\/pos-graduacao.uepb.edu.br\/profsaude\/wp-json\/wp\/v2\/pages\/107\/revisions\/394"}],"wp:attachment":[{"href":"https:\/\/pos-graduacao.uepb.edu.br\/profsaude\/wp-json\/wp\/v2\/media?parent=107"}],"curies":[{"name":"wp","href":"https:\/\/api.w.org\/{rel}","templated":true}]}}