{"id":10,"date":"2022-02-09T16:02:01","date_gmt":"2022-02-09T19:02:01","guid":{"rendered":"https:\/\/pos-graduacao.uepb.edu.br\/profsaude\/?page_id=10"},"modified":"2026-03-26T08:33:23","modified_gmt":"2026-03-26T11:33:23","slug":"documentos","status":"publish","type":"page","link":"https:\/\/pos-graduacao.uepb.edu.br\/profsaude\/documentos\/","title":{"rendered":"Documentos"},"content":{"rendered":"<div class='w3eden'>\n    <div class=''>\n\n        \n        <div id=\"content_wpdm_package_1\">\n            <div class='row'><div class='col-lg-12 col-md-6 col-12'><!-- WPDM Link Template: Default Template -->\n\n<div class=\"link-template-default card mb-2\">\n    <div class=\"card-body\">\n        <div class=\"media\">\n            <div class=\"mr-3 img-48\"><img decoding=\"async\" class=\"wpdm_icon\" alt=\"\u00edcone\" src=\"https:\/\/pos-graduacao.uepb.edu.br\/profsaude\/wp-content\/plugins\/download-manager\/assets\/file-type-icons\/pdf.svg\" \/><\/div>\n            <div class=\"media-body\">\n                <h3 class=\"package-title\"><a href='https:\/\/pos-graduacao.uepb.edu.br\/profsaude\/download\/manual-do-mestrando-do-profsaude-2022-2024\/'>Manual do Mestrando do PROFSA\u00daDE (2022-2024)<\/a><\/h3>\n                <div class=\"text-muted text-small\"><i class=\"fas fa-copy\"><\/i> 1  arquivo(s) <i class=\"fas fa-hdd ml-3\"><\/i> 11.01 MB<\/div>\n            <\/div>\n            <div class=\"ml-3\">\n                <a class='wpdm-download-link download-on-click btn btn-primary ' rel='nofollow' href='#' data-downloadurl=\"https:\/\/pos-graduacao.uepb.edu.br\/profsaude\/download\/manual-do-mestrando-do-profsaude-2022-2024\/?wpdmdl=410&refresh=69d27d33556491775402291\">Download<\/a>\n            <\/div>\n        <\/div>\n    <\/div>\n<\/div>\n\n<\/div><div class='col-lg-12 col-md-6 col-12'><!-- WPDM Link Template: Default Template -->\n\n<div class=\"link-template-default card mb-2\">\n    <div class=\"card-body\">\n        <div class=\"media\">\n            <div class=\"mr-3 img-48\"><img decoding=\"async\" class=\"wpdm_icon\" alt=\"\u00edcone\" src=\"https:\/\/pos-graduacao.uepb.edu.br\/profsaude\/wp-content\/plugins\/download-manager\/assets\/file-type-icons\/pdf.svg\" \/><\/div>\n            <div class=\"media-body\">\n                <h3 class=\"package-title\"><a href='https:\/\/pos-graduacao.uepb.edu.br\/profsaude\/download\/regimento-atualizado-do-profsaude-polo-uepb\/'>Regimento Atualizado do PROFSA\u00daDE \u2013 P\u00f3lo UEPB<\/a><\/h3>\n                <div class=\"text-muted text-small\"><i class=\"fas fa-copy\"><\/i> 1  arquivo(s) <i class=\"fas fa-hdd ml-3\"><\/i> 300.48 KB<\/div>\n            <\/div>\n            <div class=\"ml-3\">\n                <a class='wpdm-download-link download-on-click btn btn-primary ' rel='nofollow' href='#' data-downloadurl=\"https:\/\/pos-graduacao.uepb.edu.br\/profsaude\/download\/regimento-atualizado-do-profsaude-polo-uepb\/?wpdmdl=409&refresh=69d27d3356e0d1775402291\">Download<\/a>\n            <\/div>\n        <\/div>\n    <\/div>\n<\/div>\n\n<\/div><div class='col-lg-12 col-md-6 col-12'><!-- WPDM Link Template: Default Template -->\n\n<div class=\"link-template-default card mb-2\">\n    <div class=\"card-body\">\n        <div class=\"media\">\n            <div class=\"mr-3 img-48\"><img decoding=\"async\" class=\"wpdm_icon\" alt=\"\u00edcone\" src=\"https:\/\/pos-graduacao.uepb.edu.br\/profsaude\/wp-content\/plugins\/download-manager\/assets\/file-type-icons\/pdf.svg\" \/><\/div>\n            <div class=\"media-body\">\n                <h3 class=\"package-title\"><a href='https:\/\/pos-graduacao.uepb.edu.br\/profsaude\/download\/plano-pedagogico-nacional\/'>Plano Pedag\u00f3gico Nacional<\/a><\/h3>\n                <div class=\"text-muted text-small\"><i class=\"fas fa-copy\"><\/i> 1  arquivo(s) <i class=\"fas fa-hdd ml-3\"><\/i> 4.00 KB<\/div>\n            <\/div>\n            <div class=\"ml-3\">\n                <a class='wpdm-download-link download-on-click btn btn-primary ' rel='nofollow' href='#' data-downloadurl=\"https:\/\/pos-graduacao.uepb.edu.br\/profsaude\/download\/plano-pedagogico-nacional\/?wpdmdl=408&refresh=69d27d3357bca1775402291\">Download<\/a>\n            <\/div>\n        <\/div>\n    <\/div>\n<\/div>\n\n<\/div><div class='col-lg-12 col-md-6 col-12'><!-- WPDM Link Template: Default Template -->\n\n<div class=\"link-template-default card mb-2\">\n    <div class=\"card-body\">\n        <div class=\"media\">\n            <div class=\"mr-3 img-48\"><img decoding=\"async\" class=\"wpdm_icon\" alt=\"\u00edcone\" src=\"https:\/\/pos-graduacao.uepb.edu.br\/profsaude\/wp-content\/plugins\/download-manager\/assets\/file-type-icons\/pdf.svg\" \/><\/div>\n            <div class=\"media-body\">\n                <h3 class=\"package-title\"><a href='https:\/\/pos-graduacao.uepb.edu.br\/profsaude\/download\/portfolio-de-produtos-tecnicos-do-profsaude\/'>Portf\u00f3lio de Produtos T\u00e9cnicos do Profsa\u00fade<\/a><\/h3>\n                <div class=\"text-muted text-small\"><i class=\"fas fa-copy\"><\/i> 1  arquivo(s) <i class=\"fas fa-hdd ml-3\"><\/i> 61.72 MB<\/div>\n            <\/div>\n            <div class=\"ml-3\">\n                <a class='wpdm-download-link download-on-click btn btn-primary ' rel='nofollow' href='#' data-downloadurl=\"https:\/\/pos-graduacao.uepb.edu.br\/profsaude\/download\/portfolio-de-produtos-tecnicos-do-profsaude\/?wpdmdl=407&refresh=69d27d33588971775402291\">Download<\/a>\n            <\/div>\n        <\/div>\n    <\/div>\n<\/div>\n\n<\/div><div class='col-lg-12 col-md-6 col-12'><!-- WPDM Link Template: Default Template -->\n\n<div class=\"link-template-default card mb-2\">\n    <div class=\"card-body\">\n        <div class=\"media\">\n            <div class=\"mr-3 img-48\"><img decoding=\"async\" class=\"wpdm_icon\" alt=\"\u00edcone\" src=\"https:\/\/pos-graduacao.uepb.edu.br\/profsaude\/wp-content\/plugins\/download-manager\/assets\/file-type-icons\/pdf.svg\" \/><\/div>\n            <div class=\"media-body\">\n                <h3 class=\"package-title\"><a href='https:\/\/pos-graduacao.uepb.edu.br\/profsaude\/download\/portfolio-de-resultados-de-pesquisa-residencias-em-medicina-da-familia-e-comunidade-e-multiprofissional-em-saude-da-familia\/'>Portf\u00f3lio de Resultados de Pesquisa: Resid\u00eancias em Medicina da Fam\u00edlia e Comunidade e Multiprofissional em Sa\u00fade da Fam\u00edlia<\/a><\/h3>\n                <div class=\"text-muted text-small\"><i class=\"fas fa-copy\"><\/i> 1  arquivo(s) <i class=\"fas fa-hdd ml-3\"><\/i> 603.27 KB<\/div>\n            <\/div>\n            <div class=\"ml-3\">\n                <a class='wpdm-download-link download-on-click btn btn-primary ' rel='nofollow' href='#' data-downloadurl=\"https:\/\/pos-graduacao.uepb.edu.br\/profsaude\/download\/portfolio-de-resultados-de-pesquisa-residencias-em-medicina-da-familia-e-comunidade-e-multiprofissional-em-saude-da-familia\/?wpdmdl=406&refresh=69d27d335995b1775402291\">Download<\/a>\n            <\/div>\n        <\/div>\n    <\/div>\n<\/div>\n\n<\/div><\/div>            <div style='clear:both'><\/div><div class='text-center'><ul class='pagination wpdm-pagination pagination-centered text-center'><\/ul><\/div><div style='clear:both'><\/div>        <\/div>\n\n        <div style='clear:both'><\/div>\n    <\/div>\n<\/div>\n\n","protected":false},"excerpt":{"rendered":"Manual do Mestrando do PROFSA\u00daDE (2022-2024) 1 arquivo(s) 11.01 MB Download Regimento Atualizado do PROFSA\u00daDE \u2013 P\u00f3lo UEPB 1 arquivo(s) 300.48 KB Download Plano Pedag\u00f3gico Nacional 1 arquivo(s) 4.00 KB Download Portf\u00f3lio de Produtos T\u00e9cnicos do Profsa\u00fade 1 arquivo(s) 61.72 MB Download Portf\u00f3lio de Resultados de Pesquisa: Resid\u00eancias em Medicina da Fam\u00edlia e Comunidade e <a class=\"leiamais\" href=\"https:\/\/pos-graduacao.uepb.edu.br\/profsaude\/documentos\/\">Leia Mais...<\/a>","protected":false},"author":34,"featured_media":0,"parent":0,"menu_order":0,"comment_status":"closed","ping_status":"closed","template":"","meta":{"footnotes":""},"class_list":["post-10","page","type-page","status-publish","hentry"],"_links":{"self":[{"href":"https:\/\/pos-graduacao.uepb.edu.br\/profsaude\/wp-json\/wp\/v2\/pages\/10","targetHints":{"allow":["GET"]}}],"collection":[{"href":"https:\/\/pos-graduacao.uepb.edu.br\/profsaude\/wp-json\/wp\/v2\/pages"}],"about":[{"href":"https:\/\/pos-graduacao.uepb.edu.br\/profsaude\/wp-json\/wp\/v2\/types\/page"}],"author":[{"embeddable":true,"href":"https:\/\/pos-graduacao.uepb.edu.br\/profsaude\/wp-json\/wp\/v2\/users\/34"}],"replies":[{"embeddable":true,"href":"https:\/\/pos-graduacao.uepb.edu.br\/profsaude\/wp-json\/wp\/v2\/comments?post=10"}],"version-history":[{"count":11,"href":"https:\/\/pos-graduacao.uepb.edu.br\/profsaude\/wp-json\/wp\/v2\/pages\/10\/revisions"}],"predecessor-version":[{"id":411,"href":"https:\/\/pos-graduacao.uepb.edu.br\/profsaude\/wp-json\/wp\/v2\/pages\/10\/revisions\/411"}],"wp:attachment":[{"href":"https:\/\/pos-graduacao.uepb.edu.br\/profsaude\/wp-json\/wp\/v2\/media?parent=10"}],"curies":[{"name":"wp","href":"https:\/\/api.w.org\/{rel}","templated":true}]}}