{"id":629,"date":"2023-03-22T11:38:52","date_gmt":"2023-03-22T14:38:52","guid":{"rendered":"https:\/\/pos-graduacao.uepb.edu.br\/profmat\/?page_id=629"},"modified":"2023-03-22T14:22:32","modified_gmt":"2023-03-22T17:22:32","slug":"sobre","status":"publish","type":"page","link":"https:\/\/pos-graduacao.uepb.edu.br\/profmat\/sobre\/","title":{"rendered":"Sobre"},"content":{"rendered":"<div class=\"wpb-content-wrapper\"><p>[vc_row gap=&#8221;30&#8243; equal_height=&#8221;yes&#8221; el_class=&#8221;conf-azul&#8221;][vc_column width=&#8221;1\/3&#8243; css=&#8221;.vc_custom_1679505687357{padding-bottom: 30px !important;}&#8221;][vc_text_separator title=&#8221;APRESENTA\u00c7\u00c3O&#8221; title_align=&#8221;separator_align_left&#8221; css=&#8221;.vc_custom_1679496000464{margin-top: 20px !important;}&#8221;][vc_column_text]Com in\u00edcio em 2012, o PROFMAT \u00e9 um programa de p\u00f3s-gradua\u00e7\u00e3o stricto sensu em Matem\u00e1tica, sob supervis\u00e3o da Sociedade Brasileira de Matem\u00e1tica e reconhecido pela Coordena\u00e7\u00e3o de Aperfei\u00e7oamento de Pessoal de N\u00edvel Superior (CAPES) do Minist\u00e9rio da Educa\u00e7\u00e3o.[\/vc_column_text][\/vc_column][vc_column width=&#8221;1\/3&#8243;][vc_text_separator title=&#8221;OBJETIVOS&#8221; title_align=&#8221;separator_align_left&#8221; css=&#8221;.vc_custom_1679496012310{margin-top: 20px !important;}&#8221;][vc_column_text]Proporcionar forma\u00e7\u00e3o matem\u00e1tica aprofundada relevante ao exerc\u00edcio da doc\u00eancia no Ensino B\u00e1sico, visando dar ao egresso qualifica\u00e7\u00e3o certificada para o exerc\u00edcio da profiss\u00e3o de professor de Matem\u00e1tica.[\/vc_column_text][\/vc_column][vc_column width=&#8221;1\/3&#8243;][vc_text_separator title=&#8221;P\u00daBLICO ALVO&#8221; title_align=&#8221;separator_align_left&#8221; css=&#8221;.vc_custom_1679496020367{margin-top: 20px !important;}&#8221;][vc_column_text]O\u00a0<strong>PROFMAT<\/strong> visa atender prioritariamente professores de Matem\u00e1tica em exerc\u00edcio na Educa\u00e7\u00e3o B\u00e1sica, especialmente de escolas p\u00fablicas, que busquem aprimoramento em sua forma\u00e7\u00e3o profissional, com \u00eanfase no dom\u00ednio aprofundado de conte\u00fado matem\u00e1tico relevante para sua doc\u00eancia.[\/vc_column_text][\/vc_column][\/vc_row]<\/p>\n<\/div>","protected":false},"excerpt":{"rendered":"<p>[vc_row gap=&#8221;30&#8243; equal_height=&#8221;yes&#8221; el_class=&#8221;conf-azul&#8221;][vc_column width=&#8221;1\/3&#8243; css=&#8221;.vc_custom_1679505687357{padding-bottom: 30px !important;}&#8221;][vc_text_separator title=&#8221;APRESENTA\u00c7\u00c3O&#8221; title_align=&#8221;separator_align_left&#8221; css=&#8221;.vc_custom_1679496000464{margin-top: 20px !important;}&#8221;][vc_column_text]Com in\u00edcio em 2012, o PROFMAT \u00e9 um programa de p\u00f3s-gradua\u00e7\u00e3o stricto sensu em Matem\u00e1tica, sob supervis\u00e3o da Sociedade Brasileira de Matem\u00e1tica e reconhecido pela Coordena\u00e7\u00e3o de Aperfei\u00e7oamento de Pessoal de N\u00edvel Superior (CAPES) do Minist\u00e9rio da Educa\u00e7\u00e3o.[\/vc_column_text][\/vc_column][vc_column width=&#8221;1\/3&#8243;][vc_text_separator title=&#8221;OBJETIVOS&#8221; title_align=&#8221;separator_align_left&#8221; css=&#8221;.vc_custom_1679496012310{margin-top: 20px <a class=\"leiamais\" href=\"https:\/\/pos-graduacao.uepb.edu.br\/profmat\/sobre\/\">Leia Mais&#8230;<\/a><\/p>\n","protected":false},"author":5,"featured_media":0,"parent":0,"menu_order":0,"comment_status":"closed","ping_status":"closed","template":"","meta":{"footnotes":""},"class_list":["post-629","page","type-page","status-publish","hentry"],"_links":{"self":[{"href":"https:\/\/pos-graduacao.uepb.edu.br\/profmat\/wp-json\/wp\/v2\/pages\/629","targetHints":{"allow":["GET"]}}],"collection":[{"href":"https:\/\/pos-graduacao.uepb.edu.br\/profmat\/wp-json\/wp\/v2\/pages"}],"about":[{"href":"https:\/\/pos-graduacao.uepb.edu.br\/profmat\/wp-json\/wp\/v2\/types\/page"}],"author":[{"embeddable":true,"href":"https:\/\/pos-graduacao.uepb.edu.br\/profmat\/wp-json\/wp\/v2\/users\/5"}],"replies":[{"embeddable":true,"href":"https:\/\/pos-graduacao.uepb.edu.br\/profmat\/wp-json\/wp\/v2\/comments?post=629"}],"version-history":[{"count":14,"href":"https:\/\/pos-graduacao.uepb.edu.br\/profmat\/wp-json\/wp\/v2\/pages\/629\/revisions"}],"predecessor-version":[{"id":648,"href":"https:\/\/pos-graduacao.uepb.edu.br\/profmat\/wp-json\/wp\/v2\/pages\/629\/revisions\/648"}],"wp:attachment":[{"href":"https:\/\/pos-graduacao.uepb.edu.br\/profmat\/wp-json\/wp\/v2\/media?parent=629"}],"curies":[{"name":"wp","href":"https:\/\/api.w.org\/{rel}","templated":true}]}}