{"id":621,"date":"2023-03-22T10:20:42","date_gmt":"2023-03-22T13:20:42","guid":{"rendered":"https:\/\/pos-graduacao.uepb.edu.br\/profmat\/?page_id=621"},"modified":"2025-04-28T10:55:42","modified_gmt":"2025-04-28T13:55:42","slug":"pagina-inicial","status":"publish","type":"page","link":"https:\/\/pos-graduacao.uepb.edu.br\/profmat\/","title":{"rendered":"P\u00e1gina Inicial"},"content":{"rendered":"<div class=\"wpb-content-wrapper\"><p>[vc_row gap=&#8221;30&#8243; css=&#8221;.vc_custom_1718823804540{margin-top: 30px !important;}&#8221;][vc_column width=&#8221;2\/3&#8243;][vc_text_separator title=&#8221;Not\u00edcias&#8221; i_icon_fontawesome=&#8221;fas fa-angle-double-right&#8221; i_color=&#8221;custom&#8221; title_align=&#8221;separator_align_left&#8221; add_icon=&#8221;true&#8221; i_custom_color=&#8221;#cc0000&#8243;]<div class=\"mdl-grid\"><div class=\"mdl-cell--6-col mdl-cell--6-col-tablet mdl-cell--12-col-phone bloco-noticias\"><div class=\"titulo-noticia-widget\"><a href=\"https:\/\/pos-graduacao.uepb.edu.br\/profmat\/2026\/02\/06\/resultado-final-processo-seletivo-para-bolsa-de-pos-doutorado-edital-profmat-prpgp-uepb-n-01-2026\/\"><h3 class=\"titulo-destaque-noticia\">Resultado Final \u2013 Processo seletivo para bolsa de p\u00f3s-doutorado (EDITAL PROFMAT\/PRPGP\/UEPB N\u00b0 01\/2026)<\/h3><\/a><\/div><div class=\"titulo-noticia-widget\"><a href=\"https:\/\/pos-graduacao.uepb.edu.br\/profmat\/2026\/01\/30\/resultado-preliminar-processo-seletivo-para-bolsa-de-pos-doutorado-edital-profmat-prpgp-uepb-n-01-2026\/\"><h3 class=\"titulo-destaque-noticia\">RESULTADO PRELIMINAR - PROCESSO SELETIVO PARA BOLSA DE P\u00d3S-DOUTORADO EDITAL PROFMAT\/PRPGP\/UEPB N\u00b0 01\/2026<\/h3><\/a><\/div><div class=\"titulo-noticia-widget\"><a href=\"https:\/\/pos-graduacao.uepb.edu.br\/profmat\/2026\/01\/26\/homologacao-das-inscricoes-edital-de-selecao-para-bolsista-de-pos-doutorado-profmat-uepb\/\"><h3 class=\"titulo-destaque-noticia\">Homologa\u00e7\u00e3o das inscri\u00e7\u00f5es - Edital de Sele\u00e7\u00e3o para Bolsista de P\u00f3s-Doutorado \u2013 Profmat\/UEPB<\/h3><\/a><\/div><div class=\"titulo-noticia-widget\"><a href=\"https:\/\/pos-graduacao.uepb.edu.br\/profmat\/2026\/01\/16\/edital-de-selecao-para-bolsista-de-pos-doutorado-profmat-uepb\/\"><h3 class=\"titulo-destaque-noticia\">Edital de Sele\u00e7\u00e3o para Bolsista de P\u00f3s-Doutorado \u2013 Profmat\/UEPB<\/h3><\/a><\/div><div class=\"titulo-noticia-widget\"><a href=\"https:\/\/pos-graduacao.uepb.edu.br\/profmat\/2025\/12\/11\/exame-nacional-de-acesso-ao-profmat-uepb-3a-chamada-de-vagas-remanescentes\/\"><h3 class=\"titulo-destaque-noticia\">Exame Nacional de Acesso ao PROFMAT\/UEPB - 3\u00aa chamada de Vagas Remanescentes<\/h3><\/a><\/div><\/div><div class=\"mdl-cell--6-col mdl-cell--6-col-tablet mdl-cell--12-col-phone bloco-noticias\"><div class=\"titulo-noticia-widget\"><a href=\"https:\/\/pos-graduacao.uepb.edu.br\/profmat\/2025\/11\/26\/exame-nacional-de-acesso-ao-profmat-uepb-em-2026-edital-no-21-vagas-remanescentes\/\"><h3 class=\"titulo-destaque-noticia\">Exame Nacional de Acesso ao PROFMAT\/UEPB em 2026 - Edital n\u00ba 21 Vagas Remanescentes<\/h3><\/a><\/div><div class=\"titulo-noticia-widget\"><a href=\"https:\/\/pos-graduacao.uepb.edu.br\/profmat\/2025\/11\/17\/resultado-do-exame-nacional-de-acesso-ao-profmat-uepb-em-2026-ena-2026\/\"><h3 class=\"titulo-destaque-noticia\">Resultado do Exame Nacional de Acesso ao PROFMAT\/UEPB em 2026 (ENA 2026)<\/h3><\/a><\/div><div class=\"titulo-noticia-widget\"><a href=\"https:\/\/pos-graduacao.uepb.edu.br\/profmat\/2025\/11\/12\/notas-individuais-do-exame-nacional-de-acesso-para-ingresso-no-profmat-uepb-em-2026\/\"><h3 class=\"titulo-destaque-noticia\">Notas individuais do Exame Nacional de Acesso para ingresso no PROFMAT\/UEPB em 2026<\/h3><\/a><\/div><div class=\"titulo-noticia-widget\"><a href=\"https:\/\/pos-graduacao.uepb.edu.br\/profmat\/2025\/11\/07\/notas-do-exame-nacional-de-acesso-ao-profmat-uepb-em-2026-ena-2026\/\"><h3 class=\"titulo-destaque-noticia\">Notas individuais do Exame Nacional de Acesso ao PROFMAT\/UEPB em 2026 (ENA 2026)<\/h3><\/a><\/div><div class=\"titulo-noticia-widget\"><a href=\"https:\/\/pos-graduacao.uepb.edu.br\/profmat\/2025\/10\/10\/locais-de-prova-para-ena-2026-profmat-uepb\/\"><h3 class=\"titulo-destaque-noticia\">LOCAIS DE PROVA PARA ENA 2026 - PROFMAT\/UEPB<\/h3><\/a><\/div><\/div><\/div>[\/vc_column][vc_column width=&#8221;1\/3&#8243;][vc_text_separator title=&#8221;Links \u00dateis&#8221; i_icon_fontawesome=&#8221;fas fa-angle-double-right&#8221; i_color=&#8221;custom&#8221; title_align=&#8221;separator_align_left&#8221; add_icon=&#8221;true&#8221; i_custom_color=&#8221;#cc0000&#8243;][vc_btn title=&#8221;PROFMAT \u2013 Nacional&#8221; shape=&#8221;square&#8221; color=&#8221;blue&#8221; size=&#8221;lg&#8221; align=&#8221;left&#8221; css=&#8221;.vc_custom_1718738989240{margin-bottom: 5px !important;}&#8221; button_block=&#8221;true&#8221; link=&#8221;url:http%3A%2F%2Fprofmat-sbm.org.br|target:_blank&#8221;][vc_btn title=&#8221;PRPGP&#8221; shape=&#8221;square&#8221; color=&#8221;primary&#8221; size=&#8221;lg&#8221; align=&#8221;left&#8221; css=&#8221;.vc_custom_1718738992742{margin-bottom: 5px !important;}&#8221; button_block=&#8221;true&#8221; link=&#8221;url:https%3A%2F%2Fuepb.edu.br%2Fprpgp|target:_blank&#8221;][vc_btn title=&#8221;Plataforma Sucupira&#8221; shape=&#8221;square&#8221; color=&#8221;peacoc&#8221; size=&#8221;lg&#8221; align=&#8221;left&#8221; css=&#8221;.vc_custom_1718738974642{margin-bottom: 5px !important;}&#8221; button_block=&#8221;true&#8221; link=&#8221;url:http%3A%2F%2Fsucupira.capes.gov.br%2Fsucupira|target:_blank&#8221;][vc_btn title=&#8221;Sistema de Gest\u00e3o de Bolsas &#8211; SGB&#8221; shape=&#8221;square&#8221; color=&#8221;turquoise&#8221; size=&#8221;lg&#8221; align=&#8221;left&#8221; css=&#8221;.vc_custom_1718738981192{margin-bottom: 5px !important;}&#8221; button_block=&#8221;true&#8221; link=&#8221;url:http%3A%2F%2Fcontrasicapes.capes.gov.br|target:_blank&#8221;][vc_btn title=&#8221;SUAP&#8221; shape=&#8221;square&#8221; color=&#8221;inverse&#8221; size=&#8221;lg&#8221; align=&#8221;left&#8221; css=&#8221;.vc_custom_1718823835550{margin-bottom: 5px !important;}&#8221; button_block=&#8221;true&#8221; link=&#8221;url:https%3A%2F%2Fsuap.uepb.edu.br%2F|target:_blank&#8221;][\/vc_column][\/vc_row][vc_row css=&#8221;.vc_custom_1718823858703{margin-top: 30px !important;margin-bottom: 30px !important;}&#8221;][vc_column][vc_text_separator title=&#8221;Traduza esta p\u00e1gina&#8221; i_icon_fontawesome=&#8221;fas fa-angle-double-right&#8221; i_color=&#8221;custom&#8221; title_align=&#8221;separator_align_left&#8221; add_icon=&#8221;true&#8221; i_custom_color=&#8221;#cc0000&#8243;][vc_column_text css=&#8221;.vc_custom_1718823891396{margin-left: 15px !important;}&#8221;]<div class=\"gtranslate_wrapper\" id=\"gt-wrapper-50949552\"><\/div>[\/vc_column_text][\/vc_column][\/vc_row]<\/p>\n<\/div>","protected":false},"excerpt":{"rendered":"<p>[vc_row gap=&#8221;30&#8243; css=&#8221;.vc_custom_1718823804540{margin-top: 30px !important;}&#8221;][vc_column width=&#8221;2\/3&#8243;][vc_text_separator title=&#8221;Not\u00edcias&#8221; i_icon_fontawesome=&#8221;fas fa-angle-double-right&#8221; i_color=&#8221;custom&#8221; title_align=&#8221;separator_align_left&#8221; add_icon=&#8221;true&#8221; i_custom_color=&#8221;#cc0000&#8243;][\/vc_column][vc_column width=&#8221;1\/3&#8243;][vc_text_separator title=&#8221;Links \u00dateis&#8221; i_icon_fontawesome=&#8221;fas fa-angle-double-right&#8221; i_color=&#8221;custom&#8221; title_align=&#8221;separator_align_left&#8221; add_icon=&#8221;true&#8221; i_custom_color=&#8221;#cc0000&#8243;][vc_btn title=&#8221;PROFMAT \u2013 Nacional&#8221; shape=&#8221;square&#8221; color=&#8221;blue&#8221; size=&#8221;lg&#8221; align=&#8221;left&#8221; css=&#8221;.vc_custom_1718738989240{margin-bottom: 5px !important;}&#8221; button_block=&#8221;true&#8221; link=&#8221;url:http%3A%2F%2Fprofmat-sbm.org.br|target:_blank&#8221;][vc_btn title=&#8221;PRPGP&#8221; shape=&#8221;square&#8221; color=&#8221;primary&#8221; size=&#8221;lg&#8221; align=&#8221;left&#8221; css=&#8221;.vc_custom_1718738992742{margin-bottom: 5px !important;}&#8221; button_block=&#8221;true&#8221; link=&#8221;url:https%3A%2F%2Fuepb.edu.br%2Fprpgp|target:_blank&#8221;][vc_btn title=&#8221;Plataforma Sucupira&#8221; shape=&#8221;square&#8221; color=&#8221;peacoc&#8221; size=&#8221;lg&#8221; align=&#8221;left&#8221; css=&#8221;.vc_custom_1718738974642{margin-bottom: 5px !important;}&#8221; button_block=&#8221;true&#8221; link=&#8221;url:http%3A%2F%2Fsucupira.capes.gov.br%2Fsucupira|target:_blank&#8221;][vc_btn <a class=\"leiamais\" href=\"https:\/\/pos-graduacao.uepb.edu.br\/profmat\/\">Leia Mais&#8230;<\/a><\/p>\n","protected":false},"author":5,"featured_media":0,"parent":0,"menu_order":0,"comment_status":"closed","ping_status":"closed","template":"","meta":{"footnotes":""},"class_list":["post-621","page","type-page","status-publish","hentry"],"_links":{"self":[{"href":"https:\/\/pos-graduacao.uepb.edu.br\/profmat\/wp-json\/wp\/v2\/pages\/621","targetHints":{"allow":["GET"]}}],"collection":[{"href":"https:\/\/pos-graduacao.uepb.edu.br\/profmat\/wp-json\/wp\/v2\/pages"}],"about":[{"href":"https:\/\/pos-graduacao.uepb.edu.br\/profmat\/wp-json\/wp\/v2\/types\/page"}],"author":[{"embeddable":true,"href":"https:\/\/pos-graduacao.uepb.edu.br\/profmat\/wp-json\/wp\/v2\/users\/5"}],"replies":[{"embeddable":true,"href":"https:\/\/pos-graduacao.uepb.edu.br\/profmat\/wp-json\/wp\/v2\/comments?post=621"}],"version-history":[{"count":27,"href":"https:\/\/pos-graduacao.uepb.edu.br\/profmat\/wp-json\/wp\/v2\/pages\/621\/revisions"}],"predecessor-version":[{"id":1089,"href":"https:\/\/pos-graduacao.uepb.edu.br\/profmat\/wp-json\/wp\/v2\/pages\/621\/revisions\/1089"}],"wp:attachment":[{"href":"https:\/\/pos-graduacao.uepb.edu.br\/profmat\/wp-json\/wp\/v2\/media?parent=621"}],"curies":[{"name":"wp","href":"https:\/\/api.w.org\/{rel}","templated":true}]}}