{"id":55,"date":"2018-07-17T12:24:06","date_gmt":"2018-07-17T15:24:06","guid":{"rendered":"https:\/\/pos-graduacao.uepb.edu.br\/profmat\/?page_id=55"},"modified":"2022-05-11T16:26:15","modified_gmt":"2022-05-11T19:26:15","slug":"grupo-de-pesquisa","status":"publish","type":"page","link":"https:\/\/pos-graduacao.uepb.edu.br\/profmat\/grupo-de-pesquisa\/","title":{"rendered":"Grupo de Pesquisa"},"content":{"rendered":"<p>Grupo de pesquisa (CNPq): N\u00facleo de Pesquisa e Forma\u00e7\u00e3o Matem\u00e1tica<br \/>\nEndere\u00e7o para acessar este espelho: dgp.cnpq.br\/dgp\/espelhogrupo\/8862777763164987<\/p>\n","protected":false},"excerpt":{"rendered":"<p>Grupo de pesquisa (CNPq): N\u00facleo de Pesquisa e Forma\u00e7\u00e3o Matem\u00e1tica Endere\u00e7o para acessar este espelho: dgp.cnpq.br\/dgp\/espelhogrupo\/8862777763164987<\/p>\n","protected":false},"author":46,"featured_media":0,"parent":0,"menu_order":0,"comment_status":"closed","ping_status":"closed","template":"","meta":{"footnotes":""},"class_list":["post-55","page","type-page","status-publish","hentry"],"_links":{"self":[{"href":"https:\/\/pos-graduacao.uepb.edu.br\/profmat\/wp-json\/wp\/v2\/pages\/55","targetHints":{"allow":["GET"]}}],"collection":[{"href":"https:\/\/pos-graduacao.uepb.edu.br\/profmat\/wp-json\/wp\/v2\/pages"}],"about":[{"href":"https:\/\/pos-graduacao.uepb.edu.br\/profmat\/wp-json\/wp\/v2\/types\/page"}],"author":[{"embeddable":true,"href":"https:\/\/pos-graduacao.uepb.edu.br\/profmat\/wp-json\/wp\/v2\/users\/46"}],"replies":[{"embeddable":true,"href":"https:\/\/pos-graduacao.uepb.edu.br\/profmat\/wp-json\/wp\/v2\/comments?post=55"}],"version-history":[{"count":2,"href":"https:\/\/pos-graduacao.uepb.edu.br\/profmat\/wp-json\/wp\/v2\/pages\/55\/revisions"}],"predecessor-version":[{"id":533,"href":"https:\/\/pos-graduacao.uepb.edu.br\/profmat\/wp-json\/wp\/v2\/pages\/55\/revisions\/533"}],"wp:attachment":[{"href":"https:\/\/pos-graduacao.uepb.edu.br\/profmat\/wp-json\/wp\/v2\/media?parent=55"}],"curies":[{"name":"wp","href":"https:\/\/api.w.org\/{rel}","templated":true}]}}