{"id":541,"date":"2022-05-16T13:57:47","date_gmt":"2022-05-16T16:57:47","guid":{"rendered":"https:\/\/pos-graduacao.uepb.edu.br\/profmat\/?page_id=541"},"modified":"2026-03-20T11:28:44","modified_gmt":"2026-03-20T14:28:44","slug":"ciclo-de-conferencias-do-profmat","status":"publish","type":"page","link":"https:\/\/pos-graduacao.uepb.edu.br\/profmat\/ciclo-de-conferencias-do-profmat\/","title":{"rendered":"Ciclo de Confer\u00eancias do PROFMAT"},"content":{"rendered":"<div class=\"wpb-content-wrapper\"><p>[vc_row][vc_column][vc_column_text css=&#8221;&#8221;]<strong>WORKSHOP\u00a0DO PROFMAT \u2013 \u00a02025<\/strong><\/p>\n<p>O encontro de acolhimento da Turma 2025 do PROFMAT\/UEPB foi realizado no dia 07 de mar\u00e7o de 2025. Na ocasi\u00e3o, foram recepcionados os alunos ingressantes, em um momento de integra\u00e7\u00e3o e apresenta\u00e7\u00e3o do programa. O evento contou com palestras dos professores Dr. Aldo Trajano Lour\u00eado (UEPB) e Dr. Flank David Morais Bezerra (UFPB), que compartilharam suas experi\u00eancias e contribui\u00e7\u00f5es acad\u00eamicas.<\/p>\n<p>Tamb\u00e9m houve a participa\u00e7\u00e3o dos egressos do PROFMAT\/UEPB, professores Me. Jos\u00e9 Vin\u00edcius do Nascimento Silva e Me. Josenildo da Cunha Lima, que relataram suas trajet\u00f3rias no programa e suas experi\u00eancias na pr\u00e1tica docente.<\/p>\n<p>O encontro constituiu um momento importante de acolhimento, troca de experi\u00eancias e fortalecimento da comunidade PROFMAT.<\/p>\n<p>[\/vc_column_text][vc_column_text css=&#8221;&#8221;]<strong>Ciclo de confer\u00eancias PROFMAT 2024<\/strong><\/p>\n<p>Prof. Dr. Flank Bezerra &#8211; UFPB<\/p>\n<p>29\u00a0de novembro de 2024<\/p>\n<p>Se\u00e7\u00f5es c\u00f4nicas e suas paralelas<\/p>\n<p>&nbsp;<\/p>\n<p>Prof. Dr. Weiller Barboza &#8211; UFCG<\/p>\n<p>08\u00a0de novembro de 2024<\/p>\n<p>A geometria de alguns n\u00fameros construt\u00edveis[\/vc_column_text][vc_column_text]<\/p>\n<p style=\"text-align: left\"><strong>Ciclo de confer\u00eancias PROFMAT 2023<\/strong><\/p>\n<ul>\n<li>Prof. Dr. Aldo Trajano Louredo (UEPB)<br \/>\n03 de mar\u00e7o de 2023<br \/>\nT\u00edtulo: Isto \u00e9 Matem\u00e1tica.<\/li>\n<li>Prof. Dr. Fabiano Barbosa Mendes da Silva (UFRPE)<br \/>\n31 de mar\u00e7o de 2023<br \/>\nT\u00edtulo: A teoria da resposta ao Item como instrumento de elabora\u00e7\u00e3o de testes para professores de matem\u00e1tica.<\/li>\n<li>Prof. Dr. Daniel Pellegrino (UFPB)<br \/>\n14 de abril de 2023<br \/>\nT\u00edtulo: Uma breve visita ao para\u00edso do cantor<\/li>\n<li>Profa. Dra. Elisandra de F\u00e1tima Gloss de Moraes (UFPB)<br \/>\n12 de maio de 2023<br \/>\nT\u00edtulo: Imers\u00e3o de pol\u00edgonos regulares em $Z^2$<\/li>\n<li>Prof. Anselmo Baganha Raposo J\u00fanior (UFMA)<br \/>\n19 de maio de 2023<br \/>\nT\u00edtulo: N\u00fameros inteiros: do trivial ao imposs\u00edvel.<\/li>\n<li>Prof. Dr. Felipe Wallison Chaves Silva (UFPB)<br \/>\n26 de maio de 2023<br \/>\nT\u00edtulo: Olimp\u00edadas de Matem\u00e1tica na forma\u00e7\u00e3o discente e docente.<\/li>\n<li>Prof. Dr. Carlos Augusto Tamm de Ara\u00fajo Moreira (GUGU) &#8211; IMPA<br \/>\n18 de agosto de 2023<br \/>\nT\u00edtulo: Alguns Problemas Ol\u00edmpicos Bacanas.<\/li>\n<\/ul>\n<p>&nbsp;<\/p>\n<p style=\"text-align: left\"><strong>Ciclo de confer\u00eancias PROFMAT 2022<\/strong><\/p>\n<ul>\n<li>Prof. Dr. Joedson Silva dos Santos (UFPB)<br \/>\n06 de maio de 2022<br \/>\nT\u00edtulo: Como a matem\u00e1tica pode ajudar a solucionar um crime<\/li>\n<li>Prof. Me. Jos\u00e9 Vinicius do Nascimento Silva (ECIT Dr. Ant\u00f4nio Fernandes de Medeiros e EMEIF Jos\u00e9 Gil Xavier de Farias)<br \/>\n28 de\u00a0 outubro de 2022<br \/>\nT\u00edtulo: A import\u00e2ncia do PROFMAT para a implementa\u00e7\u00e3o de boas pr\u00e1ticas na OBMEP<\/li>\n<\/ul>\n<p>&nbsp;<\/p>\n<p style=\"text-align: left\"><strong>Ciclo de confer\u00eancias PROFMAT 2019<\/strong><\/p>\n<ul>\n<li>Prof. Dr. Arlandson Matheus Silva Oliveira (UEPB)<br \/>\n26 de abril de 2019<br \/>\nT\u00edtulo: Problemas Geom\u00e9tricos de M\u00e1ximos e M\u00ednimos<\/li>\n<\/ul>\n<p>&nbsp;<\/p>\n<p style=\"text-align: left\"><strong>Ciclo de confer\u00eancias PROFMAT 2018<\/strong><\/p>\n<ul>\n<li>Prof. Dr. Aldo Trajano Lour\u00eado (UEPB)<br \/>\n09 de mar\u00e7o de 2018<br \/>\nT\u00edtulo: A sequ\u00eancia de Fibonacci e Aplica\u00e7\u00f5es<\/li>\n<li>Prof. Dr. Diogo Diniz Pereira da Silva e Silva (UFCG)<br \/>\n27 de abril de 2018<br \/>\nT\u00edtulo: O Teorema de Cayley-Hamilton e Identidades Polinomiais<\/li>\n<li>Prof. Dr. Leomaques F. Silva Bernardo (UFCG)<br \/>\n15 de junho de 2018<br \/>\nT\u00edtulo: Uma Introdu\u00e7\u00e3o a PI-Teoria<\/li>\n<li>Prof. Dr. Nacib Andr\u00e9 Gurgel e Albuquerque (UFPB)<br \/>\n24 de agosto de 2018<br \/>\nT\u00edtulo: Curvas de preenchimento e a lineariza\u00e7\u00e3o de ambientes n\u00e3o-lineares<\/li>\n<li>Prof. Dr. S\u00edlvio Fernando Alves Xavier J\u00fanior (UEPB)<br \/>\n30 de novembro de 2018<br \/>\nT\u00edtulo: Estat\u00edstica Matem\u00e1tica e Aplica\u00e7\u00f5es Prof. Dr. Arlandson Mateus<\/li>\n<\/ul>\n<p>&nbsp;<\/p>\n<p style=\"text-align: left\"><strong>Ciclo de confer\u00eancias PROFMAT 2017<\/strong><\/p>\n<ul>\n<li>Prof. Gustavo da Silva Ara\u00fajo (UEPB)<br \/>\n27 de novembro de 2017<br \/>\nT\u00edtulo: Lineabilidade em ambientes (aparentemente) n\u00e3o-lineares<\/li>\n<\/ul>\n<p>&nbsp;<\/p>\n<p>[\/vc_column_text][\/vc_column][\/vc_row]<\/p>\n<\/div>","protected":false},"excerpt":{"rendered":"<p>[vc_row][vc_column][vc_column_text css=&#8221;&#8221;]WORKSHOP\u00a0DO PROFMAT \u2013 \u00a02025 O encontro de acolhimento da Turma 2025 do PROFMAT\/UEPB foi realizado no dia 07 de mar\u00e7o de 2025. Na ocasi\u00e3o, foram recepcionados os alunos ingressantes, em um momento de integra\u00e7\u00e3o e apresenta\u00e7\u00e3o do programa. O evento contou com palestras dos professores Dr. Aldo Trajano Lour\u00eado (UEPB) e Dr. Flank David <a class=\"leiamais\" href=\"https:\/\/pos-graduacao.uepb.edu.br\/profmat\/ciclo-de-conferencias-do-profmat\/\">Leia Mais&#8230;<\/a><\/p>\n","protected":false},"author":65,"featured_media":0,"parent":0,"menu_order":0,"comment_status":"closed","ping_status":"closed","template":"","meta":{"footnotes":""},"class_list":["post-541","page","type-page","status-publish","hentry"],"_links":{"self":[{"href":"https:\/\/pos-graduacao.uepb.edu.br\/profmat\/wp-json\/wp\/v2\/pages\/541","targetHints":{"allow":["GET"]}}],"collection":[{"href":"https:\/\/pos-graduacao.uepb.edu.br\/profmat\/wp-json\/wp\/v2\/pages"}],"about":[{"href":"https:\/\/pos-graduacao.uepb.edu.br\/profmat\/wp-json\/wp\/v2\/types\/page"}],"author":[{"embeddable":true,"href":"https:\/\/pos-graduacao.uepb.edu.br\/profmat\/wp-json\/wp\/v2\/users\/65"}],"replies":[{"embeddable":true,"href":"https:\/\/pos-graduacao.uepb.edu.br\/profmat\/wp-json\/wp\/v2\/comments?post=541"}],"version-history":[{"count":11,"href":"https:\/\/pos-graduacao.uepb.edu.br\/profmat\/wp-json\/wp\/v2\/pages\/541\/revisions"}],"predecessor-version":[{"id":680,"href":"https:\/\/pos-graduacao.uepb.edu.br\/profmat\/wp-json\/wp\/v2\/pages\/541\/revisions\/680"}],"wp:attachment":[{"href":"https:\/\/pos-graduacao.uepb.edu.br\/profmat\/wp-json\/wp\/v2\/media?parent=541"}],"curies":[{"name":"wp","href":"https:\/\/api.w.org\/{rel}","templated":true}]}}