{"id":539,"date":"2022-05-16T13:54:05","date_gmt":"2022-05-16T16:54:05","guid":{"rendered":"https:\/\/pos-graduacao.uepb.edu.br\/profmat\/?page_id=539"},"modified":"2026-03-20T11:22:49","modified_gmt":"2026-03-20T14:22:49","slug":"encontro-campinense-do-profmat","status":"publish","type":"page","link":"https:\/\/pos-graduacao.uepb.edu.br\/profmat\/encontro-campinense-do-profmat\/","title":{"rendered":"Encontro Campinense do PROFMAT"},"content":{"rendered":"<div class=\"wpb-content-wrapper\"><p>[vc_row][vc_column][vc_column_text]O Encontro Campinense do PROFMAT (ECP) \u00e9 um evento anual promovido pelas coordena\u00e7\u00f5es do Mestrado Profissional em Matem\u00e1tica em Rede Nacional (PROFMAT) da Universidade Estadual da Para\u00edba (UEPB) e da Universidade Federal de Campina Grande (UFCG), ambos sediados na cidade de Campina Grande \u2013 PB.<\/p>\n<p>O ECP foi idealizado com o objetivo de divulgar e estimular a reda\u00e7\u00e3o dos trabalhos e projetos dos atuais alunos e egressos dos programas PROFMAT\/UEPB e PROFMAT\/UFCG, promovendo, assim, a intera\u00e7\u00e3o entre os alunos e egressos, bem como a discuss\u00e3o de temas pertinentes aos referidos programas, a partir de palestras proferidas por excelentes profissionais de diversas regi\u00f5es do Brasil.<\/p>\n<p>A partir da segunda edi\u00e7\u00e3o os resumos expandidos aceitos para participa\u00e7\u00e3o no evento, na modalidade de comunica\u00e7\u00e3o oral, s\u00e3o publicados nos anais do evento com ISSN 2764-2631. As publica\u00e7\u00f5es podem ser acessadas em: http:\/\/mat.ufcg.edu.br\/encontrocampinenseprofmat\/<\/p>\n<p>&nbsp;<\/p>\n<p>[\/vc_column_text][vc_tta_accordion style=&#8221;modern&#8221; c_icon=&#8221;triangle&#8221; active_section=&#8221;&#8221; collapsible_all=&#8221;true&#8221;][vc_tta_section title=&#8221;Se\u00e7\u00e3o&#8221; tab_id=&#8221;1774016398473-80116d4e-217b&#8221;][\/vc_tta_section][vc_tta_section title=&#8221;I Encontro Campinense do PROFMAT&#8221; tab_id=&#8221;1679521265723-239bb697-592f&#8221;][vc_column_text]Em sua primeira edi\u00e7\u00e3o, ocorrida em setembro de 2019, o evento foi sediado na UEPB e contou com aproximadamente 100 participantes que assistiram diversas palestras e apresenta\u00e7\u00f5es de p\u00f4steres de discentes do PROFMAT.<\/p>\n<p><strong>Palestrantes convidados<\/strong><\/p>\n<ul>\n<li>Bruno H. Carvalho Ribeiro (UFPB)<\/li>\n<li>Giovana Siracusa Gouveia (UFS)<\/li>\n<li>Jhone Caldeira Silva (UFG)<\/li>\n<li>Jos\u00e9 de Arimat\u00e9ia Fernandes (UFCG)<\/li>\n<li>Jo\u00e3o Coelho Silva Filho (UEMA)<\/li>\n<li>Liane Mendes Feitosa Soares (UFPI)<\/li>\n<li>Orlando Stanley Juriaans (USP)<\/li>\n<\/ul>\n<p>Mais informa\u00e7\u00f5es, clique <a href=\"https:\/\/www.even3.com.br\/iencontrocampinenseprofmat\/\" target=\"_blank\" rel=\"noopener\">aqui<\/a>.[\/vc_column_text][\/vc_tta_section][vc_tta_section title=&#8221;II Encontro Campinense do PROMFAT&#8221; tab_id=&#8221;1679521265731-597ede8e-1bb3&#8243;][vc_column_text]Na segunda edi\u00e7\u00e3o, ocorrida nos dias 16 e 23 de outubro de 2020, o ECP foi reestruturado para acontecer de maneira remota, adequando-se, assim, \u00e0s condi\u00e7\u00f5es impostas pela pandemia da Covid-19 e sem preju\u00edzo dos<br \/>\nobjetivos e da qualidade do evento. O foco do II ECP foi a apresenta\u00e7\u00e3o de comunica\u00e7\u00f5es orais pelos discentes dos programas participantes, al\u00e9m de palestras de divulga\u00e7\u00e3o cient\u00edfica.<\/p>\n<p><strong>Palestrantes convidados<\/strong><\/p>\n<ul>\n<li>Carmen Vieira Mathias (UFSM)<\/li>\n<li>Vanderlei Minori Horita (UNESP)<\/li>\n<\/ul>\n<p>Mais informa\u00e7\u00f5es, clique <a href=\"https:\/\/www.even3.com.br\/iiecp\/\" target=\"_blank\" rel=\"noopener\">aqui<\/a>.[\/vc_column_text][\/vc_tta_section][vc_tta_section title=&#8221;III Encontro Campinense do PROFMAT&#8221; tab_id=&#8221;1679521397539-df97f246-a31f&#8221;][vc_column_text]Tendo em vista o cen\u00e1rio ainda adverso da pandemia de Covid-19, o III ECP tamb\u00e9m foi realizado de maneira totalmente remota, em 22 de outubro de 2021, sem preju\u00edzo dos objetivos e da qualidade do evento, e seu foco<br \/>\nfoi a apresenta\u00e7\u00e3o de comunica\u00e7\u00f5es orais pelos discentes dos programas participantes, al\u00e9m de palestras de divulga\u00e7\u00e3o cient\u00edfica.<\/p>\n<p><strong>Palestrantes convidados<\/strong><\/p>\n<ul>\n<li>Marcela Luciano Vilela de Souza (UFTM)<\/li>\n<li>Thiago Augusto Silva Dourado (USP)<\/li>\n<\/ul>\n<p>Mais informa\u00e7\u00f5es, clique <a href=\"https:\/\/sites.google.com\/servidor.uepb.edu.br\/iiiecp\/\" target=\"_blank\" rel=\"noopener\">aqui<\/a>.[\/vc_column_text][\/vc_tta_section][vc_tta_section title=&#8221;IV Encontro Campinense do PROFMAT&#8221; tab_id=&#8221;1774016278444-804a3a43-2780&#8243;][vc_column_text css=&#8221;&#8221;]O IV Encontro Campinense do PROFMAT ocorreu no dia 21 de outubro de 2022 e foi sediado pela Universidade Federal de Campina Grande (UFCG). O evento reuniu discentes e docentes de toda a rede do PROFMAT, al\u00e9m de professores de Matem\u00e1tica da educa\u00e7\u00e3o b\u00e1sica, estudantes de gradua\u00e7\u00e3o e o p\u00fablico em geral interessado, promovendo a integra\u00e7\u00e3o, a troca de experi\u00eancias e o fortalecimento do ensino de Matem\u00e1tica na regi\u00e3o.<\/p>\n<p><strong>Palestrantes<\/strong><\/p>\n<p>Anete Soares Cavalcanti<\/p>\n<p>Carmen Vieira Mathias<\/p>\n<p>Daniel Cordeiro de Morais Filho<\/p>\n<p>Daniela Mariz Silva Vieira<\/p>\n<p>Francisco Cesar Polcino Milies<\/p>\n<p>Hil\u00e1rio Alencar da Silva<\/p>\n<p>&nbsp;<\/p>\n<p>Mais informa\u00e7\u00f5es, clique\u00a0\u00a0\u00a0 <a href=\"https:\/\/www.even3.com.br\/ecprofmat2022-250455\/\">https:\/\/www.even3.com.br\/ecprofmat2022-250455\/<\/a><\/p>\n<p>[\/vc_column_text][\/vc_tta_section][vc_tta_section title=&#8221;V Encontro Campinense do PROFMAT&#8221; tab_id=&#8221;1774016358335-ecd60e75-5685&#8243;][vc_column_text css=&#8221;&#8221;]O V Encontro Campinense do PROFMAT (ECP), realizado em 27 de outubro de 2023, foi sediado pela Universidade Estadual da Para\u00edba (UEPB) e promovido em parceria com a Universidade Federal de Campina Grande (UFCG). O evento teve como objetivo divulgar trabalhos, promover a intera\u00e7\u00e3o entre alunos e egressos e fomentar discuss\u00f5es sobre o ensino de Matem\u00e1tica, contando com palestras e apresenta\u00e7\u00f5es de trabalhos.<\/p>\n<p><strong>Palestrantes<\/strong><\/p>\n<p>&nbsp;<\/p>\n<p>Arlandson Matheus Silva Oliveira<\/p>\n<p>D\u00e9bora Borges Ferreira<\/p>\n<p>Flank Bezerra<\/p>\n<p>Gustavo Ara\u00fajo<\/p>\n<p>&nbsp;<\/p>\n<p>Mais informa\u00e7\u00f5es, clique\u00a0\u00a0\u00a0 https:\/\/www.even3.com.br\/ecprofmat2023-384092\/[\/vc_column_text][\/vc_tta_section][vc_tta_section title=&#8221;VI Encontro Campinense do PROFMAT&#8221; tab_id=&#8221;1774016467432-419836d8-2caf&#8221;][vc_column_text css=&#8221;&#8221;]O VI Encontro Campinense do PROFMAT (ECP) foi realizado no dia 18 de outubro de 2024, sendo sediado pela Universidade Federal de Campina Grande (UFCG). O evento teve como foco principal a apresenta\u00e7\u00e3o de comunica\u00e7\u00f5es orais pelos discentes dos programas participantes, promovendo a socializa\u00e7\u00e3o de pesquisas e experi\u00eancias no ensino de Matem\u00e1tica, al\u00e9m de contar com a presen\u00e7a de importantes palestrantes do PROFMAT em n\u00edvel nacional.<\/p>\n<p><strong>Palestrantes<\/strong><\/p>\n<p>&nbsp;<\/p>\n<p>Carmen Vieira Mathias<\/p>\n<p>Daniel Cordeiro de Morais Filho<\/p>\n<p>Hil\u00e1rio Alencar da Silva<\/p>\n<p>Viviane de Oliveira Santos<\/p>\n<p>&nbsp;<\/p>\n<p>Mais informa\u00e7\u00f5es, clique\u00a0\u00a0\u00a0 <a href=\"https:\/\/www.even3.com.br\/ecprofmat2024\/\">https:\/\/www.even3.com.br\/ecprofmat2024\/<\/a>[\/vc_column_text][\/vc_tta_section][vc_tta_section title=&#8221; VII Encontro Campinense do PROFMAT&#8221; tab_id=&#8221;1774016519953-ccd8891d-a070&#8243;][vc_column_text css=&#8221;&#8221;]A Universidade Estadual da Para\u00edba (UEPB) sediou no dia\u00a013 de mar\u00e7o de 2026 o\u00a0<a href=\"https:\/\/www.even3.com.br\/ecprofmat2025-602075\/\">VII Encontro Campinense do Profmat (ECP)<\/a>, evento anual promovido pelas coordena\u00e7\u00f5es PROFMAT da UEPB e da UFCG. A programa\u00e7\u00e3o contou com a participa\u00e7\u00e3o de palestrantes de importantes universidades brasileiras.<\/p>\n<p><strong>\u00a0<\/strong><\/p>\n<p><strong>Palestrantes<\/strong><\/p>\n<p>&nbsp;<\/p>\n<p>Carlos Gomes<\/p>\n<p>Daniel Cordeiro<\/p>\n<p>Israel Galv\u00e3o<\/p>\n<p>Walcy Santos<\/p>\n<p>&nbsp;<\/p>\n<p>Mais informa\u00e7\u00f5es, clique\u00a0\u00a0\u00a0 <a href=\"https:\/\/www.even3.com.br\/ecprofmat2025-602075\/\">https:\/\/www.even3.com.br\/ecprofmat2025-602075\/<\/a><\/p>\n<p>[\/vc_column_text][\/vc_tta_section][\/vc_tta_accordion][\/vc_column][\/vc_row]<\/p>\n<\/div>","protected":false},"excerpt":{"rendered":"<p>[vc_row][vc_column][vc_column_text]O Encontro Campinense do PROFMAT (ECP) \u00e9 um evento anual promovido pelas coordena\u00e7\u00f5es do Mestrado Profissional em Matem\u00e1tica em Rede Nacional (PROFMAT) da Universidade Estadual da Para\u00edba (UEPB) e da Universidade Federal de Campina Grande (UFCG), ambos sediados na cidade de Campina Grande \u2013 PB. O ECP foi idealizado com o objetivo de divulgar e <a class=\"leiamais\" href=\"https:\/\/pos-graduacao.uepb.edu.br\/profmat\/encontro-campinense-do-profmat\/\">Leia Mais&#8230;<\/a><\/p>\n","protected":false},"author":65,"featured_media":0,"parent":0,"menu_order":0,"comment_status":"closed","ping_status":"closed","template":"","meta":{"footnotes":""},"class_list":["post-539","page","type-page","status-publish","hentry"],"_links":{"self":[{"href":"https:\/\/pos-graduacao.uepb.edu.br\/profmat\/wp-json\/wp\/v2\/pages\/539","targetHints":{"allow":["GET"]}}],"collection":[{"href":"https:\/\/pos-graduacao.uepb.edu.br\/profmat\/wp-json\/wp\/v2\/pages"}],"about":[{"href":"https:\/\/pos-graduacao.uepb.edu.br\/profmat\/wp-json\/wp\/v2\/types\/page"}],"author":[{"embeddable":true,"href":"https:\/\/pos-graduacao.uepb.edu.br\/profmat\/wp-json\/wp\/v2\/users\/65"}],"replies":[{"embeddable":true,"href":"https:\/\/pos-graduacao.uepb.edu.br\/profmat\/wp-json\/wp\/v2\/comments?post=539"}],"version-history":[{"count":11,"href":"https:\/\/pos-graduacao.uepb.edu.br\/profmat\/wp-json\/wp\/v2\/pages\/539\/revisions"}],"predecessor-version":[{"id":1200,"href":"https:\/\/pos-graduacao.uepb.edu.br\/profmat\/wp-json\/wp\/v2\/pages\/539\/revisions\/1200"}],"wp:attachment":[{"href":"https:\/\/pos-graduacao.uepb.edu.br\/profmat\/wp-json\/wp\/v2\/media?parent=539"}],"curies":[{"name":"wp","href":"https:\/\/api.w.org\/{rel}","templated":true}]}}