{"id":47,"date":"2018-07-17T12:07:00","date_gmt":"2018-07-17T15:07:00","guid":{"rendered":"https:\/\/pos-graduacao.uepb.edu.br\/profmat\/?page_id=47"},"modified":"2018-07-19T09:24:47","modified_gmt":"2018-07-19T12:24:47","slug":"exame-de-qualificacao","status":"publish","type":"page","link":"https:\/\/pos-graduacao.uepb.edu.br\/profmat\/exame-de-qualificacao\/","title":{"rendered":"Exame de Qualifica\u00e7\u00e3o"},"content":{"rendered":"<p>O\u00a0<strong>PROFMAT<\/strong>\u00a0possui Exame Nacional de Qualifica\u00e7\u00e3o (ENQ) que consiste em uma \u00fanica avalia\u00e7\u00e3o escrita, ofertada duas vezes por ano, com quest\u00f5es discursivas, envolvendo os conte\u00fados das quatro primeiras disciplinas obrigat\u00f3rias e elaborado pela Comiss\u00e3o Nacional de Avalia\u00e7\u00e3o dos Discentes. As provas do ENQ s\u00e3o digitalmente despersonalizadas e corrigidas no m\u00f3dulo de corre\u00e7\u00e3o\u00a0<em>online<\/em>\u00a0da plataforma de inform\u00e1tica do\u00a0<strong>PROFMAT<\/strong>.<\/p>\n","protected":false},"excerpt":{"rendered":"<p>O\u00a0PROFMAT\u00a0possui Exame Nacional de Qualifica\u00e7\u00e3o (ENQ) que consiste em uma \u00fanica avalia\u00e7\u00e3o escrita, ofertada duas vezes por ano, com quest\u00f5es discursivas, envolvendo os conte\u00fados das quatro primeiras disciplinas obrigat\u00f3rias e elaborado pela Comiss\u00e3o Nacional de Avalia\u00e7\u00e3o dos Discentes. As provas do ENQ s\u00e3o digitalmente despersonalizadas e corrigidas no m\u00f3dulo de corre\u00e7\u00e3o\u00a0online\u00a0da plataforma de inform\u00e1tica do\u00a0PROFMAT.<\/p>\n","protected":false},"author":46,"featured_media":0,"parent":0,"menu_order":0,"comment_status":"closed","ping_status":"closed","template":"","meta":{"footnotes":""},"class_list":["post-47","page","type-page","status-publish","hentry"],"_links":{"self":[{"href":"https:\/\/pos-graduacao.uepb.edu.br\/profmat\/wp-json\/wp\/v2\/pages\/47","targetHints":{"allow":["GET"]}}],"collection":[{"href":"https:\/\/pos-graduacao.uepb.edu.br\/profmat\/wp-json\/wp\/v2\/pages"}],"about":[{"href":"https:\/\/pos-graduacao.uepb.edu.br\/profmat\/wp-json\/wp\/v2\/types\/page"}],"author":[{"embeddable":true,"href":"https:\/\/pos-graduacao.uepb.edu.br\/profmat\/wp-json\/wp\/v2\/users\/46"}],"replies":[{"embeddable":true,"href":"https:\/\/pos-graduacao.uepb.edu.br\/profmat\/wp-json\/wp\/v2\/comments?post=47"}],"version-history":[{"count":2,"href":"https:\/\/pos-graduacao.uepb.edu.br\/profmat\/wp-json\/wp\/v2\/pages\/47\/revisions"}],"predecessor-version":[{"id":87,"href":"https:\/\/pos-graduacao.uepb.edu.br\/profmat\/wp-json\/wp\/v2\/pages\/47\/revisions\/87"}],"wp:attachment":[{"href":"https:\/\/pos-graduacao.uepb.edu.br\/profmat\/wp-json\/wp\/v2\/media?parent=47"}],"curies":[{"name":"wp","href":"https:\/\/api.w.org\/{rel}","templated":true}]}}