{"id":41,"date":"2018-07-17T11:50:58","date_gmt":"2018-07-17T14:50:58","guid":{"rendered":"https:\/\/pos-graduacao.uepb.edu.br\/profmat\/?page_id=41"},"modified":"2026-03-20T10:54:54","modified_gmt":"2026-03-20T13:54:54","slug":"corpo-discente","status":"publish","type":"page","link":"https:\/\/pos-graduacao.uepb.edu.br\/profmat\/corpo-discente\/","title":{"rendered":"Corpo Discente"},"content":{"rendered":"<div class=\"wpb-content-wrapper\"><p>[vc_row][vc_column][vc_tta_tour active_section=&#8221;1&#8243;][vc_tta_section title=&#8221;2026&#8243; tab_id=&#8221;1774013945912-e2efa15e-6c81&#8243;][vc_column_text css=&#8221;&#8221;]1- Alberto Vicente de Oliveira<\/p>\n<p>2- Bruno Mac\u00e1rio da Silva<\/p>\n<p>3- Claudeilda dos Santos Queiroga<\/p>\n<p>4- Ellen Cristina Barbosa dos Santos<\/p>\n<p>5- Emanoel Edson Alves dos Santos<\/p>\n<p>6- Everton de Sousa Santos<\/p>\n<p>7- Gisele Ferreira de Brito Souza<\/p>\n<p>8- Heryck Bruno Mendes da Silva<\/p>\n<p>9- Ismael Santos do Nascimento<\/p>\n<p>10- Joao Aluisio Silva<\/p>\n<p>11- Jorge Porto de Sousa<\/p>\n<p>12- Jose Leandro Aguiar Araujo<\/p>\n<p>13- Jos\u00e9 Lucas de Sena<\/p>\n<p>14- Leonardo de Medeiros Silva<\/p>\n<p>15- Luciano Cesario da Silva<\/p>\n<p>16- Matheus Felipe Silva de Souza<\/p>\n<p>17- Pedro Jos\u00e9 da Silva J\u00fanior<\/p>\n<p>18- Raimundo da Silva Oliveira<\/p>\n<p>19- Raphael Jer\u00f4nimo Cabral de Almeida<\/p>\n<p>20- Rodrigo Araujo de Medeiros<\/p>\n<p>21- Rodrigo Manoel da Silva<\/p>\n<p>22- R\u00f4mulo Alves do Nascimento<\/p>\n<p>23- Valerio Antonio Moura Badarau<\/p>\n<p>24- Veyber Valter Martins Ferreira<\/p>\n<p>25- Walter Fabiano Santos Feitosa<\/p>\n<p>[\/vc_column_text][\/vc_tta_section][vc_tta_section title=&#8221;2025&#8243; tab_id=&#8221;1774013761839-b2f3db2f-4047&#8243;][vc_column_text css=&#8221;&#8221;]1- Alane Lucia de Oliveira Silva Soares<\/p>\n<p>2- Carlos da Silva Barbosa<\/p>\n<p>3- Cledenildo Leandro de Sousa<\/p>\n<p>4- Denisson Ferreira dos Santos<\/p>\n<p>5- Elbes Barbosa de Lima Filho<\/p>\n<p>6- Elias Daniel de Souza Franca<\/p>\n<p>7- Erivaldo de Oliveira Silva<\/p>\n<p>8- Fernanda Medeiros de Sousa<\/p>\n<p>9- Francileudo Lucena Fernandes<\/p>\n<p>10- Francimar Ferreira Mendes<\/p>\n<p>11- Geovane Pereira Bernardo<\/p>\n<p>12- Jailton Soares Vicente<\/p>\n<p>13- Jefferson Fernandes Ribeiro<\/p>\n<p>14- Joao Aluisio Silva<\/p>\n<p>15- Jose Eduardo da Silva Junior<\/p>\n<p>16- Jose Neto dos Santos<\/p>\n<p>17- Josiel Custodio da Silva<\/p>\n<p>18- Juseano Lopes do Vale<\/p>\n<p>19- Kleviland Washington Leite de Sousa<\/p>\n<p>20- Mario Sergio de Oliveira<\/p>\n<p>21- Mauricio da Silva Souza<\/p>\n<p>22- Paulo Andre de Vasconcelos<\/p>\n<p>23- Sergio Candido da Silva<\/p>\n<p>[\/vc_column_text][\/vc_tta_section][vc_tta_section title=&#8221;2024&#8243; tab_id=&#8221;1679505927193-f723831a-1f61&#8243;][vc_column_text css=&#8221;&#8221;]<\/p>\n<ol>\n<li>ADALBERTO MANOEL AM\u00c9RICO DE ARA\u00daJO<\/li>\n<li>\u00a0ALEX COSTA FERREIRA<\/li>\n<li>\u00a0ALYSSON AYRTON LEANDRO CRUZ<\/li>\n<li>\u00a0ANA CRISTINA OLIVEIRA PEREIRA<\/li>\n<li>\u00a0DANIEL ANDRADE DA SILVA<\/li>\n<li>EDNALDO NASCIMENTO DA SILVA<\/li>\n<li>\u00a0EDUARDO ANDR\u00c9 DOS SANTOS<\/li>\n<li>\u00a0EMANOEL EDSON ALVES DOS SANTOS<\/li>\n<li>\u00a0F\u00c1BIO SOARES DA SILVA<\/li>\n<li>\u00a0FERNANDA MEDEIROS DE SOUSA<\/li>\n<li>\u00a0FRANCIM\u00c1RIO FAUSTINO DE SOUSA<\/li>\n<li>\u00a0GESSINALDO DA SILVA BORBA<\/li>\n<li>GILSON PAC\u00cdFICO DA COSTA<\/li>\n<li>\u00a0JACKSON MIGUEL DOS SANTOS<\/li>\n<li>JALMIR JONNES BARBOSA LEAL<\/li>\n<li>\u00a0JO\u00c3O PAULO DE LIMA REGO<\/li>\n<li>JONAS DANIEL TEIXEIRA LUCAS<\/li>\n<li>JOS\u00c9 HUGO FERREIRA DA SILVA<\/li>\n<li>\u00a0JOS\u00c9 LEANDRO AGUIAR ARA\u00daJO<\/li>\n<li>\u00a0JOS\u00c9 MARIA DA COSTA<\/li>\n<li>\u00a0JOS\u00c9 VALBER SILVINO DA SILVA<\/li>\n<li>\u00a0MARIA HELENA DE SOUZA FARIAS<\/li>\n<li>MAUR\u00cdCIO DA SILVA SOUZA<\/li>\n<li>\u00a0N\u00c1DYA VASCONCELOS LE\u00d4NCIO<\/li>\n<li>\u00a0SIDISLEY DE LIMA VIEIRA<\/li>\n<\/ol>\n<p>[\/vc_column_text][\/vc_tta_section][vc_tta_section title=&#8221;2023&#8243; tab_id=&#8221;1726234440442-6798eeb5-78ec&#8221;][vc_column_text css=&#8221;&#8221;]<\/p>\n<ol>\n<li>ARAN J\u00d4NATAS LUCENA FERREIRA<\/li>\n<li>\u00a0CL\u00c9BIO OLIVEIRA DA SILVA<\/li>\n<li>DENILSON DUARTE DE CARVALHO<\/li>\n<li>ERYSSON ROMERO GOMES DE BRITO<\/li>\n<li>FERNANDA MEDEIROS DE SOUSA<\/li>\n<li>FLAVIANO DE MIRANDA SILVA<\/li>\n<li>FL\u00c1VIO R\u00c9GIS ALVES J\u00daNIOR<\/li>\n<li>FRANKLIN MEDEIROS DE LUCENA<\/li>\n<li>HELDER FLAUBERT LOPES DE MACEDO<\/li>\n<li>JOS\u00c9 LOPES DE ANDRADE<\/li>\n<li>LEONARDO BRENO DA SILVA MEDEIROS<\/li>\n<li>LU\u00cdZ FERNANDO MACIEL ALVES<\/li>\n<li>MURILO DE AGUIAR BARBOSA<\/li>\n<li>NATANAEL SILVA RIBEIRO<\/li>\n<li>PAULO DA SILVA OLIVEIRA<\/li>\n<li>RAQUEL SONALY SANTOS<\/li>\n<li>ROM\u00c1RIO DE JESUS<\/li>\n<li>SIDNEY DA SILVA SOUZA<\/li>\n<li>SIDNEY SOUZA DE MEDEIROS<\/li>\n<li>TIAGO PEREIRA DE LIMA<\/li>\n<li>WEDES J\u00daNIOR GOMES DE OLIVEIRA<\/li>\n<\/ol>\n<p>[\/vc_column_text][\/vc_tta_section][vc_tta_section title=&#8221;2022&#8243; tab_id=&#8221;1726234413341-05b86684-945d&#8221;][vc_column_text]Adilson Pessoa Teteo<br \/>\nAndr\u00e9 Galdino Pereira<br \/>\nDjair Eduardo de Azevedo<br \/>\nEdileuza Grig\u00f3rio Barbosa Silva<br \/>\nEmanuel Carlos Albuquerque Alves<br \/>\nEmerson Souza Silva<br \/>\nFl\u00e1vio Silva Santos Albuquerque<br \/>\nFrancinaldo Domingos Pereira<br \/>\nGasteliano Fernandes<br \/>\nGerivaldo Bezerra da Silva<br \/>\nLuciano Conrado Gomes<br \/>\nM\u00e1rcio Santos Soares<br \/>\nPaulo da Silva Oliveira<br \/>\nRayssa Alves Oliveira Furtado<br \/>\nRodrigo Manoel da Silva<br \/>\nSaulo Ricardo Rodrigues Vieira<br \/>\nThiago Galv\u00e3o Brito Leit\u00e3o<br \/>\nUlisses Luiz Duarte Corr\u00eaa[\/vc_column_text][\/vc_tta_section][vc_tta_section title=&#8221;2021&#8243; tab_id=&#8221;1679505927197-d12dd75f-8c97&#8243;][vc_column_text]Allyson Medeiros Gabriel<br \/>\nAran Jonatas Lucena Ferreira<br \/>\nClaudiana Gomes Nogueira<br \/>\nEmanoel Edson Alves dos Santos<br \/>\nEmanuel Clebson de Vasconcelos<br \/>\nErielson Nonato Santos Coelho<br \/>\nEvanduir Pereira da Silva Junior<br \/>\nFagner Jos\u00e9 da Silva<br \/>\nGilvone Camilo da Costa<br \/>\nGleyton Lira de Freitas<br \/>\nJalmir Jonnes Barbosa Leal<br \/>\nJaqueline Freire Diniz<br \/>\nJos\u00e9 Lopes de Andrade<br \/>\nJosenildo Padre de Ara\u00fajo<br \/>\nMaria Lucia de Sousa<br \/>\nPaulo Andr\u00e9 de Vasconcelos<br \/>\nRailson Pereira de Sousa<br \/>\nRaquel Sonaly Santos<br \/>\nTiago Pereira de Lima<br \/>\nWhellington dos Santos Bastos[\/vc_column_text][\/vc_tta_section][vc_tta_section title=&#8221;2019&#8243; tab_id=&#8221;1679505963285-04febb5e-d636&#8243;][vc_column_text]Aldeir Jos\u00e9 de Farias<br \/>\nAleksandro Janio Jacinto de Sousa<br \/>\nAurino Fernandes da Silva Junior<br \/>\nBruno Aldo de Oliveira<br \/>\nDaniesio Dantas de Azevedo<br \/>\nDanilo Suelton dos Santos Machado<br \/>\nEmanuel Hudson da Silva<br \/>\nErnanda Larice Figueiredo Lima<br \/>\nFrancinaldo Domingos Pereira<br \/>\nJanete Medeiros de Ara\u00fajo<br \/>\nJose Edmilson Melo da Silva<br \/>\nJuliana Paula Correia<br \/>\nLuis Carlos Lucena Ferreira<br \/>\nMaria Jos\u00e9 Candido de Oliveira<br \/>\nPaulo Ricardo Souza Paiva<br \/>\nRafael de Medeiros Costa<br \/>\nRaylson Jos\u00e9 Deodato Bernardo<br \/>\nRicardo Soares<br \/>\nThierson de Melo Costa<br \/>\nWalter Fabiano Santos Feitosa[\/vc_column_text][\/vc_tta_section][vc_tta_section title=&#8221;2018&#8243; tab_id=&#8221;1679505980581-ea4b24c6-79a7&#8243;][vc_column_text]\u00c1llisson Herinque Leite Cabral<br \/>\nAna Paula Alves Barros Nascimento<br \/>\nAntonio F\u00e1bio do Nascimento Torres<br \/>\nCarlos Gustavo Barreto de Farias J\u00fanior<br \/>\nClaudemir Cruz da Silva<br \/>\nEmanoel Edson Alves dos Santos<br \/>\nHudson Guedes de Medeiros<br \/>\nJanete Medeiros de Ara\u00fajo<br \/>\nJo\u00e3o Batista Siqueira Lustosa<br \/>\nJos\u00e9 Edson Vasconcelos Leite<br \/>\nJoseilton Souza<br \/>\nJosimar dos Santos Macedo<br \/>\nLindberg Barbosa Lira de Almeida<br \/>\nLuciano Medeiros Carvalho<br \/>\nMarcos Roberto Vier<br \/>\nMaxwell Aires da Silva<br \/>\nRaimundo Jo\u00e3o dos Santos J\u00fanior<br \/>\nR\u00fabem da Costa Silva[\/vc_column_text][\/vc_tta_section][vc_tta_section title=&#8221;2017&#8243; tab_id=&#8221;1679505998761-eb8d7dc2-7758&#8243;][vc_column_text]Alane Gomes de Albuquerque Nascimento<br \/>\nCleyson Cassimiro de Souza<br \/>\nErisvandro Am\u00e9rico de Ara\u00fajo<br \/>\nErivan Barbosa da Silva<br \/>\nErivan Sousa Valentim<br \/>\nF\u00e1bio Farias Braz Bento<br \/>\nJos\u00e9 Alexandre Ramos Vieira<br \/>\nJos\u00e9 Rog\u00e9rio Pereira Amorim<br \/>\nJosenildo da Cunha Lima<br \/>\nMailson Matos Pereira<br \/>\nManoel S\u00e1tiro de Medeiros Neto<br \/>\nObadias Ver\u00edssimo da Silva<br \/>\nOsmar Cordeiro de Oliveira<br \/>\nPaulo Virg\u00edlio Batista Silva<br \/>\nRivanildo Garcia da Silva<br \/>\nRodion Malinovsky de Oliveira Gomes<br \/>\nSidney Souza de Medeiros<br \/>\nWesklemyr Lacerda Pereira<br \/>\nAlanberg Montini Neves da Silva<br \/>\nAndr\u00e9 Martins da Silva<br \/>\nAnt\u00f4nio F\u00e1bio do Nascimento Torres<br \/>\nCamilo de Lelis Nunes de Souza<br \/>\nClaudemir Cruz da Silva<br \/>\nDeodorio Souza da Costa<br \/>\nEudes Erionilde Souza Marinho<br \/>\nIdalice Maria Santiago Oliveira<br \/>\nLairton Geraldo Formiga Alves<br \/>\nLuciana Dom\u00edcia Quixabeira Lima<br \/>\nPaulo Romero Ferreira Filho<br \/>\nYgor Murillo Meneses Feitosa[\/vc_column_text][\/vc_tta_section][vc_tta_section title=&#8221;2016&#8243; tab_id=&#8221;1679506013743-f87f92bb-0e20&#8243;][vc_column_text]Abel Pedro dos Santos J\u00fanior<br \/>\nCledson Jorge Canuto<br \/>\nCleiton Carvalho de Melo<br \/>\nGilmar Ver\u00edssimo da Silva<br \/>\nJair Ferreira da Silva Neto<br \/>\nJos\u00e9 Freire Dias Filho<br \/>\nJos\u00e9 Railton da Silva Dantas<br \/>\nLuciano Medeiros Carvalho<br \/>\nManoel Gon\u00e7alves de Lima<br \/>\nPedro Marinho de Ara\u00fajo<br \/>\nRonaldo Barbosa Ramos Izidoro<br \/>\nThiago de Oliveira Coelho<br \/>\nValdir Ferreira da Silva J\u00fanior<br \/>\nWirander Pereira Rosa de Oliveira<br \/>\nElania Hortins Dantas<br \/>\nGeorge Martins Gomes<br \/>\nJo\u00e3o Batista Siqueira Lustosa<br \/>\nJos\u00e9 Elias da Silva<br \/>\nJosemberg dos Santos Silva<br \/>\nJozadaque Santos Oliveira Neto<br \/>\nMagno Afonso Martins Barbosa<br \/>\nRaimundo Alves Maia Filho<br \/>\nTiago Beserra Maciel<br \/>\n[\/vc_column_text][\/vc_tta_section][vc_tta_section title=&#8221;2015&#8243; tab_id=&#8221;1679506029982-db056bf2-42f4&#8243;][vc_column_text]Anderson Louiz Alves Junior<br \/>\nAntonio F\u00e1bio do Nascimento Torres<br \/>\nEdison Fernando da Silva Lima<br \/>\nElifrancio Dantas de Souza<br \/>\nJos\u00e9 Lopes de Andrade<br \/>\nOsvaldo Ferreira de Brito<br \/>\nReginaldo da Rocha Dantas Azevedo<br \/>\nS\u00e9rgio da Silva Minz\u00e9<br \/>\nAlane Gomes de Albuquerque Nascimento<br \/>\nAlex Fernandes Mendes<br \/>\nAna L\u00facia da Silva<br \/>\nHeriberto Apolin\u00e1rio da Silva<br \/>\nJanaina Nunes de Paula<br \/>\nJoab dos Santos Silva<br \/>\nJos\u00e9 Vin\u00edcius do Nascimento Silva<br \/>\nJosimar dos Santos Mac\u00eado<br \/>\nLaudelino Gomes Ferreira<br \/>\nLijecson Souza dos Santos<br \/>\nRivanildo Garcia da Silva<br \/>\nRosival Lacerda Martins<br \/>\nSamara Pereira Ara\u00fajo<br \/>\nValdson Davi Moura Silva[\/vc_column_text][\/vc_tta_section][vc_tta_section title=&#8221;2014&#8243; tab_id=&#8221;1679506068918-3b6148d5-30f6&#8243;][vc_column_text]C\u00edcero Jos\u00e9 da Silva<br \/>\nMarcos Andr\u00e9 Gusm\u00e3o Torres<br \/>\nWilson Almeida Santos<br \/>\nC\u00edcero dos Santos<br \/>\nClaudemir Cruz da Silva<br \/>\nCybelle Diniz Cavalcanti Travassos<br \/>\nFelippe Albuquerque Gon\u00e7alves<br \/>\nFrancinaldo Domingos Pereira<br \/>\nHerede Nor\u00f5es Botelho<br \/>\nIris Gomes Barreto<br \/>\nJonh Cleidson da Silva<br \/>\nJos\u00e9 Edson Vasconcelos Leite<br \/>\nJos\u00e9 Ronaldo Alves<br \/>\nLoana Ara\u00fajo Souza<br \/>\nLuciano Medeiros Carvalho<br \/>\nManoel Gon\u00e7alves de Lima<br \/>\nManoel S\u00e1tiro de Medeiros Neto<br \/>\nMaria Islany Caetano de Souza<br \/>\nMaxsuel Gon\u00e7alves de Oliveira<br \/>\nMois\u00e9s Allysson Silva Nogueira<br \/>\nRozemar Francisco da Silva<br \/>\nRozenilto Jos\u00e9 de Lima<br \/>\nStanley Borges de Oliveira<br \/>\nUelder Alves Galdino<br \/>\nWeskley Carneiro de Medeiros<br \/>\nWilson Luiz dos Santos Filho[\/vc_column_text][\/vc_tta_section][vc_tta_section title=&#8221;2013&#8243; tab_id=&#8221;1679506091301-42b70120-637b&#8221;][vc_column_text]Allan Ramon de Morais<br \/>\nEduardo Nunes Barbosa<br \/>\nJos\u00e9 Tales dos Santos Lopes<br \/>\nJoselito Elias de Ara\u00fajo<br \/>\nMarcos Alexandre de Oliveira<br \/>\nMarcos dos Santos Nascimento<br \/>\nAlcione dos Santos Soares<br \/>\nAnilton Falc\u00e3o de Lima<br \/>\nGilmar Ver\u00edssimo da Silva<br \/>\nOsmar Cordeiro de Oliveira<br \/>\nRivanildo Garcia da Silva<br \/>\nRonaldo Barbosa Ramos[\/vc_column_text][\/vc_tta_section][vc_tta_section title=&#8221;2012&#8243; tab_id=&#8221;1679506107357-040f423f-e842&#8243;][vc_column_text]Jo\u00e3o Henrique Candeia Rodrigues<br \/>\nJosimar dos Santos Mac\u00eado<br \/>\nRaimundo Alves Maia Filho[\/vc_column_text][\/vc_tta_section][\/vc_tta_tour][\/vc_column][\/vc_row]<\/p>\n<\/div>","protected":false},"excerpt":{"rendered":"<p>[vc_row][vc_column][vc_tta_tour active_section=&#8221;1&#8243;][vc_tta_section title=&#8221;2026&#8243; tab_id=&#8221;1774013945912-e2efa15e-6c81&#8243;][vc_column_text css=&#8221;&#8221;]1- Alberto Vicente de Oliveira 2- Bruno Mac\u00e1rio da Silva 3- Claudeilda dos Santos Queiroga 4- Ellen Cristina Barbosa dos Santos 5- Emanoel Edson Alves dos Santos 6- Everton de Sousa Santos 7- Gisele Ferreira de Brito Souza 8- Heryck Bruno Mendes da Silva 9- Ismael Santos do Nascimento 10- Joao <a class=\"leiamais\" href=\"https:\/\/pos-graduacao.uepb.edu.br\/profmat\/corpo-discente\/\">Leia Mais&#8230;<\/a><\/p>\n","protected":false},"author":46,"featured_media":0,"parent":0,"menu_order":0,"comment_status":"closed","ping_status":"closed","template":"","meta":{"footnotes":""},"class_list":["post-41","page","type-page","status-publish","hentry"],"_links":{"self":[{"href":"https:\/\/pos-graduacao.uepb.edu.br\/profmat\/wp-json\/wp\/v2\/pages\/41","targetHints":{"allow":["GET"]}}],"collection":[{"href":"https:\/\/pos-graduacao.uepb.edu.br\/profmat\/wp-json\/wp\/v2\/pages"}],"about":[{"href":"https:\/\/pos-graduacao.uepb.edu.br\/profmat\/wp-json\/wp\/v2\/types\/page"}],"author":[{"embeddable":true,"href":"https:\/\/pos-graduacao.uepb.edu.br\/profmat\/wp-json\/wp\/v2\/users\/46"}],"replies":[{"embeddable":true,"href":"https:\/\/pos-graduacao.uepb.edu.br\/profmat\/wp-json\/wp\/v2\/comments?post=41"}],"version-history":[{"count":17,"href":"https:\/\/pos-graduacao.uepb.edu.br\/profmat\/wp-json\/wp\/v2\/pages\/41\/revisions"}],"predecessor-version":[{"id":532,"href":"https:\/\/pos-graduacao.uepb.edu.br\/profmat\/wp-json\/wp\/v2\/pages\/41\/revisions\/532"}],"wp:attachment":[{"href":"https:\/\/pos-graduacao.uepb.edu.br\/profmat\/wp-json\/wp\/v2\/media?parent=41"}],"curies":[{"name":"wp","href":"https:\/\/api.w.org\/{rel}","templated":true}]}}