{"id":39,"date":"2018-07-17T11:49:53","date_gmt":"2018-07-17T14:49:53","guid":{"rendered":"https:\/\/pos-graduacao.uepb.edu.br\/profmat\/?page_id=39"},"modified":"2024-09-13T10:36:40","modified_gmt":"2024-09-13T13:36:40","slug":"corpo-docente","status":"publish","type":"page","link":"https:\/\/pos-graduacao.uepb.edu.br\/profmat\/corpo-docente\/","title":{"rendered":"Corpo Docente"},"content":{"rendered":"<div class=\"wpb-content-wrapper\"><p>[vc_row gap=&#8221;35&#8243;][vc_column width=&#8221;1\/2&#8243;][vc_row_inner][vc_column_inner width=&#8221;1\/4&#8243;][vc_single_image image=&#8221;185&#8243; img_size=&#8221;full&#8221; style=&#8221;vc_box_border_circle_2&#8243; css=&#8221;&#8221;][vc_column_text css=&#8221;&#8221;]<a href=\"http:\/\/lattes.cnpq.br\/7824999669236398\" target=\"_blank\" rel=\"noopener\">Aldo Trajano Louredo<\/a>[\/vc_column_text][\/vc_column_inner][vc_column_inner width=&#8221;3\/4&#8243;][vc_column_text css=&#8221;&#8221;]Possui gradua\u00e7\u00e3o em Licenciatura plena em matem\u00e1tica pela Universidade Estadual da Para\u00edba (1997), mestrado em Matem\u00e1tica pela Universidade Federal da Para\u00edba (2000) e doutorado em Matem\u00e1tica pela Universidade Federal do Rio de Janeiro (2008). Atualmente \u00e9 professor Associado A da Universidade Estadual da Para\u00edba. Tem experi\u00eancia na \u00e1rea de Matem\u00e1tica, com \u00eanfase em Equa\u00e7\u00f5es Diferenciais Parciais e atuando principalmente nos seguintes temas: Exist\u00eancia, unicidade e estabiliza\u00e7\u00e3o de solu\u00e7\u00f5es de problemas de evolu\u00e7\u00e3o tipo hiperb\u00f3licos, parab\u00f3licos e teoria do controle.Curr\u00edculo[\/vc_column_text][\/vc_column_inner][\/vc_row_inner][\/vc_column][vc_column width=&#8221;1\/2&#8243;][vc_row_inner][vc_column_inner width=&#8221;1\/4&#8243;][vc_single_image image=&#8221;682&#8243; img_size=&#8221;full&#8221; style=&#8221;vc_box_border_circle_2&#8243; css=&#8221;&#8221;][vc_column_text css=&#8221;&#8221;]<a href=\"http:\/\/lattes.cnpq.br\/4483939457393328\" target=\"_blank\" rel=\"noopener\">Arlandson Matheus Silva Oliveira<\/a>[\/vc_column_text][\/vc_column_inner][vc_column_inner width=&#8221;3\/4&#8243;][vc_column_text css=&#8221;&#8221;]Licenciado em Matem\u00e1tica pela Universidade Federal do Rio Grande do Norte (2012), Mestre em Matem\u00e1tica da Universidade Federal de Campina Grande (2015) e Doutor em Matem\u00e1tica pelo Programa de Doutorado em Matem\u00e1tica em associa\u00e7\u00e3o ampla entre as Universidades Federais de Campina Grande e da Para\u00edba. Desde 2016 \u00e9 professor do quadro efetivo do Centro de Ci\u00eancias Exatas e Sociais Aplicadas, Campus VII (Patos-PB) da Universidade Estadual da Para\u00edba, lecionando no Curso de Licenciatura Plena em Matem\u00e1tica, do qual tamb\u00e9m atua, desde janeiro de 2021, como Coordenador. Tem interesse em Geometria Diferencial, An\u00e1lise Geom\u00e9trica e Ensino de Geometria.[\/vc_column_text][\/vc_column_inner][\/vc_row_inner][\/vc_column][vc_column][vc_separator css=&#8221;.vc_custom_1726225700290{margin-top: 30px !important;margin-bottom: 30px !important;}&#8221;][\/vc_column][\/vc_row][vc_row gap=&#8221;35&#8243;][vc_column width=&#8221;1\/2&#8243;][vc_row_inner][vc_column_inner width=&#8221;1\/4&#8243;][vc_single_image img_size=&#8221;full&#8221; style=&#8221;vc_box_border_circle_2&#8243; css=&#8221;&#8221;][vc_column_text css=&#8221;&#8221;]<a href=\"http:\/\/lattes.cnpq.br\/0088762333310000\" target=\"_blank\" rel=\"noopener\">Divanilda Maia Esteves<\/a>[\/vc_column_text][\/vc_column_inner][vc_column_inner width=&#8221;3\/4&#8243;][vc_column_text css=&#8221;&#8221;]Possui gradua\u00e7\u00e3o em Licenciatura em Matem\u00e1tica pela Universidade Federal da Para\u00edba(2000), gradua\u00e7\u00e3o em Bacharelado em Matem\u00e1tica pela Universidade Federal da Para\u00edba(2000), mestrado em Estatistica pela Universidade Federal de Pernambuco(2003) e doutorado em Estat\u00edstica pela Universidade de S\u00e3o Paulo(2007). Atualmente \u00e9 Professor Doutor da Universidade Estadual da Para\u00edba e Revisor de peri\u00f3dico da REVISTA BRASILEIRA DE BIOMETRIA. Tem experi\u00eancia na \u00e1rea de Probabilidade e Estat\u00edstica, com \u00eanfase em Estat\u00edstica. Atuando principalmente nos seguintes temas:cadeias de alcance variavel, cadeias de ordem infinita, estrutura regenerativa.[\/vc_column_text][\/vc_column_inner][\/vc_row_inner][\/vc_column][vc_column width=&#8221;1\/2&#8243;][vc_row_inner][vc_column_inner width=&#8221;1\/4&#8243;][vc_single_image image=&#8221;391&#8243; img_size=&#8221;full&#8221; style=&#8221;vc_box_border_circle_2&#8243; css=&#8221;&#8221;][vc_column_text css=&#8221;&#8221;]<a href=\"http:\/\/lattes.cnpq.br\/1665465171972613\" target=\"_blank\" rel=\"noopener\">Emanuela R\u00e9gia De Sousa Coelho<\/a>[\/vc_column_text][\/vc_column_inner][vc_column_inner width=&#8221;3\/4&#8243;][vc_column_text css=&#8221;&#8221;]Possui gradua\u00e7\u00e3o em Licenciatura em Matem\u00e1tica pela Universidade Estadual da Para\u00edba (2012), mestrado em Matem\u00e1tica pela Universidade Federal de Campina Grande (2014) e doutorado em Matem\u00e1tica pela Universidade Estadual de Maring\u00e1(2018). Atualmente \u00e9 Professora da Universidade Estadual da Para\u00edba, atuando principalmente nos seguintes temas: Exist\u00eancia, unicidade e estabiliza\u00e7\u00e3o de solu\u00e7\u00f5es de problemas de evolu\u00e7\u00e3o do tipo hiperb\u00f3licos.[\/vc_column_text][\/vc_column_inner][\/vc_row_inner][\/vc_column][vc_column][vc_separator css=&#8221;.vc_custom_1726225700290{margin-top: 30px !important;margin-bottom: 30px !important;}&#8221;][\/vc_column][\/vc_row][vc_row gap=&#8221;35&#8243;][vc_column width=&#8221;1\/2&#8243;][vc_row_inner][vc_column_inner width=&#8221;1\/4&#8243;][vc_single_image image=&#8221;194&#8243; img_size=&#8221;full&#8221; style=&#8221;vc_box_border_circle_2&#8243; css=&#8221;&#8221;][vc_column_text css=&#8221;&#8221;]<a href=\"http:\/\/lattes.cnpq.br\/0127572956463704\" target=\"_blank\" rel=\"noopener\">Francisco Siberio Bezerra Albuquerque<\/a>[\/vc_column_text][\/vc_column_inner][vc_column_inner width=&#8221;3\/4&#8243;][vc_column_text css=&#8221;&#8221;]Fez parte de seus estudos superiores na Universidade Federal do Cear\u00e1 (UFC), onde concluiu o Bacharelado em Matem\u00e1tica em 2004 e o Mestrado em Matem\u00e1tica em 2007. Possui Doutorado em Matem\u00e1tica pela UFPB\/UFCG, tendo conclu\u00eddo em 2014. Atualmente ocupa o cargo de Professor Doutor-B em regime de trabalho T40-Dedica\u00e7\u00e3o Exclusiva do Centro de Ci\u00eancias e Tecnologia (CCT)-Campus I (Campina Grande) da Universidade Estadual da Para\u00edba (UEPB). Sua \u00e1rea de interesse primordial \u00e9 An\u00e1lise, com \u00eanfase em Equa\u00e7\u00f5es Diferenciais Parciais El\u00edpticas.[\/vc_column_text][\/vc_column_inner][\/vc_row_inner][\/vc_column][vc_column width=&#8221;1\/2&#8243;][vc_row_inner][vc_column_inner width=&#8221;1\/4&#8243;][vc_single_image image=&#8221;196&#8243; img_size=&#8221;full&#8221; style=&#8221;vc_box_border_circle_2&#8243; css=&#8221;&#8221;][vc_column_text css=&#8221;&#8221;]<a href=\"http:\/\/lattes.cnpq.br\/1278317287450234\" target=\"_blank\" rel=\"noopener\">Gustavo da Silva Araujo<\/a>[\/vc_column_text][\/vc_column_inner][vc_column_inner width=&#8221;3\/4&#8243;][vc_column_text css=&#8221;&#8221;]Bacharel, Mestre e Doutor em Matem\u00e1tica pela Universidade Federal da Para\u00edba. Realizou est\u00e1gios de mestrado e doutorado sandu\u00edche, respectivamente, na UNICAMP e na Universidad Complutense de Madrid. Atualmente \u00e9 Professor Doutor A DE da Universidade Estadual da Para\u00edba. Tem experi\u00eancia na \u00e1rea de Matem\u00e1tica, sendo An\u00e1lise Funcional sua principal \u00e1rea de atua\u00e7\u00e3o e pesquisa.[\/vc_column_text][\/vc_column_inner][\/vc_row_inner][\/vc_column][vc_column][vc_separator css=&#8221;.vc_custom_1726225700290{margin-top: 30px !important;margin-bottom: 30px !important;}&#8221;][\/vc_column][\/vc_row][vc_row gap=&#8221;35&#8243;][vc_column width=&#8221;1\/2&#8243;][vc_row_inner][vc_column_inner width=&#8221;1\/4&#8243;][vc_single_image image=&#8221;595&#8243; img_size=&#8221;full&#8221; style=&#8221;vc_box_border_circle_2&#8243; css=&#8221;&#8221;][vc_column_text css=&#8221;&#8221;]<a href=\"http:\/\/lattes.cnpq.br\/3437955242977256\" target=\"_blank\" rel=\"noopener\">Israel Buriti Galv\u00e3o<\/a>[\/vc_column_text][\/vc_column_inner][vc_column_inner width=&#8221;3\/4&#8243;][vc_column_text css=&#8221;&#8221;]Possui gradua\u00e7\u00e3o em Bacharelado em Matem\u00e1tica pela Universidade Federal de Campina Grande (2010), mestrado em Matem\u00e1tica pela Universidade Federal de Campina Grande (2012) e doutorado em Engenharia de Processos pela Universidade Federal de Campina Grande (2017). Atualmente \u00e9 Professor Doutor A (DE) no Departamento de Matem\u00e1tica do Centro de Ci\u00eancias e Tecnologia da Universidade Estadual da Para\u00edba.[\/vc_column_text][\/vc_column_inner][\/vc_row_inner][\/vc_column][vc_column width=&#8221;1\/2&#8243;][vc_row_inner][vc_column_inner width=&#8221;1\/4&#8243;][vc_single_image img_size=&#8221;full&#8221; style=&#8221;vc_box_border_circle_2&#8243; css=&#8221;&#8221;][vc_column_text css=&#8221;&#8221;]<a href=\"http:\/\/lattes.cnpq.br\/5830488292829260\" target=\"_blank\" rel=\"noopener\">Luciana Roze de Freitas<\/a>[\/vc_column_text][\/vc_column_inner][vc_column_inner width=&#8221;3\/4&#8243;][vc_column_text css=&#8221;&#8221;]Possui gradua\u00e7\u00e3o em Bacharelado em Matem\u00e1tica pela Universidade Federal da Para\u00edba (2000), mestrado em Matem\u00e1tica pela Universidade Federal da Para\u00edba (2002) e doutorado em Matem\u00e1tica pela Universidade de S\u00e3o Paulo (2010). Atualmente \u00e9 professora da Universidade Estadual da Para\u00edba \u2013 UEPB, em Campina Grande. Tem experi\u00eancia na \u00e1rea de Matem\u00e1tica, com \u00eanfase em Equa\u00e7\u00f5es Diferenciais Parciais El\u00edpticas.[\/vc_column_text][\/vc_column_inner][\/vc_row_inner][\/vc_column][vc_column][vc_separator css=&#8221;.vc_custom_1726225700290{margin-top: 30px !important;margin-bottom: 30px !important;}&#8221;][\/vc_column][\/vc_row][vc_row gap=&#8221;35&#8243;][vc_column width=&#8221;1\/2&#8243;][vc_row_inner][vc_column_inner width=&#8221;1\/4&#8243;][vc_single_image image=&#8221;199&#8243; img_size=&#8221;full&#8221; style=&#8221;vc_box_border_circle_2&#8243; css=&#8221;&#8221;][vc_column_text css=&#8221;&#8221;]<a href=\"http:\/\/lattes.cnpq.br\/8509829767195598\" target=\"_blank\" rel=\"noopener\">Maria Isabelle Silva Dias Yanes<\/a>[\/vc_column_text][\/vc_column_inner][vc_column_inner width=&#8221;3\/4&#8243;][vc_column_text css=&#8221;&#8221;]Possui Bacharelado em Matem\u00e1tica pela Universidade Federal da Para\u00edba (2000), mestrado em Matem\u00e1tica pela Universidade Federal da Para\u00edba (2003) e Doutorado em Matem\u00e1tica Computacional pela Universidade Federal de Pernambuco(2012). Atualmente \u00e9 professora da Universidade Estadual da Para\u00edba e Coordenadora da Licenciatura em Matem\u00e1tica.[\/vc_column_text][\/vc_column_inner][\/vc_row_inner][\/vc_column][vc_column width=&#8221;1\/2&#8243;][vc_row_inner][vc_column_inner width=&#8221;1\/4&#8243;][vc_single_image image=&#8221;201&#8243; img_size=&#8221;full&#8221; style=&#8221;vc_box_border_circle_2&#8243; css=&#8221;&#8221;][vc_column_text css=&#8221;&#8221;]<a href=\"http:\/\/lattes.cnpq.br\/7089093133803231\" target=\"_blank\" rel=\"noopener\">Silvio Fernando Alves Xavier Junior<\/a>[\/vc_column_text][\/vc_column_inner][vc_column_inner width=&#8221;3\/4&#8243;][vc_column_text css=&#8221;&#8221;]Licenciado em Matem\u00e1tica (UFPE). Possui Mestrado em Biometria e Estat\u00edsitica Aplicada (UFRPE). Doutorado em Biometria e Estat\u00edstica Aplicada (UFRPE). Realizou est\u00e1gio sandu\u00edche na Texas A &amp; M University (dura\u00e7\u00e3o de 6 meses), United States, Biological and Agricultural Engineering Department. Coordenador do curso de Estat\u00edstica (CCT\/UEPB). \u00c1reas de interesse: Estat\u00edstica Aplicada, Infer\u00eancia Estat\u00edstica, MF-DFA, Entropia e An\u00e1lise de Tend\u00eancias.[\/vc_column_text][\/vc_column_inner][\/vc_row_inner][\/vc_column][vc_column][vc_separator css=&#8221;.vc_custom_1726225700290{margin-top: 30px !important;margin-bottom: 30px !important;}&#8221;][\/vc_column][\/vc_row][vc_row gap=&#8221;35&#8243;][vc_column width=&#8221;1\/2&#8243;][vc_row_inner][vc_column_inner width=&#8221;1\/4&#8243;][vc_single_image image=&#8221;203&#8243; img_size=&#8221;full&#8221; style=&#8221;vc_box_border_circle_2&#8243; css=&#8221;&#8221;][vc_column_text css=&#8221;&#8221;]<a href=\"http:\/\/lattes.cnpq.br\/2587833251368302\" target=\"_blank\" rel=\"noopener\">Vandenberg Lopes Vieira<\/a>[\/vc_column_text][\/vc_column_inner][vc_column_inner width=&#8221;3\/4&#8243;][vc_column_text css=&#8221;&#8221;]Possui gradua\u00e7\u00e3o em matem\u00e1tica pela Universidade Estadual da Para\u00edba (1996), especializa\u00e7\u00e3o em matem\u00e1tica aplicada pela Universidade Federal da Para\u00edba \u2013 UFPB (1997), mestrado em Matem\u00e1tica pela Universidade Federal da Para\u00edba \u2013 UFPB (2000), e doutorado em engenharia el\u00e9trica pela Universidade Estadual de Campinas \u2013 Unicamp (2007). Atualmente \u00e9 Professor Associado B da Universidade Estadual da Para\u00edba \u2013 UEPB. Tem experi\u00eancia na \u00e1rea de Matem\u00e1tica, com \u00eanfase em estruturas alg\u00e9bricas aplicadas a c\u00f3digos, atuando principalmente nos seguintes temas: constela\u00e7\u00f5es de sinais hiperb\u00f3licas, \u00e1lgebra dos quat\u00e9rnios e grupos fuchsianos aritm\u00e9ticos.[\/vc_column_text][\/vc_column_inner][\/vc_row_inner][\/vc_column][vc_column width=&#8221;1\/2&#8243;][\/vc_column][\/vc_row]<\/p>\n<\/div>","protected":false},"excerpt":{"rendered":"<p>[vc_row gap=&#8221;35&#8243;][vc_column width=&#8221;1\/2&#8243;][vc_row_inner][vc_column_inner width=&#8221;1\/4&#8243;][vc_single_image image=&#8221;185&#8243; img_size=&#8221;full&#8221; style=&#8221;vc_box_border_circle_2&#8243; css=&#8221;&#8221;][vc_column_text css=&#8221;&#8221;]Aldo Trajano Louredo[\/vc_column_text][\/vc_column_inner][vc_column_inner width=&#8221;3\/4&#8243;][vc_column_text css=&#8221;&#8221;]Possui gradua\u00e7\u00e3o em Licenciatura plena em matem\u00e1tica pela Universidade Estadual da Para\u00edba (1997), mestrado em Matem\u00e1tica pela Universidade Federal da Para\u00edba (2000) e doutorado em Matem\u00e1tica pela Universidade Federal do Rio de Janeiro (2008). Atualmente \u00e9 professor Associado A da Universidade Estadual da <a class=\"leiamais\" href=\"https:\/\/pos-graduacao.uepb.edu.br\/profmat\/corpo-docente\/\">Leia Mais&#8230;<\/a><\/p>\n","protected":false},"author":46,"featured_media":0,"parent":0,"menu_order":0,"comment_status":"closed","ping_status":"closed","template":"","meta":{"footnotes":""},"class_list":["post-39","page","type-page","status-publish","hentry"],"_links":{"self":[{"href":"https:\/\/pos-graduacao.uepb.edu.br\/profmat\/wp-json\/wp\/v2\/pages\/39","targetHints":{"allow":["GET"]}}],"collection":[{"href":"https:\/\/pos-graduacao.uepb.edu.br\/profmat\/wp-json\/wp\/v2\/pages"}],"about":[{"href":"https:\/\/pos-graduacao.uepb.edu.br\/profmat\/wp-json\/wp\/v2\/types\/page"}],"author":[{"embeddable":true,"href":"https:\/\/pos-graduacao.uepb.edu.br\/profmat\/wp-json\/wp\/v2\/users\/46"}],"replies":[{"embeddable":true,"href":"https:\/\/pos-graduacao.uepb.edu.br\/profmat\/wp-json\/wp\/v2\/comments?post=39"}],"version-history":[{"count":148,"href":"https:\/\/pos-graduacao.uepb.edu.br\/profmat\/wp-json\/wp\/v2\/pages\/39\/revisions"}],"predecessor-version":[{"id":1016,"href":"https:\/\/pos-graduacao.uepb.edu.br\/profmat\/wp-json\/wp\/v2\/pages\/39\/revisions\/1016"}],"wp:attachment":[{"href":"https:\/\/pos-graduacao.uepb.edu.br\/profmat\/wp-json\/wp\/v2\/media?parent=39"}],"curies":[{"name":"wp","href":"https:\/\/api.w.org\/{rel}","templated":true}]}}