{"id":37,"date":"2018-07-17T11:43:33","date_gmt":"2018-07-17T14:43:33","guid":{"rendered":"https:\/\/pos-graduacao.uepb.edu.br\/profmat\/?page_id=37"},"modified":"2024-09-18T10:55:23","modified_gmt":"2024-09-18T13:55:23","slug":"linhas-de-pesquisa","status":"publish","type":"page","link":"https:\/\/pos-graduacao.uepb.edu.br\/profmat\/linhas-de-pesquisa\/","title":{"rendered":"Linhas de Pesquisa"},"content":{"rendered":"<div class=\"wpb-content-wrapper\"><p>[vc_row][vc_column][vc_column_text css=&#8221;&#8221;]<\/p>\n<p>O Profmat tem como \u00e1rea de concentra\u00e7\u00e3o \u201cMatem\u00e1tica na Educa\u00e7\u00e3o B\u00e1sica\u201d, com as seguintes linhas de pesquisa:<\/p>\n<p>Matem\u00e1tica na Educa\u00e7\u00e3o B\u00e1sica e suas Tecnologias;<\/p>\n<p>Forma\u00e7\u00e3o de Professores de Matem\u00e1tica da Educa\u00e7\u00e3o B\u00e1sica;<\/p>\n<p>Divulga\u00e7\u00e3o e Populariza\u00e7\u00e3o da Matem\u00e1tica da Educa\u00e7\u00e3o B\u00e1sica.<\/p>\n<p>&nbsp;<\/p>\n<p><strong><u>Linhas de Pesquisa<\/u><\/strong><\/p>\n<p><strong>Matem\u00e1tica na Educa\u00e7\u00e3o B\u00e1sica e suas Tecnologias<\/strong><\/p>\n<p>Essa linha tem como objetivo garantir uma compreens\u00e3o s\u00f3lida dos conceitos matem\u00e1ticos essenciais para o ensino de Matem\u00e1tica da Educa\u00e7\u00e3o B\u00e1sica. Ela busca promover a relev\u00e2ncia da Matem\u00e1tica no cotidiano e em futuras carreiras, proporcionando uma base para estudos posteriores em campos relacionados. Essa linha abrange a integra\u00e7\u00e3o dos conceitos matem\u00e1ticos da Educa\u00e7\u00e3o B\u00e1sica, concep\u00e7\u00e3o e utiliza\u00e7\u00e3o de tecnologias (softwares, aplicativos, recursos online, dentre outros), tornando o aprendizado da Matem\u00e1tica mais envolvente e pr\u00e1tico.<\/p>\n<p><strong>Forma\u00e7\u00e3o de Professores de Matem\u00e1tica da Educa\u00e7\u00e3o B\u00e1sica<\/strong><\/p>\n<p>As pesquisas realizadas nessa linha focam na prepara\u00e7\u00e3o e capacita\u00e7\u00e3o dos Professores de Matem\u00e1tica da Educa\u00e7\u00e3o B\u00e1sica. Esse processo de forma\u00e7\u00e3o visa dotar esses profissionais com os conhecimentos matem\u00e1ticos s\u00f3lidos, necess\u00e1rios para desempenharem com excel\u00eancia o papel de ensinar Matem\u00e1tica. Envolve o estudo aprofundado da Matem\u00e1tica, bem como a compreens\u00e3o das necessidades e desafios dos alunos para enfrentarem desafios acad\u00eamicos e cotidianos que requerem compet\u00eancia matem\u00e1tica, enquanto estabelece uma base s\u00f3lida para futuros estudos e aplica\u00e7\u00f5es em diversas \u00e1reas da vida e carreira. Al\u00e9m disso, essa linha busca promover a atualiza\u00e7\u00e3o constante e o desenvolvimento profissional cont\u00ednuo, para que os Professores de Matem\u00e1tica da Educa\u00e7\u00e3o B\u00e1sica estejam preparados para enfrentar as demandas em constante evolu\u00e7\u00e3o da sala de aula e contribuir para o crescimento acad\u00eamico de seus alunos.<\/p>\n<p><strong>Divulga\u00e7\u00e3o e Populariza\u00e7\u00e3o de Matem\u00e1tica da Educa\u00e7\u00e3o B\u00e1sica<\/strong><\/p>\n<p>Essa linha de pesquisa se concentra na divulga\u00e7\u00e3o cient\u00edfica, com foco na Matem\u00e1tica, e em seu impacto no aprendizado e interesse na \u00e1rea. Ela explora t\u00f3picos como a comunica\u00e7\u00e3o cient\u00edfica na internet e sua rela\u00e7\u00e3o com a tecnologia digital, a cria\u00e7\u00e3o de Laborat\u00f3rios de Matem\u00e1tica nas Escolas, e como visitas guiadas a museus e institutos de pesquisas cient\u00edficas relacionadas \u00e0 Matem\u00e1tica influenciam no interesse pela \u00e1rea. O objetivo \u00e9 tornar a Matem\u00e1tica mais acess\u00edvel para alunos do Ensino Fundamental e M\u00e9dio. Para isso, incentiva a participa\u00e7\u00e3o em competi\u00e7\u00f5es matem\u00e1ticas, como as olimp\u00edadas, que estimulam o pensamento cr\u00edtico e o racioc\u00ednio l\u00f3gico. Al\u00e9m disso, busca popularizar a Matem\u00e1tica por meio de eventos, exposi\u00e7\u00f5es, workshops e recursos digitais, tornando os conceitos matem\u00e1ticos mais aplic\u00e1veis ao cotidiano.<\/p>\n<p>&nbsp;<\/p>\n<p>[\/vc_column_text][\/vc_column][\/vc_row]<\/p>\n<\/div>","protected":false},"excerpt":{"rendered":"<p>[vc_row][vc_column][vc_column_text css=&#8221;&#8221;] O Profmat tem como \u00e1rea de concentra\u00e7\u00e3o \u201cMatem\u00e1tica na Educa\u00e7\u00e3o B\u00e1sica\u201d, com as seguintes linhas de pesquisa: Matem\u00e1tica na Educa\u00e7\u00e3o B\u00e1sica e suas Tecnologias; Forma\u00e7\u00e3o de Professores de Matem\u00e1tica da Educa\u00e7\u00e3o B\u00e1sica; Divulga\u00e7\u00e3o e Populariza\u00e7\u00e3o da Matem\u00e1tica da Educa\u00e7\u00e3o B\u00e1sica. &nbsp; Linhas de Pesquisa Matem\u00e1tica na Educa\u00e7\u00e3o B\u00e1sica e suas Tecnologias Essa linha <a class=\"leiamais\" href=\"https:\/\/pos-graduacao.uepb.edu.br\/profmat\/linhas-de-pesquisa\/\">Leia Mais&#8230;<\/a><\/p>\n","protected":false},"author":46,"featured_media":0,"parent":0,"menu_order":0,"comment_status":"closed","ping_status":"closed","template":"","meta":{"footnotes":""},"class_list":["post-37","page","type-page","status-publish","hentry"],"_links":{"self":[{"href":"https:\/\/pos-graduacao.uepb.edu.br\/profmat\/wp-json\/wp\/v2\/pages\/37","targetHints":{"allow":["GET"]}}],"collection":[{"href":"https:\/\/pos-graduacao.uepb.edu.br\/profmat\/wp-json\/wp\/v2\/pages"}],"about":[{"href":"https:\/\/pos-graduacao.uepb.edu.br\/profmat\/wp-json\/wp\/v2\/types\/page"}],"author":[{"embeddable":true,"href":"https:\/\/pos-graduacao.uepb.edu.br\/profmat\/wp-json\/wp\/v2\/users\/46"}],"replies":[{"embeddable":true,"href":"https:\/\/pos-graduacao.uepb.edu.br\/profmat\/wp-json\/wp\/v2\/comments?post=37"}],"version-history":[{"count":18,"href":"https:\/\/pos-graduacao.uepb.edu.br\/profmat\/wp-json\/wp\/v2\/pages\/37\/revisions"}],"predecessor-version":[{"id":1022,"href":"https:\/\/pos-graduacao.uepb.edu.br\/profmat\/wp-json\/wp\/v2\/pages\/37\/revisions\/1022"}],"wp:attachment":[{"href":"https:\/\/pos-graduacao.uepb.edu.br\/profmat\/wp-json\/wp\/v2\/media?parent=37"}],"curies":[{"name":"wp","href":"https:\/\/api.w.org\/{rel}","templated":true}]}}