{"id":35,"date":"2018-07-17T11:42:58","date_gmt":"2018-07-17T14:42:58","guid":{"rendered":"https:\/\/pos-graduacao.uepb.edu.br\/profmat\/?page_id=35"},"modified":"2023-03-22T14:20:36","modified_gmt":"2023-03-22T17:20:36","slug":"disciplinas","status":"publish","type":"page","link":"https:\/\/pos-graduacao.uepb.edu.br\/profmat\/disciplinas\/","title":{"rendered":"Disciplinas"},"content":{"rendered":"<div class=\"wpb-content-wrapper\"><p>[vc_row gap=&#8221;30&#8243; equal_height=&#8221;yes&#8221; el_class=&#8221;conf-azul&#8221;][vc_column width=&#8221;1\/2&#8243;][vc_text_separator title=&#8221;OBRIGAT\u00d3RIAS&#8221; title_align=&#8221;separator_align_left&#8221; css=&#8221;.vc_custom_1679505635663{margin-top: 20px !important;}&#8221;][vc_column_text]<\/p>\n<ul>\n<li>MA 11 \u2013 N\u00fameros e Fun\u00e7\u00f5es Reais<\/li>\n<li>MA 12 \u2013 Matem\u00e1tica Discreta<\/li>\n<li>MA 13 \u2013 Geometria<\/li>\n<li>MA 14 \u2013 Aritm\u00e9tica<\/li>\n<li>MA 21 \u2013 Resolu\u00e7\u00e3o de Problemas<\/li>\n<li>MA 22 \u2013 Fundamentos de C\u00e1lculo<\/li>\n<li>MA 23 \u2013 Geometria Anal\u00edtica<\/li>\n<\/ul>\n<p>[\/vc_column_text][\/vc_column][vc_column width=&#8221;1\/2&#8243; css=&#8221;.vc_custom_1679505613038{padding-bottom: 30px !important;}&#8221;][vc_text_separator title=&#8221;ELETIVAS&#8221; title_align=&#8221;separator_align_left&#8221; css=&#8221;.vc_custom_1679505639633{margin-top: 20px !important;}&#8221;][vc_column_text]<\/p>\n<ul>\n<li>MA 24 \u2013 Trabalho de Conclus\u00e3o de Curso<\/li>\n<li>MA 32 \u2013 T\u00f3picos de teoria dos n\u00fameros<\/li>\n<li>MA 31 \u2013 T\u00f3picos de Hist\u00f3ria da Matem\u00e1tica<\/li>\n<li>MA 33 \u2013 Introdu\u00e7\u00e3o a \u00c1lgebra Linear<\/li>\n<li>MA 34 \u2013 T\u00f3picos de C\u00e1lculo Diferencial e Integral<\/li>\n<li>MA 35 \u2013 Matem\u00e1tica e Atualidade I<\/li>\n<li>MA 36 \u2013 Recursos Computacionais no Ensino de Matem\u00e1tica<\/li>\n<li>MA 37 \u2013 Modelagem Matem\u00e1tica<\/li>\n<li>MA 38 \u2013 Polin\u00f4mios e Equa\u00e7\u00f5es Alg\u00e9bricas<\/li>\n<li>MA 39 \u2013 Geometria Espacial<\/li>\n<li>MA 40 \u2013 T\u00f3picos de Matem\u00e1tica<\/li>\n<li>MA 41 \u2013 Probabilidade e Estat\u00edstica<\/li>\n<li>MA 42 \u2013 Avalia\u00e7\u00e3o Educacional<\/li>\n<li>MA 43 \u2013 C\u00e1lculo Num\u00e9rico<\/li>\n<li>MA 43 \u2013 Matem\u00e1tica e Atualidade II<\/li>\n<\/ul>\n<p>[\/vc_column_text][\/vc_column][\/vc_row]<\/p>\n<\/div>","protected":false},"excerpt":{"rendered":"<p>[vc_row gap=&#8221;30&#8243; equal_height=&#8221;yes&#8221; el_class=&#8221;conf-azul&#8221;][vc_column width=&#8221;1\/2&#8243;][vc_text_separator title=&#8221;OBRIGAT\u00d3RIAS&#8221; title_align=&#8221;separator_align_left&#8221; css=&#8221;.vc_custom_1679505635663{margin-top: 20px !important;}&#8221;][vc_column_text] MA 11 \u2013 N\u00fameros e Fun\u00e7\u00f5es Reais MA 12 \u2013 Matem\u00e1tica Discreta MA 13 \u2013 Geometria MA 14 \u2013 Aritm\u00e9tica MA 21 \u2013 Resolu\u00e7\u00e3o de Problemas MA 22 \u2013 Fundamentos de C\u00e1lculo MA 23 \u2013 Geometria Anal\u00edtica [\/vc_column_text][\/vc_column][vc_column width=&#8221;1\/2&#8243; css=&#8221;.vc_custom_1679505613038{padding-bottom: 30px !important;}&#8221;][vc_text_separator title=&#8221;ELETIVAS&#8221; title_align=&#8221;separator_align_left&#8221; css=&#8221;.vc_custom_1679505639633{margin-top: <a class=\"leiamais\" href=\"https:\/\/pos-graduacao.uepb.edu.br\/profmat\/disciplinas\/\">Leia Mais&#8230;<\/a><\/p>\n","protected":false},"author":46,"featured_media":0,"parent":0,"menu_order":0,"comment_status":"closed","ping_status":"closed","template":"","meta":{"footnotes":""},"class_list":["post-35","page","type-page","status-publish","hentry"],"_links":{"self":[{"href":"https:\/\/pos-graduacao.uepb.edu.br\/profmat\/wp-json\/wp\/v2\/pages\/35","targetHints":{"allow":["GET"]}}],"collection":[{"href":"https:\/\/pos-graduacao.uepb.edu.br\/profmat\/wp-json\/wp\/v2\/pages"}],"about":[{"href":"https:\/\/pos-graduacao.uepb.edu.br\/profmat\/wp-json\/wp\/v2\/types\/page"}],"author":[{"embeddable":true,"href":"https:\/\/pos-graduacao.uepb.edu.br\/profmat\/wp-json\/wp\/v2\/users\/46"}],"replies":[{"embeddable":true,"href":"https:\/\/pos-graduacao.uepb.edu.br\/profmat\/wp-json\/wp\/v2\/comments?post=35"}],"version-history":[{"count":16,"href":"https:\/\/pos-graduacao.uepb.edu.br\/profmat\/wp-json\/wp\/v2\/pages\/35\/revisions"}],"predecessor-version":[{"id":645,"href":"https:\/\/pos-graduacao.uepb.edu.br\/profmat\/wp-json\/wp\/v2\/pages\/35\/revisions\/645"}],"wp:attachment":[{"href":"https:\/\/pos-graduacao.uepb.edu.br\/profmat\/wp-json\/wp\/v2\/media?parent=35"}],"curies":[{"name":"wp","href":"https:\/\/api.w.org\/{rel}","templated":true}]}}