{"id":25,"date":"2014-04-09T18:52:42","date_gmt":"2014-04-09T18:52:42","guid":{"rendered":"\/profletras\/?page_id=25"},"modified":"2024-06-18T11:52:44","modified_gmt":"2024-06-18T11:52:44","slug":"grade-curricular","status":"publish","type":"page","link":"https:\/\/pos-graduacao.uepb.edu.br\/profletras\/grade-curricular\/","title":{"rendered":"Grade Curricular"},"content":{"rendered":"<div class=\"wpb-content-wrapper\"><p>[vc_row][vc_column][vc_column_text]Os alunos do PROFLETRAS dever\u00e3o cumprir 24 (vinte e quatro) cr\u00e9ditos somados das 04 (quatro) disciplinas obrigat\u00f3rias e das 02 (duas) optativas.[\/vc_column_text][\/vc_column][\/vc_row][vc_row gap=&#8221;30&#8243;][vc_column width=&#8221;1\/2&#8243;][vc_column_text]<strong>Disciplinas Optativas<\/strong><\/p>\n<ul>\n<li>Alfabetiza\u00e7\u00e3o e Letramento;<\/li>\n<li>Elabora\u00e7\u00e3o de Projetos;<\/li>\n<li>Leitura e Escrita: Processos de Ensino-aprendizagem;<\/li>\n<li>Ensino da Escrita: Didatiza\u00e7\u00e3o e Avalia\u00e7\u00e3o;<\/li>\n<li>G\u00eaneros Discursivos e\/ou Textuais nas Pr\u00e1ticas Sociais;<\/li>\n<li>Linguagem, Pr\u00e1ticas Sociais e Ensino;<\/li>\n<li>Literatura Infantil e Juvenil;<\/li>\n<li>Leitura do Texto Liter\u00e1rio;<\/li>\n<li>Pr\u00e1ticas de An\u00e1lise Lingu\u00edsticas e Ensino de Aspectos Fonol\u00f3gicos;<\/li>\n<li>Pr\u00e1ticas de An\u00e1lise Lingu\u00edsticas e Ensino de Aspectos Gramaticais;<\/li>\n<li>Pr\u00e1ticas de Leitura e Ensino;<\/li>\n<li>Pr\u00e1ticas de Produ\u00e7\u00e3o Textual e Ensino;<\/li>\n<li>Pr\u00e1ticas de Oralidade E Ensino;<\/li>\n<li>T\u00f3picos em Linguagem e Ensino.<\/li>\n<\/ul>\n<p>[\/vc_column_text][\/vc_column][vc_column width=&#8221;1\/2&#8243;][vc_column_text]<strong>Disciplinas Obrigat\u00f3rias<\/strong><\/p>\n<ul>\n<li>Fonologia, Varia\u00e7\u00e3o e Ensino;<\/li>\n<li>Gram\u00e1tica, Varia\u00e7\u00e3o e Ensino;<\/li>\n<li>Texto e Ensino;<\/li>\n<li>Literatura e Ensino.<\/li>\n<\/ul>\n<p>[\/vc_column_text][\/vc_column][\/vc_row]<\/p>\n<\/div>","protected":false},"excerpt":{"rendered":"<p>[vc_row][vc_column][vc_column_text]Os alunos do PROFLETRAS dever\u00e3o cumprir 24 (vinte e quatro) cr\u00e9ditos somados das 04 (quatro) disciplinas obrigat\u00f3rias e das 02 (duas) optativas.[\/vc_column_text][\/vc_column][\/vc_row][vc_row gap=&#8221;30&#8243;][vc_column width=&#8221;1\/2&#8243;][vc_column_text]Disciplinas Optativas Alfabetiza\u00e7\u00e3o e Letramento; Elabora\u00e7\u00e3o de Projetos; Leitura e Escrita: Processos de Ensino-aprendizagem; Ensino da Escrita: Didatiza\u00e7\u00e3o e Avalia\u00e7\u00e3o; G\u00eaneros Discursivos e\/ou Textuais nas Pr\u00e1ticas Sociais; Linguagem, Pr\u00e1ticas Sociais e Ensino; <a class=\"leiamais\" href=\"https:\/\/pos-graduacao.uepb.edu.br\/profletras\/grade-curricular\/\">Leia Mais&#8230;<\/a><\/p>\n","protected":false},"author":5,"featured_media":0,"parent":0,"menu_order":0,"comment_status":"open","ping_status":"open","template":"","meta":{"footnotes":""},"class_list":["post-25","page","type-page","status-publish","hentry"],"_links":{"self":[{"href":"https:\/\/pos-graduacao.uepb.edu.br\/profletras\/wp-json\/wp\/v2\/pages\/25","targetHints":{"allow":["GET"]}}],"collection":[{"href":"https:\/\/pos-graduacao.uepb.edu.br\/profletras\/wp-json\/wp\/v2\/pages"}],"about":[{"href":"https:\/\/pos-graduacao.uepb.edu.br\/profletras\/wp-json\/wp\/v2\/types\/page"}],"author":[{"embeddable":true,"href":"https:\/\/pos-graduacao.uepb.edu.br\/profletras\/wp-json\/wp\/v2\/users\/5"}],"replies":[{"embeddable":true,"href":"https:\/\/pos-graduacao.uepb.edu.br\/profletras\/wp-json\/wp\/v2\/comments?post=25"}],"version-history":[{"count":8,"href":"https:\/\/pos-graduacao.uepb.edu.br\/profletras\/wp-json\/wp\/v2\/pages\/25\/revisions"}],"predecessor-version":[{"id":372,"href":"https:\/\/pos-graduacao.uepb.edu.br\/profletras\/wp-json\/wp\/v2\/pages\/25\/revisions\/372"}],"wp:attachment":[{"href":"https:\/\/pos-graduacao.uepb.edu.br\/profletras\/wp-json\/wp\/v2\/media?parent=25"}],"curies":[{"name":"wp","href":"https:\/\/api.w.org\/{rel}","templated":true}]}}