{"id":23,"date":"2024-04-30T11:24:23","date_gmt":"2024-04-30T11:24:23","guid":{"rendered":"\/profletras\/?page_id=23"},"modified":"2024-06-18T14:36:23","modified_gmt":"2024-06-18T14:36:23","slug":"coordenacao","status":"publish","type":"page","link":"https:\/\/pos-graduacao.uepb.edu.br\/profletras\/coordenacao\/","title":{"rendered":"Coordena\u00e7\u00e3o"},"content":{"rendered":"<div class=\"wpb-content-wrapper\"><p>[vc_row gap=&#8221;30&#8243;][vc_column width=&#8221;1\/2&#8243;][vc_column_text]<strong>Coordenadora<\/strong><br \/>\nProfa. Dra. Ros\u00e2ngela Neres Ara\u00fajo da Silva<br \/>\nrosangelaneres@servidor.uepb.edu.br<\/p>\n<p><strong>Coordenadora Adjunta<\/strong><br \/>\nProf. Dra. Maria Suely da Costa<br \/>\nsuelycosta@servidor.uepb.edu.br<\/p>\n<p><strong>Secret\u00e1rio<\/strong><br \/>\nCleycikleber de Paiva Alves Albuquerque<br \/>\ncleycikleber@servidor.uepb.edu.br[\/vc_column_text][\/vc_column][vc_column width=&#8221;1\/2&#8243;][vc_column_text]<strong>Endere\u00e7o para correspond\u00eancia<\/strong><\/p>\n<p>Universidade Estadual da Para\u00edba<br \/>\nCentro de Humanidades \u2013 Campus III<br \/>\nRodovia PB 075, Km 01, CEP 58200-000<br \/>\nBairro Areia Branca<br \/>\nGuarabira &#8211; PB<br \/>\nTelefone: (83) 993701712<br \/>\nE-mail: profletras@setor.uepb.edu.br[\/vc_column_text][\/vc_column][\/vc_row]<\/p>\n<\/div>","protected":false},"excerpt":{"rendered":"<p>[vc_row gap=&#8221;30&#8243;][vc_column width=&#8221;1\/2&#8243;][vc_column_text]Coordenadora Profa. Dra. Ros\u00e2ngela Neres Ara\u00fajo da Silva rosangelaneres@servidor.uepb.edu.br Coordenadora Adjunta Prof. Dra. Maria Suely da Costa suelycosta@servidor.uepb.edu.br Secret\u00e1rio Cleycikleber de Paiva Alves Albuquerque cleycikleber@servidor.uepb.edu.br[\/vc_column_text][\/vc_column][vc_column width=&#8221;1\/2&#8243;][vc_column_text]Endere\u00e7o para correspond\u00eancia Universidade Estadual da Para\u00edba Centro de Humanidades \u2013 Campus III Rodovia PB 075, Km 01, CEP 58200-000 Bairro Areia Branca Guarabira &#8211; PB Telefone: (83) <a class=\"leiamais\" href=\"https:\/\/pos-graduacao.uepb.edu.br\/profletras\/coordenacao\/\">Leia Mais&#8230;<\/a><\/p>\n","protected":false},"author":5,"featured_media":0,"parent":0,"menu_order":0,"comment_status":"open","ping_status":"open","template":"","meta":{"footnotes":""},"class_list":["post-23","page","type-page","status-publish","hentry"],"_links":{"self":[{"href":"https:\/\/pos-graduacao.uepb.edu.br\/profletras\/wp-json\/wp\/v2\/pages\/23","targetHints":{"allow":["GET"]}}],"collection":[{"href":"https:\/\/pos-graduacao.uepb.edu.br\/profletras\/wp-json\/wp\/v2\/pages"}],"about":[{"href":"https:\/\/pos-graduacao.uepb.edu.br\/profletras\/wp-json\/wp\/v2\/types\/page"}],"author":[{"embeddable":true,"href":"https:\/\/pos-graduacao.uepb.edu.br\/profletras\/wp-json\/wp\/v2\/users\/5"}],"replies":[{"embeddable":true,"href":"https:\/\/pos-graduacao.uepb.edu.br\/profletras\/wp-json\/wp\/v2\/comments?post=23"}],"version-history":[{"count":13,"href":"https:\/\/pos-graduacao.uepb.edu.br\/profletras\/wp-json\/wp\/v2\/pages\/23\/revisions"}],"predecessor-version":[{"id":382,"href":"https:\/\/pos-graduacao.uepb.edu.br\/profletras\/wp-json\/wp\/v2\/pages\/23\/revisions\/382"}],"wp:attachment":[{"href":"https:\/\/pos-graduacao.uepb.edu.br\/profletras\/wp-json\/wp\/v2\/media?parent=23"}],"curies":[{"name":"wp","href":"https:\/\/api.w.org\/{rel}","templated":true}]}}