{"id":887,"date":"2025-08-27T11:26:16","date_gmt":"2025-08-27T14:26:16","guid":{"rendered":"https:\/\/pos-graduacao.uepb.edu.br\/profei\/?page_id=887"},"modified":"2025-10-14T12:14:25","modified_gmt":"2025-10-14T15:14:25","slug":"dissertacoes-e-produtos-educacionais","status":"publish","type":"page","link":"https:\/\/pos-graduacao.uepb.edu.br\/profei\/dissertacoes-e-produtos-educacionais\/","title":{"rendered":"Disserta\u00e7\u00f5es e produtos educacionais"},"content":{"rendered":"<div class=\"wpb-content-wrapper\"><p>[vc_row][vc_column][vc_tta_accordion title_tag=&#8221;h3&#8243; section_title_tag=&#8221;h2&#8243; style=&#8221;modern&#8221; c_icon=&#8221;triangle&#8221; active_section=&#8221;&#8221; collapsible_all=&#8221;true&#8221;][vc_tta_section title=&#8221;2023&#8243; tab_id=&#8221;1756305515164-834bf616-a759&#8243;][vc_column_text css=&#8221;.vc_custom_1760454805879{margin-top: 20px !important;}&#8221;]<strong>Turma 2023.1<\/strong><\/p>\n<p>Aline Francisca de Alencar Montenegro Leal<\/p>\n<ul>\n<li>\u00a0Disserta\u00e7\u00e3o | Produto Educacional ( <em><strong>Em breve estar\u00e1 dispon\u00edvel )<\/strong><\/em><\/li>\n<\/ul>\n<p>Claudiana Ribeiro de Oliveira<\/p>\n<ul>\n<li><a href=\"http:\/\/tede.bc.uepb.edu.br\/jspui\/handle\/tede\/5297\">Disserta\u00e7\u00e3o<\/a> | <a href=\"https:\/\/drive.google.com\/drive\/folders\/1B3DSphv3RWVgFm8wZA4n6-3RjqPE8Gdy?usp=drive_link\">Produto Educacional<\/a><\/li>\n<\/ul>\n<p>Franklin Herminio Barbosa<\/p>\n<ul>\n<li><a href=\"https:\/\/tede.bc.uepb.edu.br\/jspui\/handle\/tede\/5291\">Disserta\u00e7\u00e3o <\/a>| <a href=\"https:\/\/youtu.be\/8BCc1ZAgS_w\">Produto educacional<\/a><\/li>\n<\/ul>\n<p>Gecica Coelho do Nascimento Oliveira<\/p>\n<ul>\n<li>Disserta\u00e7\u00e3o | Produto Educacional (<em><strong>Em breve estar\u00e1 dispon\u00edvel )<\/strong><\/em><\/li>\n<\/ul>\n<p><a href=\"http:\/\/tede.bc.uepb.edu.br\/jspui\/handle\/tede\/5296\">Irinaldo Caetano Marques<\/a><\/p>\n<ul>\n<li>\u00a0Disserta\u00e7\u00e3o | Produto Educacional (<em><strong>Em breve estar\u00e1 dispon\u00edvel )<\/strong><\/em><\/li>\n<\/ul>\n<p>Jocilene Alves Barbosa<\/p>\n<ul>\n<li><a href=\"http:\/\/tede.bc.uepb.edu.br\/jspui\/handle\/tede\/5294\">Disserta\u00e7\u00e3o<\/a> | <a href=\"https:\/\/drive.google.com\/drive\/folders\/1aA6H_4xpfeFuTWYbjuvnNnMEQIH_ST9-?usp=drive_link\">Produto Educacional<\/a><\/li>\n<\/ul>\n<p>Rosangela Garcia Pessoa<\/p>\n<ul>\n<li>Disserta\u00e7\u00e3o | <a href=\"https:\/\/pos-graduacao.uepb.edu.br\/profei\/download\/produto-educacional-rosangela-garcia\/\">Produto Educacional<\/a><\/li>\n<\/ul>\n<p>[\/vc_column_text][\/vc_tta_section][vc_tta_section title=&#8221;2022&#8243; tab_id=&#8221;1756305515168-4b2866c6-ff8b&#8221;][vc_column_text css=&#8221;.vc_custom_1759242283039{margin-top: 20px !important;}&#8221;]<em><strong>Lista de alunos\u00a0<\/strong><\/em><\/p>\n<p><em>Amanda Ferreira Barbosa<\/em><\/p>\n<ul>\n<li><a href=\"http:\/\/tede.bc.uepb.edu.br\/jspui\/handle\/tede\/5158\">Disserta\u00e7\u00e3o<\/a> |<a href=\"https:\/\/drive.google.com\/drive\/folders\/1VYfMsS-ybME1mhlGXwQsGcjQONJznuTL?usp=drive_link\"> Produto Educacional<\/a><\/li>\n<\/ul>\n<p><em>Elijane da Rocha Bezerra<\/em><\/p>\n<ul>\n<li><a href=\"http:\/\/tede.bc.uepb.edu.br\/jspui\/handle\/tede\/5153\">Disserta\u00e7\u00e3o<\/a> | <a href=\"https:\/\/drive.google.com\/drive\/folders\/1tbDvY92TAKx1ZVNiN443Z3UC3OFoUfPX?usp=drive_link\">Produto Educacional<\/a><\/li>\n<\/ul>\n<p><em>J\u00e9ssica Maria Dornelas de Souza Marques<\/em><\/p>\n<ul>\n<li><a href=\"http:\/\/tede.bc.uepb.edu.br\/jspui\/handle\/tede\/5159\">Disserta\u00e7\u00e3o<\/a> | <a href=\"https:\/\/drive.google.com\/drive\/folders\/11gBVxrRABLIPPosDr4LN_xHE9UXGblOw?usp=drive_link\">Produto Educacional<\/a><\/li>\n<\/ul>\n<p><em>Kaline Oliveira Labas<\/em><\/p>\n<ul>\n<li><a href=\"http:\/\/tede.bc.uepb.edu.br\/jspui\/handle\/tede\/5157\">Disserta\u00e7\u00e3o<\/a> | <a href=\"https:\/\/drive.google.com\/drive\/folders\/11uNhNvayF0zJbgrGCckeB-IJzQJ7Hqt7?usp=drive_link\">Produto Educacional<\/a><\/li>\n<\/ul>\n<p><em>K\u00e1tia Cilene Lopes dos Santos<\/em><\/p>\n<ul>\n<li><a href=\"http:\/\/tede.bc.uepb.edu.br\/jspui\/handle\/tede\/5163\">Disserta\u00e7\u00e3o<\/a> | <a href=\"https:\/\/drive.google.com\/drive\/folders\/1crQ9bRdGC9cUohWTDC1Zl7AHQPDe67TR?usp=drive_link\">Produto Educacional<\/a><\/li>\n<\/ul>\n<p><em>Mois\u00e9s Horus Andrade Sousa<\/em><\/p>\n<ul>\n<li><a href=\"http:\/\/tede.bc.uepb.edu.br\/jspui\/handle\/tede\/5155\">Disserta\u00e7\u00e3o<\/a> | <a href=\"https:\/\/drive.google.com\/drive\/folders\/14Am-VySlW9LgrmHOTLoeNWDahuuKdX7D?usp=drive_link\">Produto Educacional<\/a><\/li>\n<\/ul>\n<p><em>Rodiney Marcelo Braga dos Santos<\/em><\/p>\n<ul>\n<li>Disserta\u00e7\u00e3o | Produto Educacional ( <em><strong>Em breve estar\u00e1 dispon\u00edvel )<\/strong><\/em><\/li>\n<\/ul>\n<p><em>Sinara Pimentel Andrade da Rocha<\/em><\/p>\n<ul>\n<li><a href=\"http:\/\/tede.bc.uepb.edu.br\/jspui\/handle\/tede\/5156\">Disserta\u00e7\u00e3o<\/a> | <a href=\"https:\/\/drive.google.com\/drive\/folders\/1aPyanIpPC2mzd1S7iqM18VFKA60EGwqj?usp=drive_link\">Produto Educacional<\/a><\/li>\n<\/ul>\n<p>[\/vc_column_text][\/vc_tta_section][\/vc_tta_accordion][\/vc_column][\/vc_row]<\/p>\n<\/div>","protected":false},"excerpt":{"rendered":"<p>[vc_row][vc_column][vc_tta_accordion title_tag=&#8221;h3&#8243; section_title_tag=&#8221;h2&#8243; style=&#8221;modern&#8221; c_icon=&#8221;triangle&#8221; active_section=&#8221;&#8221; collapsible_all=&#8221;true&#8221;][vc_tta_section title=&#8221;2023&#8243; tab_id=&#8221;1756305515164-834bf616-a759&#8243;][vc_column_text css=&#8221;.vc_custom_1760454805879{margin-top: 20px !important;}&#8221;]Turma 2023.1 Aline Francisca de Alencar Montenegro Leal \u00a0Disserta\u00e7\u00e3o | Produto Educacional ( Em breve estar\u00e1 dispon\u00edvel ) Claudiana Ribeiro de Oliveira Disserta\u00e7\u00e3o | Produto Educacional Franklin Herminio Barbosa Disserta\u00e7\u00e3o | Produto educacional Gecica Coelho do Nascimento Oliveira Disserta\u00e7\u00e3o | Produto Educacional (Em breve <a class=\"leiamais\" href=\"https:\/\/pos-graduacao.uepb.edu.br\/profei\/dissertacoes-e-produtos-educacionais\/\">Leia Mais&#8230;<\/a><\/p>\n","protected":false},"author":80,"featured_media":0,"parent":0,"menu_order":0,"comment_status":"closed","ping_status":"closed","template":"","meta":{"footnotes":""},"class_list":["post-887","page","type-page","status-publish","hentry"],"_links":{"self":[{"href":"https:\/\/pos-graduacao.uepb.edu.br\/profei\/wp-json\/wp\/v2\/pages\/887","targetHints":{"allow":["GET"]}}],"collection":[{"href":"https:\/\/pos-graduacao.uepb.edu.br\/profei\/wp-json\/wp\/v2\/pages"}],"about":[{"href":"https:\/\/pos-graduacao.uepb.edu.br\/profei\/wp-json\/wp\/v2\/types\/page"}],"author":[{"embeddable":true,"href":"https:\/\/pos-graduacao.uepb.edu.br\/profei\/wp-json\/wp\/v2\/users\/80"}],"replies":[{"embeddable":true,"href":"https:\/\/pos-graduacao.uepb.edu.br\/profei\/wp-json\/wp\/v2\/comments?post=887"}],"version-history":[{"count":22,"href":"https:\/\/pos-graduacao.uepb.edu.br\/profei\/wp-json\/wp\/v2\/pages\/887\/revisions"}],"predecessor-version":[{"id":1161,"href":"https:\/\/pos-graduacao.uepb.edu.br\/profei\/wp-json\/wp\/v2\/pages\/887\/revisions\/1161"}],"wp:attachment":[{"href":"https:\/\/pos-graduacao.uepb.edu.br\/profei\/wp-json\/wp\/v2\/media?parent=887"}],"curies":[{"name":"wp","href":"https:\/\/api.w.org\/{rel}","templated":true}]}}