{"id":262,"date":"2022-10-27T21:00:54","date_gmt":"2022-10-28T00:00:54","guid":{"rendered":"https:\/\/pos-graduacao.uepb.edu.br\/profei\/?page_id=262"},"modified":"2026-03-14T14:45:34","modified_gmt":"2026-03-14T17:45:34","slug":"normas-e-regimentos-profei-uepb","status":"publish","type":"page","link":"https:\/\/pos-graduacao.uepb.edu.br\/profei\/normas-e-regimentos-profei-uepb\/","title":{"rendered":"Regulamentos\/Normas"},"content":{"rendered":"<div class=\"wpb-content-wrapper\"><p>[vc_row][vc_column][vc_tta_accordion active_section=&#8221;&#8221;][vc_tta_section title=&#8221;Instru\u00e7\u00f5es Normativas PROFEI&#8221; tab_id=&#8221;1773444190076-4c9c1578-2e2f&#8221;][vc_column_text css=&#8221;&#8221;]<span style=\"color: #000000\"><strong><a style=\"color: #000000\" href=\"https:\/\/pos-graduacao.uepb.edu.br\/profei\/download\/normas-para-concessao-de-bolsas-capes\/\">1. Instru\u00e7\u00e3o Normativa 01\/2020 &#8211; Concess\u00e3o de Bolsas CAPES<\/a><\/strong><\/span>[\/vc_column_text][vc_column_text css=&#8221;&#8221;]<span style=\"color: #000000\"><a style=\"color: #000000\" href=\"https:\/\/pos-graduacao.uepb.edu.br\/profei\/download\/instrucao-normativa-08-2021-profei\/\"><strong>2. Instru\u00e7\u00e3o Normativa 08\/2021 &#8211; Atualiza\u00e7\u00e3o\/Cadastro na Plataforma Sucupira<\/strong><\/a><\/span>[\/vc_column_text][vc_column_text css=&#8221;&#8221;]<span style=\"color: #000000\"><a style=\"color: #000000\" href=\"https:\/\/pos-graduacao.uepb.edu.br\/profei\/download\/instrucao-normativa-01-2022-profei\/\"><strong>3. Instru\u00e7\u00e3o Normativa 01\/2022 &#8211; Aproveitamento de cr\u00e9ditos de disciplina<\/strong><\/a><\/span>[\/vc_column_text][vc_column_text css=&#8221;&#8221;]<span style=\"color: #000000\"><a style=\"color: #000000\" href=\"https:\/\/pos-graduacao.uepb.edu.br\/profei\/download\/instrucao-normativa-02-2022-profei\/\"><strong>4. Instru\u00e7\u00e3o Normativa 02\/2022 &#8211;\u00a0 Indica\u00e7\u00e3o de um Coorientador<\/strong><\/a><\/span>[\/vc_column_text][vc_column_text css=&#8221;&#8221;]<span style=\"color: #000000\"><a style=\"color: #000000\" href=\"https:\/\/pos-graduacao.uepb.edu.br\/profei\/download\/instrucao-normativa-no-01-2023-profei\/\"><strong>5. Instru\u00e7\u00e3o Normativa 01\/2023 &#8211; Direitos Autorais<\/strong><\/a><\/span>[\/vc_column_text][vc_column_text css=&#8221;&#8221;]<span style=\"color: #000000\"><a style=\"color: #000000\" href=\"https:\/\/pos-graduacao.uepb.edu.br\/profei\/download\/instrucao-normativa-profei-n-01-de-26-de-junho-de-2024\/\"><strong>6. Instru\u00e7\u00e3o Normativa 01\/2024 &#8211; Qualifica\u00e7\u00e3o de Mestrado<\/strong><\/a><\/span>[\/vc_column_text][vc_column_text css=&#8221;&#8221;]<span style=\"color: #000000\"><a style=\"color: #000000\" href=\"https:\/\/pos-graduacao.uepb.edu.br\/profei\/download\/instrucao-normativa-profei-n-02-de-26-de-junho-de-2024\/\"><strong>7. Instru\u00e7\u00e3o Normativa 02\/2024 &#8211; Disserta\u00e7\u00e3o de Mestrado<\/strong><\/a><\/span>[\/vc_column_text][vc_column_text css=&#8221;&#8221;]<span style=\"color: #000000\"><a style=\"color: #000000\" href=\"https:\/\/pos-graduacao.uepb.edu.br\/profei\/download\/instrucao-normativa-profei-n-03-de-28-de-agosto-de-2024-alterada-em-25-de-fevereiro-de-2026\/\"><strong>8. Instru\u00e7\u00e3o Normativa 03\/2024 &#8211; Atividades Complementares<\/strong><\/a><\/span>[\/vc_column_text][vc_column_text css=&#8221;&#8221;]<span style=\"color: #000000\"><a style=\"color: #000000\" href=\"https:\/\/pos-graduacao.uepb.edu.br\/profei\/download\/instrucao-normativa-profei-n-04-de-28-de-agosto-de-2024\/\"><strong>9. Instru\u00e7\u00e3o Normativa 04\/2024 &#8211; Profici\u00eancia em L\u00edngua Estrangeira<\/strong><\/a><\/span>[\/vc_column_text][vc_column_text css=&#8221;&#8221;]<span style=\"color: #000000\"><a style=\"color: #000000\" href=\"https:\/\/pos-graduacao.uepb.edu.br\/profei\/download\/instrucao-normativa-n-05-2024-de-28-de-agosto-de-2024\/\"><strong>10. Instru\u00e7\u00e3o Normativa 05\/2024 &#8211; Credenciamento de Professores<\/strong><\/a><\/span>[\/vc_column_text][vc_column_text css=&#8221;&#8221;]<span style=\"color: #000000\"><a style=\"color: #000000\" href=\"https:\/\/pos-graduacao.uepb.edu.br\/profei\/download\/instrucao-normativa-no-06-2024-de-30-de-outubro-de-2024\/\"><strong>11. Instru\u00e7\u00e3o Normativa 06\/2024 &#8211; Disciplinas PROFEI<\/strong><\/a><\/span>[\/vc_column_text][vc_column_text css=&#8221;&#8221;]<span style=\"color: #000000\"><a style=\"color: #000000\" href=\"https:\/\/pos-graduacao.uepb.edu.br\/profei\/download\/instrucao-normativa-no-01-2025-de-26-de-fevereiro-de-2025\/\"><strong>12. Instru\u00e7\u00e3o Normativa 01\/2025 &#8211; Semin\u00e1rio de Pesquisa e de Extens\u00e3o<\/strong><\/a><\/span>[\/vc_column_text][vc_column_text css=&#8221;&#8221;]<span style=\"color: #000000\"><a style=\"color: #000000\" href=\"https:\/\/pos-graduacao.uepb.edu.br\/profei\/download\/instrucao-normativa-no-02-2025-de-28-de-maio-de-2025\/\"><strong>13. Instru\u00e7\u00e3o Normativa 02\/2025 &#8211; Aluno Especial<\/strong><\/a><\/span>[\/vc_column_text][vc_column_text css=&#8221;&#8221;]<span style=\"color: #000000\"><a style=\"color: #000000\" href=\"https:\/\/pos-graduacao.uepb.edu.br\/profei\/download\/instrucao-normativa-no-03-2025-de-27-agosto-de-2025\/\"><strong>14. Instru\u00e7\u00e3o Normativa n\u00ba 03\/2025 &#8211; Notas e Frequ\u00eancias<\/strong><\/a><\/span>[\/vc_column_text][\/vc_tta_section][vc_tta_section title=&#8221;Instru\u00e7\u00e3o Normativa UEPB&#8221; tab_id=&#8221;1773444396943-81e93c55-1eb3&#8243;][vc_column_text css=&#8221;&#8221;]<span style=\"color: #000000\"><a style=\"color: #000000\" href=\"https:\/\/pos-graduacao.uepb.edu.br\/profei\/download\/requerimento-geral-prpgp-profei-uepb\/\"><strong>Requerimento Geral &#8211; PRPGP-PROFEI\/UEPB<\/strong><\/a><\/span>[\/vc_column_text][\/vc_tta_section][vc_tta_section title=&#8221;Regimentos&#8221; tab_id=&#8221;1773444190085-1322d71c-6743&#8243;][vc_column_text css=&#8221;&#8221;]<span style=\"color: #000000\"><a style=\"color: #000000\" href=\"https:\/\/pos-graduacao.uepb.edu.br\/profei\/download\/resolucao-uepb-consepe-008-2023\/\"><strong>RESOLU\u00c7\u00c3O\/UEPB\/CONSEPE\/008\/2023 &#8211; Regimento Geral dos Programas de P\u00f3s-Gradua\u00e7\u00e3o <em>Stricto Sensu.<\/em><\/strong><\/a><\/span>[\/vc_column_text][\/vc_tta_section][vc_tta_section title=&#8221;Portarias&#8221; tab_id=&#8221;1773444508311-98bcc446-fce0&#8243;][vc_column_text][\/vc_column_text][\/vc_tta_section][\/vc_tta_accordion][\/vc_column][\/vc_row]<\/p>\n<\/div>","protected":false},"excerpt":{"rendered":"<p>[vc_row][vc_column][vc_tta_accordion active_section=&#8221;&#8221;][vc_tta_section title=&#8221;Instru\u00e7\u00f5es Normativas PROFEI&#8221; tab_id=&#8221;1773444190076-4c9c1578-2e2f&#8221;][vc_column_text css=&#8221;&#8221;]1. Instru\u00e7\u00e3o Normativa 01\/2020 &#8211; Concess\u00e3o de Bolsas CAPES[\/vc_column_text][vc_column_text css=&#8221;&#8221;]2. Instru\u00e7\u00e3o Normativa 08\/2021 &#8211; Atualiza\u00e7\u00e3o\/Cadastro na Plataforma Sucupira[\/vc_column_text][vc_column_text css=&#8221;&#8221;]3. Instru\u00e7\u00e3o Normativa 01\/2022 &#8211; Aproveitamento de cr\u00e9ditos de disciplina[\/vc_column_text][vc_column_text css=&#8221;&#8221;]4. Instru\u00e7\u00e3o Normativa 02\/2022 &#8211;\u00a0 Indica\u00e7\u00e3o de um Coorientador[\/vc_column_text][vc_column_text css=&#8221;&#8221;]5. Instru\u00e7\u00e3o Normativa 01\/2023 &#8211; Direitos Autorais[\/vc_column_text][vc_column_text css=&#8221;&#8221;]6. Instru\u00e7\u00e3o Normativa 01\/2024 &#8211; <a class=\"leiamais\" href=\"https:\/\/pos-graduacao.uepb.edu.br\/profei\/normas-e-regimentos-profei-uepb\/\">Leia Mais&#8230;<\/a><\/p>\n","protected":false},"author":66,"featured_media":0,"parent":0,"menu_order":0,"comment_status":"closed","ping_status":"closed","template":"","meta":{"footnotes":""},"class_list":["post-262","page","type-page","status-publish","hentry"],"_links":{"self":[{"href":"https:\/\/pos-graduacao.uepb.edu.br\/profei\/wp-json\/wp\/v2\/pages\/262","targetHints":{"allow":["GET"]}}],"collection":[{"href":"https:\/\/pos-graduacao.uepb.edu.br\/profei\/wp-json\/wp\/v2\/pages"}],"about":[{"href":"https:\/\/pos-graduacao.uepb.edu.br\/profei\/wp-json\/wp\/v2\/types\/page"}],"author":[{"embeddable":true,"href":"https:\/\/pos-graduacao.uepb.edu.br\/profei\/wp-json\/wp\/v2\/users\/66"}],"replies":[{"embeddable":true,"href":"https:\/\/pos-graduacao.uepb.edu.br\/profei\/wp-json\/wp\/v2\/comments?post=262"}],"version-history":[{"count":41,"href":"https:\/\/pos-graduacao.uepb.edu.br\/profei\/wp-json\/wp\/v2\/pages\/262\/revisions"}],"predecessor-version":[{"id":1208,"href":"https:\/\/pos-graduacao.uepb.edu.br\/profei\/wp-json\/wp\/v2\/pages\/262\/revisions\/1208"}],"wp:attachment":[{"href":"https:\/\/pos-graduacao.uepb.edu.br\/profei\/wp-json\/wp\/v2\/media?parent=262"}],"curies":[{"name":"wp","href":"https:\/\/api.w.org\/{rel}","templated":true}]}}