{"id":256,"date":"2022-10-27T20:17:24","date_gmt":"2022-10-27T23:17:24","guid":{"rendered":"https:\/\/pos-graduacao.uepb.edu.br\/profei\/?page_id=256"},"modified":"2026-03-14T14:59:52","modified_gmt":"2026-03-14T17:59:52","slug":"corpo-discente","status":"publish","type":"page","link":"https:\/\/pos-graduacao.uepb.edu.br\/profei\/corpo-docente\/corpo-discente\/","title":{"rendered":"Corpo Discente"},"content":{"rendered":"<div class=\"wpb-content-wrapper\"><p>[vc_row][vc_column][vc_tta_accordion][vc_tta_section title=&#8221;2026&#8243; tab_id=&#8221;1773510615930-e29aa080-3315&#8243;][vc_column_text]<span style=\"color: #000000\"><strong>Linha I: Educa\u00e7\u00e3o Especial na Perspectiva da Educa\u00e7\u00e3o Inclusiva<\/strong><\/span><\/p>\n<ol>\n<li><span style=\"color: #000000\">Cristiani Vieira Nunes<\/span><\/li>\n<li><span style=\"color: #000000\">Dayse Lucid Nascimento Souza<\/span><\/li>\n<li><span style=\"color: #000000\">Francisco Alberione Teixeira Torres<\/span><\/li>\n<li><span style=\"color: #000000\">Jose De Ribamar Bringel Filho<\/span><\/li>\n<li><span style=\"color: #000000\">Maria Graciete Da Silva Rodrigues<\/span><\/li>\n<li><span style=\"color: #000000\">Maria Roseane Alves Velez<\/span><\/li>\n<li><span style=\"color: #000000\">M\u00f4nica Cruz Britto<\/span><\/li>\n<li><span style=\"color: #000000\">Sebastiao Ramon Damiao De<\/span><\/li>\n<li><span style=\"color: #000000\">Shirley De Sousa Figueiredo Lima<\/span><\/li>\n<\/ol>\n<p><span style=\"color: #000000\"><strong>Linha II: Inova\u00e7\u00e3o Tecnol\u00f3gica e Tecnologia Assistiva<\/strong><\/span><\/p>\n<ol>\n<li><span style=\"color: #000000\">Bianca Guimaraes Nobrega Aires<\/span><\/li>\n<li><span style=\"color: #000000\">Caroline Gald\u00eancio Neves<\/span><\/li>\n<li><span style=\"color: #000000\">Danieres Francisco De Sousa<\/span><\/li>\n<li><span style=\"color: #000000\">Deborah Silva De Souza Da Cunha<\/span><\/li>\n<li><span style=\"color: #000000\">Janete Soares Da Costa<\/span><\/li>\n<li><span style=\"color: #000000\">Jordan Dos Santos Ferreira<\/span><\/li>\n<li><span style=\"color: #000000\">Kelvin Vinicius De Almeida Alves<\/span><\/li>\n<li><span style=\"color: #000000\">Francisco Evaristo de Matos<\/span><\/li>\n<li><span style=\"color: #000000\">Priscila Gouveia Soares<\/span><\/li>\n<\/ol>\n<p><span style=\"color: #000000\"><strong>Linha III: Pr\u00e1ticas e Processos Formativos de Educadores para a Educa\u00e7\u00e3o<\/strong><\/span><\/p>\n<ol>\n<li><span style=\"color: #000000\">Karla Regiane Vieira Costa<\/span><\/li>\n<li><span style=\"color: #000000\">Marinalva Fontes Henrique Farias<\/span><\/li>\n<li><span style=\"color: #000000\">Pollyanne Pereira Barros Silva<\/span><\/li>\n<li><span style=\"color: #000000\">Renata Da Silva Freitas Ara\u00fajo<\/span><\/li>\n<\/ol>\n<p>[\/vc_column_text][\/vc_tta_section][vc_tta_section title=&#8221;2025&#8243; tab_id=&#8221;1773510615939-06667251-2d10&#8243;][vc_column_text css=&#8221;&#8221;]<a href=\"http:\/\/lattes.cnpq.br\/4099643028830604\"><span style=\"font-weight: 400\"><strong>Fernanda Carolina do Carmo<\/strong><\/span><\/a><\/p>\n<p><strong><a href=\"http:\/\/lattes.cnpq.br\/7577944997939850\">Geilza Cardoso Da Silva Bezerra<\/a><\/strong><\/p>\n<p><strong><a href=\"http:\/\/lattes.cnpq.br\/3704339152806629\">Gisela Farias De Figueiredo Melo<\/a><\/strong><\/p>\n<p><strong><a href=\"http:\/\/lattes.cnpq.br\/9084060096353775\">H\u00e9llem Simone de Luna Borges<\/a><\/strong><\/p>\n<p><strong><a href=\"http:\/\/lattes.cnpq.br\/2892912678607375\">Heriverton de Sousa Marinho Soares<\/a><\/strong><\/p>\n<p><strong><a href=\"http:\/\/lattes.cnpq.br\/0054705804715402\">Josinaldo Maranh\u00e3o da Costa<\/a><\/strong><\/p>\n<p><strong><a href=\"http:\/\/lattes.cnpq.br\/2973709612128768\">Joyce Leite De Andrade Ramos<\/a><\/strong><\/p>\n<p><strong><a href=\"http:\/\/lattes.cnpq.br\/7713075138593904\">Karyne Medeiros Oliveira De Sousa<\/a><\/strong><\/p>\n<p><strong><a href=\"http:\/\/lattes.cnpq.br\/0174011161924207\">Liana Carla Ara\u00fajo De Maria<\/a><\/strong><\/p>\n<p><strong><a href=\"http:\/\/lattes.cnpq.br\/7457580290627185\">Mateus Alves Da Silva<\/a><\/strong><\/p>\n<p><strong><a href=\"http:\/\/lattes.cnpq.br\/1465208536181365\">Nayara Viturino dos Santos<\/a><\/strong><\/p>\n<p><strong><a href=\"http:\/\/lattes.cnpq.br\/1102861126270517\">Pablo Emanuel dos Santos<\/a><\/strong><\/p>\n<p><strong><a href=\"http:\/\/lattes.cnpq.br\/4499471250618389\">Tatiana Silva Brito Ferreira<\/a><\/strong><\/p>\n<p><strong><a href=\"http:\/\/lattes.cnpq.br\/7157608536683405\">Teresa Cristina da Silva Dias<\/a><\/strong><\/p>\n<p><strong><a href=\"http:\/\/lattes.cnpq.br\/2502819511305422\">Welita Gomes de Almeida<\/a><\/strong><\/p>\n<p><strong><a href=\"http:\/\/lattes.cnpq.br\/0368915322801697\">Wilson Xavier Barbosa<\/a><\/strong>[\/vc_column_text][\/vc_tta_section][vc_tta_section title=&#8221;2024&#8243; tab_id=&#8221;1773510641808-103364a6-033c&#8221;][vc_column_text css=&#8221;&#8221;]<a href=\"http:\/\/lattes.cnpq.br\/9075944156481139\">Djeine Pinheiro Rodrigues<\/a><\/p>\n<p><a href=\"http:\/\/lattes.cnpq.br\/7289295263759312\">Geruza Pereira de Sousa<\/a><\/p>\n<p><a href=\"http:\/\/lattes.cnpq.br\/2531226970431579\">Girnaldo Morais Braz Junior<\/a><\/p>\n<p><a href=\"http:\/\/lattes.cnpq.br\/7923614537624212\">Ingrid Marcelly Brito Medeiros<\/a><\/p>\n<p><a href=\"http:\/\/lattes.cnpq.br\/8235810104285858\">Ivana Clotilde Rizzi Advincula<\/a><\/p>\n<p><a href=\"http:\/\/lattes.cnpq.br\/3204327669158763\">Josley Maycon de Sousa N\u00f3brega<\/a><\/p>\n<p><a href=\"http:\/\/lattes.cnpq.br\/2116779875962242\">Laura Monique Araujo da Silva<\/a><\/p>\n<p><a href=\"http:\/\/lattes.cnpq.br\/8680697063502365\">Luzia D\u00e9bora Feitosa de Lima Barbosa<\/a><\/p>\n<p><a href=\"http:\/\/lattes.cnpq.br\/5731610457063367\">Rog\u00e9rio Rodrigues de Lima<\/a><\/p>\n<p><a href=\"http:\/\/lattes.cnpq.br\/6268836899737864\">Valdemi Pereira de Souza<\/a>[\/vc_column_text][\/vc_tta_section][vc_tta_section title=&#8221;2023&#8243; tab_id=&#8221;1773510656357-f37d13be-c572&#8243;][vc_column_text css=&#8221;&#8221;]<a href=\"http:\/\/lattes.cnpq.br\/0184541012918934\">Aline Francisca de Alencar Montenegro Leal<\/a><\/p>\n<p><a href=\"http:\/\/lattes.cnpq.br\/1555372320831650\">Claudiana Ribeiro de Oliveira<\/a><\/p>\n<p><a href=\"http:\/\/lattes.cnpq.br\/9820643287726370\">Franklin Herminio Barbosa<\/a><\/p>\n<p><a href=\"http:\/\/lattes.cnpq.br\/3410472505438345\">Gecica Coelho do Nascimento Oliveira<\/a><\/p>\n<p><a href=\"http:\/\/lattes.cnpq.br\/5736868427725714\">Irinaldo Caetano Marques<\/a><\/p>\n<p><a href=\"http:\/\/lattes.cnpq.br\/5190142700665725\">Jocilene Alves Barbosa<\/a><\/p>\n<p><a href=\"http:\/\/lattes.cnpq.br\/7228559707611673\">Maria de Fatima Alves da Silva Antao<\/a><\/p>\n<p><a href=\"http:\/\/lattes.cnpq.br\/5791302908821283\">Rosangela Garcia Pessoa<\/a>[\/vc_column_text][\/vc_tta_section][vc_tta_section title=&#8221;2022&#8243; tab_id=&#8221;1773510664392-0b5dbd59-a4da&#8221;][vc_column_text css=&#8221;&#8221;]<a href=\"http:\/\/lattes.cnpq.br\/7207152699054915\">Amanda Ferreira Barbosa<\/a><\/p>\n<p><a href=\"http:\/\/lattes.cnpq.br\/6944953802698203\">Elijane da Rocha Bezerra<\/a><\/p>\n<p><a href=\"http:\/\/lattes.cnpq.br\/9733978406680031\">J\u00e9ssica Maria Dornelas de Souza Marques<\/a><\/p>\n<p><a href=\"http:\/\/lattes.cnpq.br\/3556590562953715\">Kaline Oliveira Labas<\/a><\/p>\n<p><a href=\"http:\/\/lattes.cnpq.br\/6643954607395377\">K\u00e1tia Cilene Lopes dos Santos<\/a><\/p>\n<p><a href=\"http:\/\/lattes.cnpq.br\/8980687295998866\">Moises Horus Andrade Sousa<\/a><\/p>\n<p><a href=\"http:\/\/lattes.cnpq.br\/5342932489671373\">Rodiney Marcelo Braga dos Santos<\/a><\/p>\n<p><a href=\"http:\/\/lattes.cnpq.br\/0303267005272489\">Sinara Pimentel Andrade da Rocha<\/a>[\/vc_column_text][\/vc_tta_section][\/vc_tta_accordion][\/vc_column][\/vc_row]<\/p>\n<\/div>","protected":false},"excerpt":{"rendered":"<p>[vc_row][vc_column][vc_tta_accordion][vc_tta_section title=&#8221;2026&#8243; tab_id=&#8221;1773510615930-e29aa080-3315&#8243;][vc_column_text]Linha I: Educa\u00e7\u00e3o Especial na Perspectiva da Educa\u00e7\u00e3o Inclusiva Cristiani Vieira Nunes Dayse Lucid Nascimento Souza Francisco Alberione Teixeira Torres Jose De Ribamar Bringel Filho Maria Graciete Da Silva Rodrigues Maria Roseane Alves Velez M\u00f4nica Cruz Britto Sebastiao Ramon Damiao De Shirley De Sousa Figueiredo Lima Linha II: Inova\u00e7\u00e3o Tecnol\u00f3gica e Tecnologia Assistiva <a class=\"leiamais\" href=\"https:\/\/pos-graduacao.uepb.edu.br\/profei\/corpo-docente\/corpo-discente\/\">Leia Mais&#8230;<\/a><\/p>\n","protected":false},"author":66,"featured_media":0,"parent":24,"menu_order":0,"comment_status":"closed","ping_status":"closed","template":"","meta":{"footnotes":""},"class_list":["post-256","page","type-page","status-publish","hentry"],"_links":{"self":[{"href":"https:\/\/pos-graduacao.uepb.edu.br\/profei\/wp-json\/wp\/v2\/pages\/256","targetHints":{"allow":["GET"]}}],"collection":[{"href":"https:\/\/pos-graduacao.uepb.edu.br\/profei\/wp-json\/wp\/v2\/pages"}],"about":[{"href":"https:\/\/pos-graduacao.uepb.edu.br\/profei\/wp-json\/wp\/v2\/types\/page"}],"author":[{"embeddable":true,"href":"https:\/\/pos-graduacao.uepb.edu.br\/profei\/wp-json\/wp\/v2\/users\/66"}],"replies":[{"embeddable":true,"href":"https:\/\/pos-graduacao.uepb.edu.br\/profei\/wp-json\/wp\/v2\/comments?post=256"}],"version-history":[{"count":13,"href":"https:\/\/pos-graduacao.uepb.edu.br\/profei\/wp-json\/wp\/v2\/pages\/256\/revisions"}],"predecessor-version":[{"id":1211,"href":"https:\/\/pos-graduacao.uepb.edu.br\/profei\/wp-json\/wp\/v2\/pages\/256\/revisions\/1211"}],"up":[{"embeddable":true,"href":"https:\/\/pos-graduacao.uepb.edu.br\/profei\/wp-json\/wp\/v2\/pages\/24"}],"wp:attachment":[{"href":"https:\/\/pos-graduacao.uepb.edu.br\/profei\/wp-json\/wp\/v2\/media?parent=256"}],"curies":[{"name":"wp","href":"https:\/\/api.w.org\/{rel}","templated":true}]}}