{"id":15,"date":"2022-02-03T19:41:47","date_gmt":"2022-02-03T22:41:47","guid":{"rendered":"https:\/\/pos-graduacao.uepb.edu.br\/profei\/?page_id=15"},"modified":"2023-02-07T10:56:30","modified_gmt":"2023-02-07T13:56:30","slug":"estrutura-curricular","status":"publish","type":"page","link":"https:\/\/pos-graduacao.uepb.edu.br\/profei\/estrutura-curricular\/","title":{"rendered":"Estrutura Curricular"},"content":{"rendered":"<div class=\"wpb-content-wrapper\"><p>[vc_row][vc_column][vc_column_text]<strong>Obrigat\u00f3rias<\/strong><\/p>\n<ul>\n<li>Fundamentos e Pr\u00e1ticas de Educa\u00e7\u00e3o Inclusiva<\/li>\n<li>Inova\u00e7\u00e3o e TDIC na educa\u00e7\u00e3o<\/li>\n<li>Metodologia da Pesquisa Cientifica<\/li>\n<\/ul>\n<p><strong>Eletivas<\/strong><\/p>\n<ul>\n<li>Avalia\u00e7\u00e3o de pessoa com defici\u00eancia intelectual<\/li>\n<li>Braille: c\u00f3digo t\u00e1til de leitura e escrita<\/li>\n<li>Contextualiza\u00e7\u00e3o e conceito da defici\u00eancia auditiva\/surdez<\/li>\n<li>Contextualiza\u00e7\u00e3o e conceito da defici\u00eancia f\u00edsica<\/li>\n<li>Contextualiza\u00e7\u00e3o e conceito das altas habilidades\/superdota\u00e7\u00e3o<\/li>\n<li>Contextualiza\u00e7\u00e3o e conceito de Transtornos Globais do Desenvolvimento<\/li>\n<li>Contextualiza\u00e7\u00e3o e conceito da defici\u00eancia intelectual<\/li>\n<li>Defici\u00eancia e acesso ao ensino universit\u00e1rio<\/li>\n<li>Defici\u00eancia visual: conhecimento necess\u00e1rio para a pr\u00e1tica pedag\u00f3gica<\/li>\n<li>Desenvolvimento e aprendizagem da Libras (l\u00edngua brasileira de sinais)<\/li>\n<li>Desenvolvimento humano, sexualidade e fam\u00edlia<\/li>\n<li>Diversidade e cultura inclusiva<\/li>\n<li>Educa\u00e7\u00e3o,\u00a0 Trabalho e Envelhecimento da Pessoa com Defici\u00eancia<\/li>\n<li>Escolariza\u00e7\u00e3o do estudante com altas habilidades\/superdota\u00e7\u00e3o<\/li>\n<li>Gest\u00e3o democr\u00e1tica e projeto pedag\u00f3gico<\/li>\n<li>Ingresso e a perman\u00eancia dos EPAEE no ensino superior<\/li>\n<li>Legisla\u00e7\u00e3o, \u00e9tica e trabalho docente<\/li>\n<li>Lingu\u00edstica aplicada: forma\u00e7\u00e3o de professores e educa\u00e7\u00e3o inclusiva<\/li>\n<li>Plano de ensino individualizado e ensino colaborativo nas diferentes \u00e1reas da Educa\u00e7\u00e3o Especial<\/li>\n<li>Pol\u00edticas p\u00fablicas: Educa\u00e7\u00e3o Especial e Inclusiva<\/li>\n<li>Sorob\u00e3<\/li>\n<li>Tecnologia Assistiva: estrat\u00e9gias e recursos<\/li>\n<li>T\u00f3picos especiais: comunica\u00e7\u00e3o alternativa nos TGD<\/li>\n<li>T\u00f3picos espec\u00edficos: acessibilidade e desenho universal<\/li>\n<\/ul>\n<p>[\/vc_column_text][\/vc_column][\/vc_row]<\/p>\n<\/div>","protected":false},"excerpt":{"rendered":"<p>[vc_row][vc_column][vc_column_text]Obrigat\u00f3rias Fundamentos e Pr\u00e1ticas de Educa\u00e7\u00e3o Inclusiva Inova\u00e7\u00e3o e TDIC na educa\u00e7\u00e3o Metodologia da Pesquisa Cientifica Eletivas Avalia\u00e7\u00e3o de pessoa com defici\u00eancia intelectual Braille: c\u00f3digo t\u00e1til de leitura e escrita Contextualiza\u00e7\u00e3o e conceito da defici\u00eancia auditiva\/surdez Contextualiza\u00e7\u00e3o e conceito da defici\u00eancia f\u00edsica Contextualiza\u00e7\u00e3o e conceito das altas habilidades\/superdota\u00e7\u00e3o Contextualiza\u00e7\u00e3o e conceito de Transtornos Globais do <a class=\"leiamais\" href=\"https:\/\/pos-graduacao.uepb.edu.br\/profei\/estrutura-curricular\/\">Leia Mais&#8230;<\/a><\/p>\n","protected":false},"author":5,"featured_media":0,"parent":0,"menu_order":0,"comment_status":"closed","ping_status":"closed","template":"","meta":{"footnotes":""},"class_list":["post-15","page","type-page","status-publish","hentry"],"_links":{"self":[{"href":"https:\/\/pos-graduacao.uepb.edu.br\/profei\/wp-json\/wp\/v2\/pages\/15","targetHints":{"allow":["GET"]}}],"collection":[{"href":"https:\/\/pos-graduacao.uepb.edu.br\/profei\/wp-json\/wp\/v2\/pages"}],"about":[{"href":"https:\/\/pos-graduacao.uepb.edu.br\/profei\/wp-json\/wp\/v2\/types\/page"}],"author":[{"embeddable":true,"href":"https:\/\/pos-graduacao.uepb.edu.br\/profei\/wp-json\/wp\/v2\/users\/5"}],"replies":[{"embeddable":true,"href":"https:\/\/pos-graduacao.uepb.edu.br\/profei\/wp-json\/wp\/v2\/comments?post=15"}],"version-history":[{"count":4,"href":"https:\/\/pos-graduacao.uepb.edu.br\/profei\/wp-json\/wp\/v2\/pages\/15\/revisions"}],"predecessor-version":[{"id":345,"href":"https:\/\/pos-graduacao.uepb.edu.br\/profei\/wp-json\/wp\/v2\/pages\/15\/revisions\/345"}],"wp:attachment":[{"href":"https:\/\/pos-graduacao.uepb.edu.br\/profei\/wp-json\/wp\/v2\/media?parent=15"}],"curies":[{"name":"wp","href":"https:\/\/api.w.org\/{rel}","templated":true}]}}