{"id":807,"date":"2020-03-03T17:38:47","date_gmt":"2020-03-03T17:38:47","guid":{"rendered":"https:\/\/pos-graduacao.uepb.edu.br\/ppgss\/?page_id=807"},"modified":"2025-03-06T13:56:25","modified_gmt":"2025-03-06T13:56:25","slug":"dissertacoes","status":"publish","type":"page","link":"https:\/\/pos-graduacao.uepb.edu.br\/ppgss\/dissertacoes\/","title":{"rendered":"Disserta\u00e7\u00f5es"},"content":{"rendered":"<div class=\"wpb-content-wrapper\"><p>[vc_row][vc_column][vc_tta_accordion title_tag=&#8221;h3&#8243; section_title_tag=&#8221;h2&#8243; style=&#8221;modern&#8221; c_icon=&#8221;triangle&#8221; active_section=&#8221;&#8221; collapsible_all=&#8221;true&#8221;][vc_tta_section title=&#8221;2023&#8243; tab_id=&#8221;1717696724555-1b91ed17-600d&#8221;][vc_column_text]<\/p>\n<ul>\n<li>Ana Paula Viveiros Falc\u00e3o Almeida<\/li>\n<li>Anna Raquel Andrade Gonzaga<\/li>\n<li>Fiama de Castro Azevedo Dias<\/li>\n<li>J\u00e9ssica Rafaela Maciel Gomes<\/li>\n<li>Maria Eduarda Silva dos Santos<\/li>\n<li>Mikaele de V\u00e9ras Matias<\/li>\n<li>Ruth Ferreira Conserva Andrade<\/li>\n<li>Saimo Gabriel Mota de Souza<\/li>\n<li>Samara Raquel da Silva Costa<\/li>\n<\/ul>\n<p>[\/vc_column_text][\/vc_tta_section][vc_tta_section title=&#8221;2022&#8243; tab_id=&#8221;1717696782040-8dad3d17-f414&#8243;][vc_column_text css=&#8221;&#8221;]<\/p>\n<ul>\n<li><a href=\"http:\/\/tede.bc.uepb.edu.br\/jspui\/handle\/tede\/5120\">B\u00e1rbara Sabrina Pereira dos Santos<\/a><\/li>\n<li><a href=\"http:\/\/tede.bc.uepb.edu.br\/jspui\/handle\/tede\/5069\">Bruna Valeska Barros Silva<\/a><\/li>\n<li><a href=\"http:\/\/tede.bc.uepb.edu.br\/jspui\/handle\/tede\/5008\">Fl\u00e1via Cristina dos Santos Alves<\/a><\/li>\n<li>Gabriely Almeida de Sousa<\/li>\n<li>Iara Maysa Gon\u00e7alves de Brito<\/li>\n<li>Nataly Isabelle Pessoa da Silva Pinto<\/li>\n<li>Ravena de Farias<\/li>\n<li>Rita de C\u00e1ssia Larena Brand\u00e3o<\/li>\n<li><a href=\"http:\/\/tede.bc.uepb.edu.br\/jspui\/handle\/tede\/5015\">Rosa Maria Dias da Costa Santos<\/a><\/li>\n<li><a href=\"http:\/\/tede.bc.uepb.edu.br\/jspui\/handle\/tede\/5057\">S\u00e1skya Gon\u00e7alves de Lima<\/a><\/li>\n<li>Thayse Rayanne Brand\u00e3o Freire Oliveira (Deligada)<\/li>\n<li>Yane Carla Silva dos Santos<\/li>\n<\/ul>\n<p>[\/vc_column_text][\/vc_tta_section][vc_tta_section title=&#8221;2021&#8243; tab_id=&#8221;1717696781857-d375ea01-e58e&#8221;][vc_column_text css=&#8221;&#8221;]<\/p>\n<ul>\n<li><a href=\"http:\/\/tede.bc.uepb.edu.br\/jspui\/handle\/tede\/4810\">Ana Hort\u00eancia de Azevedo Medeiros<\/a><\/li>\n<li><a href=\"http:\/\/tede.bc.uepb.edu.br\/jspui\/handle\/tede\/4800\">Erielson Ferreira da Silva<\/a><\/li>\n<li><a href=\"http:\/\/tede.bc.uepb.edu.br\/jspui\/handle\/tede\/4869\">Francisco Alyson de Lima Silva<\/a><\/li>\n<li><a href=\"http:\/\/tede.bc.uepb.edu.br\/jspui\/handle\/tede\/4784\">G\u00e9ssica Alanne Claudino Valentim<\/a><\/li>\n<li><a href=\"http:\/\/tede.bc.uepb.edu.br\/jspui\/handle\/tede\/4613\">Jessika Cristina Silva Santos<\/a><\/li>\n<li><a href=\"http:\/\/tede.bc.uepb.edu.br\/jspui\/handle\/tede\/5114\">Jos\u00e9 Leandro Alves Ferreira<\/a><\/li>\n<li><a href=\"http:\/\/tede.bc.uepb.edu.br\/jspui\/handle\/tede\/4794\">Jousiele Ferreira Simpl\u00edcio de Oliveira<\/a><\/li>\n<li><a href=\"http:\/\/tede.bc.uepb.edu.br\/jspui\/handle\/tede\/4855\">Jussara Fernandes de Oliveira<\/a><\/li>\n<li><a href=\"http:\/\/tede.bc.uepb.edu.br\/jspui\/handle\/tede\/4647\">Kelly Alves de Souza<\/a><\/li>\n<li><a href=\"http:\/\/tede.bc.uepb.edu.br\/jspui\/handle\/tede\/5011\">Luciana Mickaelli King de Holanda<\/a><\/li>\n<li><a href=\"http:\/\/tede.bc.uepb.edu.br\/jspui\/handle\/tede\/5064\">Maria Al\u00e9xcia Michelle Ferreira de Lima de Souza<\/a><\/li>\n<li><a href=\"http:\/\/tede.bc.uepb.edu.br\/jspui\/handle\/tede\/4795\">Maria Helena Lima Costa<\/a><\/li>\n<li>Mayara Santos Brito<\/li>\n<li><a href=\"http:\/\/tede.bc.uepb.edu.br\/jspui\/handle\/tede\/4793\">Mayla Stella do Nascimento Ferreira<\/a><\/li>\n<li>Najila Larissa Martins Patr\u00edcio (Desligada)<\/li>\n<li><a href=\"http:\/\/tede.bc.uepb.edu.br\/jspui\/handle\/tede\/4785\">U\u00e9lma Alexandre do Nascimento<\/a><\/li>\n<\/ul>\n<p>[\/vc_column_text][\/vc_tta_section][vc_tta_section title=&#8221;2020&#8243; tab_id=&#8221;1717696781688-5d047734-fd6d&#8221;][vc_column_text css=&#8221;&#8221;]<\/p>\n<ul>\n<li><a href=\"http:\/\/tede.bc.uepb.edu.br\/jspui\/handle\/tede\/4634\">Dandara Emilly Silva Chagas<\/a><\/li>\n<li><a href=\"http:\/\/tede.bc.uepb.edu.br\/jspui\/handle\/tede\/4656\">G\u00e9ssica Tamires da Silva Anselmo<\/a><\/li>\n<li><a href=\"http:\/\/tede.bc.uepb.edu.br\/jspui\/handle\/tede\/4809\">Jussara de Melo Ferreira<\/a><\/li>\n<li><a href=\"http:\/\/tede.bc.uepb.edu.br\/jspui\/handle\/tede\/4603\">Magno da N\u00f3brega Lisboa<\/a><\/li>\n<li><a href=\"http:\/\/tede.bc.uepb.edu.br\/jspui\/handle\/tede\/4856\">Mairan Rangel Agra<\/a><\/li>\n<li><a href=\"http:\/\/tede.bc.uepb.edu.br\/jspui\/handle\/tede\/4607\">Maria Clara Ezequiel Bezerra<\/a><\/li>\n<li><a href=\"http:\/\/tede.bc.uepb.edu.br\/jspui\/handle\/tede\/4669\">Maria Dan\u00fabia Dantas de Carvalho<\/a><\/li>\n<li><a href=\"http:\/\/tede.bc.uepb.edu.br\/jspui\/handle\/tede\/4685\">Maria Geremias da Silva<\/a><\/li>\n<li><a href=\"http:\/\/tede.bc.uepb.edu.br\/jspui\/handle\/tede\/4801\">Maria Roberta Medeiros Angelim<\/a><\/li>\n<li>Patr\u00edcia da Silva Andrade<\/li>\n<li><a href=\"http:\/\/tede.bc.uepb.edu.br\/jspui\/handle\/tede\/4639\">Su\u00eania dos Santos Viana<\/a><\/li>\n<li><a href=\"http:\/\/tede.bc.uepb.edu.br\/jspui\/handle\/tede\/4686\">Wagner Ara\u00fajo<\/a><\/li>\n<li><a href=\"http:\/\/tede.bc.uepb.edu.br\/jspui\/handle\/tede\/4704\">Yanca Virg\u00ednia Ara\u00fajo Silva<\/a><\/li>\n<\/ul>\n<p><!--more-->[\/vc_column_text][\/vc_tta_section][vc_tta_section title=&#8221;2019&#8243; tab_id=&#8221;1717696781510-c328389f-6bd6&#8243;][vc_column_text]<\/p>\n<ul>\n<li><a href=\"http:\/\/tede.bc.uepb.edu.br\/jspui\/handle\/tede\/4359\">Ada\u00edres Eliane Dantas dos Santos<\/a><\/li>\n<li><a href=\"http:\/\/tede.bc.uepb.edu.br\/jspui\/handle\/tede\/3807\">Andr\u00e9 Monteiro Moraes<\/a><\/li>\n<li><a href=\"http:\/\/tede.bc.uepb.edu.br\/jspui\/handle\/tede\/4251\">Francisco Rivelino Oliveira Nascimento<\/a><\/li>\n<li><a href=\"http:\/\/tede.bc.uepb.edu.br\/jspui\/handle\/tede\/4133\">Jaidete Oliveira Correia<\/a><\/li>\n<li>Jessyca Belchior Bazante de Andrade<\/li>\n<li>Jessica Rafaela Maciel Gomes<\/li>\n<li><a href=\"http:\/\/tede.bc.uepb.edu.br\/jspui\/handle\/tede\/3810\">K\u00e9cia Vieira dos Santos<\/a><\/li>\n<li><a href=\"http:\/\/tede.bc.uepb.edu.br\/jspui\/handle\/tede\/3811\">Liliane Gomes de Abrantes Andrade<\/a><\/li>\n<li><a href=\"http:\/\/tede.bc.uepb.edu.br\/jspui\/handle\/tede\/4358\">Luciana Sousa Alves<\/a><\/li>\n<li><a href=\"http:\/\/tede.bc.uepb.edu.br\/jspui\/handle\/tede\/3804\">Neyde Jussara Gomes Abdala Rodrigues<\/a><\/li>\n<li><a href=\"http:\/\/tede.bc.uepb.edu.br\/jspui\/handle\/tede\/3809\">Tatiany Fernandes de Oliveira<\/a><\/li>\n<\/ul>\n<p>[\/vc_column_text][\/vc_tta_section][vc_tta_section title=&#8221;2018&#8243; tab_id=&#8221;1717696780395-06395190-7fa8&#8243;][vc_column_text]<\/p>\n<ul>\n<li><a href=\"http:\/\/tede.bc.uepb.edu.br\/jspui\/handle\/tede\/3768\">Doni\u00eago Ferreira de Lima<\/a><\/li>\n<li><a href=\"http:\/\/tede.bc.uepb.edu.br\/jspui\/handle\/tede\/3679\">Fabr\u00edcio Rodrigues da Silva<\/a><\/li>\n<li><a href=\"http:\/\/tede.bc.uepb.edu.br\/jspui\/handle\/tede\/3766\">Girlan Guedes dos Santos<\/a><\/li>\n<li><a href=\"http:\/\/tede.bc.uepb.edu.br\/jspui\/handle\/tede\/3769\">Glaucy de Sousa Santana<\/a><\/li>\n<li><a href=\"http:\/\/tede.bc.uepb.edu.br\/jspui\/handle\/tede\/3764\">Juliana Maria Ara\u00fajo de Sales<\/a><\/li>\n<li><a href=\"http:\/\/tede.bc.uepb.edu.br\/jspui\/handle\/tede\/3765\">Juliana Pereira Nunes<\/a><\/li>\n<li><a href=\"http:\/\/tede.bc.uepb.edu.br\/jspui\/handle\/tede\/3680\">N\u00edvea Maria Santos Souto Maior<\/a><\/li>\n<li><a href=\"http:\/\/tede.bc.uepb.edu.br\/jspui\/handle\/tede\/3770\">Rayssa K\u00e9ssia Eug\u00eania Rodrigues<\/a><\/li>\n<li><a href=\"http:\/\/tede.bc.uepb.edu.br\/jspui\/handle\/tede\/3676\">Rosiane Oliveira da Costa<\/a><\/li>\n<li><a href=\"http:\/\/tede.bc.uepb.edu.br\/jspui\/handle\/tede\/3767\">Thamyres Alves de Ara\u00fajo<\/a><\/li>\n<li><a href=\"http:\/\/tede.bc.uepb.edu.br\/jspui\/handle\/tede\/3800\">Thayse Ariane Pereira de Souza<\/a><\/li>\n<\/ul>\n<p>[\/vc_column_text][\/vc_tta_section][vc_tta_section title=&#8221;2017&#8243; tab_id=&#8221;1717696724564-6b87316f-18be&#8221;][vc_column_text]<\/p>\n<ul>\n<li>Ana Teresa Camilo Duarte<\/li>\n<li><a href=\"http:\/\/tede.bc.uepb.edu.br\/jspui\/handle\/tede\/3753\">Berenice Lira da Silva<\/a><\/li>\n<li><a href=\"http:\/\/tede.bc.uepb.edu.br\/jspui\/handle\/tede\/3581\">Dassaelly de Souza Ara\u00fajo<\/a><\/li>\n<li>Edna Medeiros do Nascimento<\/li>\n<li><a href=\"http:\/\/tede.bc.uepb.edu.br\/jspui\/handle\/tede\/4431\">Elinadja Fons\u00eaca Silva<\/a><\/li>\n<li><a href=\"http:\/\/tede.bc.uepb.edu.br\/jspui\/handle\/tede\/3538\">Gutierrez Alves L\u00f4bo<\/a><\/li>\n<li><a href=\"http:\/\/tede.bc.uepb.edu.br\/jspui\/handle\/tede\/3754\">Jacykelly Renata Fran\u00e7a de Oliveira<\/a><\/li>\n<li>J\u00e9fitha Kaliny dos Santos Silva<\/li>\n<li><a href=\"http:\/\/tede.bc.uepb.edu.br\/jspui\/handle\/tede\/3752\">Liliane Santos Tobias<\/a><\/li>\n<li>Maria Josel\u00ed de Souza Silva<\/li>\n<li><a href=\"http:\/\/tede.bc.uepb.edu.br\/jspui\/handle\/tede\/3750\">Nataly Barros Pereira<\/a><\/li>\n<li><a href=\"http:\/\/tede.bc.uepb.edu.br\/jspui\/handle\/tede\/3751\">Salom\u00e9 Margot Melo Ferreira<\/a><\/li>\n<li><a href=\"http:\/\/tede.bc.uepb.edu.br\/jspui\/handle\/tede\/3582\">Sayonara Santos Andrade<\/a><\/li>\n<\/ul>\n<p>[\/vc_column_text][\/vc_tta_section][vc_tta_section title=&#8221;2016&#8243; tab_id=&#8221;1717696831366-f7eaef30-2bcf&#8221;][vc_column_text]<\/p>\n<ul>\n<li><a href=\"http:\/\/tede.bc.uepb.edu.br\/jspui\/handle\/tede\/3580\">Alexandra Bonifacio Xavier<\/a><\/li>\n<li><a href=\"http:\/\/tede.bc.uepb.edu.br\/jspui\/handle\/tede\/3365\">Jaqueline Avelino das Merc\u00eas Barbosa<\/a><\/li>\n<li><a href=\"http:\/\/tede.bc.uepb.edu.br\/jspui\/handle\/tede\/3575\">Mayara Duarte Silva<\/a><\/li>\n<li><a href=\"http:\/\/tede.bc.uepb.edu.br\/jspui\/handle\/tede\/3583\">Milca Oliveira Clementino<\/a><\/li>\n<li><a href=\"http:\/\/tede.bc.uepb.edu.br\/jspui\/handle\/tede\/3576\">Nathalya Cristina Ribeiro Trigueiro<\/a><\/li>\n<\/ul>\n<p>[\/vc_column_text][\/vc_tta_section][vc_tta_section title=&#8221;2015&#8243; tab_id=&#8221;1717696839390-a3afd3b1-f30f&#8221;][vc_column_text]<\/p>\n<ul>\n<li><a href=\"http:\/\/tede.bc.uepb.edu.br\/jspui\/handle\/tede\/2920\">Alcione Ferreira da Silva<\/a><\/li>\n<li><a href=\"http:\/\/tede.bc.uepb.edu.br\/jspui\/handle\/tede\/2921\">Franciele da Silva Santos<\/a><\/li>\n<li><a href=\"http:\/\/tede.bc.uepb.edu.br\/jspui\/handle\/tede\/2991\">Kivania Karla da Silva Albuquerque Cunha<\/a><\/li>\n<li><a href=\"http:\/\/tede.bc.uepb.edu.br\/jspui\/handle\/tede\/2956\">Larissa Martins de Almeida<\/a><\/li>\n<li><a href=\"http:\/\/tede.bc.uepb.edu.br\/jspui\/handle\/tede\/3578\">Leidiane Torres Sales<\/a><\/li>\n<li><a href=\"http:\/\/tede.bc.uepb.edu.br\/jspui\/handle\/tede\/2922\">Liane Soraya Viana da Silva<\/a><\/li>\n<li><a href=\"http:\/\/tede.bc.uepb.edu.br\/jspui\/handle\/tede\/2939\">Marcelo Ricardo Batista da Silva<\/a><\/li>\n<li><a href=\"http:\/\/tede.bc.uepb.edu.br\/jspui\/handle\/tede\/3314\">Paloma R\u00e1vylla de Miranda Lima<\/a><\/li>\n<li><a href=\"http:\/\/tede.bc.uepb.edu.br\/jspui\/handle\/tede\/3574\">Roseane da Silva Sousa<\/a><\/li>\n<\/ul>\n<p>[\/vc_column_text][\/vc_tta_section][vc_tta_section title=&#8221;2014&#8243; tab_id=&#8221;1717696851825-3915d0d0-5587&#8243;][vc_column_text]<\/p>\n<ul>\n<li><a href=\"http:\/\/tede.bc.uepb.edu.br\/jspui\/handle\/tede\/2867\">Christiano das Neves Viana Amorim<\/a><\/li>\n<li><a href=\"http:\/\/tede.bc.uepb.edu.br\/jspui\/handle\/tede\/2846\">Ednaldo da Costa Braz<\/a><\/li>\n<li>Eliz\u00e2ngela Samara da Silva<\/li>\n<li><a href=\"http:\/\/tede.bc.uepb.edu.br\/jspui\/handle\/tede\/2870\">Fernanda Gomes Mattos<\/a><\/li>\n<li><a href=\"http:\/\/tede.bc.uepb.edu.br\/jspui\/handle\/tede\/2869\">Jakeline Bezerra Juventino<\/a><\/li>\n<li><a href=\"http:\/\/tede.bc.uepb.edu.br\/jspui\/handle\/tede\/2893\">Jos\u00e9 Whellison Brito dos Santos<\/a><\/li>\n<li><a href=\"http:\/\/tede.bc.uepb.edu.br\/jspui\/handle\/tede\/3577\">Josilene Maria de Oliveira<\/a><\/li>\n<li><a href=\"http:\/\/tede.bc.uepb.edu.br\/jspui\/handle\/tede\/2901\">Juliana Alexandre da Silva<\/a><\/li>\n<li><a href=\"http:\/\/tede.bc.uepb.edu.br\/jspui\/handle\/tede\/3246\">Maria Tereza de \u00c1vila Melo<\/a><\/li>\n<li><a href=\"http:\/\/tede.bc.uepb.edu.br\/jspui\/handle\/tede\/2998\">Marina Torres Costa Lima<\/a><\/li>\n<li><a href=\"http:\/\/tede.bc.uepb.edu.br\/jspui\/handle\/tede\/2923\">Viviane Guedes Gon\u00e7alves de Moura<\/a><\/li>\n<\/ul>\n<p>[\/vc_column_text][\/vc_tta_section][vc_tta_section title=&#8221;2013&#8243; tab_id=&#8221;1717696862900-77e93c5e-8ff4&#8243;][vc_column_text]<\/p>\n<ul>\n<li><a href=\"http:\/\/tede.bc.uepb.edu.br\/jspui\/handle\/tede\/2885\">Ana Paula Ferreira Agapito<\/a><\/li>\n<li><a href=\"http:\/\/tede.bc.uepb.edu.br\/jspui\/handle\/tede\/2866\">Cleonice Evellyn Oliveira Lima<\/a><\/li>\n<li><a href=\"http:\/\/tede.bc.uepb.edu.br\/jspui\/handle\/tede\/2897\">Francisca Rikaely Luciano da Silva<\/a><\/li>\n<li><a href=\"http:\/\/tede.bc.uepb.edu.br\/jspui\/handle\/tede\/2896\">Glaucia Maria de Oliveira Carvalho<\/a><\/li>\n<li><a href=\"http:\/\/tede.bc.uepb.edu.br\/jspui\/handle\/tede\/2886\">J\u00falia de Arruda Rodrigues<\/a><\/li>\n<li><a href=\"http:\/\/tede.bc.uepb.edu.br\/jspui\/handle\/tede\/2887\">Juliana Kelly Dantas da Silva<\/a><\/li>\n<li><a href=\"http:\/\/tede.bc.uepb.edu.br\/jspui\/handle\/tede\/2889\">Karolayne Germana\u00a0 Leal e Silva<\/a><\/li>\n<li><a href=\"http:\/\/tede.bc.uepb.edu.br\/jspui\/handle\/tede\/2890\">Karolayne Ribeiro de Goes<\/a><\/li>\n<li><a href=\"http:\/\/tede.bc.uepb.edu.br\/jspui\/handle\/tede\/2894\">Mary Help\u00a0 Ibiapina Alves<\/a><\/li>\n<li><a href=\"http:\/\/tede.bc.uepb.edu.br\/jspui\/handle\/tede\/2868\">Mayewe Elyenia Alves dos Santos<\/a><\/li>\n<li><a href=\"http:\/\/tede.bc.uepb.edu.br\/jspui\/handle\/tede\/2888\">Priscilla Brand\u00e3o de Medeiros<\/a><\/li>\n<li><a href=\"http:\/\/tede.bc.uepb.edu.br\/jspui\/handle\/tede\/2895\">Rob\u00e9rio Davi Borges Cunha<\/a><\/li>\n<\/ul>\n<p>[\/vc_column_text][\/vc_tta_section][\/vc_tta_accordion][\/vc_column][\/vc_row]<\/p>\n<\/div>","protected":false},"excerpt":{"rendered":"<p>[vc_row][vc_column][vc_tta_accordion title_tag=&#8221;h3&#8243; section_title_tag=&#8221;h2&#8243; style=&#8221;modern&#8221; c_icon=&#8221;triangle&#8221; active_section=&#8221;&#8221; collapsible_all=&#8221;true&#8221;][vc_tta_section title=&#8221;2023&#8243; tab_id=&#8221;1717696724555-1b91ed17-600d&#8221;][vc_column_text] Ana Paula Viveiros Falc\u00e3o Almeida Anna Raquel Andrade Gonzaga Fiama de Castro Azevedo Dias J\u00e9ssica Rafaela Maciel Gomes Maria Eduarda Silva dos Santos Mikaele de V\u00e9ras Matias Ruth Ferreira Conserva Andrade Saimo Gabriel Mota de Souza Samara Raquel da Silva Costa [\/vc_column_text][\/vc_tta_section][vc_tta_section title=&#8221;2022&#8243; tab_id=&#8221;1717696782040-8dad3d17-f414&#8243;][vc_column_text css=&#8221;&#8221;] B\u00e1rbara <a class=\"leiamais\" href=\"https:\/\/pos-graduacao.uepb.edu.br\/ppgss\/dissertacoes\/\">Leia Mais&#8230;<\/a><\/p>\n","protected":false},"author":57,"featured_media":0,"parent":0,"menu_order":0,"comment_status":"closed","ping_status":"closed","template":"","meta":{"footnotes":""},"class_list":["post-807","page","type-page","status-publish","hentry"],"_links":{"self":[{"href":"https:\/\/pos-graduacao.uepb.edu.br\/ppgss\/wp-json\/wp\/v2\/pages\/807","targetHints":{"allow":["GET"]}}],"collection":[{"href":"https:\/\/pos-graduacao.uepb.edu.br\/ppgss\/wp-json\/wp\/v2\/pages"}],"about":[{"href":"https:\/\/pos-graduacao.uepb.edu.br\/ppgss\/wp-json\/wp\/v2\/types\/page"}],"author":[{"embeddable":true,"href":"https:\/\/pos-graduacao.uepb.edu.br\/ppgss\/wp-json\/wp\/v2\/users\/57"}],"replies":[{"embeddable":true,"href":"https:\/\/pos-graduacao.uepb.edu.br\/ppgss\/wp-json\/wp\/v2\/comments?post=807"}],"version-history":[{"count":44,"href":"https:\/\/pos-graduacao.uepb.edu.br\/ppgss\/wp-json\/wp\/v2\/pages\/807\/revisions"}],"predecessor-version":[{"id":3091,"href":"https:\/\/pos-graduacao.uepb.edu.br\/ppgss\/wp-json\/wp\/v2\/pages\/807\/revisions\/3091"}],"wp:attachment":[{"href":"https:\/\/pos-graduacao.uepb.edu.br\/ppgss\/wp-json\/wp\/v2\/media?parent=807"}],"curies":[{"name":"wp","href":"https:\/\/api.w.org\/{rel}","templated":true}]}}