{"id":8,"date":"2012-08-28T14:24:57","date_gmt":"2012-08-28T14:24:57","guid":{"rendered":"http:\/\/pos-graduacao.ascom.uepb.edu.br\/ppgs\/?page_id=8"},"modified":"2013-09-05T12:30:25","modified_gmt":"2013-09-05T12:30:25","slug":"objetivos-do-curso","status":"publish","type":"page","link":"https:\/\/pos-graduacao.uepb.edu.br\/ppgss\/objetivos-do-curso\/","title":{"rendered":"Objetivos do Curso"},"content":{"rendered":"<p>O PPGSS da Universidade Estadual da Para\u00edba tem por finalidade desenvolver e aprofundar a forma\u00e7\u00e3o adquirida nos cursos de gradua\u00e7\u00e3o e a forma\u00e7\u00e3o de pesquisadores de alto n\u00edvel para atuarem em Institui\u00e7\u00f5es de ensino superior e\/ou junto a \u00f3rg\u00e3os p\u00fablicos e privados.<\/p>\n<p><strong>Objetivos gerais<\/strong>:<\/p>\n<ul>\n<li>formar pessoal qualificado para o exerc\u00edcio da pesquisa e para o exerc\u00edcio do magist\u00e9rio superior em Servi\u00e7o Social e \u00e1reas afins;<\/li>\n<li>formar pesquisadores e docentes que atendam qualitativa e quantitativamente \u00e0 expans\u00e3o da interioriza\u00e7\u00e3o do ensino de Servi\u00e7o Social na regi\u00e3o nordeste e particularmente na Para\u00edba;<\/li>\n<li>preparar pesquisadores que desenvolvam conhecimentos relativos \u00e0 realidade social e \u00e0s exig\u00eancias de interven\u00e7\u00e3o nessa realidade;<\/li>\n<li>formar especialistas em Servi\u00e7o Social que possam contribuir para a formula\u00e7\u00e3o, implementa\u00e7\u00e3o, monitoramento e avalia\u00e7\u00e3o das pol\u00edticas sociais, tanto em \u00f3rg\u00e3os p\u00fablicos como privados.<\/li>\n<\/ul>\n","protected":false},"excerpt":{"rendered":"<p>O PPGSS da Universidade Estadual da Para\u00edba tem por finalidade desenvolver e aprofundar a forma\u00e7\u00e3o adquirida nos cursos de gradua\u00e7\u00e3o e a forma\u00e7\u00e3o de pesquisadores de alto n\u00edvel para atuarem em Institui\u00e7\u00f5es de ensino superior e\/ou junto a \u00f3rg\u00e3os p\u00fablicos e privados. Objetivos gerais: formar pessoal qualificado para o exerc\u00edcio da pesquisa e para o <a class=\"leiamais\" href=\"https:\/\/pos-graduacao.uepb.edu.br\/ppgss\/objetivos-do-curso\/\">Leia Mais&#8230;<\/a><\/p>\n","protected":false},"author":5,"featured_media":0,"parent":0,"menu_order":0,"comment_status":"open","ping_status":"open","template":"","meta":{"footnotes":""},"class_list":["post-8","page","type-page","status-publish","hentry"],"_links":{"self":[{"href":"https:\/\/pos-graduacao.uepb.edu.br\/ppgss\/wp-json\/wp\/v2\/pages\/8","targetHints":{"allow":["GET"]}}],"collection":[{"href":"https:\/\/pos-graduacao.uepb.edu.br\/ppgss\/wp-json\/wp\/v2\/pages"}],"about":[{"href":"https:\/\/pos-graduacao.uepb.edu.br\/ppgss\/wp-json\/wp\/v2\/types\/page"}],"author":[{"embeddable":true,"href":"https:\/\/pos-graduacao.uepb.edu.br\/ppgss\/wp-json\/wp\/v2\/users\/5"}],"replies":[{"embeddable":true,"href":"https:\/\/pos-graduacao.uepb.edu.br\/ppgss\/wp-json\/wp\/v2\/comments?post=8"}],"version-history":[{"count":4,"href":"https:\/\/pos-graduacao.uepb.edu.br\/ppgss\/wp-json\/wp\/v2\/pages\/8\/revisions"}],"predecessor-version":[{"id":126,"href":"https:\/\/pos-graduacao.uepb.edu.br\/ppgss\/wp-json\/wp\/v2\/pages\/8\/revisions\/126"}],"wp:attachment":[{"href":"https:\/\/pos-graduacao.uepb.edu.br\/ppgss\/wp-json\/wp\/v2\/media?parent=8"}],"curies":[{"name":"wp","href":"https:\/\/api.w.org\/{rel}","templated":true}]}}