{"id":202,"date":"2013-10-09T14:49:46","date_gmt":"2013-10-09T14:49:46","guid":{"rendered":"\/ppgss\/?page_id=202"},"modified":"2025-03-06T13:07:18","modified_gmt":"2025-03-06T13:07:18","slug":"turmas","status":"publish","type":"page","link":"https:\/\/pos-graduacao.uepb.edu.br\/ppgss\/turmas\/","title":{"rendered":"Turmas"},"content":{"rendered":"<div class=\"wpb-content-wrapper\"><p>[vc_row][vc_column][vc_tta_accordion title_tag=&#8221;h3&#8243; section_title_tag=&#8221;h2&#8243; style=&#8221;modern&#8221; c_icon=&#8221;triangle&#8221; active_section=&#8221;&#8221; collapsible_all=&#8221;true&#8221;][vc_tta_section title=&#8221;2024&#8243; tab_id=&#8221;1741265376536-d97cc731-58ad&#8221;][vc_column_text css=&#8221;&#8221;]<\/p>\n<ul>\n<li><a href=\"http:\/\/lattes.cnpq.br\/3361240619249493\">Alyne Cristiane Silva Ara\u00fajo<\/a><\/li>\n<li><a href=\"http:\/\/lattes.cnpq.br\/5226240738271308\">Ana Cec\u00edlia Siqueira de Ara\u00fajo Borba<\/a><\/li>\n<li><a href=\"http:\/\/lattes.cnpq.br\/2845263382434835\">Geovanya Sonally Ara\u00fajo de Oliveira<\/a><\/li>\n<li><a href=\"http:\/\/lattes.cnpq.br\/7245022308792616\">Karla Queiroz do Nascimento<\/a><\/li>\n<li><a href=\"http:\/\/lattes.cnpq.br\/8594285132604948\">Luiz Carlos da Costa Braga J\u00fanior<\/a><\/li>\n<li><a href=\"http:\/\/lattes.cnpq.br\/1340070447585639\">Marcones da Silva Nascimento<\/a><\/li>\n<li><a href=\"http:\/\/lattes.cnpq.br\/4876833208272695\">Maria Isabel Soares Barros<\/a><\/li>\n<li><a href=\"http:\/\/lattes.cnpq.br\/0117479072342698\">Maria Niegia Louren\u00e7o da Silva<\/a><\/li>\n<li><a href=\"http:\/\/lattes.cnpq.br\/6204588473454682\">Marklit\u00e2nya Rodrigues Barboza Rem\u00edgio<\/a><\/li>\n<li><a href=\"http:\/\/lattes.cnpq.br\/0791350610648396\">Samuel Lopes dos Santos<\/a><\/li>\n<li><a href=\"http:\/\/lattes.cnpq.br\/9481850458036380\">Sandriely Maria Oliveira Silva<\/a><\/li>\n<li><a href=\"http:\/\/lattes.cnpq.br\/9417139600557146\">Stefanny Beserra Nunes<\/a><\/li>\n<li><a href=\"http:\/\/lattes.cnpq.br\/8827602192440876\">Tain\u00e1 da Silva Barbosa<\/a><\/li>\n<\/ul>\n<p>[\/vc_column_text][\/vc_tta_section][vc_tta_section title=&#8221;2023&#8243; tab_id=&#8221;1717011060854-2804e0bb-4b5a&#8221;][vc_column_text]<\/p>\n<ul>\n<li><a href=\"http:\/\/lattes.cnpq.br\/7105216719829099\">Ana Paula Viveiros Falc\u00e3o Almeida<\/a><\/li>\n<li><a href=\"http:\/\/lattes.cnpq.br\/9361839787230437\">Anna Raquel Andrade Gonzaga<\/a><\/li>\n<li><a href=\"http:\/\/lattes.cnpq.br\/5059920195384321\">Fiama de Castro Azevedo Dias<\/a><\/li>\n<li><a href=\"http:\/\/lattes.cnpq.br\/1257733666488556\">J\u00e9ssica Rafaela Maciel Gomes<\/a><\/li>\n<li><a href=\"http:\/\/lattes.cnpq.br\/2017975773422462\">Maria Eduarda Silva dos Santos<\/a><\/li>\n<li><a href=\"http:\/\/lattes.cnpq.br\/8416410136556778\">Mikaele de V\u00e9ras Matias<\/a><\/li>\n<li><a href=\"http:\/\/lattes.cnpq.br\/0474484194033821\">Ruth Ferreira Conserva Andrade<\/a><\/li>\n<li><a href=\"http:\/\/lattes.cnpq.br\/5194148667119000\">Saimo Gabriel Mota de Souza<\/a><\/li>\n<li><a href=\"http:\/\/lattes.cnpq.br\/6738444535709911\">Samara Raquel da Silva<\/a><\/li>\n<\/ul>\n<p>[\/vc_column_text][\/vc_tta_section][vc_tta_section title=&#8221;2022&#8243; tab_id=&#8221;1717011060873-c487ecd6-ae37&#8243;][vc_column_text]<\/p>\n<ul>\n<li><a href=\"http:\/\/lattes.cnpq.br\/0992317232590790\">B\u00e1rbara Sabrina Pereira dos Santos Mendon\u00e7a<\/a><\/li>\n<li><a href=\"http:\/\/lattes.cnpq.br\/2912859451629649\">Bruna Valeska Barros Silva<\/a><\/li>\n<li><a href=\"http:\/\/lattes.cnpq.br\/0486040535519031\">Fl\u00e1via Cristina dos Santos Alves<\/a><\/li>\n<li><a href=\"http:\/\/lattes.cnpq.br\/8466866605513394\">Gabriely Almeida de Sousa<\/a><\/li>\n<li><a href=\"http:\/\/lattes.cnpq.br\/4320163115555595\">Iara Maysa Gon\u00e7alves de Brito<\/a><\/li>\n<li><a href=\"http:\/\/lattes.cnpq.br\/4330284430333884\">Jos\u00e9 Auricio Lopes Ara\u00fajo<\/a><\/li>\n<li><a href=\"http:\/\/lattes.cnpq.br\/1574476355945070\">Nataly Isabelle Pessoa da Silva Pinto<\/a><\/li>\n<li><a href=\"http:\/\/lattes.cnpq.br\/8299967547616959\">Ravena de Farias<\/a><\/li>\n<li><a href=\"http:\/\/lattes.cnpq.br\/9007584501281817\">Rita de C\u00e1ssia Larena Brand\u00e3o<\/a><\/li>\n<li><a href=\"http:\/\/lattes.cnpq.br\/1671078187443988\">Rosa Maria Dias da Costa Santos<\/a><\/li>\n<li><a href=\"http:\/\/lattes.cnpq.br\/1876808784341485\">S\u00e1skya Gon\u00e7alves de Lima<\/a><\/li>\n<li><a href=\"http:\/\/lattes.cnpq.br\/7288787273848311\">Thayse Rayanne Brand\u00e3o Freire de Oliveira<\/a><\/li>\n<li><a href=\"http:\/\/lattes.cnpq.br\/9995022475295950\">Yane Carla Silva dos Santos<\/a><\/li>\n<\/ul>\n<p>[\/vc_column_text][\/vc_tta_section][vc_tta_section title=&#8221;2021&#8243; tab_id=&#8221;1717011119962-5eac8dc7-ee20&#8243;][vc_column_text]<\/p>\n<ul>\n<li><a href=\"http:\/\/lattes.cnpq.br\/0084801032223304\">Ana Hort\u00eancia de Azevedo Medeiros<\/a><\/li>\n<li><a href=\"http:\/\/lattes.cnpq.br\/9723734238581518\">Erielson Ferreira da Silva<\/a><\/li>\n<li><a href=\"http:\/\/lattes.cnpq.br\/6422946871266568\">Francisco Alyson de Lima Silva<\/a><\/li>\n<li><a href=\"http:\/\/lattes.cnpq.br\/2794616142430528\">G\u00e9ssica Alanne Claudino Valentim<\/a><\/li>\n<li><a href=\"http:\/\/lattes.cnpq.br\/6872283486342210\">Jessika Cristina Silva Santos<\/a><\/li>\n<li><a href=\"http:\/\/lattes.cnpq.br\/2836267610137491\">Jos\u00e9 Leandro Alves Ferreira<\/a><\/li>\n<li><a href=\"http:\/\/lattes.cnpq.br\/9644820245893813\">Jousiele Ferreira Simpl\u00edcio de Oliveira<\/a><\/li>\n<li><a href=\"http:\/\/lattes.cnpq.br\/1734002998655474\">Jussara Fernandes de Oliveira<\/a><\/li>\n<li><a href=\"http:\/\/lattes.cnpq.br\/2493741000572011\">Kelly Alves de Souza<\/a><\/li>\n<li><a href=\"http:\/\/lattes.cnpq.br\/0667554410233477\">Luciana Mickaelli King<\/a><\/li>\n<li><a href=\"http:\/\/lattes.cnpq.br\/7641079224232887\">Maria Al\u00e9xcia Michelle Ferreira de Lima<\/a><\/li>\n<li><a href=\"http:\/\/lattes.cnpq.br\/3946963892907311\">Maria Helena Lima Costa<\/a><\/li>\n<li><a href=\"http:\/\/lattes.cnpq.br\/2226052507818541\">Mayara Santos Brito<\/a><\/li>\n<li><a href=\"http:\/\/lattes.cnpq.br\/4323397667965640\">Mayla Stella do Nascimento Ferreira<\/a><\/li>\n<li><a href=\"http:\/\/lattes.cnpq.br\/4796396626493332\">Najila Larissa Martins Patr\u00edcio<\/a><\/li>\n<li><a href=\"http:\/\/lattes.cnpq.br\/1595607166235330\">U\u00e9lma Alexandre do Nascimento<\/a><\/li>\n<\/ul>\n<p>[\/vc_column_text][\/vc_tta_section][vc_tta_section title=&#8221;2020&#8243; tab_id=&#8221;1717011122025-111b37c1-3e8b&#8221;][vc_column_text]<\/p>\n<ul>\n<li><a href=\"http:\/\/lattes.cnpq.br\/4208063814286952\">Dandara Emilly Silva Chagas<\/a><\/li>\n<li><a href=\"http:\/\/lattes.cnpq.br\/0574512121384117\">G\u00e9ssica Tamires da Silva Anselmo<\/a><\/li>\n<li><a href=\"http:\/\/lattes.cnpq.br\/0045690911869921\">Jussara de Melo Ferreira<\/a><\/li>\n<li><a href=\"http:\/\/lattes.cnpq.br\/4269256730642990\">Magno da N\u00f3brega Lisboa<\/a><\/li>\n<li><a href=\"http:\/\/lattes.cnpq.br\/0359086129110878\">Mairan Rangel Agra<\/a><\/li>\n<li><a href=\"http:\/\/lattes.cnpq.br\/1263322452488668\">Maria Clara Ezequiel Bezerra<\/a><\/li>\n<li><a href=\"http:\/\/lattes.cnpq.br\/3625505915237786\">Maria Dan\u00fabia Dantas de Carvalho<\/a><\/li>\n<li><a href=\"http:\/\/lattes.cnpq.br\/1444071370528200\">Maria Geremias da Silva<\/a><\/li>\n<li><a href=\"http:\/\/lattes.cnpq.br\/6570519475301476\">Maria Roberta Medeiros Angelim<\/a><\/li>\n<li><a href=\"http:\/\/lattes.cnpq.br\/7962727525496506\">Patr\u00edcia da Silva Andrade<\/a><\/li>\n<li><a href=\"http:\/\/lattes.cnpq.br\/7302594702521290\">Su\u00eania dos Santos Viana<\/a><\/li>\n<li><a href=\"http:\/\/lattes.cnpq.br\/5820154418075264\">Tha\u00eds Pereira Fernandes<\/a><\/li>\n<li><a href=\"http:\/\/lattes.cnpq.br\/0386808062904277\">Wagner Ara\u00fajo<\/a><\/li>\n<li><a href=\"http:\/\/lattes.cnpq.br\/7796748558565518\">Yanca Virg\u00ednia Ara\u00fajo Silva<\/a><\/li>\n<\/ul>\n<p>[\/vc_column_text][\/vc_tta_section][vc_tta_section title=&#8221;2019&#8243; tab_id=&#8221;1717011122816-d2b1aa50-3ea1&#8243;][vc_column_text]Para acessar o curr\u00edculo\u00a0<em>lattes\u00a0<\/em>click no nome do discente:<\/p>\n<ul>\n<li><a href=\"http:\/\/lattes.cnpq.br\/2485244057791561\">Ada\u00edres Eliane Dantas dos Santos\u00a0<\/a>(Titulada)<\/li>\n<li><a href=\"http:\/\/lattes.cnpq.br\/9610990840761763\">Andr\u00e9 Monteiro Moraes\u00a0<\/a>(Titulado)<\/li>\n<li><a href=\"http:\/\/lattes.cnpq.br\/9451338583720804\">Francisco Rivelino Oliveira Nascimento\u00a0<\/a>(Titulado)<\/li>\n<li><a href=\"http:\/\/lattes.cnpq.br\/9758676605489545\">Jaidete Oliveira Correia\u00a0<\/a>\u00a0(Titulada)<\/li>\n<li><a href=\"http:\/\/lattes.cnpq.br\/7507907626497078\">Jessyca Belchior Bazante de Andrade\u00a0<\/a>(Titulada)<\/li>\n<li><a href=\"http:\/\/lattes.cnpq.br\/1257733666488556\">Jessica Rafaela Maciel Gomes<\/a><\/li>\n<li><a href=\"http:\/\/lattes.cnpq.br\/7709803828308050\">K\u00e9cia Vieira dos Santos\u00a0<\/a>\u00a0(Titulada)<\/li>\n<li><a href=\"http:\/\/lattes.cnpq.br\/9497777845392052\">Liliane Gomes de Abrantes Andrade\u00a0<\/a>\u00a0(Titulada)<\/li>\n<li><a href=\"http:\/\/lattes.cnpq.br\/8563489858569165\">Luciana Sousa Alves\u00a0<\/a>(Titulada)<\/li>\n<li><a href=\"http:\/\/lattes.cnpq.br\/8563489858569165\">Neyde Jussara Gomes Abdala Rodrigues\u00a0<\/a>(Titulada)<\/li>\n<li><a href=\"http:\/\/lattes.cnpq.br\/0605094015789332\">Tatiany Fernandes de Oliveira\u00a0<\/a>(Titulada)<\/li>\n<\/ul>\n<p>[\/vc_column_text][\/vc_tta_section][vc_tta_section title=&#8221;2018&#8243; tab_id=&#8221;1717011123416-d11b9a08-6975&#8243;][vc_column_text]Para acessar o curr\u00edculo\u00a0<em>lattes\u00a0<\/em>click no nome do discente:<\/p>\n<ul>\n<li><a href=\"http:\/\/lattes.cnpq.br\/6143940217200182\">Doni\u00eago Ferreira de Lima\u00a0<\/a>(Titulado)<\/li>\n<li><a href=\"http:\/\/lattes.cnpq.br\/0618530871792054\">Fabr\u00edcio Rodrigues da Silva\u00a0<\/a>\u00a0(Titulado)<\/li>\n<li><a href=\"http:\/\/lattes.cnpq.br\/5578730999231215\">Girlan Guedes dos Santos\u00a0<\/a>(Titulado)<\/li>\n<li><a href=\"http:\/\/lattes.cnpq.br\/5179586181197066\">Glaucy de Sousa Santana\u00a0<\/a>(Titulada)<\/li>\n<li><a href=\"http:\/\/lattes.cnpq.br\/2061207482416021\">Juliana Maria Ara\u00fajo de Sales\u00a0<\/a>\u00a0(Titulada)<\/li>\n<li><a href=\"http:\/\/lattes.cnpq.br\/0198062585112863\">Juliana Pereira Nunes\u00a0\u00a0<\/a>(Titulada)<\/li>\n<li><a href=\"http:\/\/lattes.cnpq.br\/0759593534207490\">Mirelly Patr\u00edcia Feitosa Carneiro\u00a0<\/a>(Desligada)<\/li>\n<li><a href=\"http:\/\/lattes.cnpq.br\/8837507427556940\">N\u00edvea Maria Santos Souto Maior<\/a>\u00a0(Titulada)<\/li>\n<li><a href=\"http:\/\/lattes.cnpq.br\/7789112172845460\">Patr\u00edcia Daniely Marques Cavalcante Santos\u00a0<\/a>(Desligada)<\/li>\n<li><a href=\"http:\/\/lattes.cnpq.br\/8175736673326312\">Rayssa K\u00e9ssia Eug\u00eania Rodrigues\u00a0<\/a>\u00a0(Titulada)<\/li>\n<li><a href=\"http:\/\/lattes.cnpq.br\/4855662437612975\">Rosiane Oliveira da Costa\u00a0\u00a0<\/a>(Titulada)<\/li>\n<li><a href=\"http:\/\/lattes.cnpq.br\/3841852748894331\">Thamyres Alves de Ara\u00fajo\u00a0<\/a>\u00a0(Titulada)<\/li>\n<li><a href=\"http:\/\/lattes.cnpq.br\/2075963089128858\">Thayse Ariane Pereira de Souza\u00a0<\/a>(Titulada)<\/li>\n<\/ul>\n<p>[\/vc_column_text][\/vc_tta_section][vc_tta_section title=&#8221;2017&#8243; tab_id=&#8221;1717011124081-f2470709-32b9&#8243;][vc_column_text]Para acessar o curr\u00edculo\u00a0<em>lattes\u00a0<\/em>click no nome do discente:<\/p>\n<ul>\n<li><a href=\"http:\/\/lattes.cnpq.br\/9054955883015464\">Ana Teresa Camilo Duarte\u00a0<\/a>(Titulada)<\/li>\n<li><a href=\"http:\/\/lattes.cnpq.br\/8974516742460405\">Berenice Lira da Silva\u00a0<\/a>(Titulada)<\/li>\n<li><a href=\"http:\/\/lattes.cnpq.br\/6068465195775946\">Dassaely de Souza Ara\u00fajo\u00a0<\/a>(Titulada)<\/li>\n<li><a href=\"http:\/\/lattes.cnpq.br\/3705643470616112\">Edna Medeiros do Nascimento\u00a0<\/a>(Titulada)<\/li>\n<li><a href=\"http:\/\/lattes.cnpq.br\/4515555227136964\">Elinadja Fons\u00eaca Silva\u00a0<\/a>(Titulada)<\/li>\n<li><a href=\"http:\/\/lattes.cnpq.br\/7116198255863453\">Gutierrez Alvez L\u00f4bo<\/a>(Titulado)<\/li>\n<li><a href=\"http:\/\/lattes.cnpq.br\/5597417439460835\">Jacykelly Renata Fran\u00e7a de Oliveira\u00a0<\/a>(Titulada)<\/li>\n<li><a href=\"http:\/\/lattes.cnpq.br\/7465768701144394\">J\u00e9fitha Kaliny dos Santos Silva\u00a0<\/a>(Desligada)<\/li>\n<li><a href=\"http:\/\/lattes.cnpq.br\/4161901365187208\">Liliane Santos Tobias\u00a0<\/a>(Titulada)<\/li>\n<li><a href=\"http:\/\/lattes.cnpq.br\/7567503554885028\">Maria Josel\u00ed de Souza Silva\u00a0<\/a>(Titulada)<\/li>\n<li><a href=\"http:\/\/lattes.cnpq.br\/2379862840697755\">Nataly Barros Pereira\u00a0<\/a>(Titulada)<\/li>\n<li><a href=\"http:\/\/lattes.cnpq.br\/3562770265440762\">Salom\u00e9 Margot Melo Ferreira<\/a>\u00a0(Titulada)<\/li>\n<\/ul>\n<p>[\/vc_column_text][\/vc_tta_section][vc_tta_section title=&#8221;2016&#8243; tab_id=&#8221;1717011125690-34c1d09d-249b&#8221;][vc_column_text]Para acessar o curr\u00edculo\u00a0<em>lattes\u00a0<\/em>click no nome do discente:<\/p>\n<ul>\n<li><a href=\"http:\/\/lattes.cnpq.br\/4885702183893349\">Alexandra Bonifacia Xavier\u00a0<\/a>(Titulada)<\/li>\n<li><a href=\"http:\/\/lattes.cnpq.br\/4767941845483534\">Fl\u00e1vio Jos\u00e9 Souza Silva<\/a>\u00a0(Titulado)<\/li>\n<li><a href=\"http:\/\/lattes.cnpq.br\/0577534162459187\"><span lang=\"pt-BR\">Laise Fran\u00e7a Nascimento de Lima\u00a0<\/span><\/a>(Desligada)<\/li>\n<li><a href=\"http:\/\/lattes.cnpq.br\/8189446151050686\">Mayara Duarte Silva\u00a0<\/a>\u00a0(Titulada)<\/li>\n<li><a href=\"http:\/\/lattes.cnpq.br\/9690837266454038\"><span lang=\"pt-BR\">Marcia Sw\u00eania Brito da Silva\u00a0<\/span><\/a>\u00a0(Titulada)<\/li>\n<li><a href=\"http:\/\/lattes.cnpq.br\/3967578589871351\"><span lang=\"pt-BR\">Milca Oliveira Clementino\u00a0<\/span><\/a>\u00a0(Titulada)<\/li>\n<li><a href=\"http:\/\/lattes.cnpq.br\/7396049647064504\"><span lang=\"pt-BR\">Nathalya Cristina Ribeiro Trigueiro\u00a0<\/span><\/a>\u00a0(Titulada)<\/li>\n<li><a href=\"http:\/\/lattes.cnpq.br\/4012182234020375\">Norma Daliane Rodrigues Vieira\u00a0<\/a>\u00a0(Titulada)<\/li>\n<li><a href=\"http:\/\/lattes.cnpq.br\/1977215855037013\">Sayonara Santos Andrade\u00a0<\/a>\u00a0(Titulada)<\/li>\n<\/ul>\n<p>[\/vc_column_text][\/vc_tta_section][vc_tta_section title=&#8221;2015&#8243; tab_id=&#8221;1717011126418-2fbb46c7-5a90&#8243;][vc_column_text]Para acessar o curr\u00edculo\u00a0<em>lattes\u00a0<\/em>click no nome do discente:<\/p>\n<ul>\n<li><a href=\"http:\/\/lattes.cnpq.br\/6995254942988747\">Alcione Ferreira Da Silva<\/a>\u00a0(Titulada)<\/li>\n<li><a href=\"http:\/\/lattes.cnpq.br\/9236672301544963\">Franciele Da Silva Santos\u00a0<\/a>\u00a0(Titulada)<\/li>\n<li><a href=\"http:\/\/lattes.cnpq.br\/7565172077099971\">Jaqueline Avelino Das Merc\u00eas Barbosa\u00a0<\/a>\u00a0(Titulada)<\/li>\n<li><a href=\"http:\/\/lattes.cnpq.br\/5018332943485984\">Kiv\u00e2nia Karla Silva Albuquerque Cunha\u00a0<\/a>\u00a0(Titulada)<\/li>\n<li><a href=\"http:\/\/lattes.cnpq.br\/6781787143986254\">Larissa Martins De Almeida\u00a0<\/a>\u00a0(Titulada)<\/li>\n<li><a href=\"http:\/\/lattes.cnpq.br\/6266741591138852\">Leidiane Torres Sales\u00a0<\/a>(Titulada)<\/li>\n<li><a href=\"http:\/\/lattes.cnpq.br\/0138972274556120\">Liane Soraya Viana Da Silva \u00a0<\/a>(Titulada)<\/li>\n<li><a href=\"http:\/\/lattes.cnpq.br\/8971899441510088\">Marcelo Ricardo Batista Da Silva\u00a0<\/a>\u00a0(Titulado)<\/li>\n<li><a href=\"http:\/\/lattes.cnpq.br\/4634284163400597\">Paloma R\u00e1vylla De Miranda Lima\u00a0<\/a>(Titulada)<\/li>\n<li><a href=\"http:\/\/lattes.cnpq.br\/9866960764085105\">Roseane Da Silva Sousa\u00a0<\/a>(Titulada)<\/li>\n<li>Silvia Luis Mendes Pedrosa<\/li>\n<\/ul>\n<p>[\/vc_column_text][\/vc_tta_section][vc_tta_section title=&#8221;2014&#8243; tab_id=&#8221;1717011127665-0e7ef648-33b3&#8243;][vc_column_text]Para acessar o curr\u00edculo\u00a0<em>lattes\u00a0<\/em>click no nome do discente:<\/p>\n<ul>\n<li><a href=\"http:\/\/lattes.cnpq.br\/8046066183643425\">Christiano das Neves Viana Amorim<\/a>\u00a0(Titulado)<\/li>\n<li><a href=\"http:\/\/lattes.cnpq.br\/1524508823293194\">Ednaldo da Costa Braz<\/a>\u00a0(Titulado)<\/li>\n<li><a href=\"http:\/\/lattes.cnpq.br\/5413717027474466\">Elizangela Samara da Silva<\/a>\u00a0(Titulada)<\/li>\n<li><a href=\"http:\/\/lattes.cnpq.br\/9230263390695504\">Fernanda Gomes Mattos<\/a>\u00a0(Titulada)<\/li>\n<li><a href=\"http:\/\/lattes.cnpq.br\/3851790257077999\">Jakeline Bezerra Juventino<\/a>\u00a0(Titulada)<\/li>\n<li><a href=\"http:\/\/lattes.cnpq.br\/1071352412930013\">Jos\u00e9 Whellison Brito dos Santos<\/a>\u00a0(Titulado)<\/li>\n<li><a href=\"http:\/\/lattes.cnpq.br\/6540671486135552\">Josilene Maria de Oliveira<\/a>\u00a0(Titulada)<\/li>\n<li><a href=\"http:\/\/lattes.cnpq.br\/7484937291290124\">Juliana Alexandre da Silva<\/a>\u00a0(Titulada)<\/li>\n<li><a href=\"http:\/\/lattes.cnpq.br\/7720960346220349\">Maria Tereza de \u00c1vila Melo<\/a>\u00a0(Titulada)<\/li>\n<li><a href=\"http:\/\/lattes.cnpq.br\/4663291290295486\">Marina Torres Costa Lima<\/a>\u00a0(Titulada)<\/li>\n<li><a href=\"http:\/\/lattes.cnpq.br\/3068291714695995\">Viviane Guedes Gon\u00e7alves de Moura<\/a>\u00a0(Titulada)<\/li>\n<\/ul>\n<p>[\/vc_column_text][\/vc_tta_section][vc_tta_section title=&#8221;2013&#8243; tab_id=&#8221;1717011279947-b69d2909-738b&#8221;][vc_column_text]<\/p>\n<p style=\"font-weight: 400\">Para acessar o curr\u00edculo\u00a0<em>lattes\u00a0<\/em>click no nome do discente:<\/p>\n<ul style=\"font-weight: 400\">\n<li><a href=\"http:\/\/buscatextual.cnpq.br\/buscatextual\/visualizacv.do?id=K4292918Y8\">Ana Paula Ferreira Agapito<\/a>\u00a0(Titulada)<\/li>\n<li>Cleonice Evellyn Oliveira Lima\u00a0(Titulada)<\/li>\n<li><a href=\"http:\/\/buscatextual.cnpq.br\/buscatextual\/visualizacv.do?id=K4448219P2\">Francisca Rikaely Luciano da Silva<\/a>\u00a0(Titulada)<\/li>\n<li><a href=\"http:\/\/buscatextual.cnpq.br\/buscatextual\/visualizacv.do?id=K4447923U5\">Glaucia Maria de Oliveira Carvalho<\/a>\u00a0(Titulada)<\/li>\n<li><a href=\"http:\/\/buscatextual.cnpq.br\/buscatextual\/visualizacv.do?id=K4422176E5\">Julia de Arruda Rodrigues<\/a>\u00a0(Titulada)<\/li>\n<li><a href=\"http:\/\/buscatextual.cnpq.br\/buscatextual\/visualizacv.do?id=K4403222U0\">Juliana Kelly Dantas da Silva<\/a>\u00a0(Titulada)<\/li>\n<li><a href=\"http:\/\/buscatextual.cnpq.br\/buscatextual\/visualizacv.do?id=K4559907Z9\">Karolayne Germana\u00a0 Leal e Silva<\/a>\u00a0(Titulada)<\/li>\n<li><a href=\"http:\/\/buscatextual.cnpq.br\/buscatextual\/visualizacv.do?id=K4425996H8\">Karolayne Ribeiro de Goes<\/a>\u00a0(Titulada)<\/li>\n<li><a href=\"http:\/\/buscatextual.cnpq.br\/buscatextual\/visualizacv.do?id=K4414685U4\">Mary Help\u00a0 Ibiapina Alves<\/a>\u00a0(Titulada)<\/li>\n<li><a href=\"http:\/\/buscatextual.cnpq.br\/buscatextual\/visualizacv.do?id=K4427510T6\">Mayewe Elyenia Alves dos Santos<\/a>\u00a0(Titulada)<\/li>\n<li>Palloma Maria Gomes Jacome<\/li>\n<li><a href=\"http:\/\/buscatextual.cnpq.br\/buscatextual\/visualizacv.do?id=K4273441U1\">Priscilla Brand\u00e3o de Medeiros<\/a>\u00a0(Titulada)<\/li>\n<li><a href=\"http:\/\/buscatextual.cnpq.br\/buscatextual\/visualizacv.do?id=K4470979A9\">Rob\u00e9rio Davi Borges Cunha<\/a>\u00a0(Titulado)<\/li>\n<\/ul>\n<p>[\/vc_column_text][\/vc_tta_section][\/vc_tta_accordion][\/vc_column][\/vc_row]<\/p>\n<\/div>","protected":false},"excerpt":{"rendered":"<p>[vc_row][vc_column][vc_tta_accordion title_tag=&#8221;h3&#8243; section_title_tag=&#8221;h2&#8243; style=&#8221;modern&#8221; c_icon=&#8221;triangle&#8221; active_section=&#8221;&#8221; collapsible_all=&#8221;true&#8221;][vc_tta_section title=&#8221;2024&#8243; tab_id=&#8221;1741265376536-d97cc731-58ad&#8221;][vc_column_text css=&#8221;&#8221;] Alyne Cristiane Silva Ara\u00fajo Ana Cec\u00edlia Siqueira de Ara\u00fajo Borba Geovanya Sonally Ara\u00fajo de Oliveira Karla Queiroz do Nascimento Luiz Carlos da Costa Braga J\u00fanior Marcones da Silva Nascimento Maria Isabel Soares Barros Maria Niegia Louren\u00e7o da Silva Marklit\u00e2nya Rodrigues Barboza Rem\u00edgio Samuel Lopes dos <a class=\"leiamais\" href=\"https:\/\/pos-graduacao.uepb.edu.br\/ppgss\/turmas\/\">Leia Mais&#8230;<\/a><\/p>\n","protected":false},"author":22,"featured_media":0,"parent":0,"menu_order":0,"comment_status":"open","ping_status":"open","template":"","meta":{"footnotes":""},"class_list":["post-202","page","type-page","status-publish","hentry"],"_links":{"self":[{"href":"https:\/\/pos-graduacao.uepb.edu.br\/ppgss\/wp-json\/wp\/v2\/pages\/202","targetHints":{"allow":["GET"]}}],"collection":[{"href":"https:\/\/pos-graduacao.uepb.edu.br\/ppgss\/wp-json\/wp\/v2\/pages"}],"about":[{"href":"https:\/\/pos-graduacao.uepb.edu.br\/ppgss\/wp-json\/wp\/v2\/types\/page"}],"author":[{"embeddable":true,"href":"https:\/\/pos-graduacao.uepb.edu.br\/ppgss\/wp-json\/wp\/v2\/users\/22"}],"replies":[{"embeddable":true,"href":"https:\/\/pos-graduacao.uepb.edu.br\/ppgss\/wp-json\/wp\/v2\/comments?post=202"}],"version-history":[{"count":60,"href":"https:\/\/pos-graduacao.uepb.edu.br\/ppgss\/wp-json\/wp\/v2\/pages\/202\/revisions"}],"predecessor-version":[{"id":3088,"href":"https:\/\/pos-graduacao.uepb.edu.br\/ppgss\/wp-json\/wp\/v2\/pages\/202\/revisions\/3088"}],"wp:attachment":[{"href":"https:\/\/pos-graduacao.uepb.edu.br\/ppgss\/wp-json\/wp\/v2\/media?parent=202"}],"curies":[{"name":"wp","href":"https:\/\/api.w.org\/{rel}","templated":true}]}}