{"id":1763,"date":"2022-05-27T14:39:45","date_gmt":"2022-05-27T14:39:45","guid":{"rendered":"https:\/\/pos-graduacao.uepb.edu.br\/ppgss\/?page_id=1763"},"modified":"2022-05-27T14:39:45","modified_gmt":"2022-05-27T14:39:45","slug":"requerimento-geral","status":"publish","type":"page","link":"https:\/\/pos-graduacao.uepb.edu.br\/ppgss\/requerimento-geral\/","title":{"rendered":"Requerimento Geral"},"content":{"rendered":"<p>Usado para solicita\u00e7\u00f5es n\u00e3o especificadas nos informes anteriores.<\/p>\n<p><a href=\"https:\/\/pos-graduacao.uepb.edu.br\/ppgss\/files\/2022\/05\/Requerimento-Geral.doc\">Requerimento Geral<\/a><\/p>\n","protected":false},"excerpt":{"rendered":"<p>Usado para solicita\u00e7\u00f5es n\u00e3o especificadas nos informes anteriores. Requerimento Geral<\/p>\n","protected":false},"author":60,"featured_media":0,"parent":0,"menu_order":0,"comment_status":"closed","ping_status":"closed","template":"","meta":{"footnotes":""},"class_list":["post-1763","page","type-page","status-publish","hentry"],"_links":{"self":[{"href":"https:\/\/pos-graduacao.uepb.edu.br\/ppgss\/wp-json\/wp\/v2\/pages\/1763","targetHints":{"allow":["GET"]}}],"collection":[{"href":"https:\/\/pos-graduacao.uepb.edu.br\/ppgss\/wp-json\/wp\/v2\/pages"}],"about":[{"href":"https:\/\/pos-graduacao.uepb.edu.br\/ppgss\/wp-json\/wp\/v2\/types\/page"}],"author":[{"embeddable":true,"href":"https:\/\/pos-graduacao.uepb.edu.br\/ppgss\/wp-json\/wp\/v2\/users\/60"}],"replies":[{"embeddable":true,"href":"https:\/\/pos-graduacao.uepb.edu.br\/ppgss\/wp-json\/wp\/v2\/comments?post=1763"}],"version-history":[{"count":1,"href":"https:\/\/pos-graduacao.uepb.edu.br\/ppgss\/wp-json\/wp\/v2\/pages\/1763\/revisions"}],"predecessor-version":[{"id":1765,"href":"https:\/\/pos-graduacao.uepb.edu.br\/ppgss\/wp-json\/wp\/v2\/pages\/1763\/revisions\/1765"}],"wp:attachment":[{"href":"https:\/\/pos-graduacao.uepb.edu.br\/ppgss\/wp-json\/wp\/v2\/media?parent=1763"}],"curies":[{"name":"wp","href":"https:\/\/api.w.org\/{rel}","templated":true}]}}