{"id":1722,"date":"2022-03-30T18:54:58","date_gmt":"2022-03-30T18:54:58","guid":{"rendered":"https:\/\/pos-graduacao.uepb.edu.br\/ppgss\/?page_id=1722"},"modified":"2024-09-12T13:17:23","modified_gmt":"2024-09-12T13:17:23","slug":"recurso-proap","status":"publish","type":"page","link":"https:\/\/pos-graduacao.uepb.edu.br\/ppgss\/procedimentos\/recurso-proap\/","title":{"rendered":"Recurso PROAP"},"content":{"rendered":"<p>O PROAP \u00e9 o &#8220;Programa de Apoio \u00e0 P\u00f3s-Gradua\u00e7\u00e3o&#8221; cujo objetivo \u00e9 &#8220;Financiar as atividades dos cursos de p\u00f3s-gradua\u00e7\u00e3o, proporcionando melhores condi\u00e7\u00f5es para a forma\u00e7\u00e3o de recursos humanos&#8221;.<\/p>\n<p>No PPGSS, o recurso PROAP pode ser utilizado para apoio \u00e0 participa\u00e7\u00e3o de docentes e discentes em atividades e eventos cient\u00edfico-acad\u00eamicos no pa\u00eds e no exterior, atrav\u00e9s do pagamento de di\u00e1rias e aux\u00edlio financeiro; bem como para publica\u00e7\u00f5es, tradu\u00e7\u00f5es, revis\u00f5es entre outras atividades desenvolvidas no \u00e2mbito do Programa.<\/p>\n<p>As solicita\u00e7\u00f5es do recurso devem ser feitas <strong>previamente<\/strong> \u00e0 utiliza\u00e7\u00e3o para que haja tempo h\u00e1bil de encaminhamento das solicita\u00e7\u00f5es e libera\u00e7\u00e3o do recurso.<\/p>\n<p><strong>Solicita\u00e7\u00e3o do recurso:<\/strong><\/p>\n<ul>\n<li>Para participa\u00e7\u00e3o em eventos:<\/li>\n<\/ul>\n<div>1. Para apresentar trabalho:<\/div>\n<div>&#8211; Requerimento Geral (disponibilizado abaixo) &#8211; descrever no requerimento a finalidade da solicita\u00e7\u00e3o e o valor;<\/div>\n<div>&#8211; Carta de aceite;<\/div>\n<div>&#8211; Resumo do trabalho aprovado;<\/div>\n<div>&#8211; Comprovante de pagamento de inscri\u00e7\u00e3o &#8211; \u00c9 necess\u00e1rio realizar pagamento da inscri\u00e7\u00e3o e o PPGSS reembolsa o valor.<\/div>\n<div><\/div>\n<div><\/div>\n<div>OBS: Se o\/a discente participar de evento presencial \u00e9 poss\u00edvel solicitar reembolso de inscri\u00e7\u00e3o e aux\u00edlio financeiro para a viagem. Ambos os pedidos passar\u00e3o por an\u00e1lise de viabilidade por parte da coordena\u00e7\u00e3o.<\/div>\n<div>O valor do aux\u00edlio financeiro a estudantes \u00e9 definido por tabela CAPES.<\/div>\n<div><\/div>\n<div><\/div>\n<div>2. Depois do evento:<\/div>\n<div>Encaminhar para a secretaria do PPGSS, em <strong>FORMATO .PDF e DOCUMENTO \u00daNICO, <\/strong>a documenta\u00e7\u00e3o abaixo para presta\u00e7\u00e3o de contas:<\/div>\n<div><\/div>\n<div>&#8211; Certificado de apresenta\u00e7\u00e3o de trabalho;<\/div>\n<div>&#8211; Recibo\/os do\/s valor\/es pagos a t\u00edtulo de reembolso e\/ou aux\u00edlio financeiro (O recibo ser\u00e1 encaminhado pela secretaria e dever\u00e1 ser assinado pelo\/a discente solicitante e coordena\u00e7\u00e3o do PPGSS);<\/div>\n<div>&#8211; Comprovante de transfer\u00eancia banc\u00e1ria (a secretaria do PPGSS encaminhar\u00e1 a\/ao solicitante o\/s comprovante\/s banc\u00e1rio\/s referentes ao\/s valor\/es reembolsado e\/ou pago a t\u00edtulo de aux\u00edlio financeiro, quando forem transferidos).<\/div>\n<div><\/div>\n<div style=\"text-align: center\"><\/div>\n<div style=\"text-align: center\"><strong>A libera\u00e7\u00e3o de recurso para participa\u00e7\u00e3o em evento est\u00e1 limitada a 1 (UM) por ano, salvo casos espec\u00edficos e\/ou saldo dispon\u00edvel.<\/strong><\/div>\n<div><\/div>\n<ul>\n<li>Demais solicita\u00e7\u00f5es:<\/li>\n<\/ul>\n<p>O\/a discente e\/ou docente dever\u00e1 encaminhar a solicita\u00e7\u00e3o atrav\u00e9s do requerimento abaixo e aguardar as orienta\u00e7\u00f5es quanto aos demais procedimentos referentes \u00e0 cada pedido espec\u00edfico.<\/p>\n<p><em>As solicita\u00e7\u00f5es dever\u00e3o ser encaminhadas para o e-mail:<strong> proap<\/strong>.<strong>ppgss.uepb@gmail.com<\/strong> ou entregues pessoalmente na secretaria do Programa, durante o hor\u00e1rio de atendimento presencial (<\/em>de segunda a sexta-feira, das 8h00 \u00e0s 13h00).<\/p>\n<div class='w3eden'><!-- WPDM Link Template: Default Template -->\n\n<div class=\"link-template-default card mb-2\">\n    <div class=\"card-body\">\n        <div class=\"media\">\n            <div class=\"mr-3 img-48\"><img decoding=\"async\" class=\"wpdm_icon\" alt=\"\u00edcone\" src=\"https:\/\/pos-graduacao.uepb.edu.br\/ppgss\/wp-content\/plugins\/download-manager\/assets\/file-type-icons\/doc.svg\" \/><\/div>\n            <div class=\"media-body\">\n                <h3 class=\"package-title\"><a href='https:\/\/pos-graduacao.uepb.edu.br\/ppgss\/download\/requerimento-proap\/'>Requerimento PROAP<\/a><\/h3>\n                <div class=\"text-muted text-small\"><i class=\"fas fa-copy\"><\/i> 1  arquivo(s) <i class=\"fas fa-hdd ml-3\"><\/i> 130.00 KB<\/div>\n            <\/div>\n            <div class=\"ml-3\">\n                <a class='wpdm-download-link download-on-click btn btn-primary ' rel='nofollow' href='#' data-downloadurl=\"https:\/\/pos-graduacao.uepb.edu.br\/ppgss\/download\/requerimento-proap\/?wpdmdl=2981&refresh=69f1f1bf4b2d71777463743\">Download<\/a>\n            <\/div>\n        <\/div>\n    <\/div>\n<\/div>\n\n<\/div>\n<p>&nbsp;<\/p>\n","protected":false},"excerpt":{"rendered":"<p>O PROAP \u00e9 o &#8220;Programa de Apoio \u00e0 P\u00f3s-Gradua\u00e7\u00e3o&#8221; cujo objetivo \u00e9 &#8220;Financiar as atividades dos cursos de p\u00f3s-gradua\u00e7\u00e3o, proporcionando melhores condi\u00e7\u00f5es para a forma\u00e7\u00e3o de recursos humanos&#8221;. No PPGSS, o recurso PROAP pode ser utilizado para apoio \u00e0 participa\u00e7\u00e3o de docentes e discentes em atividades e eventos cient\u00edfico-acad\u00eamicos no pa\u00eds e no exterior, atrav\u00e9s <a class=\"leiamais\" href=\"https:\/\/pos-graduacao.uepb.edu.br\/ppgss\/procedimentos\/recurso-proap\/\">Leia Mais&#8230;<\/a><\/p>\n","protected":false},"author":60,"featured_media":0,"parent":1515,"menu_order":0,"comment_status":"closed","ping_status":"closed","template":"","meta":{"footnotes":""},"class_list":["post-1722","page","type-page","status-publish","hentry"],"_links":{"self":[{"href":"https:\/\/pos-graduacao.uepb.edu.br\/ppgss\/wp-json\/wp\/v2\/pages\/1722","targetHints":{"allow":["GET"]}}],"collection":[{"href":"https:\/\/pos-graduacao.uepb.edu.br\/ppgss\/wp-json\/wp\/v2\/pages"}],"about":[{"href":"https:\/\/pos-graduacao.uepb.edu.br\/ppgss\/wp-json\/wp\/v2\/types\/page"}],"author":[{"embeddable":true,"href":"https:\/\/pos-graduacao.uepb.edu.br\/ppgss\/wp-json\/wp\/v2\/users\/60"}],"replies":[{"embeddable":true,"href":"https:\/\/pos-graduacao.uepb.edu.br\/ppgss\/wp-json\/wp\/v2\/comments?post=1722"}],"version-history":[{"count":15,"href":"https:\/\/pos-graduacao.uepb.edu.br\/ppgss\/wp-json\/wp\/v2\/pages\/1722\/revisions"}],"predecessor-version":[{"id":2982,"href":"https:\/\/pos-graduacao.uepb.edu.br\/ppgss\/wp-json\/wp\/v2\/pages\/1722\/revisions\/2982"}],"up":[{"embeddable":true,"href":"https:\/\/pos-graduacao.uepb.edu.br\/ppgss\/wp-json\/wp\/v2\/pages\/1515"}],"wp:attachment":[{"href":"https:\/\/pos-graduacao.uepb.edu.br\/ppgss\/wp-json\/wp\/v2\/media?parent=1722"}],"curies":[{"name":"wp","href":"https:\/\/api.w.org\/{rel}","templated":true}]}}