{"id":1611,"date":"2021-11-22T18:41:26","date_gmt":"2021-11-22T18:41:26","guid":{"rendered":"https:\/\/pos-graduacao.uepb.edu.br\/ppgss\/?page_id=1611"},"modified":"2021-11-22T18:49:58","modified_gmt":"2021-11-22T18:49:58","slug":"prorrogacao-de-prazo-de-conclusao-de-curso","status":"publish","type":"page","link":"https:\/\/pos-graduacao.uepb.edu.br\/ppgss\/prorrogacao-de-prazo-de-conclusao-de-curso\/","title":{"rendered":"Prorroga\u00e7\u00e3o de prazo de conclus\u00e3o de curso"},"content":{"rendered":"<p>A conclus\u00e3o do curso por parte do\/a discente do PPGSS poder\u00e1 ser ampliada em at\u00e9 6 (seis) meses, mediante apresenta\u00e7\u00e3o de requerimento\u00a0 com parecer do\/a orientador\/a e encaminhado ao Colegiado do Programa para aprecia\u00e7\u00e3o.<\/p>\n<p>A solicita\u00e7\u00e3o s\u00f3 poder\u00e1 ocorrer ap\u00f3s realiza\u00e7\u00e3o do Exame de Qualifica\u00e7\u00e3o de Projeto.<\/p>\n<p>O formul\u00e1rio de solicita\u00e7\u00e3o de prorroga\u00e7\u00e3o de prazo de defesa de disserta\u00e7\u00e3o est\u00e1 disponibilizado abaixo:<\/p>\n<p><a href=\"https:\/\/pos-graduacao.uepb.edu.br\/ppgss\/files\/2021\/11\/Requerimento-Defesa-de-prorrogacao-de-prazo-de-dissertacao-1-4.doc\">Requerimento: Prorroga\u00e7\u00e3o de prazo de defesa de disserta\u00e7\u00e3o<\/a><\/p>\n","protected":false},"excerpt":{"rendered":"<p>A conclus\u00e3o do curso por parte do\/a discente do PPGSS poder\u00e1 ser ampliada em at\u00e9 6 (seis) meses, mediante apresenta\u00e7\u00e3o de requerimento\u00a0 com parecer do\/a orientador\/a e encaminhado ao Colegiado do Programa para aprecia\u00e7\u00e3o. A solicita\u00e7\u00e3o s\u00f3 poder\u00e1 ocorrer ap\u00f3s realiza\u00e7\u00e3o do Exame de Qualifica\u00e7\u00e3o de Projeto. O formul\u00e1rio de solicita\u00e7\u00e3o de prorroga\u00e7\u00e3o de prazo <a class=\"leiamais\" href=\"https:\/\/pos-graduacao.uepb.edu.br\/ppgss\/prorrogacao-de-prazo-de-conclusao-de-curso\/\">Leia Mais&#8230;<\/a><\/p>\n","protected":false},"author":60,"featured_media":0,"parent":0,"menu_order":0,"comment_status":"closed","ping_status":"closed","template":"","meta":{"footnotes":""},"class_list":["post-1611","page","type-page","status-publish","hentry"],"_links":{"self":[{"href":"https:\/\/pos-graduacao.uepb.edu.br\/ppgss\/wp-json\/wp\/v2\/pages\/1611","targetHints":{"allow":["GET"]}}],"collection":[{"href":"https:\/\/pos-graduacao.uepb.edu.br\/ppgss\/wp-json\/wp\/v2\/pages"}],"about":[{"href":"https:\/\/pos-graduacao.uepb.edu.br\/ppgss\/wp-json\/wp\/v2\/types\/page"}],"author":[{"embeddable":true,"href":"https:\/\/pos-graduacao.uepb.edu.br\/ppgss\/wp-json\/wp\/v2\/users\/60"}],"replies":[{"embeddable":true,"href":"https:\/\/pos-graduacao.uepb.edu.br\/ppgss\/wp-json\/wp\/v2\/comments?post=1611"}],"version-history":[{"count":3,"href":"https:\/\/pos-graduacao.uepb.edu.br\/ppgss\/wp-json\/wp\/v2\/pages\/1611\/revisions"}],"predecessor-version":[{"id":1617,"href":"https:\/\/pos-graduacao.uepb.edu.br\/ppgss\/wp-json\/wp\/v2\/pages\/1611\/revisions\/1617"}],"wp:attachment":[{"href":"https:\/\/pos-graduacao.uepb.edu.br\/ppgss\/wp-json\/wp\/v2\/media?parent=1611"}],"curies":[{"name":"wp","href":"https:\/\/api.w.org\/{rel}","templated":true}]}}