{"id":1584,"date":"2021-11-11T21:01:36","date_gmt":"2021-11-11T21:01:36","guid":{"rendered":"https:\/\/pos-graduacao.uepb.edu.br\/ppgss\/?page_id=1584"},"modified":"2023-10-02T11:50:04","modified_gmt":"2023-10-02T11:50:04","slug":"bolsa-de-estudos","status":"publish","type":"page","link":"https:\/\/pos-graduacao.uepb.edu.br\/ppgss\/bolsa-de-estudos\/","title":{"rendered":"Obten\u00e7\u00e3o do T\u00edtulo de Mestre e Solicita\u00e7\u00e3o do Diploma"},"content":{"rendered":"<p>Para obten\u00e7\u00e3o do T\u00edtulo de Mestre, o\/a discente dever\u00e1, observados os prazos m\u00ednimo e m\u00e1ximo, estabelecidos<br \/>\nno Regimento do PPGSS, satisfazer as seguintes exig\u00eancias:<\/p>\n<p>1- Cumprir as atividades acad\u00eamicas da P\u00f3s-Gradua\u00e7\u00e3o atendendo ao n\u00famero de cr\u00e9ditos exigidos pelo Regimento do PPGSS;<\/p>\n<p>2- Ser aprovado na banca de defesa da Disserta\u00e7\u00e3o;<\/p>\n<p>3- Atender \u00e0s exig\u00eancias do Exame de L\u00edngua Estrangeira, em conformidade com o Regulamento;<\/p>\n<p>4 &#8211; Comprova\u00e7\u00e3o de entrega \u00e0 Biblioteca Central da vers\u00e3o final da disserta\u00e7\u00e3o;<\/p>\n<p><strong>Para orienta\u00e7\u00f5es a respeito do dep\u00f3sito na biblioteca, acessar o link: <\/strong><\/p>\n<p style=\"text-align: center\"><a href=\"https:\/\/biblioteca.uepb.edu.br\/regras-para-o-deposito-dos-trabalhos-academicos\/\">https:\/\/biblioteca.uepb.edu.br\/regras-para-o-deposito-dos-trabalhos-academicos\/<\/a><\/p>\n<p>5 &#8211; Realiza\u00e7\u00e3o do dep\u00f3sito da vers\u00e3o final da disserta\u00e7\u00e3o na secretaria do Programa;<\/p>\n<ul>\n<li>Envio da vers\u00e3o final da disserta\u00e7\u00e3o &#8211; a mesma vers\u00e3o da biblioteca &#8211; e comprovantes da biblioteca (Nada Consta e Comprovante de Quita\u00e7\u00e3o) para o e-mail do PPGSS.<\/li>\n<li>Prazo para dep\u00f3sito: <strong>30 dias<\/strong> ap\u00f3s a realiza\u00e7\u00e3o da defesa final.<\/li>\n<\/ul>\n<p>6 &#8211; Apresentar na Coordena\u00e7\u00e3o do PPGSS a SUBMISS\u00c3O DE ARTIGO CIENT\u00cdFICO e\/ou PUBLICA\u00c7\u00d5ES REALIZADAS EM PER\u00cdODICOS\/CAP\u00cdTULO DE LIVRO (<strong>que trate da tem\u00e1tica objeto de seu estudo e preferencialmente em coautoria com orientador\/a<\/strong>) em revista\u00a0 <strong>qualizada A ou B<\/strong> na \u00e1rea de Servi\u00e7o Social, correspondente ao per\u00edodo de vig\u00eancia do\/a discente no mestrado. Deve ser entregue a comprova\u00e7\u00e3o da submiss\u00e3o e\/ou da publica\u00e7\u00e3o atrav\u00e9s de c\u00f3pia da ficha catalogr\u00e1fica, sum\u00e1rio e a primeira e \u00faltima p\u00e1gina da publica\u00e7\u00e3o;<\/p>\n<p>A Coordena\u00e7\u00e3o do PPGSS somente fornecer\u00e1 o hist\u00f3rico e a declara\u00e7\u00e3o de conclus\u00e3o <strong>AP\u00d3S<\/strong> o cumprimento dos itens descritos.<\/p>\n<p>&nbsp;<\/p>\n<p><strong>Solicitando o diploma:<\/strong><\/p>\n<p>Cumpridos os requisitos, o\/a discente abrir\u00e1, junto ao setor de Protocolo &#8211; \u00a0<strong>protocolo@setor.uepb.edu.br<\/strong> &#8211; processo solicitando a <strong>emiss\u00e3o do Diploma<\/strong>:<\/p>\n<p>Ao Protocolo, dever\u00e1 ser encaminhado, em <strong>documento \u00daNICO<\/strong>, no <strong>FORMATO .PDF<\/strong>, a documenta\u00e7\u00e3o abaixo:<\/p>\n<ul>\n<li>Requerimento Geral (especificando a requisi\u00e7\u00e3o);<\/li>\n<li>Documento que confirma a entrega da disserta\u00e7\u00e3o e\/ou tese junto \u00e0 Biblioteca Central (documento entregue pela Biblioteca Central);<\/li>\n<li>Nada Consta (documento entregue pela Biblioteca);<\/li>\n<li>Declara\u00e7\u00e3o que concluiu o curso e n\u00e3o h\u00e1 pend\u00eancias para obten\u00e7\u00e3o do t\u00edtulo de Mestre e\/ou Doutor (documento entregue pela Coordena\u00e7\u00e3o do Curso);<\/li>\n<li>Hist\u00f3rico Escolar (documento entregue pela Coordena\u00e7\u00e3o do Curso);<\/li>\n<li>C\u00f3pia do RG, para verifica\u00e7\u00e3o de dados na confec\u00e7\u00e3o do diploma.<\/li>\n<\/ul>\n<p>O requerimento geral para envio ao Protocolo est\u00e1 disponibilizado abaixo:<\/p>\n<p><a href=\"https:\/\/pos-graduacao.uepb.edu.br\/ppgss\/files\/2021\/11\/Requerimento_Padrao_UEPB-5.doc\">Requerimento Geral<\/a><\/p>\n<p>&nbsp;<\/p>\n<p>&nbsp;<\/p>\n","protected":false},"excerpt":{"rendered":"<p>Para obten\u00e7\u00e3o do T\u00edtulo de Mestre, o\/a discente dever\u00e1, observados os prazos m\u00ednimo e m\u00e1ximo, estabelecidos no Regimento do PPGSS, satisfazer as seguintes exig\u00eancias: 1- Cumprir as atividades acad\u00eamicas da P\u00f3s-Gradua\u00e7\u00e3o atendendo ao n\u00famero de cr\u00e9ditos exigidos pelo Regimento do PPGSS; 2- Ser aprovado na banca de defesa da Disserta\u00e7\u00e3o; 3- Atender \u00e0s exig\u00eancias do <a class=\"leiamais\" href=\"https:\/\/pos-graduacao.uepb.edu.br\/ppgss\/bolsa-de-estudos\/\">Leia Mais&#8230;<\/a><\/p>\n","protected":false},"author":60,"featured_media":0,"parent":0,"menu_order":0,"comment_status":"closed","ping_status":"closed","template":"","meta":{"footnotes":""},"class_list":["post-1584","page","type-page","status-publish","hentry"],"_links":{"self":[{"href":"https:\/\/pos-graduacao.uepb.edu.br\/ppgss\/wp-json\/wp\/v2\/pages\/1584","targetHints":{"allow":["GET"]}}],"collection":[{"href":"https:\/\/pos-graduacao.uepb.edu.br\/ppgss\/wp-json\/wp\/v2\/pages"}],"about":[{"href":"https:\/\/pos-graduacao.uepb.edu.br\/ppgss\/wp-json\/wp\/v2\/types\/page"}],"author":[{"embeddable":true,"href":"https:\/\/pos-graduacao.uepb.edu.br\/ppgss\/wp-json\/wp\/v2\/users\/60"}],"replies":[{"embeddable":true,"href":"https:\/\/pos-graduacao.uepb.edu.br\/ppgss\/wp-json\/wp\/v2\/comments?post=1584"}],"version-history":[{"count":9,"href":"https:\/\/pos-graduacao.uepb.edu.br\/ppgss\/wp-json\/wp\/v2\/pages\/1584\/revisions"}],"predecessor-version":[{"id":2221,"href":"https:\/\/pos-graduacao.uepb.edu.br\/ppgss\/wp-json\/wp\/v2\/pages\/1584\/revisions\/2221"}],"wp:attachment":[{"href":"https:\/\/pos-graduacao.uepb.edu.br\/ppgss\/wp-json\/wp\/v2\/media?parent=1584"}],"curies":[{"name":"wp","href":"https:\/\/api.w.org\/{rel}","templated":true}]}}