{"id":1573,"date":"2021-11-11T20:14:41","date_gmt":"2021-11-11T20:14:41","guid":{"rendered":"https:\/\/pos-graduacao.uepb.edu.br\/ppgss\/?page_id=1573"},"modified":"2021-11-22T18:24:44","modified_gmt":"2021-11-22T18:24:44","slug":"trancamento-e-cancelamento-de-matricula","status":"publish","type":"page","link":"https:\/\/pos-graduacao.uepb.edu.br\/ppgss\/trancamento-e-cancelamento-de-matricula\/","title":{"rendered":"Trancamento e Cancelamento de matr\u00edcula"},"content":{"rendered":"<p>O\/A discente poder\u00e1 requerer trancamento de matr\u00edcula do curso, mediante justificativa expressa do\/a orientador\/a, apenas uma vez, por prazo total n\u00e3o superior a 6 (seis) meses.<\/p>\n<p>N\u00e3o ser\u00e1 concedido trancamento durante a vig\u00eancia de prorroga\u00e7\u00e3o de prazo para conclus\u00e3o de disserta\u00e7\u00e3o, exceto casos de sa\u00fade, a serem apreciados pelo Colegiado do Programa.<\/p>\n<p>Para concess\u00e3o do trancamento de matr\u00edcula do curso, dever\u00e3o ser cumpridos os seguintes requisitos:<\/p>\n<p>1 &#8211; Requerimento com parecer do\/a orientador\/a, dirigido ao Colegiado do PPGSS, contendo os motivos da solicita\u00e7\u00e3o, documentos comprobat\u00f3rios e prazos de in\u00edcio e t\u00e9rmino pretendidos.<\/p>\n<p>O trancamento de disciplina poder\u00e1 ser solicitado \u00e0 Coordena\u00e7\u00e3o atrav\u00e9s de requerimento justificado e com ci\u00eancia do\/a orientador\/a, desde que ainda n\u00e3o se tenham integralizado 30% (trinta por cento) das atividades previstas para a disciplina.<\/p>\n<p>O cancelamento de matr\u00edcula ser\u00e1 permitido a qualquer tempo, implicando desvincula\u00e7\u00e3o do curso.<\/p>\n<p>O requerimento para as solicita\u00e7\u00f5es de trancamento e cancelamento de matr\u00edcula est\u00e1 disponibilizado abaixo:<\/p>\n<p><a href=\"https:\/\/pos-graduacao.uepb.edu.br\/ppgss\/files\/2021\/11\/Requerimento_Padrao_UEPB-5.doc\">Requerimento Geral<\/a><\/p>\n<p>&nbsp;<\/p>\n","protected":false},"excerpt":{"rendered":"<p>O\/A discente poder\u00e1 requerer trancamento de matr\u00edcula do curso, mediante justificativa expressa do\/a orientador\/a, apenas uma vez, por prazo total n\u00e3o superior a 6 (seis) meses. N\u00e3o ser\u00e1 concedido trancamento durante a vig\u00eancia de prorroga\u00e7\u00e3o de prazo para conclus\u00e3o de disserta\u00e7\u00e3o, exceto casos de sa\u00fade, a serem apreciados pelo Colegiado do Programa. Para concess\u00e3o do <a class=\"leiamais\" href=\"https:\/\/pos-graduacao.uepb.edu.br\/ppgss\/trancamento-e-cancelamento-de-matricula\/\">Leia Mais&#8230;<\/a><\/p>\n","protected":false},"author":60,"featured_media":0,"parent":0,"menu_order":0,"comment_status":"closed","ping_status":"closed","template":"","meta":{"footnotes":""},"class_list":["post-1573","page","type-page","status-publish","hentry"],"_links":{"self":[{"href":"https:\/\/pos-graduacao.uepb.edu.br\/ppgss\/wp-json\/wp\/v2\/pages\/1573","targetHints":{"allow":["GET"]}}],"collection":[{"href":"https:\/\/pos-graduacao.uepb.edu.br\/ppgss\/wp-json\/wp\/v2\/pages"}],"about":[{"href":"https:\/\/pos-graduacao.uepb.edu.br\/ppgss\/wp-json\/wp\/v2\/types\/page"}],"author":[{"embeddable":true,"href":"https:\/\/pos-graduacao.uepb.edu.br\/ppgss\/wp-json\/wp\/v2\/users\/60"}],"replies":[{"embeddable":true,"href":"https:\/\/pos-graduacao.uepb.edu.br\/ppgss\/wp-json\/wp\/v2\/comments?post=1573"}],"version-history":[{"count":4,"href":"https:\/\/pos-graduacao.uepb.edu.br\/ppgss\/wp-json\/wp\/v2\/pages\/1573\/revisions"}],"predecessor-version":[{"id":1609,"href":"https:\/\/pos-graduacao.uepb.edu.br\/ppgss\/wp-json\/wp\/v2\/pages\/1573\/revisions\/1609"}],"wp:attachment":[{"href":"https:\/\/pos-graduacao.uepb.edu.br\/ppgss\/wp-json\/wp\/v2\/media?parent=1573"}],"curies":[{"name":"wp","href":"https:\/\/api.w.org\/{rel}","templated":true}]}}