{"id":1533,"date":"2021-11-11T13:50:59","date_gmt":"2021-11-11T13:50:59","guid":{"rendered":"https:\/\/pos-graduacao.uepb.edu.br\/ppgss\/?page_id=1533"},"modified":"2023-10-02T11:51:56","modified_gmt":"2023-10-02T11:51:56","slug":"defesa-de-dissertacao","status":"publish","type":"page","link":"https:\/\/pos-graduacao.uepb.edu.br\/ppgss\/procedimentos\/defesa-de-dissertacao\/","title":{"rendered":"Defesa de Disserta\u00e7\u00e3o"},"content":{"rendered":"<p>Para a obten\u00e7\u00e3o do t\u00edtulo de Mestre, o\/a discente dever\u00e1, dentro dos prazos estabelecidos no Regimento Interno do PPGSS, realizar, em sess\u00e3o p\u00fablica, a defesa da Disserta\u00e7\u00e3o.<\/p>\n<p>O agendamento da defesa dever\u00e1 ser solicitado \u00e0 Coordena\u00e7\u00e3o, atrav\u00e9s do formul\u00e1rio de agendamento disponibilizado abaixo. \u00c9 obrigat\u00f3rio que no formul\u00e1rio constem as informa\u00e7\u00f5es dos\/as docentes membros da Banca Examinadora e que esteja assinado pelo\/a discente e orientador\/a.<\/p>\n<p>A Banca Examinadora ser\u00e1 constitu\u00edda por 3 (tr\u00eas) membros, todos\/as doutores e ser\u00e1 presidida pelo\/a professor\/a orientador\/a.<\/p>\n<p>Ap\u00f3s a defesa e feitas as devidas corre\u00e7\u00f5es, quando indicadas, o\/a discente dever\u00e1 encaminhar \u00e0 Coordena\u00e7\u00e3o, em at\u00e9 <strong>30 (trinta) dias<\/strong> da data da defesa, a vers\u00e3o final eletr\u00f4nica da disserta\u00e7\u00e3o.<\/p>\n<p>A homologa\u00e7\u00e3o da ata final da defesa, pelo Colegiado, ser\u00e1 feita ap\u00f3s a entrega do exemplar final \u00e0 Coordena\u00e7\u00e3o.<\/p>\n<p>Abaixo, o formul\u00e1rio de agendamento de defesa de disserta\u00e7\u00e3o:<\/p>\n<p><a href=\"https:\/\/pos-graduacao.uepb.edu.br\/ppgss\/files\/2023\/07\/REQUERIMENTO-PARA-DEFESA-DE-DISSERTACAO-4-1-3.doc\">Requerimento para defesa de disserta\u00e7\u00e3o<\/a><\/p>\n<p>&nbsp;<\/p>\n<p>&nbsp;<\/p>\n<p>&nbsp;<\/p>\n","protected":false},"excerpt":{"rendered":"<p>Para a obten\u00e7\u00e3o do t\u00edtulo de Mestre, o\/a discente dever\u00e1, dentro dos prazos estabelecidos no Regimento Interno do PPGSS, realizar, em sess\u00e3o p\u00fablica, a defesa da Disserta\u00e7\u00e3o. O agendamento da defesa dever\u00e1 ser solicitado \u00e0 Coordena\u00e7\u00e3o, atrav\u00e9s do formul\u00e1rio de agendamento disponibilizado abaixo. \u00c9 obrigat\u00f3rio que no formul\u00e1rio constem as informa\u00e7\u00f5es dos\/as docentes membros da <a class=\"leiamais\" href=\"https:\/\/pos-graduacao.uepb.edu.br\/ppgss\/procedimentos\/defesa-de-dissertacao\/\">Leia Mais&#8230;<\/a><\/p>\n","protected":false},"author":60,"featured_media":0,"parent":1515,"menu_order":0,"comment_status":"closed","ping_status":"closed","template":"","meta":{"footnotes":""},"class_list":["post-1533","page","type-page","status-publish","hentry"],"_links":{"self":[{"href":"https:\/\/pos-graduacao.uepb.edu.br\/ppgss\/wp-json\/wp\/v2\/pages\/1533","targetHints":{"allow":["GET"]}}],"collection":[{"href":"https:\/\/pos-graduacao.uepb.edu.br\/ppgss\/wp-json\/wp\/v2\/pages"}],"about":[{"href":"https:\/\/pos-graduacao.uepb.edu.br\/ppgss\/wp-json\/wp\/v2\/types\/page"}],"author":[{"embeddable":true,"href":"https:\/\/pos-graduacao.uepb.edu.br\/ppgss\/wp-json\/wp\/v2\/users\/60"}],"replies":[{"embeddable":true,"href":"https:\/\/pos-graduacao.uepb.edu.br\/ppgss\/wp-json\/wp\/v2\/comments?post=1533"}],"version-history":[{"count":6,"href":"https:\/\/pos-graduacao.uepb.edu.br\/ppgss\/wp-json\/wp\/v2\/pages\/1533\/revisions"}],"predecessor-version":[{"id":2222,"href":"https:\/\/pos-graduacao.uepb.edu.br\/ppgss\/wp-json\/wp\/v2\/pages\/1533\/revisions\/2222"}],"up":[{"embeddable":true,"href":"https:\/\/pos-graduacao.uepb.edu.br\/ppgss\/wp-json\/wp\/v2\/pages\/1515"}],"wp:attachment":[{"href":"https:\/\/pos-graduacao.uepb.edu.br\/ppgss\/wp-json\/wp\/v2\/media?parent=1533"}],"curies":[{"name":"wp","href":"https:\/\/api.w.org\/{rel}","templated":true}]}}