{"id":1529,"date":"2021-11-11T13:50:32","date_gmt":"2021-11-11T13:50:32","guid":{"rendered":"https:\/\/pos-graduacao.uepb.edu.br\/ppgss\/?page_id=1529"},"modified":"2021-11-18T14:23:16","modified_gmt":"2021-11-18T14:23:16","slug":"desligamento","status":"publish","type":"page","link":"https:\/\/pos-graduacao.uepb.edu.br\/ppgss\/procedimentos\/desligamento\/","title":{"rendered":"Desligamento do Curso"},"content":{"rendered":"<p>Ser\u00e1 desligado do curso o\/a discente:<\/p>\n<p>1 &#8211; Reprovado 2 (duas) vezes em disciplina;<\/p>\n<p>2 &#8211; Reprovado em exame de profici\u00eancia dentro dos prazos estabelecidos;<\/p>\n<p>3 &#8211; N\u00e3o efetue matr\u00edcula em prazo determinado;<\/p>\n<p>4 &#8211; Reprovado 2 (duas) vezes no exame de qualifica\u00e7\u00e3o de projeto;<\/p>\n<p>5 &#8211; N\u00e3o cumpra as atividades nos prazos regimentais;<\/p>\n<p>6 &#8211; Que solicite desligamento;<\/p>\n<p>7 &#8211; Reprovado na defesa do trabalho final;<\/p>\n<p>8 &#8211; Em situa\u00e7\u00e3o de abandono de Programa.<\/p>\n<p>O\/A orientador\/a ou Coordenador\/a, atestando uma ou mais das condi\u00e7\u00f5es acima, encaminhar\u00e1 para aprecia\u00e7\u00e3o do Colegiado solicita\u00e7\u00e3o de desligamento do\/a discente do Curso.<\/p>\n","protected":false},"excerpt":{"rendered":"<p>Ser\u00e1 desligado do curso o\/a discente: 1 &#8211; Reprovado 2 (duas) vezes em disciplina; 2 &#8211; Reprovado em exame de profici\u00eancia dentro dos prazos estabelecidos; 3 &#8211; N\u00e3o efetue matr\u00edcula em prazo determinado; 4 &#8211; Reprovado 2 (duas) vezes no exame de qualifica\u00e7\u00e3o de projeto; 5 &#8211; N\u00e3o cumpra as atividades nos prazos regimentais; 6 <a class=\"leiamais\" href=\"https:\/\/pos-graduacao.uepb.edu.br\/ppgss\/procedimentos\/desligamento\/\">Leia Mais&#8230;<\/a><\/p>\n","protected":false},"author":60,"featured_media":0,"parent":1515,"menu_order":0,"comment_status":"closed","ping_status":"closed","template":"","meta":{"footnotes":""},"class_list":["post-1529","page","type-page","status-publish","hentry"],"_links":{"self":[{"href":"https:\/\/pos-graduacao.uepb.edu.br\/ppgss\/wp-json\/wp\/v2\/pages\/1529","targetHints":{"allow":["GET"]}}],"collection":[{"href":"https:\/\/pos-graduacao.uepb.edu.br\/ppgss\/wp-json\/wp\/v2\/pages"}],"about":[{"href":"https:\/\/pos-graduacao.uepb.edu.br\/ppgss\/wp-json\/wp\/v2\/types\/page"}],"author":[{"embeddable":true,"href":"https:\/\/pos-graduacao.uepb.edu.br\/ppgss\/wp-json\/wp\/v2\/users\/60"}],"replies":[{"embeddable":true,"href":"https:\/\/pos-graduacao.uepb.edu.br\/ppgss\/wp-json\/wp\/v2\/comments?post=1529"}],"version-history":[{"count":6,"href":"https:\/\/pos-graduacao.uepb.edu.br\/ppgss\/wp-json\/wp\/v2\/pages\/1529\/revisions"}],"predecessor-version":[{"id":1598,"href":"https:\/\/pos-graduacao.uepb.edu.br\/ppgss\/wp-json\/wp\/v2\/pages\/1529\/revisions\/1598"}],"up":[{"embeddable":true,"href":"https:\/\/pos-graduacao.uepb.edu.br\/ppgss\/wp-json\/wp\/v2\/pages\/1515"}],"wp:attachment":[{"href":"https:\/\/pos-graduacao.uepb.edu.br\/ppgss\/wp-json\/wp\/v2\/media?parent=1529"}],"curies":[{"name":"wp","href":"https:\/\/api.w.org\/{rel}","templated":true}]}}