{"id":1523,"date":"2021-11-11T13:49:58","date_gmt":"2021-11-11T13:49:58","guid":{"rendered":"https:\/\/pos-graduacao.uepb.edu.br\/ppgss\/?page_id=1523"},"modified":"2022-04-13T18:40:26","modified_gmt":"2022-04-13T18:40:26","slug":"estagio-docencia","status":"publish","type":"page","link":"https:\/\/pos-graduacao.uepb.edu.br\/ppgss\/procedimentos\/estagio-docencia\/","title":{"rendered":"Est\u00e1gio Doc\u00eancia"},"content":{"rendered":"<p>Em per\u00edodo previamente divulgado pela Coordena\u00e7\u00e3o, os\/as discentes do PPGSS, salvo casos excepcionais, dever\u00e3o matricular-se no componente curricular &#8220;Est\u00e1gio Doc\u00eancia&#8221;, com dura\u00e7\u00e3o m\u00ednima de 1 (um) semestre para o Mestrado.<\/p>\n<p>Para realiza\u00e7\u00e3o do est\u00e1gio, o\/a estudante, sob a concord\u00e2ncia do\/a professor\/a orientador, dever\u00e1 encaminhar \u00e0 Secretaria do PPGSS, o formul\u00e1rio de matr\u00edcula em est\u00e1gio devidamente preenchido e assinado, bem como o Plano de Trabalho, que dever\u00e1 ser submetido \u00e0 aprecia\u00e7\u00e3o e aprova\u00e7\u00e3o do Colegiado.<\/p>\n<p>O Plano de Trabalho dever\u00e1 abranger o seguinte conte\u00fado:<\/p>\n<p>I &#8211; Introdu\u00e7\u00e3o (Justificativa);<\/p>\n<p>II &#8211; Objetivos;<\/p>\n<p>III &#8211; Carga Hor\u00e1ria semanal (m\u00e1ximo de 4 horas);<\/p>\n<p>IV &#8211; Atividades e cronograma;<\/p>\n<p>V &#8211; Refer\u00eancias.<\/p>\n<p>O &#8220;Est\u00e1gio Doc\u00eancia&#8221; \u00e9 supervisionado pelo\/a professor\/a orientador\/a e, no <strong>prazo m\u00e1ximo de 15 dias,<\/strong> ap\u00f3s conclus\u00e3o das atividades referentes \u00e0 participa\u00e7\u00e3o na elabora\u00e7\u00e3o do plano de curso e\/ou de aula; prepara\u00e7\u00e3o de aulas te\u00f3ricas e\/ou pr\u00e1ticas; reg\u00eancia de aulas te\u00f3ricas e\/ou pr\u00e1ticas, em um \u00fanico Componente Curricular, abrangendo o m\u00ednimo de 20 e o m\u00e1ximo de 30% da carga hor\u00e1ria total do mesmo; e participa\u00e7\u00e3o no processo de avalia\u00e7\u00e3o do ensino-aprendizagem; o\/a discente dever\u00e1 elaborar um relat\u00f3rio e envi\u00e1-lo \u00e0\/ao professor\/a respons\u00e1vel pelo Componente Curricular, para devida avalia\u00e7\u00e3o e atribui\u00e7\u00e3o de conceito. No relat\u00f3rio dever\u00e3o ser descritas as atividades desenvolvidas, incluindo cronograma e a respectiva carga hor\u00e1ria despendida.<\/p>\n<p>Conclu\u00eddas as atividades previstas no Plano de Trabalho, no <strong>prazo m\u00e1ximo de 30 dias,\u00a0<\/strong>o\/a aluno\/a apresentar\u00e1 o Relat\u00f3rio de Est\u00e1gio Doc\u00eancia, assinado por ele\/ela e pelo\/a orientador\/a. Ao relat\u00f3rio final, dever\u00e1 ser anexado a avalia\u00e7\u00e3o de desempenho do\/a discente (Formul\u00e1rio abaixo).<\/p>\n<p>O Colegiado apreciar\u00e1 o Relat\u00f3rio de Est\u00e1gio, podendo aprovar, solicitar complementa\u00e7\u00f5es ou reprovar.<\/p>\n<p>Os procedimentos acima foram extra\u00eddos da Resolu\u00e7\u00e3o\/UEPB\/CONSEPE\/032\/2011 disponibilizada para consulta:<\/p>\n<p><a href=\"https:\/\/pos-graduacao.uepb.edu.br\/ppgss\/files\/2022\/04\/032-2011-APROVA-O-ESTAGIO-DE-DOCENCIA.pdf\">Resolu\u00e7\u00e3o UEPB\/CONSEPE\/032\/2011 &#8211; Regulamenta o Est\u00e1gio Doc\u00eancia<\/a><\/p>\n<p>&nbsp;<\/p>\n<p>Os documentos necess\u00e1rios \u00e0 realiza\u00e7\u00e3o dos procedimentos descritos podem ser acessados abaixo:<\/p>\n<p><a href=\"https:\/\/pos-graduacao.uepb.edu.br\/ppgss\/files\/2021\/11\/Formularios-de-matricula-Estagio-Docencia-1.doc\">Formul\u00e1rio de matr\u00edcula<\/a><\/p>\n<p><a href=\"https:\/\/pos-graduacao.uepb.edu.br\/ppgss\/files\/2021\/11\/Formularios-de-avaliacao-Estagio-Docencia-1.doc\">Formul\u00e1rio de avalia\u00e7\u00e3o<\/a><\/p>\n","protected":false},"excerpt":{"rendered":"<p>Em per\u00edodo previamente divulgado pela Coordena\u00e7\u00e3o, os\/as discentes do PPGSS, salvo casos excepcionais, dever\u00e3o matricular-se no componente curricular &#8220;Est\u00e1gio Doc\u00eancia&#8221;, com dura\u00e7\u00e3o m\u00ednima de 1 (um) semestre para o Mestrado. Para realiza\u00e7\u00e3o do est\u00e1gio, o\/a estudante, sob a concord\u00e2ncia do\/a professor\/a orientador, dever\u00e1 encaminhar \u00e0 Secretaria do PPGSS, o formul\u00e1rio de matr\u00edcula em est\u00e1gio devidamente <a class=\"leiamais\" href=\"https:\/\/pos-graduacao.uepb.edu.br\/ppgss\/procedimentos\/estagio-docencia\/\">Leia Mais&#8230;<\/a><\/p>\n","protected":false},"author":60,"featured_media":0,"parent":1515,"menu_order":0,"comment_status":"closed","ping_status":"closed","template":"","meta":{"footnotes":""},"class_list":["post-1523","page","type-page","status-publish","hentry"],"_links":{"self":[{"href":"https:\/\/pos-graduacao.uepb.edu.br\/ppgss\/wp-json\/wp\/v2\/pages\/1523","targetHints":{"allow":["GET"]}}],"collection":[{"href":"https:\/\/pos-graduacao.uepb.edu.br\/ppgss\/wp-json\/wp\/v2\/pages"}],"about":[{"href":"https:\/\/pos-graduacao.uepb.edu.br\/ppgss\/wp-json\/wp\/v2\/types\/page"}],"author":[{"embeddable":true,"href":"https:\/\/pos-graduacao.uepb.edu.br\/ppgss\/wp-json\/wp\/v2\/users\/60"}],"replies":[{"embeddable":true,"href":"https:\/\/pos-graduacao.uepb.edu.br\/ppgss\/wp-json\/wp\/v2\/comments?post=1523"}],"version-history":[{"count":5,"href":"https:\/\/pos-graduacao.uepb.edu.br\/ppgss\/wp-json\/wp\/v2\/pages\/1523\/revisions"}],"predecessor-version":[{"id":1735,"href":"https:\/\/pos-graduacao.uepb.edu.br\/ppgss\/wp-json\/wp\/v2\/pages\/1523\/revisions\/1735"}],"up":[{"embeddable":true,"href":"https:\/\/pos-graduacao.uepb.edu.br\/ppgss\/wp-json\/wp\/v2\/pages\/1515"}],"wp:attachment":[{"href":"https:\/\/pos-graduacao.uepb.edu.br\/ppgss\/wp-json\/wp\/v2\/media?parent=1523"}],"curies":[{"name":"wp","href":"https:\/\/api.w.org\/{rel}","templated":true}]}}