{"id":1521,"date":"2021-11-11T13:49:48","date_gmt":"2021-11-11T13:49:48","guid":{"rendered":"https:\/\/pos-graduacao.uepb.edu.br\/ppgss\/?page_id=1521"},"modified":"2026-04-02T01:48:03","modified_gmt":"2026-04-02T01:48:03","slug":"matricula","status":"publish","type":"page","link":"https:\/\/pos-graduacao.uepb.edu.br\/ppgss\/procedimentos\/matricula\/","title":{"rendered":"Matr\u00edcula"},"content":{"rendered":"<div class=\"wpb-content-wrapper\"><p>[vc_row][vc_column][vc_column_text css=&#8221;&#8221;]A matr\u00edcula do\/a discente no PPGSS \u00e9 realizada a cada per\u00edodo letivo, de acordo com cronograma pr\u00e9vio divulgado por meio do site oficial e atrav\u00e9s de comunicado enviado aos e-mails dos\/as discentes.<\/p>\n<p>Para realizar a matr\u00edcula, o\/a estudante dever\u00e1 preencher e assinar o formul\u00e1rio de matr\u00edcula\u00a0 e entregar o documento na Secretaria do Curso no prazo estabelecido.<\/p>\n<p>Al\u00e9m do formul\u00e1rio, a partir da segunda matr\u00edcula no Programa, o\/a discente dever\u00e1 encaminhar o relat\u00f3rio de atividades desenvolvidas no per\u00edodo.<\/p>\n<p>Caso n\u00e3o realize a matr\u00edcula no prazo determinado o\/a discente poder\u00e1 ser desligado do Curso.<\/p>\n<p>O modelo de relat\u00f3rio de atividades e a ficha de matr\u00edcula do per\u00edodo est\u00e3o disponibilizados abaixo:<\/p>\n<p><a href=\"https:\/\/pos-graduacao.uepb.edu.br\/ppgss\/files\/2021\/11\/Formulario-para-matricula-PPGSS_Relatorio-Semestral-de-Atividades-Discente-no-Mestrado-1-1.doc\">Relat\u00f3rio semestral de atividade discente<\/a><\/p>\n<p><a href=\"https:\/\/pos-graduacao.uepb.edu.br\/ppgss\/download\/ficha-de-matricula-2025-2\/?wpdmdl=3206&amp;masterkey=m8BeD3rnCyZ7YNMYJ4unGJLLfErYrgLBAkq6sUJTYSh4V7sbEdnwF76B7VfzMk55xUH7IJVx0SeyKDjHHAQZLo_meghKeyw-lvvHEJQNRSs\">Ficha de matr\u00edcula 2026.1<\/a><\/p>\n<p><a href=\"https:\/\/pos-graduacao.uepb.edu.br\/ppgss\/download\/formulario-inicial-de-matricula-nova-turma\/?wpdmdl=3074&amp;masterkey=84Jz4vLrnoJXId5OAdZllcwhMw_Sose6y_JIncAVSoOtNMtouYdC7fqc1LLTYyOageJa_ruNCbgKrt7jujTu95_QHN73jF9IELMbBLwud1Y\">Formul\u00e1rio Inicial de matr\u00edcula &#8211; Nova turma<\/a><\/p>\n<p><a href=\"https:\/\/pos-graduacao.uepb.edu.br\/ppgss\/files\/2024\/03\/Autodeclaracao-etnico-racial.docx\">Autodeclara\u00e7\u00e3o \u00e9tnico-racial<\/a><\/p>\n<p>[\/vc_column_text][\/vc_column][\/vc_row]<\/p>\n<\/div>","protected":false},"excerpt":{"rendered":"<p>[vc_row][vc_column][vc_column_text css=&#8221;&#8221;]A matr\u00edcula do\/a discente no PPGSS \u00e9 realizada a cada per\u00edodo letivo, de acordo com cronograma pr\u00e9vio divulgado por meio do site oficial e atrav\u00e9s de comunicado enviado aos e-mails dos\/as discentes. Para realizar a matr\u00edcula, o\/a estudante dever\u00e1 preencher e assinar o formul\u00e1rio de matr\u00edcula\u00a0 e entregar o documento na Secretaria do Curso <a class=\"leiamais\" href=\"https:\/\/pos-graduacao.uepb.edu.br\/ppgss\/procedimentos\/matricula\/\">Leia Mais&#8230;<\/a><\/p>\n","protected":false},"author":60,"featured_media":0,"parent":1515,"menu_order":0,"comment_status":"closed","ping_status":"closed","template":"","meta":{"footnotes":""},"class_list":["post-1521","page","type-page","status-publish","hentry"],"_links":{"self":[{"href":"https:\/\/pos-graduacao.uepb.edu.br\/ppgss\/wp-json\/wp\/v2\/pages\/1521","targetHints":{"allow":["GET"]}}],"collection":[{"href":"https:\/\/pos-graduacao.uepb.edu.br\/ppgss\/wp-json\/wp\/v2\/pages"}],"about":[{"href":"https:\/\/pos-graduacao.uepb.edu.br\/ppgss\/wp-json\/wp\/v2\/types\/page"}],"author":[{"embeddable":true,"href":"https:\/\/pos-graduacao.uepb.edu.br\/ppgss\/wp-json\/wp\/v2\/users\/60"}],"replies":[{"embeddable":true,"href":"https:\/\/pos-graduacao.uepb.edu.br\/ppgss\/wp-json\/wp\/v2\/comments?post=1521"}],"version-history":[{"count":20,"href":"https:\/\/pos-graduacao.uepb.edu.br\/ppgss\/wp-json\/wp\/v2\/pages\/1521\/revisions"}],"predecessor-version":[{"id":3471,"href":"https:\/\/pos-graduacao.uepb.edu.br\/ppgss\/wp-json\/wp\/v2\/pages\/1521\/revisions\/3471"}],"up":[{"embeddable":true,"href":"https:\/\/pos-graduacao.uepb.edu.br\/ppgss\/wp-json\/wp\/v2\/pages\/1515"}],"wp:attachment":[{"href":"https:\/\/pos-graduacao.uepb.edu.br\/ppgss\/wp-json\/wp\/v2\/media?parent=1521"}],"curies":[{"name":"wp","href":"https:\/\/api.w.org\/{rel}","templated":true}]}}