{"id":110,"date":"2013-02-19T12:31:23","date_gmt":"2013-02-19T12:31:23","guid":{"rendered":"\/ppgs\/?page_id=110"},"modified":"2024-05-28T16:59:35","modified_gmt":"2024-05-28T16:59:35","slug":"grupo-de-pesquisa","status":"publish","type":"page","link":"https:\/\/pos-graduacao.uepb.edu.br\/ppgss\/grupo-de-pesquisa\/","title":{"rendered":"Grupos de Pesquisa"},"content":{"rendered":"<div class=\"wpb-content-wrapper\"><p>[vc_row][vc_column][vc_tta_accordion title_tag=&#8221;h3&#8243; section_title_tag=&#8221;h2&#8243; style=&#8221;modern&#8221; c_icon=&#8221;triangle&#8221; active_section=&#8221;&#8221; collapsible_all=&#8221;true&#8221;][vc_tta_section title=&#8221;Grupo de Estudos, Pesquisas e Assessoria em Pol\u00edticas Sociais (GEAPS)&#8221; tab_id=&#8221;1716915327187-7be07dff-eb51&#8243;][vc_column_text]Este Grupo de pesquisa tem como objetivo compeender o contexto do capitalismo contemporaneo e suas implica\u00e7\u00f5es para as pol\u00edticas sociais, analisando a reforma do Estado, a partir das requisi\u00e7\u00f5es do capital. Estuda, ainda, os processos de formula\u00e7\u00e3o, gest\u00e3o e financiamento das pol\u00edticas da seguridade social, com vistas \u00e0 constru\u00e7\u00e3o de matrizes te\u00f3rico-metodol\u00f3gicas que subsidiem reflex\u00f5es, experi\u00eancias extencionistas e interven\u00e7\u00f5es cr\u00edtico-propositivas no \u00e2mbito das referidas pol\u00edticas.<\/p>\n<p><strong>Linhas de pesquisa:<\/strong><\/p>\n<ul>\n<li>Capitalismo, Neoliberalismo e Prote\u00e7\u00e3o Social<\/li>\n<li>Financeiriza\u00e7\u00e3o do Capital, Fundo P\u00fablico e Seguridade Social brasileira<\/li>\n<\/ul>\n<p>[\/vc_column_text][\/vc_tta_section][vc_tta_section title=&#8221;Grupo de Estudos e Pesquisas sobre Trabalho e Prote\u00e7\u00e3o Social (GETRAPS)&#8221; tab_id=&#8221;1716915327191-59ff0f07-4924&#8243;][vc_column_text]<span class=\"\">O Grupo de Estudos e Pesquisas sobre Trabalho e Prote\u00e7\u00e3o Social -GETRAPS, dedica-se ao desenvolvimento de pesquisas relacionadas \u00e0 crise capitalista contempor\u00e2nea, as transforma\u00e7\u00f5es no mundo do trabalho e suas implica\u00e7\u00f5es nas formas de prote\u00e7\u00e3o social. Inclui, como eixo de an\u00e1lise, um enfoque na atual configura\u00e7\u00e3o das pol\u00edticas sociais que integram a seguridade social e sua rela\u00e7\u00e3o com a organiza\u00e7\u00e3o do trabalho do assistente social. O GETRAPS \u00e9 constitu\u00eddo de docentes e alunos de gradua\u00e7\u00e3o e p\u00f3s-gradua\u00e7\u00e3o que acompanham o desenvolvimento de pesquisas de inicia\u00e7\u00e3o cient\u00edfica com a tem\u00e1tica da desregulamenta\u00e7\u00e3o do trabalho no servi\u00e7o p\u00fablico. Vem consolidar uma linha de pesquisa que integra o Projeto Pedag\u00f3gico do Curso de Servi\u00e7o Social da Universidade Estadual da Para\u00edba para fortalecer a implanta\u00e7\u00e3o da P\u00f3s-Gradua\u00e7\u00e3o em Servi\u00e7o Social neste departamento.<\/span><\/p>\n<p><strong>Linhas de pesquisa:<\/strong><\/p>\n<ul>\n<li><span class=\"\">Capitalismo contempor\u00e2neo, trabalho e quest\u00e3o social<\/span><\/li>\n<li><span class=\"\">Fundamentos e Forma\u00e7\u00e3o do Servi\u00e7o Social<\/span><\/li>\n<li><span class=\"\">Servi\u00e7o Social, processos de trabalho e seguridade social<\/span><\/li>\n<li><span class=\"\">Trabalho e prote\u00e7\u00e3o social<\/span><\/li>\n<\/ul>\n<p>[\/vc_column_text][\/vc_tta_section][vc_tta_section title=&#8221;N\u00facleo de Pesquisa em Pol\u00edtica de Sa\u00fade e Servi\u00e7o Social (NUPEPSS)&#8221; tab_id=&#8221;1716915423548-6e373cb6-016a&#8221;][vc_column_text]O Trabalho do N\u00facleo direciona-se para a produ\u00e7\u00e3o de conhecimento, atrav\u00e9s do desenvolvimento de pesquisas, buscando subsidiar a forma\u00e7\u00e3o profissional e a interven\u00e7\u00e3o social. Al\u00e9m disso, objetiva desenvolver atividades de extens\u00e3o a \u00f3rg\u00e3os governamentais e n\u00e3o-governamentais e movimentos sociais nas tem\u00e1ticas relacionadas as suas linhas de pesquisa : 1\u00aa: Pol\u00edtica de Sa\u00fade e Servi\u00e7o Social 2\u00aa: Servi\u00e7o Social: a Forma\u00e7\u00e3o Profissional, Trabalho e Dire\u00e7\u00e3o Social. Procura-se ainda estimular a participa\u00e7\u00e3o do corpo discente e docente nas atividades desenvolvidas pelo N\u00facleo, contribuindo para o debate e a democratiza\u00e7\u00e3o do conhecimento no meio acad\u00eamico e com a sociedade. O N\u00facleo \u00e9 composto de docentes, discentes e t\u00e9cnicos de Servi\u00e7o Social e \u00e1reas afins.<\/p>\n<p><strong>Linhas de pesquisa:<\/strong><\/p>\n<ul>\n<li>Forma\u00e7\u00e3o Profissional, Trabalho e Dire\u00e7\u00e3o Social<\/li>\n<li>Pol\u00edticas Sociais e Servi\u00e7o Social<\/li>\n<\/ul>\n<p>[\/vc_column_text][\/vc_tta_section][vc_tta_section title=&#8221;N\u00facleo de pesquisa e extens\u00e3o comunit\u00e1ria infanto-juvenil (NUPERCIJ)&#8221; tab_id=&#8221;1716915455981-d8e50cbe-6809&#8243;][vc_column_text]Realizar estudos e pesquisas que venha subsidiar pol\u00edticas de enfrentamento a viol\u00eancia contra crian\u00e7as e adolescentes no munic\u00edpio de Campina Grande e no Estado da Para\u00edba. Contribuir para a produ\u00e7\u00e3o de conhecimentos e tecnologias sociais de enfrentamento a problem\u00e1ticas da inf\u00e2ncia e juventude. Prestar apoio e assessoria t\u00e9cnica e pedag\u00f3gica a entidades governamentais e n\u00e3o governamentais de atendimento a crian\u00e7as e adolescentes. Contribuir na preven\u00e7\u00e3o e enfrentamento a viola\u00e7\u00e3o dos direitos infanto-juvenis atrav\u00e9s de atividades de extens\u00e3o e produ\u00e7\u00e3o do conhecimento sobre o tema.<\/p>\n<p><strong>Linhas de pesquisa:<\/strong><\/p>\n<ul>\n<li>Educa\u00e7\u00e3o e direitos humanos<\/li>\n<li>Pol\u00edticas p\u00fablicas e sociais para inf\u00e2ncia e a juventude<\/li>\n<\/ul>\n<p>[\/vc_column_text][\/vc_tta_section][vc_tta_section title=&#8221;Grupo Flor e Flor Estudos de G\u00eanero e Sexualidades&#8221; tab_id=&#8221;1716915480276-c517c991-3f79&#8243;][vc_column_text]Busca apreender a complexidade dos processos sociais atravessados pelos marcadores sociais da diferen\u00e7a, como essas diferencia\u00e7\u00f5es operam sistemas de subordina\u00e7\u00e3o e desigualdades e como as pol\u00edticas de ag\u00eancia s\u00e3o formatadas em torno das resist\u00eancias a estes sistemas. Prop\u00f5e, ainda, analisar como essas diferencia\u00e7\u00f5es incidem na organiza\u00e7\u00e3o dom\u00e9stico-familiar, no mundo do trabalho, na constitui\u00e7\u00e3o de sujeitos pol\u00edticos e na configura\u00e7\u00e3o das pol\u00edticas sociais.<\/p>\n<p><strong>Linhas de pesquisa:<\/strong><\/p>\n<ul>\n<li>\u00a0Interseccionalidades e marcadores sociais da diferen\u00e7a<\/li>\n<li>G\u00eanero e sa\u00fade<\/li>\n<li>G\u00eanero, trabalho e desenvolvimento<\/li>\n<li>G\u00eanero e Educa\u00e7\u00e3o<\/li>\n<\/ul>\n<p>[\/vc_column_text][\/vc_tta_section][\/vc_tta_accordion][\/vc_column][\/vc_row]<\/p>\n<\/div>","protected":false},"excerpt":{"rendered":"<p>[vc_row][vc_column][vc_tta_accordion title_tag=&#8221;h3&#8243; section_title_tag=&#8221;h2&#8243; style=&#8221;modern&#8221; c_icon=&#8221;triangle&#8221; active_section=&#8221;&#8221; collapsible_all=&#8221;true&#8221;][vc_tta_section title=&#8221;Grupo de Estudos, Pesquisas e Assessoria em Pol\u00edticas Sociais (GEAPS)&#8221; tab_id=&#8221;1716915327187-7be07dff-eb51&#8243;][vc_column_text]Este Grupo de pesquisa tem como objetivo compeender o contexto do capitalismo contemporaneo e suas implica\u00e7\u00f5es para as pol\u00edticas sociais, analisando a reforma do Estado, a partir das requisi\u00e7\u00f5es do capital. Estuda, ainda, os processos de formula\u00e7\u00e3o, gest\u00e3o <a class=\"leiamais\" href=\"https:\/\/pos-graduacao.uepb.edu.br\/ppgss\/grupo-de-pesquisa\/\">Leia Mais&#8230;<\/a><\/p>\n","protected":false},"author":22,"featured_media":0,"parent":0,"menu_order":0,"comment_status":"open","ping_status":"closed","template":"","meta":{"footnotes":""},"class_list":["post-110","page","type-page","status-publish","hentry"],"_links":{"self":[{"href":"https:\/\/pos-graduacao.uepb.edu.br\/ppgss\/wp-json\/wp\/v2\/pages\/110","targetHints":{"allow":["GET"]}}],"collection":[{"href":"https:\/\/pos-graduacao.uepb.edu.br\/ppgss\/wp-json\/wp\/v2\/pages"}],"about":[{"href":"https:\/\/pos-graduacao.uepb.edu.br\/ppgss\/wp-json\/wp\/v2\/types\/page"}],"author":[{"embeddable":true,"href":"https:\/\/pos-graduacao.uepb.edu.br\/ppgss\/wp-json\/wp\/v2\/users\/22"}],"replies":[{"embeddable":true,"href":"https:\/\/pos-graduacao.uepb.edu.br\/ppgss\/wp-json\/wp\/v2\/comments?post=110"}],"version-history":[{"count":25,"href":"https:\/\/pos-graduacao.uepb.edu.br\/ppgss\/wp-json\/wp\/v2\/pages\/110\/revisions"}],"predecessor-version":[{"id":2751,"href":"https:\/\/pos-graduacao.uepb.edu.br\/ppgss\/wp-json\/wp\/v2\/pages\/110\/revisions\/2751"}],"wp:attachment":[{"href":"https:\/\/pos-graduacao.uepb.edu.br\/ppgss\/wp-json\/wp\/v2\/media?parent=110"}],"curies":[{"name":"wp","href":"https:\/\/api.w.org\/{rel}","templated":true}]}}