{"id":11,"date":"2012-08-28T14:26:42","date_gmt":"2012-08-28T14:26:42","guid":{"rendered":"http:\/\/pos-graduacao.ascom.uepb.edu.br\/ppgs\/?page_id=11"},"modified":"2012-08-28T14:36:52","modified_gmt":"2012-08-28T14:36:52","slug":"area-de-concentracao","status":"publish","type":"page","link":"https:\/\/pos-graduacao.uepb.edu.br\/ppgss\/area-de-concentracao\/","title":{"rendered":"\u00c1rea de Concentra\u00e7\u00e3o"},"content":{"rendered":"<p>SERVI\u00c7O SOCIAL, QUEST\u00c3O SOCIAL E DIREITOS SOCIAIS<\/p>\n<p>Este Programa possui uma \u00e1rea de concentra\u00e7\u00e3o que agrega duas linhas de pesquisa. A \u00e1rea de concentra\u00e7\u00e3o \u2013 SERVI\u00c7O SOCIAL, QUESTAO SOCIAL E DIREITOS SOCIAIS tem como eixo a\u00e7\u00e3o estudos e pesquisas sobre o servi\u00e7o social, inserido nas complexas rela\u00e7\u00f5es entre Estado e Sociedade na sociabilidade capitalista. Apreende a Quest\u00e3o Social como produto da sociabilidade capitalista e assume sua centralidade na forma\u00e7\u00e3o dos pesquisadores em servi\u00e7o social e \u00e1reas afins. Considera os direitos sociais como socialmente determinados, levando em considera\u00e7\u00e3o as contradi\u00e7\u00f5es da sociedade de classes, onde possibilita a investiga\u00e7\u00e3o de pr\u00e1ticas sociais envolvendo os sujeitos pol\u00edticos coletivos no enfrentamento e na efetiva\u00e7\u00e3o dos direitos sociais.<\/p>\n<p>&nbsp;<\/p>\n","protected":false},"excerpt":{"rendered":"<p>SERVI\u00c7O SOCIAL, QUEST\u00c3O SOCIAL E DIREITOS SOCIAIS Este Programa possui uma \u00e1rea de concentra\u00e7\u00e3o que agrega duas linhas de pesquisa. A \u00e1rea de concentra\u00e7\u00e3o \u2013 SERVI\u00c7O SOCIAL, QUESTAO SOCIAL E DIREITOS SOCIAIS tem como eixo a\u00e7\u00e3o estudos e pesquisas sobre o servi\u00e7o social, inserido nas complexas rela\u00e7\u00f5es entre Estado e Sociedade na sociabilidade capitalista. Apreende <a class=\"leiamais\" href=\"https:\/\/pos-graduacao.uepb.edu.br\/ppgss\/area-de-concentracao\/\">Leia Mais&#8230;<\/a><\/p>\n","protected":false},"author":5,"featured_media":0,"parent":0,"menu_order":0,"comment_status":"open","ping_status":"open","template":"","meta":{"footnotes":""},"class_list":["post-11","page","type-page","status-publish","hentry"],"_links":{"self":[{"href":"https:\/\/pos-graduacao.uepb.edu.br\/ppgss\/wp-json\/wp\/v2\/pages\/11","targetHints":{"allow":["GET"]}}],"collection":[{"href":"https:\/\/pos-graduacao.uepb.edu.br\/ppgss\/wp-json\/wp\/v2\/pages"}],"about":[{"href":"https:\/\/pos-graduacao.uepb.edu.br\/ppgss\/wp-json\/wp\/v2\/types\/page"}],"author":[{"embeddable":true,"href":"https:\/\/pos-graduacao.uepb.edu.br\/ppgss\/wp-json\/wp\/v2\/users\/5"}],"replies":[{"embeddable":true,"href":"https:\/\/pos-graduacao.uepb.edu.br\/ppgss\/wp-json\/wp\/v2\/comments?post=11"}],"version-history":[{"count":3,"href":"https:\/\/pos-graduacao.uepb.edu.br\/ppgss\/wp-json\/wp\/v2\/pages\/11\/revisions"}],"predecessor-version":[{"id":20,"href":"https:\/\/pos-graduacao.uepb.edu.br\/ppgss\/wp-json\/wp\/v2\/pages\/11\/revisions\/20"}],"wp:attachment":[{"href":"https:\/\/pos-graduacao.uepb.edu.br\/ppgss\/wp-json\/wp\/v2\/media?parent=11"}],"curies":[{"name":"wp","href":"https:\/\/api.w.org\/{rel}","templated":true}]}}