{"id":772,"date":"2017-08-07T15:32:47","date_gmt":"2017-08-07T15:32:47","guid":{"rendered":"https:\/\/pos-graduacao.uepb.edu.br\/ppgsp\/?page_id=772"},"modified":"2022-05-17T16:00:47","modified_gmt":"2022-05-17T16:00:47","slug":"apoio-financeiro","status":"publish","type":"page","link":"https:\/\/pos-graduacao.uepb.edu.br\/ppgsp\/procedimentos\/apoio-financeiro\/","title":{"rendered":"Apoio Financeiro"},"content":{"rendered":"<p>Programa de P\u00f3s-Gradua\u00e7\u00e3o em Sa\u00fade P\u00fablica, sempre que poss\u00edvel, apoia financeiramente atividades acad\u00eamicas, como pagamento de inscri\u00e7\u00e3o em congressos, emiss\u00e3o de passagens ou di\u00e1rias; tradu\u00e7\u00e3o e pagamento de taxa de publica\u00e7\u00e3o de artigos cient\u00edficos com classifica\u00e7\u00e3o A no sistema Qualis; ajuda de custo para realizar atividades de pesquisa em campo, aquisi\u00e7\u00e3o de equipamentos ou reagentes; dentre outras atividades.<\/p>\n<p>O apoio financeiro \u00e0s atividades de pesquisa \u00e9 realizado por meio do uso de verba do Programa PROAP da CAPES ou por meio do uso de verbas captadas pelo Programa (fonte 270).<\/p>\n<p><strong>Solicita\u00e7\u00e3o de Apoio Financeiro \u2013 Recursos do PROAP<\/strong><\/p>\n<p>O PROAP \u00e9 um Programa da CAPES cujo objetivo \u00e9 \u201cFinanciar as atividades dos cursos de p\u00f3s-gradua\u00e7\u00e3o, proporcionando melhores condi\u00e7\u00f5es para a forma\u00e7\u00e3o de recursos humanos.\u201d (Fonte: Site da CAPES). Para saber mais sobre esse programa, consulte o site da ag\u00eancia de fomento: <a href=\"http:\/\/www.capes.gov.br\/bolsas\/bolsas-no-pais\/ds-e-proap\">http:\/\/www.capes.gov.br\/bolsas\/bolsas-no-pais\/ds-e-proap<\/a>. Os procedimentos administrativos para uso da verba PROAP s\u00e3o regulamentados pela Portaria n\u00ba 156, de 28\/11\/2014, que revoga a Portaria 64, de 24\/03\/2010.<\/p>\n<p>Para realizar solicita\u00e7\u00e3o de apoio com uso de verba PROAP, consulte as orienta\u00e7\u00f5es dispon\u00edveis no documento de orienta\u00e7\u00e3o (aqui).<\/p>\n<p><strong>Solicita\u00e7\u00e3o de Apoio Financeiro \u2013 Recursos Pr\u00f3prios \u2013 Fonte 270<\/strong><\/p>\n<p>O PPGSP capta recursos realizando atividades como eventos, congressos, cursos e atividades afins. Para solicita\u00e7\u00e3o de apoio financeiro com uso dessa verba, consulte as orienta\u00e7\u00f5es dispon\u00edveis aqui.<\/p>\n","protected":false},"excerpt":{"rendered":"<p>Programa de P\u00f3s-Gradua\u00e7\u00e3o em Sa\u00fade P\u00fablica, sempre que poss\u00edvel, apoia financeiramente atividades acad\u00eamicas, como pagamento de inscri\u00e7\u00e3o em congressos, emiss\u00e3o de passagens ou di\u00e1rias; tradu\u00e7\u00e3o e pagamento de taxa de publica\u00e7\u00e3o de artigos cient\u00edficos com classifica\u00e7\u00e3o A no sistema Qualis; ajuda de custo para realizar atividades de pesquisa em campo, aquisi\u00e7\u00e3o de equipamentos ou reagentes; <a class=\"leiamais\" href=\"https:\/\/pos-graduacao.uepb.edu.br\/ppgsp\/procedimentos\/apoio-financeiro\/\">Leia Mais&#8230;<\/a><\/p>\n","protected":false},"author":3,"featured_media":0,"parent":746,"menu_order":0,"comment_status":"closed","ping_status":"closed","template":"","meta":{"footnotes":""},"class_list":["post-772","page","type-page","status-publish","hentry"],"_links":{"self":[{"href":"https:\/\/pos-graduacao.uepb.edu.br\/ppgsp\/wp-json\/wp\/v2\/pages\/772","targetHints":{"allow":["GET"]}}],"collection":[{"href":"https:\/\/pos-graduacao.uepb.edu.br\/ppgsp\/wp-json\/wp\/v2\/pages"}],"about":[{"href":"https:\/\/pos-graduacao.uepb.edu.br\/ppgsp\/wp-json\/wp\/v2\/types\/page"}],"author":[{"embeddable":true,"href":"https:\/\/pos-graduacao.uepb.edu.br\/ppgsp\/wp-json\/wp\/v2\/users\/3"}],"replies":[{"embeddable":true,"href":"https:\/\/pos-graduacao.uepb.edu.br\/ppgsp\/wp-json\/wp\/v2\/comments?post=772"}],"version-history":[{"count":5,"href":"https:\/\/pos-graduacao.uepb.edu.br\/ppgsp\/wp-json\/wp\/v2\/pages\/772\/revisions"}],"predecessor-version":[{"id":1721,"href":"https:\/\/pos-graduacao.uepb.edu.br\/ppgsp\/wp-json\/wp\/v2\/pages\/772\/revisions\/1721"}],"up":[{"embeddable":true,"href":"https:\/\/pos-graduacao.uepb.edu.br\/ppgsp\/wp-json\/wp\/v2\/pages\/746"}],"wp:attachment":[{"href":"https:\/\/pos-graduacao.uepb.edu.br\/ppgsp\/wp-json\/wp\/v2\/media?parent=772"}],"curies":[{"name":"wp","href":"https:\/\/api.w.org\/{rel}","templated":true}]}}