{"id":770,"date":"2017-08-07T15:32:06","date_gmt":"2017-08-07T15:32:06","guid":{"rendered":"https:\/\/pos-graduacao.uepb.edu.br\/ppgsp\/?page_id=770"},"modified":"2025-11-24T16:09:02","modified_gmt":"2025-11-24T16:09:02","slug":"defesa-de-dissertacao","status":"publish","type":"page","link":"https:\/\/pos-graduacao.uepb.edu.br\/ppgsp\/procedimentos\/defesa-de-dissertacao\/","title":{"rendered":"Defesa de Disserta\u00e7\u00e3o"},"content":{"rendered":"<div class=\"wpb-content-wrapper\"><p>[vc_row][vc_column][vc_column_text css=&#8221;&#8221;]Em at\u00e9 24 meses de sua matr\u00edcula, o mestrando dever\u00e1 realizar a defesa p\u00fablica de sua disserta\u00e7\u00e3o, requisito obrigat\u00f3rio para a obten\u00e7\u00e3o do t\u00edtulo de Mestre.<\/p>\n<p>\u00c9 facultativa a realiza\u00e7\u00e3o da avalia\u00e7\u00e3o do texto da disserta\u00e7\u00e3o por uma pr\u00e9-banca antes do seu dep\u00f3sito e agendamento da sess\u00e3o de defesa p\u00fablica. A pr\u00e9-banca consiste na avalia\u00e7\u00e3o pr\u00e9via do texto do trabalho por docentes, preferencialmente os membros da banca examinadora, a fim de realizar adequa\u00e7\u00f5es ou revis\u00f5es te\u00f3rico-metodol\u00f3gicas. A realiza\u00e7\u00e3o da pr\u00e9-banca poder\u00e1 ser feita de forma n\u00e3o-presencial e deve ser comunicada, pelo docente orientador do trabalho, \u00e0 Coordena\u00e7\u00e3o e \u00e0 Secretaria para os devidos encaminhamentos.<\/p>\n<p>Para que a banca final seja agendada, ser\u00e1 necess\u00e1rio encaminhar \u00e0 secretaria do curso, em at\u00e9 30 dias antes da data da defesa, um requerimento assinado pelo discente, com anu\u00eancia do orientador (conforme modelo dispon\u00edvel na aba \u201cFormul\u00e1rios\u201d), acrescentado de uma c\u00f3pia digital (em pdf) da disserta\u00e7\u00e3o, al\u00e9m do relat\u00f3rio antipl\u00e1gio. O envio destes documentos deve ser feito atrav\u00e9s de processo, aberto pelo setor de protocolo (<a href=\"mailto:protocolo@setor.uepb.edu.br\">protocolo@setor.uepb.edu.br<\/a>) O acompanhamento do processo \u00e9 de responsabilidade exclusiva do discente, devendo ser realizado pelo menu <em>Processos<\/em> no sistema SUAP.O discente dever\u00e1 acordar com os membros da banca se as suas c\u00f3pias dever\u00e3o ser entregues em formato impresso ou atrav\u00e9s de meio digital.<\/p>\n<p>Na sess\u00e3o p\u00fablica de defesa da disserta\u00e7\u00e3o, a banca examinadora dever\u00e1 ser constitu\u00edda pelo orientador, como presidente, e, no m\u00ednimo, outros dois membros titulares, obrigatoriamente doutores, sendo um membro externo \u00e0 institui\u00e7\u00e3o e um interno ao PPGSP, al\u00e9m de seus respectivos suplentes. Recomenda-se que os professores participantes da banca estejam vinculados a programas de p\u00f3s-gradua\u00e7\u00e3o reconhecidos pela CAPES.<\/p>\n<p>O coorientador do trabalho poder\u00e1 participar do momento da defesa p\u00fablica, entretanto n\u00e3o ir\u00e1 integrar a banca examinadora, salvo nos casos de aus\u00eancia do orientador, devidamente justificada e aprovada pelo Colegiado. Ap\u00f3s avalia\u00e7\u00e3o da banca, o discente poder\u00e1 ser aprovado ou reprovado, n\u00e3o havendo atribui\u00e7\u00e3o de nota ou conceito. Para fins de reprova\u00e7\u00e3o, dever\u00e3o ser considerados os seguintes crit\u00e9rios: constata\u00e7\u00e3o de pl\u00e1gio no texto apresentado pelo mestrando ou fraude em rela\u00e7\u00e3o \u00e0 coleta de dados; o mestrando n\u00e3o demonstrar dom\u00ednio do conte\u00fado do seu trabalho e n\u00e3o conseguir responder adequadamente aos questionamentos da banca examinadora; a disserta\u00e7\u00e3o apresentar graves erros ou defici\u00eancias, comprometendo a qualidade do trabalho apresentado e a imagem p\u00fablica do Curso. Antes de ser reprovada, a disserta\u00e7\u00e3o poder\u00e1 ser considerada insuficiente para aprova\u00e7\u00e3o. Neste caso, a ata, contendo parecer consubstanciado, dever\u00e1 ser encaminhada \u00e0 Coordena\u00e7\u00e3o para aprecia\u00e7\u00e3o e delibera\u00e7\u00e3o do colegiado do curso.<\/p>\n<p>Ap\u00f3s a sess\u00e3o p\u00fablica de Defesa da Disserta\u00e7\u00e3o, o estudante far\u00e1 as corre\u00e7\u00f5es necess\u00e1rias no texto para apresenta\u00e7\u00e3o de uma nova vers\u00e3o em at\u00e9 30 dias; encaminhando \u00e0 Secretaria do PPGSP uma c\u00f3pia do trabalho com arquivo no formato PDF, para a expedi\u00e7\u00e3o do diploma de mestre. O texto final dever\u00e1 respeitar as normas espec\u00edficas dispon\u00edveis na Secretaria do PPGSP e as normas da biblioteca.<\/p>\n<p>&nbsp;<\/p>\n<p>[\/vc_column_text][\/vc_column][\/vc_row]<\/p>\n<\/div>","protected":false},"excerpt":{"rendered":"<p>[vc_row][vc_column][vc_column_text css=&#8221;&#8221;]Em at\u00e9 24 meses de sua matr\u00edcula, o mestrando dever\u00e1 realizar a defesa p\u00fablica de sua disserta\u00e7\u00e3o, requisito obrigat\u00f3rio para a obten\u00e7\u00e3o do t\u00edtulo de Mestre. \u00c9 facultativa a realiza\u00e7\u00e3o da avalia\u00e7\u00e3o do texto da disserta\u00e7\u00e3o por uma pr\u00e9-banca antes do seu dep\u00f3sito e agendamento da sess\u00e3o de defesa p\u00fablica. A pr\u00e9-banca consiste na <a class=\"leiamais\" href=\"https:\/\/pos-graduacao.uepb.edu.br\/ppgsp\/procedimentos\/defesa-de-dissertacao\/\">Leia Mais&#8230;<\/a><\/p>\n","protected":false},"author":3,"featured_media":0,"parent":746,"menu_order":0,"comment_status":"closed","ping_status":"closed","template":"","meta":{"footnotes":""},"class_list":["post-770","page","type-page","status-publish","hentry"],"_links":{"self":[{"href":"https:\/\/pos-graduacao.uepb.edu.br\/ppgsp\/wp-json\/wp\/v2\/pages\/770","targetHints":{"allow":["GET"]}}],"collection":[{"href":"https:\/\/pos-graduacao.uepb.edu.br\/ppgsp\/wp-json\/wp\/v2\/pages"}],"about":[{"href":"https:\/\/pos-graduacao.uepb.edu.br\/ppgsp\/wp-json\/wp\/v2\/types\/page"}],"author":[{"embeddable":true,"href":"https:\/\/pos-graduacao.uepb.edu.br\/ppgsp\/wp-json\/wp\/v2\/users\/3"}],"replies":[{"embeddable":true,"href":"https:\/\/pos-graduacao.uepb.edu.br\/ppgsp\/wp-json\/wp\/v2\/comments?post=770"}],"version-history":[{"count":5,"href":"https:\/\/pos-graduacao.uepb.edu.br\/ppgsp\/wp-json\/wp\/v2\/pages\/770\/revisions"}],"predecessor-version":[{"id":2721,"href":"https:\/\/pos-graduacao.uepb.edu.br\/ppgsp\/wp-json\/wp\/v2\/pages\/770\/revisions\/2721"}],"up":[{"embeddable":true,"href":"https:\/\/pos-graduacao.uepb.edu.br\/ppgsp\/wp-json\/wp\/v2\/pages\/746"}],"wp:attachment":[{"href":"https:\/\/pos-graduacao.uepb.edu.br\/ppgsp\/wp-json\/wp\/v2\/media?parent=770"}],"curies":[{"name":"wp","href":"https:\/\/api.w.org\/{rel}","templated":true}]}}