{"id":768,"date":"2017-08-07T15:31:12","date_gmt":"2017-08-07T15:31:12","guid":{"rendered":"https:\/\/pos-graduacao.uepb.edu.br\/ppgsp\/?page_id=768"},"modified":"2025-11-24T16:05:06","modified_gmt":"2025-11-24T16:05:06","slug":"exame-de-qualificacao","status":"publish","type":"page","link":"https:\/\/pos-graduacao.uepb.edu.br\/ppgsp\/procedimentos\/exame-de-qualificacao\/","title":{"rendered":"Exame de Qualifica\u00e7\u00e3o"},"content":{"rendered":"<div class=\"wpb-content-wrapper\"><p>[vc_row][vc_column][vc_column_text css=&#8221;&#8221;]O exame de qualifica\u00e7\u00e3o \u00e9 requisito obrigat\u00f3rio aos alunos do curso, devendo ser realizado at\u00e9 o final do segundo semestre letivo. a qualifica\u00e7\u00e3o tem por objetivo examinar se o candidato possui conhecimento adequado sobre a pesquisa que pretende desenvolver, demonstrando maturidade cient\u00edfica e seguran\u00e7a nos aspectos t\u00e9cnicos e te\u00f3ricos do seu projeto, capacidade t\u00e9cnica e pessoal para conduzir a pesquisa, e habilidade para lidar com poss\u00edveis imprevistos. As avalia\u00e7\u00f5es de viabilidade t\u00e9cnica e or\u00e7ament\u00e1ria do projeto tamb\u00e9m constituem objetivos deste exame.<\/p>\n<p>A comiss\u00e3o examinadora, aprovada pelo Colegiado do Curso, dever\u00e1 ser constitu\u00edda pelo orientador mais dois membros (um interno e um externo ao Programa), com titula\u00e7\u00e3o m\u00ednima de Doutor. O exame de qualifica\u00e7\u00e3o poder\u00e1 ser realizado por meio de videoconfer\u00eancia.<\/p>\n<p>Para agendar o exame, \u00e9 necess\u00e1rio abrir processo pelo setor de protocolo com, no m\u00ednimo, 30 dias de anteced\u00eancia da data prevista para a banca. Devem ser enviados, em documentos PDF, para o e-mail <a class=\"decorated-link cursor-pointer\" href=\"mailto:protocolo@setor.uepb.edu.br\" rel=\"noopener\" data-start=\"1955\" data-end=\"1982\">protocolo@setor.uepb.edu.br<\/a>, o requerimento assinado pelo discente com anu\u00eancia do orientador, o projeto de pesquisa e o relat\u00f3rio de antipl\u00e1gio. O acompanhamento do processo \u00e9 de responsabilidade exclusiva do discente, devendo ser realizado pelo menu <em>Processos<\/em> no sistema SUAP. \u00a0O discente dever\u00e1 acordar com os membros da banca se as suas c\u00f3pias dever\u00e3o ser entregues em formato impresso ou atrav\u00e9s de meio digital.<\/p>\n<p>No exame de qualifica\u00e7\u00e3o, o discente poder\u00e1 ser aprovado ou reprovado, n\u00e3o havendo atribui\u00e7\u00e3o de nota ou conceito. Ser\u00e1 considerado aprovado o discente que obtiver aprova\u00e7\u00e3o da maioria dos membros da comiss\u00e3o examinadora. Aquele que for reprovado no exame de qualifica\u00e7\u00e3o, poder\u00e1 repeti-lo apenas uma vez, em at\u00e9 03 (tr\u00eas) meses, conforme regulamenta\u00e7\u00e3o do Programa e delibera\u00e7\u00e3o do Colegiado do Curso.<\/p>\n<p>A ata do exame de qualifica\u00e7\u00e3o ser\u00e1 entregue previamente ao orientador e dever\u00e1 ser preenchida e assinada pelo discente e por todos os membros da banca, devendo ser devolvida \u00e0 Coordena\u00e7\u00e3o do Curso imediatamente ap\u00f3s o t\u00e9rmino da banca, para registro do resultado e emiss\u00e3o das declara\u00e7\u00f5es. Os discentes que n\u00e3o realizarem o exame de qualifica\u00e7\u00e3o ou n\u00e3o entregarem a ata com o parecer emitido pela comiss\u00e3o examinadora, mediante justificativa consubstanciada chancelada pelo orientador, poder\u00e3o solicitar um novo prazo ao Colegiado do Curso, que ir\u00e1 apreciar a solicita\u00e7\u00e3o e, quando favor\u00e1vel, estabelecer um novo prazo.<\/p>\n<p>&nbsp;<\/p>\n<p>[\/vc_column_text][\/vc_column][\/vc_row]<\/p>\n<\/div>","protected":false},"excerpt":{"rendered":"<p>[vc_row][vc_column][vc_column_text css=&#8221;&#8221;]O exame de qualifica\u00e7\u00e3o \u00e9 requisito obrigat\u00f3rio aos alunos do curso, devendo ser realizado at\u00e9 o final do segundo semestre letivo. a qualifica\u00e7\u00e3o tem por objetivo examinar se o candidato possui conhecimento adequado sobre a pesquisa que pretende desenvolver, demonstrando maturidade cient\u00edfica e seguran\u00e7a nos aspectos t\u00e9cnicos e te\u00f3ricos do seu projeto, capacidade t\u00e9cnica <a class=\"leiamais\" href=\"https:\/\/pos-graduacao.uepb.edu.br\/ppgsp\/procedimentos\/exame-de-qualificacao\/\">Leia Mais&#8230;<\/a><\/p>\n","protected":false},"author":3,"featured_media":0,"parent":746,"menu_order":0,"comment_status":"closed","ping_status":"closed","template":"","meta":{"footnotes":""},"class_list":["post-768","page","type-page","status-publish","hentry"],"_links":{"self":[{"href":"https:\/\/pos-graduacao.uepb.edu.br\/ppgsp\/wp-json\/wp\/v2\/pages\/768","targetHints":{"allow":["GET"]}}],"collection":[{"href":"https:\/\/pos-graduacao.uepb.edu.br\/ppgsp\/wp-json\/wp\/v2\/pages"}],"about":[{"href":"https:\/\/pos-graduacao.uepb.edu.br\/ppgsp\/wp-json\/wp\/v2\/types\/page"}],"author":[{"embeddable":true,"href":"https:\/\/pos-graduacao.uepb.edu.br\/ppgsp\/wp-json\/wp\/v2\/users\/3"}],"replies":[{"embeddable":true,"href":"https:\/\/pos-graduacao.uepb.edu.br\/ppgsp\/wp-json\/wp\/v2\/comments?post=768"}],"version-history":[{"count":6,"href":"https:\/\/pos-graduacao.uepb.edu.br\/ppgsp\/wp-json\/wp\/v2\/pages\/768\/revisions"}],"predecessor-version":[{"id":2720,"href":"https:\/\/pos-graduacao.uepb.edu.br\/ppgsp\/wp-json\/wp\/v2\/pages\/768\/revisions\/2720"}],"up":[{"embeddable":true,"href":"https:\/\/pos-graduacao.uepb.edu.br\/ppgsp\/wp-json\/wp\/v2\/pages\/746"}],"wp:attachment":[{"href":"https:\/\/pos-graduacao.uepb.edu.br\/ppgsp\/wp-json\/wp\/v2\/media?parent=768"}],"curies":[{"name":"wp","href":"https:\/\/api.w.org\/{rel}","templated":true}]}}