{"id":766,"date":"2017-08-07T15:28:44","date_gmt":"2017-08-07T15:28:44","guid":{"rendered":"https:\/\/pos-graduacao.uepb.edu.br\/ppgsp\/?page_id=766"},"modified":"2022-05-17T15:37:37","modified_gmt":"2022-05-17T15:37:37","slug":"estagio-docencia","status":"publish","type":"page","link":"https:\/\/pos-graduacao.uepb.edu.br\/ppgsp\/procedimentos\/estagio-docencia\/","title":{"rendered":"Est\u00e1gio Doc\u00eancia"},"content":{"rendered":"<p>\u00c9 recomend\u00e1vel, salvo em casos de excepcionalidade, que todos os discentes, mesmo aqueles com experi\u00eancia de magist\u00e9rio no Ensino Superior, realizem o Est\u00e1gio Doc\u00eancia em disciplinas do curso de gradua\u00e7\u00e3o da UEPB, durante um (01) semestre letivo para o Mestrado. A realiza\u00e7\u00e3o do est\u00e1gio doc\u00eancia \u00e9 indispens\u00e1vel para o aluno bolsista.<\/p>\n<p>O Est\u00e1gio Doc\u00eancia consiste em uma atividade supervisionada e depende de pr\u00e9via aprova\u00e7\u00e3o, pelo Colegiado do Curso, do plano de atividades apresentado, que dever\u00e1 ser preenchido pelo estudante, conforme modelo dispon\u00edvel na aba de formul\u00e1rios. A supervis\u00e3o \u00e9 atividade exclusiva de professores doutores e ser\u00e1 exercida, preferencialmente, pelo pr\u00f3prio orientador de disserta\u00e7\u00e3o.<\/p>\n<p>A avalia\u00e7\u00e3o do discente ser\u00e1 da compet\u00eancia do professor supervisor do est\u00e1gio, que dever\u00e1 enviar \u00e0 Secret\u00e1ria (<a href=\"mailto:ppgsp@setor.uepb.edu.br\">ppgsp@setor.uepb.edu.br<\/a>) o relat\u00f3rio das atividades elaborado pelo discente (conforme modelo dispon\u00edvel na aba \u201cFormul\u00e1rios\u201d), contendo a nota correspondente \u00e0 sua avalia\u00e7\u00e3o.<\/p>\n<p>&nbsp;<\/p>\n","protected":false},"excerpt":{"rendered":"<p>\u00c9 recomend\u00e1vel, salvo em casos de excepcionalidade, que todos os discentes, mesmo aqueles com experi\u00eancia de magist\u00e9rio no Ensino Superior, realizem o Est\u00e1gio Doc\u00eancia em disciplinas do curso de gradua\u00e7\u00e3o da UEPB, durante um (01) semestre letivo para o Mestrado. A realiza\u00e7\u00e3o do est\u00e1gio doc\u00eancia \u00e9 indispens\u00e1vel para o aluno bolsista. O Est\u00e1gio Doc\u00eancia consiste <a class=\"leiamais\" href=\"https:\/\/pos-graduacao.uepb.edu.br\/ppgsp\/procedimentos\/estagio-docencia\/\">Leia Mais&#8230;<\/a><\/p>\n","protected":false},"author":3,"featured_media":0,"parent":746,"menu_order":0,"comment_status":"closed","ping_status":"closed","template":"","meta":{"footnotes":""},"class_list":["post-766","page","type-page","status-publish","hentry"],"_links":{"self":[{"href":"https:\/\/pos-graduacao.uepb.edu.br\/ppgsp\/wp-json\/wp\/v2\/pages\/766","targetHints":{"allow":["GET"]}}],"collection":[{"href":"https:\/\/pos-graduacao.uepb.edu.br\/ppgsp\/wp-json\/wp\/v2\/pages"}],"about":[{"href":"https:\/\/pos-graduacao.uepb.edu.br\/ppgsp\/wp-json\/wp\/v2\/types\/page"}],"author":[{"embeddable":true,"href":"https:\/\/pos-graduacao.uepb.edu.br\/ppgsp\/wp-json\/wp\/v2\/users\/3"}],"replies":[{"embeddable":true,"href":"https:\/\/pos-graduacao.uepb.edu.br\/ppgsp\/wp-json\/wp\/v2\/comments?post=766"}],"version-history":[{"count":3,"href":"https:\/\/pos-graduacao.uepb.edu.br\/ppgsp\/wp-json\/wp\/v2\/pages\/766\/revisions"}],"predecessor-version":[{"id":1714,"href":"https:\/\/pos-graduacao.uepb.edu.br\/ppgsp\/wp-json\/wp\/v2\/pages\/766\/revisions\/1714"}],"up":[{"embeddable":true,"href":"https:\/\/pos-graduacao.uepb.edu.br\/ppgsp\/wp-json\/wp\/v2\/pages\/746"}],"wp:attachment":[{"href":"https:\/\/pos-graduacao.uepb.edu.br\/ppgsp\/wp-json\/wp\/v2\/media?parent=766"}],"curies":[{"name":"wp","href":"https:\/\/api.w.org\/{rel}","templated":true}]}}