{"id":760,"date":"2017-08-07T15:17:52","date_gmt":"2017-08-07T15:17:52","guid":{"rendered":"https:\/\/pos-graduacao.uepb.edu.br\/ppgsp\/?page_id=760"},"modified":"2022-05-17T15:35:03","modified_gmt":"2022-05-17T15:35:03","slug":"prazo-para-conclusao-do-curso","status":"publish","type":"page","link":"https:\/\/pos-graduacao.uepb.edu.br\/ppgsp\/procedimentos\/prazo-para-conclusao-do-curso\/","title":{"rendered":"Prazo para conclus\u00e3o do Curso"},"content":{"rendered":"<p>A dura\u00e7\u00e3o do curso de mestrado do Programa de P\u00f3s-Gradua\u00e7\u00e3o em Sa\u00fade P\u00fablica \u00e9 de, no m\u00e1ximo, 24 (vinte e quatro) meses, o que corresponde a dois anos. Em casos excepcionais, mediante justificativa por escrito do discente com anu\u00eancia do orientador, esse limite poder\u00e1 ser prorrogado para at\u00e9 para at\u00e9 30 (trinta) meses, desde que aprovado previamente pelo Colegiado do Curso. Caso o estudante n\u00e3o consiga concluir o curso dentro do prazo, ele ser\u00e1 desligado do Programa, com o respectivo registro no cadastro de discentes da CAPES.<\/p>\n","protected":false},"excerpt":{"rendered":"<p>A dura\u00e7\u00e3o do curso de mestrado do Programa de P\u00f3s-Gradua\u00e7\u00e3o em Sa\u00fade P\u00fablica \u00e9 de, no m\u00e1ximo, 24 (vinte e quatro) meses, o que corresponde a dois anos. Em casos excepcionais, mediante justificativa por escrito do discente com anu\u00eancia do orientador, esse limite poder\u00e1 ser prorrogado para at\u00e9 para at\u00e9 30 (trinta) meses, desde que <a class=\"leiamais\" href=\"https:\/\/pos-graduacao.uepb.edu.br\/ppgsp\/procedimentos\/prazo-para-conclusao-do-curso\/\">Leia Mais&#8230;<\/a><\/p>\n","protected":false},"author":3,"featured_media":0,"parent":746,"menu_order":0,"comment_status":"closed","ping_status":"closed","template":"","meta":{"footnotes":""},"class_list":["post-760","page","type-page","status-publish","hentry"],"_links":{"self":[{"href":"https:\/\/pos-graduacao.uepb.edu.br\/ppgsp\/wp-json\/wp\/v2\/pages\/760","targetHints":{"allow":["GET"]}}],"collection":[{"href":"https:\/\/pos-graduacao.uepb.edu.br\/ppgsp\/wp-json\/wp\/v2\/pages"}],"about":[{"href":"https:\/\/pos-graduacao.uepb.edu.br\/ppgsp\/wp-json\/wp\/v2\/types\/page"}],"author":[{"embeddable":true,"href":"https:\/\/pos-graduacao.uepb.edu.br\/ppgsp\/wp-json\/wp\/v2\/users\/3"}],"replies":[{"embeddable":true,"href":"https:\/\/pos-graduacao.uepb.edu.br\/ppgsp\/wp-json\/wp\/v2\/comments?post=760"}],"version-history":[{"count":2,"href":"https:\/\/pos-graduacao.uepb.edu.br\/ppgsp\/wp-json\/wp\/v2\/pages\/760\/revisions"}],"predecessor-version":[{"id":1712,"href":"https:\/\/pos-graduacao.uepb.edu.br\/ppgsp\/wp-json\/wp\/v2\/pages\/760\/revisions\/1712"}],"up":[{"embeddable":true,"href":"https:\/\/pos-graduacao.uepb.edu.br\/ppgsp\/wp-json\/wp\/v2\/pages\/746"}],"wp:attachment":[{"href":"https:\/\/pos-graduacao.uepb.edu.br\/ppgsp\/wp-json\/wp\/v2\/media?parent=760"}],"curies":[{"name":"wp","href":"https:\/\/api.w.org\/{rel}","templated":true}]}}