{"id":758,"date":"2017-08-07T15:16:34","date_gmt":"2017-08-07T15:16:34","guid":{"rendered":"https:\/\/pos-graduacao.uepb.edu.br\/ppgsp\/?page_id=758"},"modified":"2022-05-16T17:46:14","modified_gmt":"2022-05-16T17:46:14","slug":"desligamento-do-curso","status":"publish","type":"page","link":"https:\/\/pos-graduacao.uepb.edu.br\/ppgsp\/procedimentos\/desligamento-do-curso\/","title":{"rendered":"Desligamento do Curso"},"content":{"rendered":"<p>Conforme previsto no Regimento Interno do Programa de P\u00f3s-Gradua\u00e7\u00e3o em Sa\u00fade P\u00fablica, o discente que n\u00e3o realizar a matr\u00edcula dentro do prazo estipulado, dever\u00e1 apresentar a devida justificativa ao Colegiado do Curso em at\u00e9 dez dias \u00fateis a partir do dia de encerramento da matr\u00edcula. Caso o mesmo n\u00e3o se manifeste, ap\u00f3s finalizado esse per\u00edodo ele ser\u00e1 automaticamente desligado do Curso.<\/p>\n<p>O aluno do PPGSP poder\u00e1, ainda, ser desligado do Curso, caso:<\/p>\n<p>&#8211; Tenha duas reprova\u00e7\u00f5es em disciplinas (na mesma ou em duas diferentes).<\/p>\n<p>&#8211; Seja reprovado pela segunda vez no exame de qualifica\u00e7\u00e3o.<\/p>\n<p>&#8211; N\u00e3o cumpra as atividades ou exig\u00eancias nos prazos regimentais.<\/p>\n<p>&#8211; N\u00e3o realize as atividades de pesquisa e de leitura em conformidade com o plano de trabalho acordado com seu orientador (apresentando faltas consecutivas em reuni\u00f5es do grupo, reuni\u00f5es de acompanhamento e agendamentos acordados com o orientador), podendo comprometer a conclus\u00e3o do curso no prazo estabelecido em regimento.<\/p>\n<p>&#8211; Solicite o seu desligamento.<\/p>\n<p>O orientador e\/ou o Coordenador do PPGSP, atestando uma ou mais das condi\u00e7\u00f5es acima, encaminhar\u00e1 ao Colegiado do Curso o processo solicitando o desligamento do estudante. A justificativa ser\u00e1 apreciada e o Colegiado poder\u00e1 aprovar a recomenda\u00e7\u00e3o de desligamento. Neste caso, o estudante ser\u00e1 comunicado formalmente e desligado do Programa. O Colegiado do Curso poder\u00e1, ainda, estabelecer outros crit\u00e9rios para desligamento, baseados em desempenho acad\u00eamico e cient\u00edfico considerados insatisfat\u00f3rios.<\/p>\n<p>No caso do aluno ser desligado sem que tenha conclu\u00eddo o curso, caso seja novamente aprovado em processo seletivo, seu reingresso ser\u00e1 considerado como nova matr\u00edcula, podendo solicitar ao Colegiado o reaproveitamento de disciplinas, desde que se mostrem compat\u00edveis em termos de carga hor\u00e1ria e ementa.<\/p>\n<p>&nbsp;<\/p>\n","protected":false},"excerpt":{"rendered":"<p>Conforme previsto no Regimento Interno do Programa de P\u00f3s-Gradua\u00e7\u00e3o em Sa\u00fade P\u00fablica, o discente que n\u00e3o realizar a matr\u00edcula dentro do prazo estipulado, dever\u00e1 apresentar a devida justificativa ao Colegiado do Curso em at\u00e9 dez dias \u00fateis a partir do dia de encerramento da matr\u00edcula. Caso o mesmo n\u00e3o se manifeste, ap\u00f3s finalizado esse per\u00edodo <a class=\"leiamais\" href=\"https:\/\/pos-graduacao.uepb.edu.br\/ppgsp\/procedimentos\/desligamento-do-curso\/\">Leia Mais&#8230;<\/a><\/p>\n","protected":false},"author":3,"featured_media":0,"parent":746,"menu_order":0,"comment_status":"closed","ping_status":"closed","template":"","meta":{"footnotes":""},"class_list":["post-758","page","type-page","status-publish","hentry"],"_links":{"self":[{"href":"https:\/\/pos-graduacao.uepb.edu.br\/ppgsp\/wp-json\/wp\/v2\/pages\/758","targetHints":{"allow":["GET"]}}],"collection":[{"href":"https:\/\/pos-graduacao.uepb.edu.br\/ppgsp\/wp-json\/wp\/v2\/pages"}],"about":[{"href":"https:\/\/pos-graduacao.uepb.edu.br\/ppgsp\/wp-json\/wp\/v2\/types\/page"}],"author":[{"embeddable":true,"href":"https:\/\/pos-graduacao.uepb.edu.br\/ppgsp\/wp-json\/wp\/v2\/users\/3"}],"replies":[{"embeddable":true,"href":"https:\/\/pos-graduacao.uepb.edu.br\/ppgsp\/wp-json\/wp\/v2\/comments?post=758"}],"version-history":[{"count":3,"href":"https:\/\/pos-graduacao.uepb.edu.br\/ppgsp\/wp-json\/wp\/v2\/pages\/758\/revisions"}],"predecessor-version":[{"id":1711,"href":"https:\/\/pos-graduacao.uepb.edu.br\/ppgsp\/wp-json\/wp\/v2\/pages\/758\/revisions\/1711"}],"up":[{"embeddable":true,"href":"https:\/\/pos-graduacao.uepb.edu.br\/ppgsp\/wp-json\/wp\/v2\/pages\/746"}],"wp:attachment":[{"href":"https:\/\/pos-graduacao.uepb.edu.br\/ppgsp\/wp-json\/wp\/v2\/media?parent=758"}],"curies":[{"name":"wp","href":"https:\/\/api.w.org\/{rel}","templated":true}]}}