{"id":754,"date":"2017-08-07T15:14:12","date_gmt":"2017-08-07T15:14:12","guid":{"rendered":"https:\/\/pos-graduacao.uepb.edu.br\/ppgsp\/?page_id=754"},"modified":"2022-05-16T17:35:06","modified_gmt":"2022-05-16T17:35:06","slug":"matricula","status":"publish","type":"page","link":"https:\/\/pos-graduacao.uepb.edu.br\/ppgsp\/procedimentos\/matricula\/","title":{"rendered":"Matr\u00edcula"},"content":{"rendered":"<p>Conforme previs\u00e3o do Regimento Interno do Programa de P\u00f3s-Gradua\u00e7\u00e3o em Sa\u00fade P\u00fablica, no seu Cap\u00edtulo IV, Se\u00e7\u00e3o III, a cada semestre letivo, o aluno dever\u00e1 fazer impreterivelmente a sua matr\u00edcula no PPGSP. Para tanto, dever\u00e1 considerar o n\u00famero de cr\u00e9ditos estabelecidos, os prazos e procedimentos espec\u00edficos determinados previamente pela Coordena\u00e7\u00e3o, e comprovar a devida anu\u00eancia do seu orientador.<\/p>\n<p>Para realizar a matr\u00edcula, os discentes dever\u00e3o comprovar a atualiza\u00e7\u00e3o do seu curr\u00edculo Lattes, procedimento importante no processo de avalia\u00e7\u00e3o do curso pela CAPES. Al\u00e9m disso, dever\u00e1 preencher o formul\u00e1rio de matr\u00edcula, anexar os documentos complementares eventualmente requeridos, solicitar a concord\u00e2ncia de seu orientador e enviar o(s) documento(s) digitalizados (em pdf), via e-mail, para a Secretaria do Curso (<a href=\"mailto:ppgsp@setor.uepb.edu.br\">ppgsp@setor.uepb.edu.br<\/a>), no prazo estabelecido. S\u00f3 ser\u00e3o considerados os e-mails que receberem confirma\u00e7\u00e3o de recebimento. Ap\u00f3s efetivada a matr\u00edcula, a confirma\u00e7\u00e3o ser\u00e1 enviada para o e-mail do discente.<\/p>\n<p>A matr\u00edcula semestral distingue-se em institucional, que assegura ao aluno a condi\u00e7\u00e3o de membro do corpo discente da UEPB, e curricular (por disciplina), necess\u00e1ria para cumprir o curr\u00edculo e, portanto, obter o diploma da p\u00f3s-gradua\u00e7\u00e3o.<\/p>\n<p>Caso o discente n\u00e3o realize a matr\u00edcula dentro do prazo estipulado, dever\u00e1 apresentar a devida justificativa ao Colegiado do Curso em at\u00e9 dez dias \u00fateis a partir do dia de encerramento da matr\u00edcula e aguardar a delibera\u00e7\u00e3o. Caso o mesmo n\u00e3o se manifeste, ap\u00f3s finalizado este per\u00edodo ele ser\u00e1 automaticamente desligado do Curso.<\/p>\n","protected":false},"excerpt":{"rendered":"<p>Conforme previs\u00e3o do Regimento Interno do Programa de P\u00f3s-Gradua\u00e7\u00e3o em Sa\u00fade P\u00fablica, no seu Cap\u00edtulo IV, Se\u00e7\u00e3o III, a cada semestre letivo, o aluno dever\u00e1 fazer impreterivelmente a sua matr\u00edcula no PPGSP. Para tanto, dever\u00e1 considerar o n\u00famero de cr\u00e9ditos estabelecidos, os prazos e procedimentos espec\u00edficos determinados previamente pela Coordena\u00e7\u00e3o, e comprovar a devida anu\u00eancia <a class=\"leiamais\" href=\"https:\/\/pos-graduacao.uepb.edu.br\/ppgsp\/procedimentos\/matricula\/\">Leia Mais&#8230;<\/a><\/p>\n","protected":false},"author":3,"featured_media":0,"parent":746,"menu_order":0,"comment_status":"closed","ping_status":"closed","template":"","meta":{"footnotes":""},"class_list":["post-754","page","type-page","status-publish","hentry"],"_links":{"self":[{"href":"https:\/\/pos-graduacao.uepb.edu.br\/ppgsp\/wp-json\/wp\/v2\/pages\/754","targetHints":{"allow":["GET"]}}],"collection":[{"href":"https:\/\/pos-graduacao.uepb.edu.br\/ppgsp\/wp-json\/wp\/v2\/pages"}],"about":[{"href":"https:\/\/pos-graduacao.uepb.edu.br\/ppgsp\/wp-json\/wp\/v2\/types\/page"}],"author":[{"embeddable":true,"href":"https:\/\/pos-graduacao.uepb.edu.br\/ppgsp\/wp-json\/wp\/v2\/users\/3"}],"replies":[{"embeddable":true,"href":"https:\/\/pos-graduacao.uepb.edu.br\/ppgsp\/wp-json\/wp\/v2\/comments?post=754"}],"version-history":[{"count":3,"href":"https:\/\/pos-graduacao.uepb.edu.br\/ppgsp\/wp-json\/wp\/v2\/pages\/754\/revisions"}],"predecessor-version":[{"id":1708,"href":"https:\/\/pos-graduacao.uepb.edu.br\/ppgsp\/wp-json\/wp\/v2\/pages\/754\/revisions\/1708"}],"up":[{"embeddable":true,"href":"https:\/\/pos-graduacao.uepb.edu.br\/ppgsp\/wp-json\/wp\/v2\/pages\/746"}],"wp:attachment":[{"href":"https:\/\/pos-graduacao.uepb.edu.br\/ppgsp\/wp-json\/wp\/v2\/media?parent=754"}],"curies":[{"name":"wp","href":"https:\/\/api.w.org\/{rel}","templated":true}]}}