{"id":752,"date":"2017-08-07T15:13:29","date_gmt":"2017-08-07T15:13:29","guid":{"rendered":"https:\/\/pos-graduacao.uepb.edu.br\/ppgsp\/?page_id=752"},"modified":"2022-05-17T15:49:38","modified_gmt":"2022-05-17T15:49:38","slug":"orientacao-e-coorientacao","status":"publish","type":"page","link":"https:\/\/pos-graduacao.uepb.edu.br\/ppgsp\/procedimentos\/orientacao-e-coorientacao\/","title":{"rendered":"Orienta\u00e7\u00e3o e Coorienta\u00e7\u00e3o"},"content":{"rendered":"<p>Os discentes do PPGSP dever\u00e3o estar vinculados a um orientador durante todo o per\u00edodo do curso. Os orientadores ser\u00e3o definidos dentre os membros do corpo docente, estando devidamente credenciados e sendo aprovados pelo Colegiado. O n\u00famero de orientandos de cada docente dever\u00e1 respeitar as portarias e regulamenta\u00e7\u00f5es estabelecidas pela Capes.<\/p>\n<p>Aos docentes, cabe a responsabilidade de orientar o estudante na organiza\u00e7\u00e3o do respectivo plano de estudos; na defini\u00e7\u00e3o e desenvolvimento de seu projeto de pesquisa e realiza\u00e7\u00e3o do Est\u00e1gio Doc\u00eancia. Ele tamb\u00e9m \u00e9 respons\u00e1vel por acompanhar e supervisionar todas as atividades do mestrando enquanto estiver no curso, avaliando, inclusive, seu desempenho.<\/p>\n<p>Os estudantes do curso tamb\u00e9m podem ter coorientadores, desde que sejam aprovados pelo Colegiado do Curso ap\u00f3s apresenta\u00e7\u00e3o de justificativa. Caso haja necessidade de mudan\u00e7a de orientador, devem ser consultadas as normas no Regimento do PPGSP.<\/p>\n<p>Ao docente ou estudante \u00e9 facultada a solicita\u00e7\u00e3o de transfer\u00eancia de orienta\u00e7\u00e3o, desde que haja anu\u00eancia das partes e interesse de outro docente do PPGSP em assumir a responsabilidade pelo aluno. As solicita\u00e7\u00f5es, com a devida justificativa, devem ser encaminhadas ao Colegiado para delibera\u00e7\u00e3o. Ao longo do processo de transfer\u00eancia, o orientador continuar\u00e1 respons\u00e1vel pelo aluno at\u00e9 que outro docente assuma formalmente a orienta\u00e7\u00e3o, o que ocorrer\u00e1 logo ap\u00f3s a delibera\u00e7\u00e3o do Colegiado.<\/p>\n","protected":false},"excerpt":{"rendered":"<p>Os discentes do PPGSP dever\u00e3o estar vinculados a um orientador durante todo o per\u00edodo do curso. Os orientadores ser\u00e3o definidos dentre os membros do corpo docente, estando devidamente credenciados e sendo aprovados pelo Colegiado. O n\u00famero de orientandos de cada docente dever\u00e1 respeitar as portarias e regulamenta\u00e7\u00f5es estabelecidas pela Capes. Aos docentes, cabe a responsabilidade <a class=\"leiamais\" href=\"https:\/\/pos-graduacao.uepb.edu.br\/ppgsp\/procedimentos\/orientacao-e-coorientacao\/\">Leia Mais&#8230;<\/a><\/p>\n","protected":false},"author":3,"featured_media":0,"parent":746,"menu_order":0,"comment_status":"closed","ping_status":"closed","template":"","meta":{"footnotes":""},"class_list":["post-752","page","type-page","status-publish","hentry"],"_links":{"self":[{"href":"https:\/\/pos-graduacao.uepb.edu.br\/ppgsp\/wp-json\/wp\/v2\/pages\/752","targetHints":{"allow":["GET"]}}],"collection":[{"href":"https:\/\/pos-graduacao.uepb.edu.br\/ppgsp\/wp-json\/wp\/v2\/pages"}],"about":[{"href":"https:\/\/pos-graduacao.uepb.edu.br\/ppgsp\/wp-json\/wp\/v2\/types\/page"}],"author":[{"embeddable":true,"href":"https:\/\/pos-graduacao.uepb.edu.br\/ppgsp\/wp-json\/wp\/v2\/users\/3"}],"replies":[{"embeddable":true,"href":"https:\/\/pos-graduacao.uepb.edu.br\/ppgsp\/wp-json\/wp\/v2\/comments?post=752"}],"version-history":[{"count":3,"href":"https:\/\/pos-graduacao.uepb.edu.br\/ppgsp\/wp-json\/wp\/v2\/pages\/752\/revisions"}],"predecessor-version":[{"id":1720,"href":"https:\/\/pos-graduacao.uepb.edu.br\/ppgsp\/wp-json\/wp\/v2\/pages\/752\/revisions\/1720"}],"up":[{"embeddable":true,"href":"https:\/\/pos-graduacao.uepb.edu.br\/ppgsp\/wp-json\/wp\/v2\/pages\/746"}],"wp:attachment":[{"href":"https:\/\/pos-graduacao.uepb.edu.br\/ppgsp\/wp-json\/wp\/v2\/media?parent=752"}],"curies":[{"name":"wp","href":"https:\/\/api.w.org\/{rel}","templated":true}]}}