{"id":750,"date":"2017-08-07T15:12:44","date_gmt":"2017-08-07T15:12:44","guid":{"rendered":"https:\/\/pos-graduacao.uepb.edu.br\/ppgsp\/?page_id=750"},"modified":"2026-04-17T18:15:31","modified_gmt":"2026-04-17T21:15:31","slug":"ingresso","status":"publish","type":"page","link":"https:\/\/pos-graduacao.uepb.edu.br\/ppgsp\/procedimentos\/ingresso\/","title":{"rendered":"Calend\u00e1rio e Oferta de Disciplinas 2026.1"},"content":{"rendered":"<div class=\"wpb-content-wrapper\"><p>[vc_row][vc_column][vc_column_text css=&#8221;&#8221;]<\/p>\n<ul>\n<li>Calend\u00e1rio Acad\u00eamico PPGSP &#8211; Per\u00edodo 2026.1 &#8211; Clique\u00a0 <a href=\"https:\/\/pos-graduacao.uepb.edu.br\/ppgsp\/download\/calendario-2026-1\/?wpdmdl=2846&amp;masterkey=O9Q9f1trVhlQcO7M_WCD9ePFq65_RJ_ds7nPciUNXbC4yboKxtdw7up19w7mPjnYs10OpL2gbgqzve2bjMLZNNsVSsJrKk6Hu1H9aVDtyko0\">AQUI<\/a><\/li>\n<li>Disciplinas Ofertadas PPGSP &#8211; Per\u00edodo 2026.1 &#8211; Clique\u00a0 <a href=\"https:\/\/pos-graduacao.uepb.edu.br\/ppgsp\/download\/disciplinas-2026-1\/?wpdmdl=2861&amp;masterkey=OxMTdrOxrdT6K8_lSH282uG90Ic2QkF2MZ9waVx7IH8of_pcg03UtmESSBZOkakZ0ZedBPBoLGpz02IlbQ_YZQErHeGSWvVKlJ5r11Z037lc\">AQUI<\/a><\/li>\n<\/ul>\n<p>[\/vc_column_text][\/vc_column][\/vc_row]<\/p>\n<\/div>","protected":false},"excerpt":{"rendered":"<p>[vc_row][vc_column][vc_column_text css=&#8221;&#8221;] Calend\u00e1rio Acad\u00eamico PPGSP &#8211; Per\u00edodo 2026.1 &#8211; Clique\u00a0 AQUI Disciplinas Ofertadas PPGSP &#8211; Per\u00edodo 2026.1 &#8211; Clique\u00a0 AQUI [\/vc_column_text][\/vc_column][\/vc_row]<\/p>\n","protected":false},"author":3,"featured_media":0,"parent":746,"menu_order":0,"comment_status":"closed","ping_status":"closed","template":"","meta":{"footnotes":""},"class_list":["post-750","page","type-page","status-publish","hentry"],"_links":{"self":[{"href":"https:\/\/pos-graduacao.uepb.edu.br\/ppgsp\/wp-json\/wp\/v2\/pages\/750","targetHints":{"allow":["GET"]}}],"collection":[{"href":"https:\/\/pos-graduacao.uepb.edu.br\/ppgsp\/wp-json\/wp\/v2\/pages"}],"about":[{"href":"https:\/\/pos-graduacao.uepb.edu.br\/ppgsp\/wp-json\/wp\/v2\/types\/page"}],"author":[{"embeddable":true,"href":"https:\/\/pos-graduacao.uepb.edu.br\/ppgsp\/wp-json\/wp\/v2\/users\/3"}],"replies":[{"embeddable":true,"href":"https:\/\/pos-graduacao.uepb.edu.br\/ppgsp\/wp-json\/wp\/v2\/comments?post=750"}],"version-history":[{"count":21,"href":"https:\/\/pos-graduacao.uepb.edu.br\/ppgsp\/wp-json\/wp\/v2\/pages\/750\/revisions"}],"predecessor-version":[{"id":2863,"href":"https:\/\/pos-graduacao.uepb.edu.br\/ppgsp\/wp-json\/wp\/v2\/pages\/750\/revisions\/2863"}],"up":[{"embeddable":true,"href":"https:\/\/pos-graduacao.uepb.edu.br\/ppgsp\/wp-json\/wp\/v2\/pages\/746"}],"wp:attachment":[{"href":"https:\/\/pos-graduacao.uepb.edu.br\/ppgsp\/wp-json\/wp\/v2\/media?parent=750"}],"curies":[{"name":"wp","href":"https:\/\/api.w.org\/{rel}","templated":true}]}}