{"id":719,"date":"2017-08-07T11:11:51","date_gmt":"2017-08-07T11:11:51","guid":{"rendered":"https:\/\/pos-graduacao.uepb.edu.br\/ppgsp\/?page_id=719"},"modified":"2017-08-07T11:11:51","modified_gmt":"2017-08-07T11:11:51","slug":"grupos-de-pesquisa","status":"publish","type":"page","link":"https:\/\/pos-graduacao.uepb.edu.br\/ppgsp\/pesquisa\/grupos-de-pesquisa\/","title":{"rendered":"Grupos de Pesquisa"},"content":{"rendered":"<p>No PPGSP h\u00e1 v\u00e1rios grupos de pesquisa que est\u00e3o registrados no Diret\u00f3rio de Grupos de Pesquisa do CNPq.<\/p>\n<p>O acesso aos grupos pode ser feita por aqui.<\/p>\n","protected":false},"excerpt":{"rendered":"<p>No PPGSP h\u00e1 v\u00e1rios grupos de pesquisa que est\u00e3o registrados no Diret\u00f3rio de Grupos de Pesquisa do CNPq. O acesso aos grupos pode ser feita por aqui.<\/p>\n","protected":false},"author":3,"featured_media":0,"parent":717,"menu_order":0,"comment_status":"closed","ping_status":"closed","template":"","meta":{"footnotes":""},"class_list":["post-719","page","type-page","status-publish","hentry"],"_links":{"self":[{"href":"https:\/\/pos-graduacao.uepb.edu.br\/ppgsp\/wp-json\/wp\/v2\/pages\/719","targetHints":{"allow":["GET"]}}],"collection":[{"href":"https:\/\/pos-graduacao.uepb.edu.br\/ppgsp\/wp-json\/wp\/v2\/pages"}],"about":[{"href":"https:\/\/pos-graduacao.uepb.edu.br\/ppgsp\/wp-json\/wp\/v2\/types\/page"}],"author":[{"embeddable":true,"href":"https:\/\/pos-graduacao.uepb.edu.br\/ppgsp\/wp-json\/wp\/v2\/users\/3"}],"replies":[{"embeddable":true,"href":"https:\/\/pos-graduacao.uepb.edu.br\/ppgsp\/wp-json\/wp\/v2\/comments?post=719"}],"version-history":[{"count":1,"href":"https:\/\/pos-graduacao.uepb.edu.br\/ppgsp\/wp-json\/wp\/v2\/pages\/719\/revisions"}],"predecessor-version":[{"id":720,"href":"https:\/\/pos-graduacao.uepb.edu.br\/ppgsp\/wp-json\/wp\/v2\/pages\/719\/revisions\/720"}],"up":[{"embeddable":true,"href":"https:\/\/pos-graduacao.uepb.edu.br\/ppgsp\/wp-json\/wp\/v2\/pages\/717"}],"wp:attachment":[{"href":"https:\/\/pos-graduacao.uepb.edu.br\/ppgsp\/wp-json\/wp\/v2\/media?parent=719"}],"curies":[{"name":"wp","href":"https:\/\/api.w.org\/{rel}","templated":true}]}}