{"id":699,"date":"2017-07-28T13:10:52","date_gmt":"2017-07-28T13:10:52","guid":{"rendered":"https:\/\/pos-graduacao.uepb.edu.br\/ppgsp\/?page_id=699"},"modified":"2023-12-11T15:11:40","modified_gmt":"2023-12-11T15:11:40","slug":"pos-doutores","status":"publish","type":"page","link":"https:\/\/pos-graduacao.uepb.edu.br\/ppgsp\/pessoas\/pos-doutores\/","title":{"rendered":"Egressos"},"content":{"rendered":"<div class=\"wpb-content-wrapper\"><p>[vc_row][vc_column][vc_column_text]Desde o seu in\u00edcio, quando foi credenciado junto \u00e0 CAPES, o PPGSP j\u00e1 formou mais de 200 mestres.<\/p>\n<p>Acesse o curr\u00edculo Lattes dos egressos, por ano de ingresso.[\/vc_column_text][vc_tta_tour][vc_tta_section title=&#8221;Turma 2009&#8243; tab_id=&#8221;1702304605576-20d2eeb0-6903&#8243;][vc_column_text]<\/p>\n<ul>\n<li><a href=\"http:\/\/lattes.cnpq.br\/5597558131874152\">ALEXSANDRO SILVA COURA<\/a><\/li>\n<li><a href=\"http:\/\/lattes.cnpq.br\/6035652035669790\">ANA RAQUEL DE FIGUEIREDO REGO<\/a><\/li>\n<li><a href=\"http:\/\/lattes.cnpq.br\/1263854665543860\">ANDR\u00c9 LUIZ CORREIA RAMOS<\/a><\/li>\n<li><a href=\"http:\/\/lattes.cnpq.br\/0063360794741565\">ANNUSKA PAULA BATISTA DE ALMEIDA<\/a><\/li>\n<li><a href=\"http:\/\/lattes.cnpq.br\/0595336467982768\">BELCHIOR DE MEDEIROS LUCENA<\/a><\/li>\n<li><a href=\"http:\/\/lattes.cnpq.br\/6546206478057785\">DAIANE DE QUEIROZ<\/a><\/li>\n<li><a href=\"http:\/\/lattes.cnpq.br\/3575730318035561\">ERIK CRISTOV\u00c3O ARA\u00daJO DE MELO<\/a><\/li>\n<li><a href=\"http:\/\/lattes.cnpq.br\/4380697131326102\">EURIPEDES GIL DE FRAN\u00c7A<\/a><\/li>\n<li><a href=\"http:\/\/lattes.cnpq.br\/6182493831482049\">FABIANA LUCENA ROCHA<\/a><\/li>\n<li><a href=\"http:\/\/lattes.cnpq.br\/4763720807603173\">FABIANE SANTOS CRISTOV\u00c3O<\/a><\/li>\n<li><a href=\"http:\/\/lattes.cnpq.br\/9491982798869551\">JULIANA AMARO BORBOREMA BEZERRA<\/a><\/li>\n<li><a href=\"http:\/\/lattes.cnpq.br\/5534155531101232\">JULIANA ANDREIA FERNANDES NORONHA<\/a><\/li>\n<li><a href=\"http:\/\/lattes.cnpq.br\/4316003662031012\">JULIANE BERENGUER DE SOUZA PEIXOTO<\/a><\/li>\n<li><a href=\"http:\/\/lattes.cnpq.br\/2045469129959342\">MAERCIO MOTA DE SOUZA<\/a><\/li>\n<li><a href=\"http:\/\/lattes.cnpq.br\/2244281146215978\">PATR\u00cdCIA LEITE DE OLIVEIRA BEL\u00c9M<\/a><\/li>\n<li><a href=\"http:\/\/lattes.cnpq.br\/0667596657820805\">RAFAELLA QUEIROGA SOUTO<\/a><\/li>\n<li><a href=\"http:\/\/lattes.cnpq.br\/5970198581693621\">RENATA LOUREIRO SANTOS BAS\u00cdLIO<\/a><\/li>\n<li><a href=\"http:\/\/lattes.cnpq.br\/1430604408958594\">SUELY DEYSNY DE MATOS CELINO<\/a><\/li>\n<li><a href=\"http:\/\/lattes.cnpq.br\/7995077811400945\">VALKENIA ALVES SILVA<\/a><\/li>\n<\/ul>\n<p>[\/vc_column_text][\/vc_tta_section][vc_tta_section title=&#8221;Turma 2010&#8243; tab_id=&#8221;1702304636263-8283c7ba-c90d&#8221;][vc_column_text]<\/p>\n<ul>\n<li><a href=\"http:\/\/lattes.cnpq.br\/7343638339833177\">ALINE SILVA SANTOS<\/a><\/li>\n<li><a href=\"http:\/\/lattes.cnpq.br\/7542449097428876\">ANNE ALUSKA DA SILVA PEQUENO<\/a><\/li>\n<li><a href=\"http:\/\/lattes.cnpq.br\/5977886386876273\">BERTRAN GONCALVES COUTINHO<\/a><\/li>\n<li><a href=\"http:\/\/lattes.cnpq.br\/1593159129361287\">FABIANA PAULINO ALVES<\/a><\/li>\n<li><a href=\"http:\/\/lattes.cnpq.br\/7664987364699358\">FLAVIA NUNES FERREIRA DE ARAUJO<\/a><\/li>\n<li><a href=\"http:\/\/lattes.cnpq.br\/1661169362398339\">GRACIELLE MALHEIRO DOS SANTOS<\/a><\/li>\n<li><a href=\"http:\/\/lattes.cnpq.br\/1933302185375710\">KENNIA SIBELLY MARQUES DE ABRANTES<\/a><\/li>\n<li><a href=\"http:\/\/lattes.cnpq.br\/9825695979996528\">LARISSA CRISTINA CARNEIRO RIBEIRO<\/a><\/li>\n<li><a href=\"http:\/\/lattes.cnpq.br\/3174442063399908\">LUANA COUTO ASSIS LEITAO<\/a><\/li>\n<li><a href=\"http:\/\/lattes.cnpq.br\/3524097360034994\">MARCIA CRISTINA SALES<\/a><\/li>\n<li><a href=\"http:\/\/lattes.cnpq.br\/4491696422791389\">TALIANNE RODRIGUES SANTOS<\/a><\/li>\n<li><a href=\"http:\/\/lattes.cnpq.br\/1384092652756592\">WINDSOR RAMOS DA SILVA JUNIOR<\/a><\/li>\n<li><a href=\"http:\/\/lattes.cnpq.br\/9830280668961578\">YANIK CARLA ARAUJO DE OLIVEIRA<\/a><\/li>\n<\/ul>\n<p>[\/vc_column_text][\/vc_tta_section][vc_tta_section title=&#8221;Turma 2011&#8243; tab_id=&#8221;1702304788287-65c8dd3b-c00f&#8221;][vc_column_text]<\/p>\n<ul>\n<li><a href=\"http:\/\/lattes.cnpq.br\/8875016279173736\">ADRIANA AMORIM DE FARIAS LEAL<\/a><\/li>\n<li><a href=\"http:\/\/lattes.cnpq.br\/5339174593997697\">AMANDA MANUELLA DANTAS NOBRE<\/a><\/li>\n<li><a href=\"http:\/\/lattes.cnpq.br\/4750070753228132\">ANA CAROLINA DANTAS ROCHA<\/a><\/li>\n<li><a href=\"http:\/\/lattes.cnpq.br\/3251079218354154\">ANAJ\u00c1S DA SILVA CARDOSO<\/a><\/li>\n<li><a href=\"http:\/\/lattes.cnpq.br\/3655688759884710\">\u00c1STRID CAM\u00caLO PALMEIRA<\/a><\/li>\n<li><a href=\"http:\/\/lattes.cnpq.br\/5750961606475452\">GU\u00caDIJANY HENRIQUE PEREIRA<\/a><\/li>\n<li><a href=\"http:\/\/lattes.cnpq.br\/8875016279173736\">HELOISY ALVES DE MEDEIROS<\/a><\/li>\n<li><a href=\"http:\/\/lattes.cnpq.br\/7568509034647888\">IRIS SANT\u2019ANNA ARAUJO RODRIGUES<\/a><\/li>\n<li><a href=\"http:\/\/lattes.cnpq.br\/8630318476799146\">JOHNNATAS MIKAEL LOPES<\/a><\/li>\n<li><a href=\"http:\/\/lattes.cnpq.br\/4886223445226938\">KLEANE MARIA DA FONSECA A. ARA\u00daJO<\/a><\/li>\n<li><a href=\"http:\/\/lattes.cnpq.br\/4841870379922169\">LANNUZYA VERISSIMO E OLIVEIRA<\/a><\/li>\n<li><a href=\"http:\/\/lattes.cnpq.br\/3057010828975137\">MAGALY SU\u00caNYA DE ALMEIDA PINTO<\/a><\/li>\n<li><a href=\"http:\/\/lattes.cnpq.br\/2157354405349822\">MARIA SU\u00caNIA CAVALCANTI PORTO<\/a><\/li>\n<li><a href=\"http:\/\/lattes.cnpq.br\/6657507947146364\">NATHALIA COSTA GONZAGA<\/a><\/li>\n<li><a href=\"http:\/\/lattes.cnpq.br\/3685255955011144\">PAULA RENATA FLOR\u00caNCIA MENDES<\/a><\/li>\n<li><a href=\"http:\/\/lattes.cnpq.br\/3685255955011144\">REGIANE FIXINA DE LUCENA<\/a><\/li>\n<li><a href=\"http:\/\/lattes.cnpq.br\/2729083663978345\">S\u00c9RGIO DA CUNHA FALC\u00c3O<\/a><\/li>\n<li><a href=\"http:\/\/lattes.cnpq.br\/1880099078637602\">THALINY BATISTA SARMENTO DE OLIVEIRA<\/a><\/li>\n<li><a href=\"http:\/\/lattes.cnpq.br\/6917079139731942\">WALDENEIDE FERNANDES DE AZEVEDO<\/a><\/li>\n<\/ul>\n<p>[\/vc_column_text][\/vc_tta_section][vc_tta_section title=&#8221;Turma 2012&#8243; tab_id=&#8221;1702304806239-7a2a9af0-f323&#8243;][vc_column_text]<\/p>\n<ul>\n<li><a href=\"http:\/\/lattes.cnpq.br\/7514803763996750\">ELAINE CRISTINA T\u00d4RRES OLIVEIRA<\/a><\/li>\n<li><a href=\"http:\/\/lattes.cnpq.br\/3560792677248196\">ELICARLOS MARQUES NUNES<\/a><\/li>\n<li><a href=\"http:\/\/lattes.cnpq.br\/2070925655446665\">HAYANNE OLIVEIRA DA SILVA<\/a><\/li>\n<li><a href=\"http:\/\/lattes.cnpq.br\/5194977680830865\">JOANA D\u2019ARC LYRA BATISTA<\/a><\/li>\n<li><a href=\"http:\/\/lattes.cnpq.br\/2169071293727499\">JULIANA DE OLIVEIRA MUSSE<\/a><\/li>\n<li><a href=\"http:\/\/lattes.cnpq.br\/6491892520164344\">KYONAYRA QUEZIA DUARTE BRITO<\/a><\/li>\n<li><a href=\"http:\/\/lattes.cnpq.br\/3145255454728717\">MAYRLA LIMA PINTO<\/a><\/li>\n<li><a href=\"http:\/\/lattes.cnpq.br\/9552905047191517\">MIELLE NEIVA SANTOS<\/a><\/li>\n<li><a href=\"http:\/\/lattes.cnpq.br\/6202634098820998\">PALAS ATEN\u00c9IA DANTAS DE MEDEIROS<\/a><\/li>\n<li><a href=\"http:\/\/lattes.cnpq.br\/8039645308660464\">ROG\u00c9RIA M\u00c1XIMO DE LAV\u00d4R<\/a><\/li>\n<li><a href=\"http:\/\/lattes.cnpq.br\/8745177882246597\">R\u00d4MULO MOREIRA DOS SANTOS<\/a><\/li>\n<li><a href=\"http:\/\/lattes.cnpq.br\/1386411473907330\">TALINA CARLA DA SILVA<\/a><\/li>\n<li><a href=\"http:\/\/lattes.cnpq.br\/4806370797000199\">TATIANNE MOURA ESTRELA DANTAS<\/a><\/li>\n<li><a href=\"http:\/\/lattes.cnpq.br\/8390522714870053\">THACIRA DANTAS ALMEIDA RAMOS<\/a><\/li>\n<li><a href=\"http:\/\/lattes.cnpq.br\/2756900685594800\">THA\u00cdSE ALVES BEZERRA<\/a><\/li>\n<li><a href=\"http:\/\/lattes.cnpq.br\/5721439040553268\">THAISY SARMENTO BATISTA DE OLIVEIRA<\/a><\/li>\n<li><a href=\"http:\/\/lattes.cnpq.br\/6127372149628703\">THIAGO HENRIQUE DE ARAUJO LINO<\/a><\/li>\n<li><a href=\"http:\/\/lattes.cnpq.br\/6188804925623363\">THYAGO COSTA WANDERLEY<\/a><\/li>\n<\/ul>\n<p>[\/vc_column_text][\/vc_tta_section][vc_tta_section title=&#8221;Turma 2013&#8243; tab_id=&#8221;1702307318692-7b2b6c09-bdec&#8221;][vc_column_text]<\/p>\n<ul>\n<li><a href=\"http:\/\/lattes.cnpq.br\/4480068238112285\">AM\u00c9RICO FERNANDES<\/a><\/li>\n<li><a href=\"http:\/\/lattes.cnpq.br\/5560659900848759\">ANDREIA DA SILVA MOREIRA<\/a><\/li>\n<li><a href=\"http:\/\/lattes.cnpq.br\/4737502964612046\">ANDRESSA KALINE FERREIRA ARA\u00daJO<\/a><\/li>\n<li><a href=\"http:\/\/lattes.cnpq.br\/8832917280090140\">CAMILLA RIBEIRO LIMA DE FARIAS<\/a><\/li>\n<li><a href=\"http:\/\/lattes.cnpq.br\/5253725714072482\">CAROLINA PEREIRA DA CUNHA SOUSA<\/a><\/li>\n<li><a href=\"http:\/\/lattes.cnpq.br\/8842460114307022\">C\u00cdCERA RENATA DINIZ VIEIRA<\/a><\/li>\n<li><a href=\"http:\/\/lattes.cnpq.br\/3840540568142596\">DIOGO RODRIGUES SOUZA<\/a><\/li>\n<li><a href=\"http:\/\/lattes.cnpq.br\/9805873289395057\">EDUARDO DOS REIS BELO<\/a><\/li>\n<li><a href=\"http:\/\/lattes.cnpq.br\/3760430118088052\">ELLEN THAIS GRAIFF DE SOUSA<\/a><\/li>\n<li><a href=\"http:\/\/lattes.cnpq.br\/2482581667294666\">EMANUELLA DE CASTRO MARCOLINO<\/a><\/li>\n<li><a href=\"http:\/\/lattes.cnpq.br\/7417143159633172\">FERNANDA DARLIANE TAVARES DE LUNA<\/a><\/li>\n<li><a href=\"http:\/\/lattes.cnpq.br\/9727379223036084\">FERNANDO ROCHA LUCENA LOPES<\/a><\/li>\n<li><a href=\"http:\/\/lattes.cnpq.br\/4987719107863101\">GIBRAN SARMENTO DE ALMEIDA<\/a><\/li>\n<li><a href=\"http:\/\/lattes.cnpq.br\/0470004217552685\">IVELISE FHRIDERAID ALVES FURTADO DA COSTA<\/a><\/li>\n<li><a href=\"http:\/\/lattes.cnpq.br\/9064510807814492\">KAROLINNE SOUZA MONTEIRO<\/a><\/li>\n<li><a href=\"http:\/\/lattes.cnpq.br\/4315915802319984\">MAYARA LIMA BARBOSA<\/a><\/li>\n<li><a href=\"http:\/\/lattes.cnpq.br\/5173530280476863\">MILLENA CAVALCANTI RAMALHO<\/a><\/li>\n<li><a href=\"http:\/\/lattes.cnpq.br\/4755322913721874\">NATANE DAIANA SILVA SOUSA<\/a><\/li>\n<li><a href=\"http:\/\/lattes.cnpq.br\/4494525383866171\">RAYRLA CRISTINA DE ABREU TIMOTEO<\/a><\/li>\n<li><a href=\"http:\/\/lattes.cnpq.br\/9956961459996609\">THASSIANY SARMENTO OLIVEIRA DE ALMEIDA<\/a><\/li>\n<\/ul>\n<p>[\/vc_column_text][\/vc_tta_section][vc_tta_section title=&#8221;Turma 2014&#8243; tab_id=&#8221;1702307357366-f2be2099-5234&#8243;][vc_column_text]<\/p>\n<ul>\n<li><a href=\"http:\/\/lattes.cnpq.br\/9841141689692505\">\u00c2NGELA GABRIELLY QUIRINO FREITAS<\/a><\/li>\n<li><a href=\"http:\/\/lattes.cnpq.br\/0770834202071009\">ERIKA MORGANNA NEVES DE ARAUJO<\/a><\/li>\n<li><a href=\"http:\/\/lattes.cnpq.br\/0931477065632186\">F\u00c1BIO HENRIQUE COSTA FERREIRA<\/a><\/li>\n<li><a href=\"http:\/\/lattes.cnpq.br\/4807867391155411\">JAMILLY DA SILVA ARAG\u00c3O<\/a><\/li>\n<li><a href=\"http:\/\/lattes.cnpq.br\/8593836332435583\">J\u00c9SSICA DE MORAIS LIRA<\/a><\/li>\n<li><a href=\"http:\/\/lattes.cnpq.br\/2433452688816448\">KENIA ANIFLED DE OLIVEIRA LEITE<\/a><\/li>\n<li><a href=\"http:\/\/lattes.cnpq.br\/6326201758101439\">MELL DE LUIZ VANIA<\/a><\/li>\n<li><a href=\"http:\/\/lattes.cnpq.br\/4397637715610234\">MICHELINNE OLIVEIRA MACHADO DUTRA<\/a><\/li>\n<li><a href=\"http:\/\/lattes.cnpq.br\/8520821431583451\">NATHALIE DE ALMEIDA SILVA<\/a><\/li>\n<li><a href=\"http:\/\/lattes.cnpq.br\/5497641459676834\">PATR\u00cdCIA REGINA CARDOSO DE ALMEIDA<\/a><\/li>\n<li><a href=\"http:\/\/lattes.cnpq.br\/6376155619486782\">PAULO GRANGES E SILVA<\/a><\/li>\n<li><a href=\"http:\/\/lattes.cnpq.br\/0956324322195962\">RENATA CARDOSO OLIVEIRA<\/a><\/li>\n<li><a href=\"http:\/\/lattes.cnpq.br\/4486839352624077\">THAISY GARCIA DE OLIVEIRA<\/a><\/li>\n<li><a href=\"http:\/\/lattes.cnpq.br\/2737403961255044\">THIAGO DE ALMEIDA PEQUENO<\/a><\/li>\n<li><a href=\"http:\/\/lattes.cnpq.br\/8095812909807581\">VANESSA GIULIANNI DE FREITAS MESQUITA<\/a><\/li>\n<\/ul>\n<p>[\/vc_column_text][\/vc_tta_section][vc_tta_section title=&#8221;Turma 2015&#8243; tab_id=&#8221;1702307374357-bcb76621-545b&#8221;][vc_column_text]<\/p>\n<ul>\n<li><a href=\"http:\/\/lattes.cnpq.br\/6898954244882870\">AGUINALDO JOS\u00c9 DE ARA\u00daJO<\/a><\/li>\n<li><a href=\"http:\/\/lattes.cnpq.br\/5534259249720782\">ALEX DO NASCIMENTO ALVES<\/a><\/li>\n<li><a href=\"http:\/\/lattes.cnpq.br\/0146810146968307\">ALINE FERREIRA DE ARA\u00daJO JER\u00d4NIMO<\/a><\/li>\n<li><a href=\"http:\/\/lattes.cnpq.br\/3684569377758824\">ALLINE OLIVEIRA DO NASCIMENTO VELOSO<\/a><\/li>\n<li><a href=\"http:\/\/lattes.cnpq.br\/7689788928952150\">AMANDA COSTA FREITAS DE JESUS<\/a><\/li>\n<li><a href=\"http:\/\/lattes.cnpq.br\/5405038755711915\">AMANDA SOARES<\/a><\/li>\n<li><a href=\"http:\/\/lattes.cnpq.br\/3827178942982194\">ANNY MIRENE ALVES MOREIRA RODRIGUES<\/a><\/li>\n<li><a href=\"http:\/\/lattes.cnpq.br\/6564891274040312\">ARTHUR FELIPE RODRIGUES SILVA<\/a><\/li>\n<li><a href=\"http:\/\/lattes.cnpq.br\/7694942278219697\">DEBORAH ELLEN WANDERLEY GOMES FREIRE<\/a><\/li>\n<li><a href=\"http:\/\/lattes.cnpq.br\/2703686590200200\">DIEGO SILVA PATRICIO<\/a><\/li>\n<li><a href=\"http:\/\/lattes.cnpq.br\/9695824905589980\">ELAINE CRISTINA ARA\u00daJO MEDEIROS DE SOUZA RODRIGUES<\/a><\/li>\n<li><a href=\"http:\/\/lattes.cnpq.br\/6391499921428085\">ELAYNE MARIA CORDEIRO COSTA<\/a><\/li>\n<li><a href=\"http:\/\/lattes.cnpq.br\/7574917668544250\">ELIENE PEREIRA DA COSTA<\/a><\/li>\n<li><a href=\"http:\/\/lattes.cnpq.br\/7172049773033902\">EM\u00cdLIA SAMPAIO ROCHA<\/a><\/li>\n<li><a href=\"http:\/\/lattes.cnpq.br\/0761800882780199\">GL\u00c1UCIA DE SOUZA ABREU ALENCAR<\/a><\/li>\n<li><a href=\"http:\/\/lattes.cnpq.br\/8877957428067354\">INGRID AZEVEDO DIAS<\/a><\/li>\n<li><a href=\"http:\/\/lattes.cnpq.br\/1379423126718958\">ISABELLA MEDEIROS DE OLIVEIRA MAGALH\u00c3ES<\/a><\/li>\n<li><a href=\"http:\/\/lattes.cnpq.br\/8610707490573126\">JESANA S\u00c1 DAMASCENO MORAES<\/a><\/li>\n<li><a href=\"http:\/\/lattes.cnpq.br\/1291036327003087\">JESSIKA LOPES FIGUEIREDO PEREIRA BATISTA<\/a><\/li>\n<li><a href=\"http:\/\/lattes.cnpq.br\/8196440314552437\">JULIANA BARBOSA MEDEIROS<\/a><\/li>\n<li><a href=\"http:\/\/lattes.cnpq.br\/4259325730852197\">KAIO KEOMMA AIRES SILVA MEDEIROS<\/a><\/li>\n<li><a href=\"http:\/\/lattes.cnpq.br\/7243611214790247\">KARLA KAROLLINE BARRETO CARDINS<\/a><\/li>\n<li><a href=\"http:\/\/lattes.cnpq.br\/4047447704057845\">L\u00cdVIA MENEZES BORRALHO<\/a><\/li>\n<li><a href=\"http:\/\/lattes.cnpq.br\/9236120639155301\">MAGNUM SOUSA FERREIRA DOS REIS<\/a><\/li>\n<li><a href=\"http:\/\/lattes.cnpq.br\/9237726021889343\">MAYRLA DE SOUSA COUTINHO<\/a><\/li>\n<li><a href=\"http:\/\/lattes.cnpq.br\/9195571051554373\">MILENA DUARTE DE MACEDO<\/a><\/li>\n<li><a href=\"http:\/\/lattes.cnpq.br\/7322904835661314\">MONA LAURA DE SOUSA MORAES<\/a><\/li>\n<li><a href=\"http:\/\/lattes.cnpq.br\/1716332467141639\">NAHADJA TAHAYNARA BARROS LEAL<\/a><\/li>\n<li><a href=\"http:\/\/lattes.cnpq.br\/5054681585123092\">NATALY C\u00c9ZAR DE LIMA LINS<\/a><\/li>\n<li><a href=\"http:\/\/lattes.cnpq.br\/4583955317873419\">PABLO SILVA RIBEIRO DE ALBUQUERQUE<\/a><\/li>\n<li><a href=\"http:\/\/lattes.cnpq.br\/3415455554725982\">PORFIRIO FERNANDES DE MEDEIROS JUNIOR<\/a><\/li>\n<li><a href=\"http:\/\/lattes.cnpq.br\/7972628594317983\">PRISCILLA YEVELLIN BARROS DE MELO LIMA<\/a><\/li>\n<li><a href=\"http:\/\/lattes.cnpq.br\/1545001175058617\">RAFAEL TRAJANO FERREIRA<\/a><\/li>\n<li><a href=\"http:\/\/lattes.cnpq.br\/8780046828777200\">RAYSSA VIEIRA BRAND\u00c3O FERREIRA<\/a><\/li>\n<li><a href=\"http:\/\/lattes.cnpq.br\/8976168355998837\">ROSIANE DAVINA DA SILVA<\/a><\/li>\n<li><a href=\"http:\/\/lattes.cnpq.br\/8714274181454255\">RUDINEY DA SILVA ARAUJO<\/a><\/li>\n<li><a href=\"http:\/\/lattes.cnpq.br\/0447156566630049\">SAIONARA A\u00c7UCENA VIEIRA ALVES<\/a><\/li>\n<li><a href=\"http:\/\/lattes.cnpq.br\/6137085289880883\">SHIRLEY DE OLIVEIRA ALVES DE LIMA<\/a><\/li>\n<li><a href=\"http:\/\/lattes.cnpq.br\/8798892437847372\">SILMARA PEREIRA DE LIMA<\/a><\/li>\n<li><a href=\"http:\/\/lattes.cnpq.br\/3017714098912985\">T\u00c1CILA THAMIRES DE MELO SANTOS<\/a><\/li>\n<li><a href=\"http:\/\/lattes.cnpq.br\/5735940937706078\">TATIANA FARIAS TE\u00d3DULO PALITOT<\/a><\/li>\n<li><a href=\"http:\/\/lattes.cnpq.br\/9876434515266077\">WEZILA GON\u00c7ALVES DO NASCIMENTO<\/a><\/li>\n<li><a href=\"http:\/\/lattes.cnpq.br\/2362024039901139\">YGGO RAMOS DE FARIAS AIRES<\/a><\/li>\n<\/ul>\n<p>[\/vc_column_text][\/vc_tta_section][vc_tta_section title=&#8221;Turma 2017&#8243; tab_id=&#8221;1702307402444-066067f0-cfcc&#8221;][vc_column_text]<\/p>\n<ul>\n<li><a href=\"http:\/\/lattes.cnpq.br\/9168162104450672\">ALANA GON\u00c7ALVES XAVIER<\/a><\/li>\n<li><a href=\"http:\/\/lattes.cnpq.br\/7532322133477348\">ANA CAROLINA POLICARPO CAVALCANTE<\/a><\/li>\n<li><a href=\"http:\/\/lattes.cnpq.br\/8090273128963116\">ANA RAQUEL DE ANDRADE BARBOSA RIBEIRO<\/a><\/li>\n<li><a href=\"http:\/\/lattes.cnpq.br\/1437037067343839\">ANAH\u00cd CEZAR DE LIMA LINS<\/a><\/li>\n<li><a href=\"http:\/\/lattes.cnpq.br\/5331272262481015\">EDUARDA EMANUELA SILVA DOS SANTOS<\/a><\/li>\n<li><a href=\"http:\/\/lattes.cnpq.br\/9470646545290803\">EUG\u00caNIO BARROS BORTOLUZI<\/a><\/li>\n<li><a href=\"http:\/\/lattes.cnpq.br\/7260493219579327\">FRANCISCO FERNANDES ABEL MANGUEIRA<\/a><\/li>\n<li><a href=\"http:\/\/lattes.cnpq.br\/9457541678379540\">GUSTAVO CORREIA BASTO DA SILVA<\/a><\/li>\n<li><a href=\"http:\/\/lattes.cnpq.br\/2797718480445657\">JA\u00cdZA MARQUES MEDEIROS E SILVA<\/a><\/li>\n<li><a href=\"http:\/\/lattes.cnpq.br\/4646341327315489\">JAQUELINE COSTA DANTAS<\/a><\/li>\n<li><a href=\"http:\/\/lattes.cnpq.br\/4113769194014446\">JAVANNA LACERDA GOMES DA SILVA FREITAS<\/a><\/li>\n<li><a href=\"http:\/\/lattes.cnpq.br\/9169605528442681\">JEDISON FELICIANO SILVA<\/a><\/li>\n<li><a href=\"http:\/\/lattes.cnpq.br\/9552483458613953\">J\u00daLIA CRISTINA LEITE N\u00d3BREGA<\/a><\/li>\n<li><a href=\"http:\/\/lattes.cnpq.br\/7840191656328460\">KEDMA ANE LIMA GOMES<\/a><\/li>\n<li><a href=\"http:\/\/lattes.cnpq.br\/5816895781537863\">KELLE KAROLINA ARIANE FERREIRA ALVES<\/a><\/li>\n<li><a href=\"http:\/\/lattes.cnpq.br\/5387385631369162\">LORENA SOFIA DOS SANTOS ANDRADE<\/a><\/li>\n<li><a href=\"http:\/\/lattes.cnpq.br\/4483817699241686\">MARIA M\u00d4NICA DE OLIVEIRA<\/a><\/li>\n<li><a href=\"http:\/\/lattes.cnpq.br\/8428396149953825\">MATHEUS VITOR PEREIRA LIMA<\/a><\/li>\n<li><a href=\"http:\/\/lattes.cnpq.br\/5824756580847265\">MAYARA ARA\u00daJO ROCHA<\/a><\/li>\n<li><a href=\"http:\/\/lattes.cnpq.br\/9806756791009324\">MAYARA SPENCER RODRIGUES DE SOUZA<\/a><\/li>\n<li><a href=\"http:\/\/lattes.cnpq.br\/4276999376489252\">MILENA EDITE CAS\u00c9 DE OLIVEIRA<\/a><\/li>\n<li><a href=\"http:\/\/lattes.cnpq.br\/1046273697276402\">MONA LISA CAVALCANTE CARTAXO DO NASCIMENTO<\/a><\/li>\n<li><a href=\"http:\/\/lattes.cnpq.br\/9775906980948830\">NARYELLE DA ROCHA SILVA<\/a><\/li>\n<li><a href=\"http:\/\/lattes.cnpq.br\/7008775942073108\">POLLYANNA JORGE CANUTO<\/a><\/li>\n<li><a href=\"http:\/\/lattes.cnpq.br\/2432422081979492\">RA\u00cdSA FERNANDES MARIZ SIM\u00d5ES<\/a><\/li>\n<li><a href=\"http:\/\/lattes.cnpq.br\/9175989545930613\">SAMARA COSTA DA NOBREGA MEDEIROS<\/a><\/li>\n<li><a href=\"http:\/\/lattes.cnpq.br\/1602521744449997\">WALESKA FERNANDA SOUTO N\u00d3BREGA<\/a><\/li>\n<li><a href=\"http:\/\/lattes.cnpq.br\/6178028725965338\">ZACCHIA HAYVOLLA FERNANDES MARINHO DE ARAUJO<\/a><\/li>\n<\/ul>\n<p>[\/vc_column_text][\/vc_tta_section][vc_tta_section title=&#8221;Turma 2018&#8243; tab_id=&#8221;1702307430582-dc7e20a9-68dd&#8221;][vc_column_text]<\/p>\n<ul>\n<li><a href=\"http:\/\/lattes.cnpq.br\/4421403307854845\">ADRIANA RAQUEL ARA\u00daJO PEREIRA SOARES<\/a><\/li>\n<li><a href=\"http:\/\/lattes.cnpq.br\/8186363181784950\">ALINE DE PAULA R\u00caGO GRACIANO LUZ<\/a><\/li>\n<li><a href=\"http:\/\/lattes.cnpq.br\/3415053582580650\">AMANDA MARIA GUIMAR\u00c3ES BARROS<\/a><\/li>\n<li><a href=\"http:\/\/lattes.cnpq.br\/4963939693453351\">ANA ALINE MATOS DE MEDEIROS<\/a><\/li>\n<li><a href=\"http:\/\/lattes.cnpq.br\/3092684950677622\">ANNA LARISSA VELOSO GUIMAR\u00c3ES<\/a><\/li>\n<li><a href=\"http:\/\/lattes.cnpq.br\/8615960866935439\">BRENDA NATALLY SOARES FURTADO<\/a><\/li>\n<li><a href=\"http:\/\/lattes.cnpq.br\/4347362768508430\">BRUNA LYZ MORAIS CAMINHA<\/a><\/li>\n<li><a href=\"http:\/\/lattes.cnpq.br\/0833618081664839\">BUENO CALLOU BERNARDO DE OLIVEIRA<\/a><\/li>\n<li><a href=\"http:\/\/lattes.cnpq.br\/6535770901251353\">CLEDINALDO LIRA J\u00daNIOR<\/a><\/li>\n<li><a href=\"http:\/\/lattes.cnpq.br\/1217506052476145\">ELLEN TAYANNE CARLA DA SILVA<\/a><\/li>\n<li><a href=\"http:\/\/lattes.cnpq.br\/3514874549563659\">FLAVIA LIRA DA PAZ FERREIRA<\/a><\/li>\n<li><a href=\"http:\/\/lattes.cnpq.br\/0627603712853134\">GEISIELLY RAQUEL DA CRUZ AGUIAR<\/a><\/li>\n<li><a href=\"http:\/\/lattes.cnpq.br\/7478787121127262\">GIGLIOLA SOBRAL CAVALCANTE<\/a><\/li>\n<li><a href=\"http:\/\/lattes.cnpq.br\/2403334128306698\">ISABELLA ROLIM DE BRITO<\/a><\/li>\n<li><a href=\"http:\/\/lattes.cnpq.br\/9977864351471881\">ITALLO LINS PAES DE ARA\u00daJO<\/a><\/li>\n<li><a href=\"http:\/\/lattes.cnpq.br\/4759072161028152\">IZABELLY DUTRA FERNANDES<\/a><\/li>\n<li><a href=\"http:\/\/lattes.cnpq.br\/9105058462913069\">JOSIELMA DA SILVA FERNANDES<\/a><\/li>\n<li><a href=\"http:\/\/lattes.cnpq.br\/5830022191961272\">LUANA DE MACEDO<\/a><\/li>\n<li><a href=\"http:\/\/lattes.cnpq.br\/6312298181464207\">MARCELA DOS SANTOS ALBUQUERQUE MELO<\/a><\/li>\n<li><a href=\"http:\/\/lattes.cnpq.br\/8200314845154847\">MARINA NUNES DE SOUZA SILVA<\/a><\/li>\n<li><a href=\"http:\/\/lattes.cnpq.br\/0060647210673550\">MELLYNA DELFINO FERREIRA<\/a><\/li>\n<li><a href=\"http:\/\/lattes.cnpq.br\/0980326633302678\">PEDRO VICTOR FARIAS DO NASCIMENTO<\/a><\/li>\n<li><a href=\"http:\/\/lattes.cnpq.br\/8193332250658966\">RADMILA RAIANNI ALVES RIBEIRO<\/a><\/li>\n<li><a href=\"http:\/\/lattes.cnpq.br\/2862875112836634\">RAFAELA SIM\u00c3O DE ABRANTES<\/a><\/li>\n<li><a href=\"http:\/\/lattes.cnpq.br\/2476311988693775\">RAYLI MARIA PEREIRA DA SILVA<\/a><\/li>\n<li><a href=\"http:\/\/lattes.cnpq.br\/7231970417622690\">ROBERTA HENRIQUES DE CARVALHO<\/a><\/li>\n<li><a href=\"http:\/\/lattes.cnpq.br\/5669545169017039\">SAULO CAVALCANTI DE MENEZES<\/a><\/li>\n<li><a href=\"http:\/\/lattes.cnpq.br\/6397628906371151\">SHIRLEY PEREIRA DA PAIVA ALVES<\/a><\/li>\n<li><a href=\"http:\/\/lattes.cnpq.br\/8155587152828638\">S\u00d4NIA CARMEM MORAIS LEITE<\/a><\/li>\n<li><a href=\"http:\/\/lattes.cnpq.br\/7387385486899436\">STEFFANY LARISSA DA SILVA GALDINO<\/a><\/li>\n<li><a href=\"http:\/\/lattes.cnpq.br\/6872643488609221\">VICTOR ALVES ALBINO<\/a><\/li>\n<li><a href=\"http:\/\/lattes.cnpq.br\/0025054769158044\">ZENAILZA ANDRADE DE BRITO<\/a><\/li>\n<\/ul>\n<p>[\/vc_column_text][\/vc_tta_section][vc_tta_section title=&#8221;Turma 2019&#8243; tab_id=&#8221;1702307472411-90879edf-e213&#8243;][vc_column_text]<\/p>\n<ul>\n<li><a href=\"http:\/\/lattes.cnpq.br\/3417468259862409\">ANDERSON MARCOS VIEIRA DO NASCIMENTO<\/a><\/li>\n<li><a href=\"http:\/\/lattes.cnpq.br\/3311916306518955\">ANDREZA JOSIANY AIRES DE FARIAS<\/a><\/li>\n<li><a href=\"http:\/\/lattes.cnpq.br\/9018914402137672\">CLARISSA MARIA CARDOSO GUIMAR\u00c3ES<\/a><\/li>\n<li><a href=\"http:\/\/lattes.cnpq.br\/9378215554242016\">D\u00c9BORA LANA ALVES MONTEIRO<\/a><\/li>\n<li><a href=\"http:\/\/lattes.cnpq.br\/8646939429173793\">DIEGO CL\u00caNIO JANU\u00c1RIO<\/a><\/li>\n<li><a href=\"http:\/\/lattes.cnpq.br\/2608127385106094\">EDUARDO BENEDITO NASCIMENTO DE BRITO<\/a><\/li>\n<li><a href=\"http:\/\/lattes.cnpq.br\/3433495933630434\">EMERSON EDUARDO FARIAS BAS\u00cdLIO<\/a><\/li>\n<li><a href=\"http:\/\/lattes.cnpq.br\/2463290270435667\">EMMANUELA LIRA PEREIRA<\/a><\/li>\n<li><a href=\"http:\/\/lattes.cnpq.br\/0027493834028925\">EVALENA LIMA CABRAL<\/a><\/li>\n<li><a href=\"http:\/\/lattes.cnpq.br\/2893910843239290\">FERNANDA CAROLINE TAVARES DE MELO<\/a><\/li>\n<li><a href=\"http:\/\/lattes.cnpq.br\/0779238813642930\">IASMIM BATISTA CORREIA<\/a><\/li>\n<li><a href=\"http:\/\/lattes.cnpq.br\/6351060519944755\">\u00cdTALO VIN\u00cdCIUS ALBUQYERQUE DINIZ<\/a><\/li>\n<li><a href=\"http:\/\/lattes.cnpq.br\/6720801212693252\">JAIRO PORTO ALVES<\/a><\/li>\n<li><a href=\"http:\/\/lattes.cnpq.br\/2562763963576065\">JOS\u00c9 EWAYR MARIANO DE ARA\u00daJO<\/a><\/li>\n<li><a href=\"http:\/\/lattes.cnpq.br\/3051859284472370\">KLERYBIA THAYSE GAMA E FRAN\u00c7A<\/a><\/li>\n<li><a href=\"http:\/\/lattes.cnpq.br\/4090524326648056\">LUCENILDO LAERTY DA SILVA SALES<\/a><\/li>\n<li><a href=\"http:\/\/lattes.cnpq.br\/6936242083828692\">MARCELA DE ARA\u00daJO FERNANDES<\/a><\/li>\n<li><a href=\"http:\/\/lattes.cnpq.br\/5243353442460276\">MIRELLE DE ALCANTARA MARTINS MACEDO<\/a><\/li>\n<li><a href=\"http:\/\/lattes.cnpq.br\/2116390304583021\">MORGANA MONTEIRO PIMENTEL<\/a><\/li>\n<li><a href=\"http:\/\/lattes.cnpq.br\/0528803506444078\">PRISCILLA KELLY POLICARPO FALC\u00c3O<\/a><\/li>\n<li><a href=\"http:\/\/lattes.cnpq.br\/2982503403072173\">RAENILSON ARA\u00daJO RAMOS<\/a><\/li>\n<li><a href=\"http:\/\/lattes.cnpq.br\/3714421555218257\">RAYSSA GABRIELLE DA COSTA FARIAS<\/a><\/li>\n<li><a href=\"http:\/\/lattes.cnpq.br\/1617422737585185\">TALYTA DAYANE GOMES MARTINS<\/a><\/li>\n<\/ul>\n<p>[\/vc_column_text][\/vc_tta_section][\/vc_tta_tour][\/vc_column][\/vc_row]<\/p>\n<\/div>","protected":false},"excerpt":{"rendered":"<p>[vc_row][vc_column][vc_column_text]Desde o seu in\u00edcio, quando foi credenciado junto \u00e0 CAPES, o PPGSP j\u00e1 formou mais de 200 mestres. Acesse o curr\u00edculo Lattes dos egressos, por ano de ingresso.[\/vc_column_text][vc_tta_tour][vc_tta_section title=&#8221;Turma 2009&#8243; tab_id=&#8221;1702304605576-20d2eeb0-6903&#8243;][vc_column_text] ALEXSANDRO SILVA COURA ANA RAQUEL DE FIGUEIREDO REGO ANDR\u00c9 LUIZ CORREIA RAMOS ANNUSKA PAULA BATISTA DE ALMEIDA BELCHIOR DE MEDEIROS LUCENA DAIANE DE QUEIROZ <a class=\"leiamais\" href=\"https:\/\/pos-graduacao.uepb.edu.br\/ppgsp\/pessoas\/pos-doutores\/\">Leia Mais&#8230;<\/a><\/p>\n","protected":false},"author":3,"featured_media":0,"parent":704,"menu_order":4,"comment_status":"closed","ping_status":"closed","template":"","meta":{"footnotes":""},"class_list":["post-699","page","type-page","status-publish","hentry"],"_links":{"self":[{"href":"https:\/\/pos-graduacao.uepb.edu.br\/ppgsp\/wp-json\/wp\/v2\/pages\/699","targetHints":{"allow":["GET"]}}],"collection":[{"href":"https:\/\/pos-graduacao.uepb.edu.br\/ppgsp\/wp-json\/wp\/v2\/pages"}],"about":[{"href":"https:\/\/pos-graduacao.uepb.edu.br\/ppgsp\/wp-json\/wp\/v2\/types\/page"}],"author":[{"embeddable":true,"href":"https:\/\/pos-graduacao.uepb.edu.br\/ppgsp\/wp-json\/wp\/v2\/users\/3"}],"replies":[{"embeddable":true,"href":"https:\/\/pos-graduacao.uepb.edu.br\/ppgsp\/wp-json\/wp\/v2\/comments?post=699"}],"version-history":[{"count":23,"href":"https:\/\/pos-graduacao.uepb.edu.br\/ppgsp\/wp-json\/wp\/v2\/pages\/699\/revisions"}],"predecessor-version":[{"id":2305,"href":"https:\/\/pos-graduacao.uepb.edu.br\/ppgsp\/wp-json\/wp\/v2\/pages\/699\/revisions\/2305"}],"up":[{"embeddable":true,"href":"https:\/\/pos-graduacao.uepb.edu.br\/ppgsp\/wp-json\/wp\/v2\/pages\/704"}],"wp:attachment":[{"href":"https:\/\/pos-graduacao.uepb.edu.br\/ppgsp\/wp-json\/wp\/v2\/media?parent=699"}],"curies":[{"name":"wp","href":"https:\/\/api.w.org\/{rel}","templated":true}]}}