{"id":666,"date":"2017-07-20T11:28:32","date_gmt":"2017-07-20T11:28:32","guid":{"rendered":"https:\/\/pos-graduacao.uepb.edu.br\/ppgsp\/?page_id=666"},"modified":"2022-03-22T14:30:50","modified_gmt":"2022-03-22T14:30:50","slug":"historico","status":"publish","type":"page","link":"https:\/\/pos-graduacao.uepb.edu.br\/ppgsp\/o-programa\/historico\/","title":{"rendered":"Hist\u00f3rico e Objetivos"},"content":{"rendered":"<p><span style=\"font-weight: 400\">O Programa de P\u00f3s-Gradua\u00e7\u00e3o em Sa\u00fade P\u00fablica (PPGSP) da Universidade Estadual da Para\u00edba (UEPB) abriga o primeiro curso de mestrado acad\u00eamico da \u00e1rea da Sa\u00fade Coletiva do estado da Para\u00edba, tendo iniciado suas atividades em agosto de 2009. O curso foi criado no \u00e2mbito das pol\u00edticas de descentraliza\u00e7\u00e3o e interioriza\u00e7\u00e3o dos cursos de p\u00f3s-gradua\u00e7\u00e3o da CAPES, possui uma \u00e1rea de concentra\u00e7\u00e3o (Sa\u00fade P\u00fablica) e duas linhas de pesquisa: \u201cCondi\u00e7\u00f5es e Determinantes do Processo Sa\u00fade-Doen\u00e7a\u201d e \u201cAvalia\u00e7\u00e3o de Pol\u00edticas, Programas e Tecnologias em Sa\u00fade\u201d. Trata-se de um curso reconhecido pela CAPES, com conceito 3.\u00a0<\/span><\/p>\n<p><span style=\"font-weight: 400\">O objetivo do curso \u00e9 formar recursos humanos de alto n\u00edvel para atuarem no magist\u00e9rio superior, estimulando o desenvolvimento da pesquisa cient\u00edfica e a qualifica\u00e7\u00e3o profissional para resolu\u00e7\u00e3o de problemas com o uso de evid\u00eancia cient\u00edfica. Visa, ainda: contribuir para o aprimoramento das a\u00e7\u00f5es desenvolvidas pelo Sistema \u00danico de Sa\u00fade (SUS), junto \u00e0s popula\u00e7\u00f5es que vivem no Nordeste brasileiro, particularmente no Estado da Para\u00edba; criar condi\u00e7\u00f5es para o desenvolvimento da pesquisa cient\u00edfica em uma regi\u00e3o ainda carente de profissionais qualificados; e fomentar a coopera\u00e7\u00e3o t\u00e9cnica entre a universidade e outras institui\u00e7\u00f5es de ensino superior (IES), bem como com as secretarias de sa\u00fade e de educa\u00e7\u00e3o dos munic\u00edpios, estado e Uni\u00e3o.\u00a0<\/span><\/p>\n<p><span style=\"font-weight: 400\">Atualmente o PPGSP conta com um quadro composto por 14 docentes permanentes. Os docentes t\u00eam obtido \u00eaxito na capta\u00e7\u00e3o de recursos em certames nacionais e regionais, de forma que todos fazem parte, como coordenadores ou colaboradores, de projetos de pesquisa financiados por \u00f3rg\u00e3os de fomento, desenvolvidos com os discentes do Programa, em colabora\u00e7\u00e3o entre colegas do PPGSP e com os parceiros nacionais e internacionais.<\/span><\/p>\n<p><span style=\"font-weight: 400\">Como pioneiro na \u00e1rea de Sa\u00fade Coletiva no estado, o PPGSP \u00e9 o que mais tem formado mestres, nesta \u00e1rea, na Para\u00edba, j\u00e1 tendo titulado mais de 210 profissionais. Desde a sua cria\u00e7\u00e3o, a demanda por vagas tem sido crescente e cont\u00ednua, inclusive porque v\u00e1rias institui\u00e7\u00f5es da regi\u00e3o oferecem cursos de gradua\u00e7\u00e3o na \u00e1rea de sa\u00fade e o munic\u00edpio de Campina Grande, sede do PPGSP, \u00e9 reconhecidamente um dos principais polos universit\u00e1rios da regi\u00e3o.\u00a0<\/span><\/p>\n<p><span style=\"font-weight: 400\">A produ\u00e7\u00e3o t\u00e9cnico-cient\u00edfica \u00e9 resultado de projetos que trabalham tem\u00e1ticas tradicionais e inovadoras na \u00e1rea da Sa\u00fade Coletiva, buscando responder quest\u00f5es relativas \u00e0 situa\u00e7\u00e3o de sa\u00fade das popula\u00e7\u00f5es do Nordeste brasileiro, especificamente em popula\u00e7\u00f5es da Para\u00edba. Em termos de patentes e inova\u00e7\u00e3o tecnol\u00f3gica, os docentes t\u00eam envidado esfor\u00e7os para o desenvolvimento de tecnologias em sa\u00fade. A inser\u00e7\u00e3o social do PPGSP n\u00e3o se limita \u00e0s articula\u00e7\u00f5es com organismos governamentais e internacionais. Os resultados de suas pesquisas e atividades de ensino e coopera\u00e7\u00e3o t\u00e9cnica destinam-se, tamb\u00e9m, a apoiar os movimentos sociais e as iniciativas aut\u00f4nomas da sociedade civil, com interfaces nos servi\u00e7os de sa\u00fade e de educa\u00e7\u00e3o b\u00e1sica.<\/span><\/p>\n","protected":false},"excerpt":{"rendered":"<p>O Programa de P\u00f3s-Gradua\u00e7\u00e3o em Sa\u00fade P\u00fablica (PPGSP) da Universidade Estadual da Para\u00edba (UEPB) abriga o primeiro curso de mestrado acad\u00eamico da \u00e1rea da Sa\u00fade Coletiva do estado da Para\u00edba, tendo iniciado suas atividades em agosto de 2009. O curso foi criado no \u00e2mbito das pol\u00edticas de descentraliza\u00e7\u00e3o e interioriza\u00e7\u00e3o dos cursos de p\u00f3s-gradua\u00e7\u00e3o da <a class=\"leiamais\" href=\"https:\/\/pos-graduacao.uepb.edu.br\/ppgsp\/o-programa\/historico\/\">Leia Mais&#8230;<\/a><\/p>\n","protected":false},"author":3,"featured_media":0,"parent":677,"menu_order":0,"comment_status":"closed","ping_status":"closed","template":"","meta":{"footnotes":""},"class_list":["post-666","page","type-page","status-publish","hentry"],"_links":{"self":[{"href":"https:\/\/pos-graduacao.uepb.edu.br\/ppgsp\/wp-json\/wp\/v2\/pages\/666","targetHints":{"allow":["GET"]}}],"collection":[{"href":"https:\/\/pos-graduacao.uepb.edu.br\/ppgsp\/wp-json\/wp\/v2\/pages"}],"about":[{"href":"https:\/\/pos-graduacao.uepb.edu.br\/ppgsp\/wp-json\/wp\/v2\/types\/page"}],"author":[{"embeddable":true,"href":"https:\/\/pos-graduacao.uepb.edu.br\/ppgsp\/wp-json\/wp\/v2\/users\/3"}],"replies":[{"embeddable":true,"href":"https:\/\/pos-graduacao.uepb.edu.br\/ppgsp\/wp-json\/wp\/v2\/comments?post=666"}],"version-history":[{"count":6,"href":"https:\/\/pos-graduacao.uepb.edu.br\/ppgsp\/wp-json\/wp\/v2\/pages\/666\/revisions"}],"predecessor-version":[{"id":1647,"href":"https:\/\/pos-graduacao.uepb.edu.br\/ppgsp\/wp-json\/wp\/v2\/pages\/666\/revisions\/1647"}],"up":[{"embeddable":true,"href":"https:\/\/pos-graduacao.uepb.edu.br\/ppgsp\/wp-json\/wp\/v2\/pages\/677"}],"wp:attachment":[{"href":"https:\/\/pos-graduacao.uepb.edu.br\/ppgsp\/wp-json\/wp\/v2\/media?parent=666"}],"curies":[{"name":"wp","href":"https:\/\/api.w.org\/{rel}","templated":true}]}}