{"id":6,"date":"2012-01-17T14:25:09","date_gmt":"2012-01-17T14:25:09","guid":{"rendered":"http:\/\/pos-graduacao.ascom.uepb.edu.br\/ppgsp\/?page_id=6"},"modified":"2022-03-22T14:32:41","modified_gmt":"2022-03-22T14:32:41","slug":"linhas-de-pesquisa","status":"publish","type":"page","link":"https:\/\/pos-graduacao.uepb.edu.br\/ppgsp\/o-programa\/linhas-de-pesquisa\/","title":{"rendered":"Linhas de Pesquisa"},"content":{"rendered":"<p><span style=\"font-weight: 400\">O PPGSP possui uma \u00e1rea de concentra\u00e7\u00e3o (Sa\u00fade P\u00fablica) e duas linhas de pesquisa:<\/span><\/p>\n<p><span style=\"font-weight: 400\">\u00a01) \u201c<\/span><b>Condi\u00e7\u00f5es e Determinantes do Processo Sa\u00fade-Doen\u00e7a<\/b><span style=\"font-weight: 400\">\u201d: estudos epidemiol\u00f3gicos dos determinantes da sa\u00fade (biol\u00f3gicos, ambientais, comportamentais, culturais e aten\u00e7\u00e3o \u00e0 sa\u00fade); os que buscam a identifica\u00e7\u00e3o, quantifica\u00e7\u00e3o e caracteriza\u00e7\u00e3o de danos \u00e0 sa\u00fade das popula\u00e7\u00f5es e toda produ\u00e7\u00e3o do conhecimento sobre os fatores de risco e mecanismos subjacentes \u00e0 causalidade de agravos de relev\u00e2ncia em sa\u00fade p\u00fablica.<\/span><\/p>\n<p><span style=\"font-weight: 400\">2) \u201c<\/span><b>Avalia\u00e7\u00e3o de Programas, Tecnologias e Servi\u00e7os de Sa\u00fade<\/b><span style=\"font-weight: 400\">\u201d: estudos sobre a formula\u00e7\u00e3o, implementa\u00e7\u00e3o, organiza\u00e7\u00e3o e desempenho de pol\u00edticas, programas, servi\u00e7os e tecnologias em sa\u00fade considerando o contexto epidemiol\u00f3gico; inclusive propostas de interven\u00e7\u00e3o voltadas \u00e0 Educa\u00e7\u00e3o em Sa\u00fade e Educa\u00e7\u00e3o Permanente em Sa\u00fade.<\/span><\/p>\n","protected":false},"excerpt":{"rendered":"<p>O PPGSP possui uma \u00e1rea de concentra\u00e7\u00e3o (Sa\u00fade P\u00fablica) e duas linhas de pesquisa: \u00a01) \u201cCondi\u00e7\u00f5es e Determinantes do Processo Sa\u00fade-Doen\u00e7a\u201d: estudos epidemiol\u00f3gicos dos determinantes da sa\u00fade (biol\u00f3gicos, ambientais, comportamentais, culturais e aten\u00e7\u00e3o \u00e0 sa\u00fade); os que buscam a identifica\u00e7\u00e3o, quantifica\u00e7\u00e3o e caracteriza\u00e7\u00e3o de danos \u00e0 sa\u00fade das popula\u00e7\u00f5es e toda produ\u00e7\u00e3o do conhecimento sobre <a class=\"leiamais\" href=\"https:\/\/pos-graduacao.uepb.edu.br\/ppgsp\/o-programa\/linhas-de-pesquisa\/\">Leia Mais&#8230;<\/a><\/p>\n","protected":false},"author":5,"featured_media":0,"parent":677,"menu_order":2,"comment_status":"open","ping_status":"closed","template":"","meta":{"footnotes":""},"class_list":["post-6","page","type-page","status-publish","hentry"],"_links":{"self":[{"href":"https:\/\/pos-graduacao.uepb.edu.br\/ppgsp\/wp-json\/wp\/v2\/pages\/6","targetHints":{"allow":["GET"]}}],"collection":[{"href":"https:\/\/pos-graduacao.uepb.edu.br\/ppgsp\/wp-json\/wp\/v2\/pages"}],"about":[{"href":"https:\/\/pos-graduacao.uepb.edu.br\/ppgsp\/wp-json\/wp\/v2\/types\/page"}],"author":[{"embeddable":true,"href":"https:\/\/pos-graduacao.uepb.edu.br\/ppgsp\/wp-json\/wp\/v2\/users\/5"}],"replies":[{"embeddable":true,"href":"https:\/\/pos-graduacao.uepb.edu.br\/ppgsp\/wp-json\/wp\/v2\/comments?post=6"}],"version-history":[{"count":11,"href":"https:\/\/pos-graduacao.uepb.edu.br\/ppgsp\/wp-json\/wp\/v2\/pages\/6\/revisions"}],"predecessor-version":[{"id":1648,"href":"https:\/\/pos-graduacao.uepb.edu.br\/ppgsp\/wp-json\/wp\/v2\/pages\/6\/revisions\/1648"}],"up":[{"embeddable":true,"href":"https:\/\/pos-graduacao.uepb.edu.br\/ppgsp\/wp-json\/wp\/v2\/pages\/677"}],"wp:attachment":[{"href":"https:\/\/pos-graduacao.uepb.edu.br\/ppgsp\/wp-json\/wp\/v2\/media?parent=6"}],"curies":[{"name":"wp","href":"https:\/\/api.w.org\/{rel}","templated":true}]}}