{"id":38,"date":"2012-03-13T12:28:02","date_gmt":"2012-03-13T12:28:02","guid":{"rendered":"http:\/\/pos-graduacao.ascom.uepb.edu.br\/ppgsp\/?page_id=38"},"modified":"2025-11-11T15:56:03","modified_gmt":"2025-11-11T15:56:03","slug":"docentes","status":"publish","type":"page","link":"https:\/\/pos-graduacao.uepb.edu.br\/ppgsp\/pessoas\/docentes\/","title":{"rendered":"Docentes"},"content":{"rendered":"<div class=\"wpb-content-wrapper\"><p>[vc_row][vc_column][vc_column_text css=&#8221;&#8221;]Atualmente, o Programa de P\u00f3s-Gradua\u00e7\u00e3o em Sa\u00fade P\u00fablica (PPGSP) conta com 20 docentes, todos doutores nas \u00e1reas de Sa\u00fade e\/ou Estat\u00edstica.<\/p>\n<p><strong>Docentes:<\/strong><\/p>\n<ul>\n<li>Prof. Dr. Alexsandro Silva Coura<\/li>\n<li>Profa. Dra. Carla Campos Muniz Medeiros<\/li>\n<li>Prof. Dr. Carlos Jord\u00e3o de Assis Silva<\/li>\n<li>Profa. Dra. C\u00edcera Renata Diniz Vieira Silva<\/li>\n<li>Profa. Dra. Cl\u00e1udia Santos Martiniano Sousa<\/li>\n<li>Profa. Dra. Danielle Franklin de Carvalho<\/li>\n<li>Profa. Dra. \u00c9rika Fialho Morais Xavier<\/li>\n<li>Prof. Dr. Francisco de Sales Clementino<\/li>\n<li>Prof. Dr. Francisco St\u00e9lio de Sousa<\/li>\n<li>Profa. Dra. Gabriela Maria Cavalcanti Costa<\/li>\n<li>Profa. Dra. In\u00e1cia S\u00e1tiro Xavier de Fran\u00e7a<\/li>\n<li>Profa. Dra. Keylla Thalita Fernandes Barbosa<\/li>\n<li>Prof. Dr. Mathias Weller<\/li>\n<li>Profa. Dra. M\u00f4nica Oliveira da Silva Sim\u00f5es<\/li>\n<li>Profa. Dra. Renata Clemente dos Santos Rodrigues<\/li>\n<li>Prof. Dr. Ricardo Alves de Olinda<\/li>\n<li>Profa. Dra. Rosilene Santos Baptista<\/li>\n<li>Profa. Dra. Sayonara Maria Lia Fook<\/li>\n<li>Profa. Dra. Ta\u00eds Feitosa da Silva<\/li>\n<li>Profa. Dra. Tarciana Nobre de Menezes<\/li>\n<\/ul>\n<p>[\/vc_column_text][\/vc_column][\/vc_row]<\/p>\n<\/div>","protected":false},"excerpt":{"rendered":"<p>[vc_row][vc_column][vc_column_text css=&#8221;&#8221;]Atualmente, o Programa de P\u00f3s-Gradua\u00e7\u00e3o em Sa\u00fade P\u00fablica (PPGSP) conta com 20 docentes, todos doutores nas \u00e1reas de Sa\u00fade e\/ou Estat\u00edstica. Docentes: Prof. Dr. Alexsandro Silva Coura Profa. Dra. Carla Campos Muniz Medeiros Prof. Dr. Carlos Jord\u00e3o de Assis Silva Profa. Dra. C\u00edcera Renata Diniz Vieira Silva Profa. Dra. Cl\u00e1udia Santos Martiniano Sousa Profa. <a class=\"leiamais\" href=\"https:\/\/pos-graduacao.uepb.edu.br\/ppgsp\/pessoas\/docentes\/\">Leia Mais&#8230;<\/a><\/p>\n","protected":false},"author":3,"featured_media":0,"parent":704,"menu_order":1,"comment_status":"open","ping_status":"closed","template":"","meta":{"footnotes":""},"class_list":["post-38","page","type-page","status-publish","hentry"],"_links":{"self":[{"href":"https:\/\/pos-graduacao.uepb.edu.br\/ppgsp\/wp-json\/wp\/v2\/pages\/38","targetHints":{"allow":["GET"]}}],"collection":[{"href":"https:\/\/pos-graduacao.uepb.edu.br\/ppgsp\/wp-json\/wp\/v2\/pages"}],"about":[{"href":"https:\/\/pos-graduacao.uepb.edu.br\/ppgsp\/wp-json\/wp\/v2\/types\/page"}],"author":[{"embeddable":true,"href":"https:\/\/pos-graduacao.uepb.edu.br\/ppgsp\/wp-json\/wp\/v2\/users\/3"}],"replies":[{"embeddable":true,"href":"https:\/\/pos-graduacao.uepb.edu.br\/ppgsp\/wp-json\/wp\/v2\/comments?post=38"}],"version-history":[{"count":33,"href":"https:\/\/pos-graduacao.uepb.edu.br\/ppgsp\/wp-json\/wp\/v2\/pages\/38\/revisions"}],"predecessor-version":[{"id":2716,"href":"https:\/\/pos-graduacao.uepb.edu.br\/ppgsp\/wp-json\/wp\/v2\/pages\/38\/revisions\/2716"}],"up":[{"embeddable":true,"href":"https:\/\/pos-graduacao.uepb.edu.br\/ppgsp\/wp-json\/wp\/v2\/pages\/704"}],"wp:attachment":[{"href":"https:\/\/pos-graduacao.uepb.edu.br\/ppgsp\/wp-json\/wp\/v2\/media?parent=38"}],"curies":[{"name":"wp","href":"https:\/\/api.w.org\/{rel}","templated":true}]}}