{"id":33,"date":"2012-03-13T12:17:32","date_gmt":"2012-03-13T12:17:32","guid":{"rendered":"http:\/\/pos-graduacao.ascom.uepb.edu.br\/ppgsp\/?page_id=33"},"modified":"2025-09-25T15:19:12","modified_gmt":"2025-09-25T15:19:12","slug":"coordenacao","status":"publish","type":"page","link":"https:\/\/pos-graduacao.uepb.edu.br\/ppgsp\/pessoas\/coordenacao\/","title":{"rendered":"Coordena\u00e7\u00e3o e Secretaria"},"content":{"rendered":"<div class=\"wpb-content-wrapper\"><p>[vc_row][vc_column][vc_column_text css=&#8221;&#8221;]<b>Coordena\u00e7\u00e3o:<\/b><\/p>\n<p><span style=\"font-weight: 400\">A coordena\u00e7\u00e3o eleita para representar o PPGSP no bi\u00eanio 2025-2027 \u00e9 representada pela professora Dra. Claudia Santos Martiniano Sousa e o adjunto, Dr. Francisco Stelio de Sousa.<\/span><\/p>\n<p><b>Secretaria<\/b><span style=\"font-weight: 400\">:<\/span><\/p>\n<p><span style=\"font-weight: 400\">A secretaria do PPGSP est\u00e1 localizada no pr\u00e9dio da Central de Integra\u00e7\u00e3o Acad\u00eamica Paulo Freire, 3\u00ba andar, Sala 310.<br \/>\n<\/span><span style=\"font-weight: 400\">A servidora t\u00e9cnica administrativa respons\u00e1vel pelas atividades de gest\u00e3o do PPGSP \u00e9 Carla Caroline Morais Figueiredo Capistrano.<br \/>\n<\/span><span style=\"font-weight: 400\">A secret\u00e1ria atende ao p\u00fablico de segunda a sexta-feira das 08:00 \u00e0s 12:00 e 13:00 \u00e0s 17:00h.<br \/>\n<\/span><span style=\"font-weight: 400\">O acesso \u00e0 secretaria do PPGSP pode ser feito atrav\u00e9s do e-mail: <\/span><a href=\"mailto:saudepublicauepb@gmail.com\"><span style=\"font-weight: 400\">ppgsp@setor.uepb.edu.br<\/span><\/a><\/p>\n<p>[\/vc_column_text][\/vc_column][\/vc_row]<\/p>\n<\/div>","protected":false},"excerpt":{"rendered":"<p>[vc_row][vc_column][vc_column_text css=&#8221;&#8221;]Coordena\u00e7\u00e3o: A coordena\u00e7\u00e3o eleita para representar o PPGSP no bi\u00eanio 2025-2027 \u00e9 representada pela professora Dra. Claudia Santos Martiniano Sousa e o adjunto, Dr. Francisco Stelio de Sousa. Secretaria: A secretaria do PPGSP est\u00e1 localizada no pr\u00e9dio da Central de Integra\u00e7\u00e3o Acad\u00eamica Paulo Freire, 3\u00ba andar, Sala 310. A servidora t\u00e9cnica administrativa respons\u00e1vel pelas <a class=\"leiamais\" href=\"https:\/\/pos-graduacao.uepb.edu.br\/ppgsp\/pessoas\/coordenacao\/\">Leia Mais&#8230;<\/a><\/p>\n","protected":false},"author":3,"featured_media":0,"parent":704,"menu_order":0,"comment_status":"open","ping_status":"closed","template":"","meta":{"footnotes":""},"class_list":["post-33","page","type-page","status-publish","hentry"],"_links":{"self":[{"href":"https:\/\/pos-graduacao.uepb.edu.br\/ppgsp\/wp-json\/wp\/v2\/pages\/33","targetHints":{"allow":["GET"]}}],"collection":[{"href":"https:\/\/pos-graduacao.uepb.edu.br\/ppgsp\/wp-json\/wp\/v2\/pages"}],"about":[{"href":"https:\/\/pos-graduacao.uepb.edu.br\/ppgsp\/wp-json\/wp\/v2\/types\/page"}],"author":[{"embeddable":true,"href":"https:\/\/pos-graduacao.uepb.edu.br\/ppgsp\/wp-json\/wp\/v2\/users\/3"}],"replies":[{"embeddable":true,"href":"https:\/\/pos-graduacao.uepb.edu.br\/ppgsp\/wp-json\/wp\/v2\/comments?post=33"}],"version-history":[{"count":19,"href":"https:\/\/pos-graduacao.uepb.edu.br\/ppgsp\/wp-json\/wp\/v2\/pages\/33\/revisions"}],"predecessor-version":[{"id":2697,"href":"https:\/\/pos-graduacao.uepb.edu.br\/ppgsp\/wp-json\/wp\/v2\/pages\/33\/revisions\/2697"}],"up":[{"embeddable":true,"href":"https:\/\/pos-graduacao.uepb.edu.br\/ppgsp\/wp-json\/wp\/v2\/pages\/704"}],"wp:attachment":[{"href":"https:\/\/pos-graduacao.uepb.edu.br\/ppgsp\/wp-json\/wp\/v2\/media?parent=33"}],"curies":[{"name":"wp","href":"https:\/\/api.w.org\/{rel}","templated":true}]}}