{"id":2407,"date":"2024-07-31T18:58:48","date_gmt":"2024-07-31T18:58:48","guid":{"rendered":"https:\/\/pos-graduacao.uepb.edu.br\/ppgsp\/?page_id=2407"},"modified":"2024-07-31T19:36:38","modified_gmt":"2024-07-31T19:36:38","slug":"aluno-especial","status":"publish","type":"page","link":"https:\/\/pos-graduacao.uepb.edu.br\/ppgsp\/procedimentos\/aluno-especial\/","title":{"rendered":"Aluno Especial"},"content":{"rendered":"<div class=\"gmail_default\"><span style=\"font-family: arial, sans-serif\">O Colegiado do PPGSP\/UEPB determinou que para a matr\u00edcula de discente na condi\u00e7\u00e3o de\u00a0<i><b>aluno especial\u00a0<\/b><\/i>ser\u00e1 necess\u00e1rio apresentar:<\/span><\/div>\n<div class=\"gmail_default\"><span style=\"font-family: arial, sans-serif\">\u00a0<\/span><\/div>\n<div class=\"gmail_default\"><span style=\"font-family: arial, sans-serif\">1. Comprovante de matr\u00edcula em Programa de\u00a0<i>P\u00f3s-Gradua\u00e7\u00e3o Stricto Sensu<\/i>\u00a0&#8211;\u00a0<b>mestrado ou doutorado<\/b>;<\/span><\/div>\n<div class=\"gmail_default\"><span style=\"font-family: arial, sans-serif\">2. Encaminhamento da coordena\u00e7\u00e3o do PPG de origem solicitando a vaga na disciplina;<\/span><\/div>\n<div class=\"gmail_default\"><span style=\"font-family: arial, sans-serif\">3. Solicita\u00e7\u00e3o formal do interessado na semana de matr\u00edculas estabelecida no Calend\u00e1rio Acad\u00eamico do PPGSP no per\u00edodo correspondente.<\/span><\/div>\n<div><\/div>\n<div><\/div>\n","protected":false},"excerpt":{"rendered":"<p>O Colegiado do PPGSP\/UEPB determinou que para a matr\u00edcula de discente na condi\u00e7\u00e3o de\u00a0aluno especial\u00a0ser\u00e1 necess\u00e1rio apresentar: \u00a0 1. Comprovante de matr\u00edcula em Programa de\u00a0P\u00f3s-Gradua\u00e7\u00e3o Stricto Sensu\u00a0&#8211;\u00a0mestrado ou doutorado; 2. Encaminhamento da coordena\u00e7\u00e3o do PPG de origem solicitando a vaga na disciplina; 3. Solicita\u00e7\u00e3o formal do interessado na semana de matr\u00edculas estabelecida no Calend\u00e1rio Acad\u00eamico <a class=\"leiamais\" href=\"https:\/\/pos-graduacao.uepb.edu.br\/ppgsp\/procedimentos\/aluno-especial\/\">Leia Mais&#8230;<\/a><\/p>\n","protected":false},"author":52,"featured_media":0,"parent":746,"menu_order":0,"comment_status":"closed","ping_status":"closed","template":"","meta":{"footnotes":""},"class_list":["post-2407","page","type-page","status-publish","hentry"],"_links":{"self":[{"href":"https:\/\/pos-graduacao.uepb.edu.br\/ppgsp\/wp-json\/wp\/v2\/pages\/2407","targetHints":{"allow":["GET"]}}],"collection":[{"href":"https:\/\/pos-graduacao.uepb.edu.br\/ppgsp\/wp-json\/wp\/v2\/pages"}],"about":[{"href":"https:\/\/pos-graduacao.uepb.edu.br\/ppgsp\/wp-json\/wp\/v2\/types\/page"}],"author":[{"embeddable":true,"href":"https:\/\/pos-graduacao.uepb.edu.br\/ppgsp\/wp-json\/wp\/v2\/users\/52"}],"replies":[{"embeddable":true,"href":"https:\/\/pos-graduacao.uepb.edu.br\/ppgsp\/wp-json\/wp\/v2\/comments?post=2407"}],"version-history":[{"count":2,"href":"https:\/\/pos-graduacao.uepb.edu.br\/ppgsp\/wp-json\/wp\/v2\/pages\/2407\/revisions"}],"predecessor-version":[{"id":2418,"href":"https:\/\/pos-graduacao.uepb.edu.br\/ppgsp\/wp-json\/wp\/v2\/pages\/2407\/revisions\/2418"}],"up":[{"embeddable":true,"href":"https:\/\/pos-graduacao.uepb.edu.br\/ppgsp\/wp-json\/wp\/v2\/pages\/746"}],"wp:attachment":[{"href":"https:\/\/pos-graduacao.uepb.edu.br\/ppgsp\/wp-json\/wp\/v2\/media?parent=2407"}],"curies":[{"name":"wp","href":"https:\/\/api.w.org\/{rel}","templated":true}]}}